{"id":10476,"date":"2016-12-08T17:09:10","date_gmt":"2016-12-08T15:09:10","guid":{"rendered":"http:\/\/istrazivacibiblijeuhrvatskoj.com\/blog\/?page_id=10476"},"modified":"2025-04-26T12:12:41","modified_gmt":"2025-04-26T10:12:41","slug":"strazarska-kula","status":"publish","type":"page","link":"https:\/\/istrazivacibiblijeuhrvatskoj.com\/blog\/knige\/strazarska-kula\/","title":{"rendered":"Stra\u017earska Kula"},"content":{"rendered":"<p>&nbsp;<\/p>\n<p><a href=\"https:\/\/istrazivacibiblijeuhrvatskoj.com\/blog\/wp-content\/uploads\/2025\/04\/1912WTcolor.jpg\"><img loading=\"lazy\" decoding=\"async\" class=\"aligncenter size-large wp-image-16051\" src=\"https:\/\/istrazivacibiblijeuhrvatskoj.com\/blog\/wp-content\/uploads\/2025\/04\/1912WTcolor.jpg\" alt=\"\" width=\"640\" height=\"880\" srcset=\"https:\/\/istrazivacibiblijeuhrvatskoj.com\/blog\/wp-content\/uploads\/2025\/04\/1912WTcolor.jpg 640w, https:\/\/istrazivacibiblijeuhrvatskoj.com\/blog\/wp-content\/uploads\/2025\/04\/1912WTcolor-218x300.jpg 218w\" sizes=\"auto, (max-width: 640px) 100vw, 640px\" \/><\/a><\/p>\n<p><span style=\"color: #800000;\"><em><strong>&#8220;Stanite na putove i vidite, i propitajte se za stare staze, gdje je dobar put, i hodite njime, i na\u0107i \u0107ete spokoj svojim du\u0161ama.&#8221; (Jeremija 6:16)<\/strong><\/em><\/span><\/p>\n<p>&nbsp;<\/p>\n","protected":false},"excerpt":{"rendered":"<p>&nbsp; &#8220;Stanite na putove i vidite, i propitajte se za stare staze, gdje je dobar put, i hodite njime, i na\u0107i \u0107ete spokoj svojim du\u0161ama.&#8221; (Jeremija 6:16) &nbsp;<\/p>\n","protected":false},"author":1,"featured_media":0,"parent":4986,"menu_order":100,"comment_status":"closed","ping_status":"closed","template":"","meta":{"footnotes":""},"class_list":["post-10476","page","type-page","status-publish","hentry"],"_links":{"self":[{"href":"https:\/\/istrazivacibiblijeuhrvatskoj.com\/blog\/wp-json\/wp\/v2\/pages\/10476","targetHints":{"allow":["GET"]}}],"collection":[{"href":"https:\/\/istrazivacibiblijeuhrvatskoj.com\/blog\/wp-json\/wp\/v2\/pages"}],"about":[{"href":"https:\/\/istrazivacibiblijeuhrvatskoj.com\/blog\/wp-json\/wp\/v2\/types\/page"}],"author":[{"embeddable":true,"href":"https:\/\/istrazivacibiblijeuhrvatskoj.com\/blog\/wp-json\/wp\/v2\/users\/1"}],"replies":[{"embeddable":true,"href":"https:\/\/istrazivacibiblijeuhrvatskoj.com\/blog\/wp-json\/wp\/v2\/comments?post=10476"}],"version-history":[{"count":4,"href":"https:\/\/istrazivacibiblijeuhrvatskoj.com\/blog\/wp-json\/wp\/v2\/pages\/10476\/revisions"}],"predecessor-version":[{"id":16052,"href":"https:\/\/istrazivacibiblijeuhrvatskoj.com\/blog\/wp-json\/wp\/v2\/pages\/10476\/revisions\/16052"}],"up":[{"embeddable":true,"href":"https:\/\/istrazivacibiblijeuhrvatskoj.com\/blog\/wp-json\/wp\/v2\/pages\/4986"}],"wp:attachment":[{"href":"https:\/\/istrazivacibiblijeuhrvatskoj.com\/blog\/wp-json\/wp\/v2\/media?parent=10476"}],"curies":[{"name":"wp","href":"https:\/\/api.w.org\/{rel}","templated":true}]}}