{"id":10898,"date":"2017-02-09T12:00:38","date_gmt":"2017-02-09T10:00:38","guid":{"rendered":"http:\/\/istrazivacibiblijeuhrvatskoj.com\/blog\/?page_id=10898"},"modified":"2026-03-07T14:59:41","modified_gmt":"2026-03-07T12:59:41","slug":"glasnik-kristovog-kraljevstva","status":"publish","type":"page","link":"https:\/\/istrazivacibiblijeuhrvatskoj.com\/blog\/brosure\/glasnik-kristovog-kraljevstva\/","title":{"rendered":"Glasnik Kristovog Kraljevstva"},"content":{"rendered":"<p><a href=\"https:\/\/istrazivacibiblijeuhrvatskoj.com\/blog\/wp-content\/uploads\/2025\/12\/Cro26A.pdf\" target=\"_blank\" rel=\"noopener\">Sije\u010danj\/Velja\u010da 2026<\/a><br \/>\n<a href=\"https:\/\/istrazivacibiblijeuhrvatskoj.com\/blog\/wp-content\/uploads\/2026\/03\/Cro26B.pdf\" target=\"_blank\" rel=\"noopener\">O\u017eujak\/Travanj 2026<\/a><\/p>\n<hr \/>\n<p><a href=\"https:\/\/istrazivacibiblijeuhrvatskoj.com\/blog\/brosure\/glasnik-kristovog-kraljevstva\/glasnik-sijecanj-veljaca-2025\/\" target=\"_blank\" rel=\"noopener\">Sije\u010danj\/Velja\u010da 2025<\/a><br \/>\n<a href=\"https:\/\/istrazivacibiblijeuhrvatskoj.com\/blog\/brosure\/glasnik-kristovog-kraljevstva\/glasnik-ozujak-travanj-2025\/\" target=\"_blank\" rel=\"noopener\">O\u017eujak\/Travanj 2025<\/a><br \/>\n<a href=\"https:\/\/istrazivacibiblijeuhrvatskoj.com\/blog\/brosure\/glasnik-kristovog-kraljevstva\/glasnik-svibanj-lipanj-2025\/\">Svibanj\/Lipanj 2025<\/a><br \/>\n<a href=\"https:\/\/istrazivacibiblijeuhrvatskoj.com\/blog\/brosure\/glasnik-kristovog-kraljevstva\/glasnik-srpanj-kolovoz-2025\/\">Srpanj\/Kolovoz 2025<\/a><br \/>\n<a href=\"https:\/\/istrazivacibiblijeuhrvatskoj.com\/blog\/wp-content\/uploads\/2025\/08\/Cro25E.pdf\" target=\"_blank\" rel=\"noopener\">Rujan\/Listopad 2025<\/a><br \/>\n<a href=\"https:\/\/istrazivacibiblijeuhrvatskoj.com\/blog\/wp-content\/uploads\/2025\/10\/Cro25F.pdf\" target=\"_blank\" rel=\"noopener\">Studeni\/Prosinac 2025<\/a><\/p>\n<hr \/>\n<p><a href=\"https:\/\/istrazivacibiblijeuhrvatskoj.com\/blog\/wp-content\/uploads\/2024\/09\/Special.pdf\" target=\"_blank\" rel=\"noopener\">Posebno Izdanje \/ 2024 \u2014 Povijest Istra\u017eiva\u010da Biblije<\/a><\/p>\n<hr \/>\n<p><a href=\"https:\/\/istrazivacibiblijeuhrvatskoj.com\/blog\/brosure\/glasnik-kristovog-kraljevstva\/glasnik-sijecanj-veljaca-2024\/\" target=\"_blank\" rel=\"noopener\">Sije\u010danj\/Velja\u010da 2024<\/a><br \/>\n<a href=\"https:\/\/istrazivacibiblijeuhrvatskoj.com\/blog\/brosure\/glasnik-kristovog-kraljevstva\/glasnik-ozujak-travanj-2024\/\">O\u017eujak\/Travanj 2024<\/a><br \/>\n<a href=\"https:\/\/istrazivacibiblijeuhrvatskoj.com\/blog\/brosure\/glasnik-kristovog-kraljevstva\/glasnik-svibanj-lipanj-2024\/\">Svibanj\/Lipanj 2024<\/a><br \/>\n<a href=\"https:\/\/istrazivacibiblijeuhrvatskoj.com\/blog\/brosure\/glasnik-kristovog-kraljevstva\/glasnik-srpanj-kolovoz-2024\/\">Srpanj\/Kolovoz 2024<\/a><br \/>\n<a href=\"https:\/\/istrazivacibiblijeuhrvatskoj.com\/blog\/brosure\/glasnik-kristovog-kraljevstva\/glasnik-rujan-listopad-2024\/\">Rujan\/Listopad 2024<\/a><br \/>\n<a href=\"https:\/\/istrazivacibiblijeuhrvatskoj.com\/blog\/brosure\/glasnik-kristovog-kraljevstva\/glasnik-studeni-prosinac-2024\/\">Studeni\/Prosinac 2024<\/a><\/p>\n<hr \/>\n<p><a href=\"https:\/\/istrazivacibiblijeuhrvatskoj.com\/blog\/brosure\/glasnik-kristovog-kraljevstva\/glasnik-sijecanj-veljaca-2023\/\">Sije\u010danj\/Velja\u010da 2023<\/a><br \/>\n<a href=\"https:\/\/istrazivacibiblijeuhrvatskoj.com\/blog\/brosure\/glasnik-kristovog-kraljevstva\/glasnik-ozujak-travanj-2023\/\">O\u017eujak\/Travanj 2023<\/a><br \/>\n<a href=\"https:\/\/istrazivacibiblijeuhrvatskoj.com\/blog\/brosure\/glasnik-kristovog-kraljevstva\/glasnik-svibanj-lipanj-2023\/\">Svibanj\/Lipanj 2023<\/a><br \/>\n<a href=\"https:\/\/istrazivacibiblijeuhrvatskoj.com\/blog\/brosure\/glasnik-kristovog-kraljevstva\/glasnik-srpanj-kolovoz-2023\/\">Srpanj\/Kolovoz 2023<\/a><br \/>\n<a href=\"https:\/\/istrazivacibiblijeuhrvatskoj.com\/blog\/brosure\/glasnik-kristovog-kraljevstva\/glasnik-rujan-listopad-2023\/\">Rujan\/Listopad 2023<\/a><br \/>\n<a href=\"https:\/\/istrazivacibiblijeuhrvatskoj.com\/blog\/brosure\/glasnik-kristovog-kraljevstva\/glasnik-studeni-prosinac-2023\/\">Studeni\/Prosinac 2023<\/a><\/p>\n<hr \/>\n<p><a href=\"https:\/\/istrazivacibiblijeuhrvatskoj.com\/blog\/brosure\/glasnik-kristovog-kraljevstva\/glasnik-sijecanj-veljaca-2022\/\">Sije\u010danj\/Velja\u010da 2022<\/a><br \/>\n<a href=\"https:\/\/istrazivacibiblijeuhrvatskoj.com\/blog\/brosure\/glasnik-kristovog-kraljevstva\/glasnik-ozujak-travanj-2022\/\">O\u017eujak\/Travanj 2022<\/a><br \/>\n<a href=\"https:\/\/istrazivacibiblijeuhrvatskoj.com\/blog\/brosure\/glasnik-kristovog-kraljevstva\/glasnik-svibanj-lipanj-2022\/\">Svibanj\/Lipanj 2022<\/a><br \/>\n<a href=\"https:\/\/istrazivacibiblijeuhrvatskoj.com\/blog\/brosure\/glasnik-kristovog-kraljevstva\/glasnik-srpanj-kolovoz-2022\/\">Srpanj\/Kolovoz 2022<\/a><br \/>\n<a href=\"https:\/\/istrazivacibiblijeuhrvatskoj.com\/blog\/brosure\/glasnik-kristovog-kraljevstva\/glasnik-rujan-listopad-2022\/\">Rujan\/Listopad 2022<\/a><br \/>\n<a href=\"https:\/\/istrazivacibiblijeuhrvatskoj.com\/blog\/brosure\/glasnik-kristovog-kraljevstva\/glasnik-studeni-prosinac-2022\/\">Studeni\/Prosinac 2022<\/a><\/p>\n<hr \/>\n<p><a href=\"https:\/\/istrazivacibiblijeuhrvatskoj.com\/blog\/brosure\/glasnik-kristovog-kraljevstva\/glasnik-sijecanj-veljaca-2021\/\">Sije\u010danj\/Velja\u010da 2021<\/a><br \/>\n<a href=\"https:\/\/istrazivacibiblijeuhrvatskoj.com\/blog\/brosure\/glasnik-kristovog-kraljevstva\/glasnik-ozujak-travanj-2021\/\">O\u017eujak\/Travanj 2021<\/a><br \/>\n<a href=\"https:\/\/istrazivacibiblijeuhrvatskoj.com\/blog\/brosure\/glasnik-kristovog-kraljevstva\/glasnik-svibanj-lipanj-2021\/\">Svibanj\/Lipanj 2021<\/a><br \/>\n<a href=\"https:\/\/istrazivacibiblijeuhrvatskoj.com\/blog\/brosure\/glasnik-kristovog-kraljevstva\/glasnik-srpanj-kolovoz-2021\/\">Srpanj\/Kolovoz 2021<\/a><br \/>\n<a href=\"https:\/\/istrazivacibiblijeuhrvatskoj.com\/blog\/brosure\/glasnik-kristovog-kraljevstva\/glasnik-rujan-listopad-2021\/\">Rujan\/Listopad 2021<\/a><br \/>\n<a href=\"https:\/\/istrazivacibiblijeuhrvatskoj.com\/blog\/brosure\/glasnik-kristovog-kraljevstva\/glasnik-studeni-prosinac-2021\/\">Studeni\/Prosinac 2021<\/a><\/p>\n<hr \/>\n<p><a href=\"https:\/\/istrazivacibiblijeuhrvatskoj.com\/blog\/brosure\/glasnik-kristovog-kraljevstva\/glasnik-sijecanj-veljaca-2020\/\">Sije\u010danj\/Velja\u010da 2020<\/a><br \/>\n<a href=\"https:\/\/istrazivacibiblijeuhrvatskoj.com\/blog\/brosure\/glasnik-kristovog-kraljevstva\/glasnik-ozujak-travanj-2020\/\">O\u017eujak\/Travanj 2020<\/a><br \/>\n<a href=\"https:\/\/istrazivacibiblijeuhrvatskoj.com\/blog\/brosure\/glasnik-kristovog-kraljevstva\/glasnik-svibanj-lipanj-2020\/\">Svibanj\/Lipanj 2020<\/a><br \/>\n<a href=\"https:\/\/istrazivacibiblijeuhrvatskoj.com\/blog\/brosure\/glasnik-kristovog-kraljevstva\/glasnik-srpanj-kolovoz-2020\/\">Srpanj\/Kolovoz 2020<\/a><br \/>\n<a href=\"https:\/\/istrazivacibiblijeuhrvatskoj.com\/blog\/brosure\/glasnik-kristovog-kraljevstva\/glasnik-rujan-listopad-2020\/\">Rujan\/Listopad 2020<\/a><br \/>\n<a href=\"https:\/\/istrazivacibiblijeuhrvatskoj.com\/blog\/brosure\/glasnik-kristovog-kraljevstva\/glasnik-studeni-prosinac-2020\/\">Studeni\/Prosinac 2020<\/a><\/p>\n<hr \/>\n<p><a href=\"https:\/\/istrazivacibiblijeuhrvatskoj.com\/blog\/brosure\/glasnik-kristovog-kraljevstva\/glasnik-sijecanj-veljaca-2019\/\">Sije\u010danj\/Velja\u010da 2019<\/a><br \/>\n<a href=\"https:\/\/istrazivacibiblijeuhrvatskoj.com\/blog\/brosure\/glasnik-kristovog-kraljevstva\/glasnik-ozujak-travanj-2019\/\">O\u017eujak\/Travanj 2019<\/a><br \/>\n<a href=\"https:\/\/istrazivacibiblijeuhrvatskoj.com\/blog\/brosure\/glasnik-kristovog-kraljevstva\/glasnik-svibanj-lipanj-2019\/\">Svibanj\/Lipanj 2019<\/a><br \/>\n<a href=\"https:\/\/istrazivacibiblijeuhrvatskoj.com\/blog\/brosure\/glasnik-kristovog-kraljevstva\/glasnik-srpanj-kolovoz-2019\/\">Srpanj\/Kolovoz 2019<\/a><br \/>\n<a href=\"https:\/\/istrazivacibiblijeuhrvatskoj.com\/blog\/brosure\/glasnik-kristovog-kraljevstva\/glasnik-rujan-listopad-2019\/\">Rujan\/Listopad 2019<\/a><br \/>\n<a href=\"https:\/\/istrazivacibiblijeuhrvatskoj.com\/blog\/brosure\/glasnik-kristovog-kraljevstva\/glasnik-studeni-prosinac-2019-2\/\">Studeni\/Prosinac 2019<\/a><\/p>\n<hr \/>\n<p><a href=\"https:\/\/istrazivacibiblijeuhrvatskoj.com\/blog\/brosure\/glasnik-kristovog-kraljevstva\/glasnik-kristovog-kraljevstva-broj-14\/\">Sije\u010danj\/Velja\u010da 2018<\/a><br \/>\n<a href=\"https:\/\/istrazivacibiblijeuhrvatskoj.com\/blog\/brosure\/glasnik-kristovog-kraljevstva\/glasnik-kristovog-kraljevstva-broj-15\/\">O\u017eujak\/Travanj 2018<\/a><br \/>\n<a href=\"https:\/\/istrazivacibiblijeuhrvatskoj.com\/blog\/brosure\/glasnik-kristovog-kraljevstva\/glasnik-kristovog-kraljevstva-broj-16\/\">Svibanj\/Lipanj 2018<\/a><br \/>\n<a href=\"https:\/\/istrazivacibiblijeuhrvatskoj.com\/blog\/brosure\/glasnik-kristovog-kraljevstva\/glasnik-srpanj-kolovoz-2018\/\">Srpanj\/Kolovoz 2018<\/a><br \/>\n<a href=\"https:\/\/istrazivacibiblijeuhrvatskoj.com\/blog\/brosure\/glasnik-kristovog-kraljevstva\/glasnik-rujan-listopad-2018\/\">Rujan\/Listopad 2018<\/a><br \/>\n<a href=\"https:\/\/istrazivacibiblijeuhrvatskoj.com\/blog\/brosure\/glasnik-kristovog-kraljevstva\/glasnik-studeni-prosinac-2019\/\">Studeni\/Prosinac 2018<\/a><\/p>\n<hr \/>\n<p><a href=\"https:\/\/istrazivacibiblijeuhrvatskoj.com\/blog\/brosure\/glasnik-kristovog-kraljevstva\/glasnik-kristovog-kraljevstva-broj-8\/\">Sije\u010danj\/Velja\u010da 2017<\/a><br \/>\n<a href=\"https:\/\/istrazivacibiblijeuhrvatskoj.com\/blog\/brosure\/glasnik-kristovog-kraljevstva\/glasnik-kristovog-kraljevstva-broj-9\/\">O\u017eujak\/Travanj 2017<\/a><br \/>\n<a href=\"https:\/\/istrazivacibiblijeuhrvatskoj.com\/blog\/brosure\/glasnik-kristovog-kraljevstva\/svibanj-lipanj-2017\/\">Svibanj\/Lipanj 2017<\/a><br \/>\n<a href=\"https:\/\/istrazivacibiblijeuhrvatskoj.com\/blog\/brosure\/glasnik-kristovog-kraljevstva\/glasnik-kristovog-kraljevstva-br-11\/\">Srpanj\/Kolovoz 2017<\/a><br \/>\n<a href=\"https:\/\/istrazivacibiblijeuhrvatskoj.com\/blog\/brosure\/glasnik-kristovog-kraljevstva\/glasnik-kristovog-kraljevstva-broj-12\/\">Rujan\/Listopad 2017<\/a><br \/>\n<a href=\"https:\/\/istrazivacibiblijeuhrvatskoj.com\/blog\/brosure\/glasnik-kristovog-kraljevstva\/glasnik-kristovog-kraljevstva-broj-13\/\">Studeni\/Prosinac 2017<\/a><\/p>\n<hr \/>\n<p><a href=\"https:\/\/istrazivacibiblijeuhrvatskoj.com\/blog\/brosure\/glasnik-kristovog-kraljevstva\/glasnik-kristovog-kraljevstva-br-4\/\">Svibanj\/Lipanj 2016<\/a><br \/>\n<a href=\"https:\/\/istrazivacibiblijeuhrvatskoj.com\/blog\/brosure\/glasnik-kristovog-kraljevstva\/glasnik-kristovog-kraljevstva-broj-5\/\">Srpanj\/Kolovoz 2016<\/a><br \/>\n<a href=\"https:\/\/istrazivacibiblijeuhrvatskoj.com\/blog\/brosure\/glasnik-kristovog-kraljevstva\/glasnik-kristovog-kraljevstva-broj-6\/\">Rujan\/Listopad 2016<\/a><br \/>\n<a href=\"https:\/\/istrazivacibiblijeuhrvatskoj.com\/blog\/brosure\/glasnik-kristovog-kraljevstva\/glasnik-kristovog-kraljevstva-broj-7\/\">Studeni\/Prosinac 2016<\/a><\/p>\n<hr \/>\n<p><a href=\"https:\/\/istrazivacibiblijeuhrvatskoj.com\/blog\/brosure\/glasnik-kristovog-kraljevstva\/glasnik-kristovog-kraljevstva-br-2\/\">Sije\u010danj\/Velja\u010da 2015<\/a><br \/>\n<a href=\"https:\/\/istrazivacibiblijeuhrvatskoj.com\/blog\/brosure\/glasnik-kristovog-kraljevstva\/glasnik-kristovog-kraljevstva-broj-3\/\">O\u017eujak\/Travanj 2015<\/a><\/p>\n<hr \/>\n<p><a href=\"https:\/\/istrazivacibiblijeuhrvatskoj.com\/blog\/brosure\/glasnik-kristovog-kraljevstva\/glasnik-studeni-prosinac-2014\/\">Studeni\/Prosinac 2014<\/a><\/p>\n","protected":false},"excerpt":{"rendered":"<p>Sije\u010danj\/Velja\u010da 2026 O\u017eujak\/Travanj 2026 Sije\u010danj\/Velja\u010da 2025 O\u017eujak\/Travanj 2025 Svibanj\/Lipanj 2025 Srpanj\/Kolovoz 2025 Rujan\/Listopad 2025 Studeni\/Prosinac 2025 Posebno Izdanje \/ 2024 \u2014 Povijest Istra\u017eiva\u010da Biblije Sije\u010danj\/Velja\u010da 2024 O\u017eujak\/Travanj 2024 Svibanj\/Lipanj 2024 Srpanj\/Kolovoz 2024 Rujan\/Listopad 2024 Studeni\/Prosinac 2024 Sije\u010danj\/Velja\u010da 2023 O\u017eujak\/Travanj 2023 &hellip; <a href=\"https:\/\/istrazivacibiblijeuhrvatskoj.com\/blog\/brosure\/glasnik-kristovog-kraljevstva\/\">Continue reading <span class=\"meta-nav\">&rarr;<\/span><\/a><\/p>\n","protected":false},"author":1,"featured_media":0,"parent":4989,"menu_order":50,"comment_status":"closed","ping_status":"closed","template":"","meta":{"footnotes":""},"class_list":["post-10898","page","type-page","status-publish","hentry"],"_links":{"self":[{"href":"https:\/\/istrazivacibiblijeuhrvatskoj.com\/blog\/wp-json\/wp\/v2\/pages\/10898","targetHints":{"allow":["GET"]}}],"collection":[{"href":"https:\/\/istrazivacibiblijeuhrvatskoj.com\/blog\/wp-json\/wp\/v2\/pages"}],"about":[{"href":"https:\/\/istrazivacibiblijeuhrvatskoj.com\/blog\/wp-json\/wp\/v2\/types\/page"}],"author":[{"embeddable":true,"href":"https:\/\/istrazivacibiblijeuhrvatskoj.com\/blog\/wp-json\/wp\/v2\/users\/1"}],"replies":[{"embeddable":true,"href":"https:\/\/istrazivacibiblijeuhrvatskoj.com\/blog\/wp-json\/wp\/v2\/comments?post=10898"}],"version-history":[{"count":45,"href":"https:\/\/istrazivacibiblijeuhrvatskoj.com\/blog\/wp-json\/wp\/v2\/pages\/10898\/revisions"}],"predecessor-version":[{"id":16436,"href":"https:\/\/istrazivacibiblijeuhrvatskoj.com\/blog\/wp-json\/wp\/v2\/pages\/10898\/revisions\/16436"}],"up":[{"embeddable":true,"href":"https:\/\/istrazivacibiblijeuhrvatskoj.com\/blog\/wp-json\/wp\/v2\/pages\/4989"}],"wp:attachment":[{"href":"https:\/\/istrazivacibiblijeuhrvatskoj.com\/blog\/wp-json\/wp\/v2\/media?parent=10898"}],"curies":[{"name":"wp","href":"https:\/\/api.w.org\/{rel}","templated":true}]}}