{"id":11550,"date":"2018-03-23T20:27:29","date_gmt":"2018-03-23T18:27:29","guid":{"rendered":"http:\/\/istrazivacibiblijeuhrvatskoj.com\/blog\/?page_id=11550"},"modified":"2020-08-31T00:02:48","modified_gmt":"2020-08-30T22:02:48","slug":"video-izdanja-istrazivaca-biblije","status":"publish","type":"page","link":"https:\/\/istrazivacibiblijeuhrvatskoj.com\/blog\/audio-video\/video-izdanja-istrazivaca-biblije\/","title":{"rendered":"Video Izdanja Istra\u017eiva\u010da Biblije"},"content":{"rendered":"<p>POGLEDAJTE SNIMKU BIBLIJSKE\u00a0 PROPOVIJEDI ODR\u017dANE <strong>30. 08. 2020.<\/strong> TEMA JE BILA:\u00a0<span style=\"color: #000000;\"><b> NASLJEDNICI BO\u017dJI<\/b><\/span><\/p>\n<p><iframe loading=\"lazy\" title=\"BIBLIJSKA PROPOVIJED\" width=\"640\" height=\"360\" src=\"https:\/\/www.youtube.com\/embed\/l_31UfxYAMw?feature=oembed\" frameborder=\"0\" allow=\"accelerometer; autoplay; clipboard-write; encrypted-media; gyroscope; picture-in-picture; web-share\" referrerpolicy=\"strict-origin-when-cross-origin\" allowfullscreen><\/iframe><\/p>\n<p>&nbsp;<\/p>\n<p><iframe loading=\"lazy\" title=\"Trojstvo - La\u017ena Doktrina o Bogu\" width=\"640\" height=\"360\" src=\"https:\/\/www.youtube.com\/embed\/Z0U1pyOblU4?feature=oembed\" frameborder=\"0\" allow=\"accelerometer; autoplay; clipboard-write; encrypted-media; gyroscope; picture-in-picture; web-share\" referrerpolicy=\"strict-origin-when-cross-origin\" allowfullscreen><\/iframe><\/p>\n<p>&nbsp;<\/p>\n<p>SERIJA GOVORA:<strong> ZA\u0160TO SI KR\u0160\u0106ANIN?<\/strong><\/p>\n<hr \/>\n<p><strong>1.DIO<\/strong><\/p>\n<p>https:\/\/www.youtube.com\/watch?v=iuA2APLs0hA&#038;t=20s<\/p>\n<p>&nbsp;<\/p>\n<p><strong>2.DIO<\/strong><\/p>\n<p>https:\/\/www.youtube.com\/watch?v=ggecAcMczDU<\/p>\n<p>&nbsp;<\/p>\n<p><strong>3.DIO<\/strong><\/p>\n<p>https:\/\/www.youtube.com\/watch?v=pTIyQWqBjJs&#038;t=2711s<\/p>\n<p>&nbsp;<\/p>\n<p><strong>4.DIO<\/strong><\/p>\n<p>https:\/\/www.youtube.com\/watch?v=T4uDIS26gic&#038;t=2270s<\/p>\n<p>&nbsp;<\/p>\n<p><strong>5.DIO<\/strong><\/p>\n<p>https:\/\/www.youtube.com\/watch?v=alcFaJOX4Zw&#038;t=2334s<\/p>\n","protected":false},"excerpt":{"rendered":"<p>POGLEDAJTE SNIMKU BIBLIJSKE\u00a0 PROPOVIJEDI ODR\u017dANE 30. 08. 2020. TEMA JE BILA:\u00a0 NASLJEDNICI BO\u017dJI &nbsp; &nbsp; SERIJA GOVORA: ZA\u0160TO SI KR\u0160\u0106ANIN? 1.DIO https:\/\/www.youtube.com\/watch?v=iuA2APLs0hA&#038;t=20s &nbsp; 2.DIO https:\/\/www.youtube.com\/watch?v=ggecAcMczDU &nbsp; 3.DIO https:\/\/www.youtube.com\/watch?v=pTIyQWqBjJs&#038;t=2711s &nbsp; 4.DIO https:\/\/www.youtube.com\/watch?v=T4uDIS26gic&#038;t=2270s &nbsp; 5.DIO https:\/\/www.youtube.com\/watch?v=alcFaJOX4Zw&#038;t=2334s<\/p>\n","protected":false},"author":1,"featured_media":0,"parent":4993,"menu_order":4,"comment_status":"closed","ping_status":"closed","template":"","meta":{"footnotes":""},"class_list":["post-11550","page","type-page","status-publish","hentry"],"_links":{"self":[{"href":"https:\/\/istrazivacibiblijeuhrvatskoj.com\/blog\/wp-json\/wp\/v2\/pages\/11550","targetHints":{"allow":["GET"]}}],"collection":[{"href":"https:\/\/istrazivacibiblijeuhrvatskoj.com\/blog\/wp-json\/wp\/v2\/pages"}],"about":[{"href":"https:\/\/istrazivacibiblijeuhrvatskoj.com\/blog\/wp-json\/wp\/v2\/types\/page"}],"author":[{"embeddable":true,"href":"https:\/\/istrazivacibiblijeuhrvatskoj.com\/blog\/wp-json\/wp\/v2\/users\/1"}],"replies":[{"embeddable":true,"href":"https:\/\/istrazivacibiblijeuhrvatskoj.com\/blog\/wp-json\/wp\/v2\/comments?post=11550"}],"version-history":[{"count":9,"href":"https:\/\/istrazivacibiblijeuhrvatskoj.com\/blog\/wp-json\/wp\/v2\/pages\/11550\/revisions"}],"predecessor-version":[{"id":14694,"href":"https:\/\/istrazivacibiblijeuhrvatskoj.com\/blog\/wp-json\/wp\/v2\/pages\/11550\/revisions\/14694"}],"up":[{"embeddable":true,"href":"https:\/\/istrazivacibiblijeuhrvatskoj.com\/blog\/wp-json\/wp\/v2\/pages\/4993"}],"wp:attachment":[{"href":"https:\/\/istrazivacibiblijeuhrvatskoj.com\/blog\/wp-json\/wp\/v2\/media?parent=11550"}],"curies":[{"name":"wp","href":"https:\/\/api.w.org\/{rel}","templated":true}]}}