{"id":12,"date":"2013-08-09T19:14:11","date_gmt":"2013-08-09T17:14:11","guid":{"rendered":"http:\/\/istrazivacibiblijeuhrvatskoj.com\/blog\/?page_id=12"},"modified":"2015-03-20T08:12:15","modified_gmt":"2015-03-20T06:12:15","slug":"najvelicanstvenija-i-dragocjena-obecanja","status":"publish","type":"page","link":"https:\/\/istrazivacibiblijeuhrvatskoj.com\/blog\/traktati\/najvelicanstvenija-i-dragocjena-obecanja\/","title":{"rendered":"Najveli\u010danstvenija i dragocjena obe\u0107anja"},"content":{"rendered":"<p>Dati i odr\u017eati obe\u0107anje, taj koncept je jedna od glavnih tema u Bibliji.\u00a0Za razliku od nesavr\u0161enog \u010dovjeka , kad Bog ne\u0161to obe\u0107a ne postoji mogu\u0107nost da on u tom pravcu proma\u0161i jer on svoja obe\u0107anja smatra svetima.<a href=\"https:\/\/istrazivacibiblijeuhrvatskoj.com\/blog\/wp-content\/uploads\/2013\/08\/Promises1.jpg\"><img loading=\"lazy\" decoding=\"async\" class=\"aligncenter size-full wp-image-84\" alt=\"Promises1\" src=\"https:\/\/istrazivacibiblijeuhrvatskoj.com\/blog\/wp-content\/uploads\/2013\/08\/Promises1.jpg\" width=\"640\" height=\"840\" srcset=\"https:\/\/istrazivacibiblijeuhrvatskoj.com\/blog\/wp-content\/uploads\/2013\/08\/Promises1.jpg 640w, https:\/\/istrazivacibiblijeuhrvatskoj.com\/blog\/wp-content\/uploads\/2013\/08\/Promises1-228x300.jpg 228w\" sizes=\"auto, (max-width: 640px) 100vw, 640px\" \/><\/a><\/p>\n<p>Izme\u0111u tisu\u0107a obe\u0107anja koja je Bog dao kroz povijest jedno u sebi sadr\u017ei sve \u0161to on u biti \u017eeli ostvariti. To se obe\u0107anje naziva <em>\u201eAbrahamsko obe\u0107anje\u201c<\/em>. Ono je zapravo klju\u010dno za ostvarenje Bo\u017ejih planova i nauma za \u010dovje\u010danstvo i ujedno otkriva dubinu bo\u017eje ljubavi i milosr\u0111a.\u00a0Ono je zapravo koncept bo\u017eje \u017eelje da blagoslovi sve narode na zemlji. Bog je rekao: <em>\u201edoista \u0107u te blagosloviti i&#8230;umno\u017eit \u0107u potomstvo tvoje da ga bude kao zvijezda na nebu i kao pijeska na obali morskoj. Potomstvo \u0107e tvoje osvojiti vrata neprijatelja svojih. I preko potomstva tvojega blagoslovit \u0107e se svi narodi na zemlji\u201c. (1.Moj.22:17,18)<\/em><\/p>\n<p>Apostol Pavao je razjasnio da je to obe\u0107anje temelj kr\u0161\u0107anske vjere: <em>\u201cA ako ste Kristovi, onda ste potomstvo Abrahamovo, nasljednici po obe\u0107anju.\u201c(Gal.3:29)<\/em><\/p>\n<p>Isus je klju\u010d za ostvarenje Abrahamskog obe\u0107anja. Njegova smrt zadovoljila je Bo\u017eansku pravdu kao pla\u0107a za grijehe svijeta. Na temelju tog otkupa Bo\u017eja obe\u0107anja postat \u0107e stvarnost. Vjerni sljedbenici Krista koji se \u017ertvuju zajedno s njim postaju sunasljednici tog obe\u0107anja i postaju dio nebeskog potomstva koje \u0107e blagosloviti sve narode na zemlji. (2.Tim.2:11,12)<\/p>\n<p>Kada shvatimo puni smisao tog obe\u0107anja tada shva\u0107amo za\u0161to ga se smatra najveli\u010danstvenijim i dragocjenim.\u00a0Isus je rekao da \u0107e do\u0107i vrijeme kada \u0107e svi koji su mrtvi o\u017eivjeti. (Ivan 5:28,29) Zamisli kakvu \u0107e radost donijeti to ponovno sjedinjenje. Biblija opisuje da \u0107e to biti najve\u0107i dru\u0161tveni projekt kojeg je svijet ikada vidio dok Krist i njegova Crkva budu vladali i blagoslivljali svakog pojedinca koji je do sada \u017eivio na zemlji.\u00a0Siroma\u0161tvo, glad i boli sve \u0107e to biti eliminirano. Izaija je to izrazio ovako:<em> \u201eTada \u0107e se otvoriti o\u010di slijepima i u\u0161i gluhima otvorit \u0107e se. Tada \u0107e hromi skakati kao jelen, jezik nijemoga radosno \u0107e klicati.\u201c (Iza.35:5,6)<\/em><\/p>\n<p>Proro\u010danstva ukazuju na to da smo na samom pragu ispunjenja tog obe\u0107anja o blagoslivljanju svih naroda na zemlji. Raduj se nadi koju nam Bog pru\u017ea! <em>\u201e..jer milosr\u0111a njegova nikako ne nestaje. Obnavlja se svakoga jutra. Vjernost je tvoja velika.\u201c (Tu\u017e.3:22,23)<a href=\"https:\/\/istrazivacibiblijeuhrvatskoj.com\/blog\/wp-content\/uploads\/2013\/08\/Promises4.jpg\"><img loading=\"lazy\" decoding=\"async\" class=\"aligncenter size-full wp-image-85\" alt=\"Promises4\" src=\"https:\/\/istrazivacibiblijeuhrvatskoj.com\/blog\/wp-content\/uploads\/2013\/08\/Promises4.jpg\" width=\"640\" height=\"580\" srcset=\"https:\/\/istrazivacibiblijeuhrvatskoj.com\/blog\/wp-content\/uploads\/2013\/08\/Promises4.jpg 640w, https:\/\/istrazivacibiblijeuhrvatskoj.com\/blog\/wp-content\/uploads\/2013\/08\/Promises4-300x271.jpg 300w\" sizes=\"auto, (max-width: 640px) 100vw, 640px\" \/><\/a><\/em><\/p>\n<p>&nbsp;<\/p>\n","protected":false},"excerpt":{"rendered":"<p>Dati i odr\u017eati obe\u0107anje, taj koncept je jedna od glavnih tema u Bibliji.\u00a0Za razliku od nesavr\u0161enog \u010dovjeka , kad Bog ne\u0161to obe\u0107a ne postoji mogu\u0107nost da on u tom pravcu proma\u0161i jer on svoja obe\u0107anja smatra svetima. Izme\u0111u tisu\u0107a obe\u0107anja &hellip; <a href=\"https:\/\/istrazivacibiblijeuhrvatskoj.com\/blog\/traktati\/najvelicanstvenija-i-dragocjena-obecanja\/\">Continue reading <span class=\"meta-nav\">&rarr;<\/span><\/a><\/p>\n","protected":false},"author":1,"featured_media":0,"parent":1229,"menu_order":1,"comment_status":"open","ping_status":"closed","template":"","meta":{"footnotes":""},"class_list":["post-12","page","type-page","status-publish","hentry"],"_links":{"self":[{"href":"https:\/\/istrazivacibiblijeuhrvatskoj.com\/blog\/wp-json\/wp\/v2\/pages\/12","targetHints":{"allow":["GET"]}}],"collection":[{"href":"https:\/\/istrazivacibiblijeuhrvatskoj.com\/blog\/wp-json\/wp\/v2\/pages"}],"about":[{"href":"https:\/\/istrazivacibiblijeuhrvatskoj.com\/blog\/wp-json\/wp\/v2\/types\/page"}],"author":[{"embeddable":true,"href":"https:\/\/istrazivacibiblijeuhrvatskoj.com\/blog\/wp-json\/wp\/v2\/users\/1"}],"replies":[{"embeddable":true,"href":"https:\/\/istrazivacibiblijeuhrvatskoj.com\/blog\/wp-json\/wp\/v2\/comments?post=12"}],"version-history":[{"count":5,"href":"https:\/\/istrazivacibiblijeuhrvatskoj.com\/blog\/wp-json\/wp\/v2\/pages\/12\/revisions"}],"predecessor-version":[{"id":86,"href":"https:\/\/istrazivacibiblijeuhrvatskoj.com\/blog\/wp-json\/wp\/v2\/pages\/12\/revisions\/86"}],"up":[{"embeddable":true,"href":"https:\/\/istrazivacibiblijeuhrvatskoj.com\/blog\/wp-json\/wp\/v2\/pages\/1229"}],"wp:attachment":[{"href":"https:\/\/istrazivacibiblijeuhrvatskoj.com\/blog\/wp-json\/wp\/v2\/media?parent=12"}],"curies":[{"name":"wp","href":"https:\/\/api.w.org\/{rel}","templated":true}]}}