{"id":1229,"date":"2014-02-10T17:42:38","date_gmt":"2014-02-10T15:42:38","guid":{"rendered":"http:\/\/istrazivacibiblijeuhrvatskoj.com\/blog\/?page_id=1229"},"modified":"2023-09-19T20:59:38","modified_gmt":"2023-09-19T18:59:38","slug":"traktati","status":"publish","type":"page","link":"https:\/\/istrazivacibiblijeuhrvatskoj.com\/blog\/traktati\/","title":{"rendered":"Traktati"},"content":{"rendered":"<p><a title=\"Najveli\u010danstvenija i dragocjena obe\u0107anja\" href=\"https:\/\/istrazivacibiblijeuhrvatskoj.com\/blog\/traktati\/najvelicanstvenija-i-dragocjena-obecanja\/\">Najveli\u010danstvenija i dragocjena obe\u0107anja<\/a><\/p>\n<p><a title=\"Sudbina Izraela zape\u010da\u0107ena\" href=\"https:\/\/istrazivacibiblijeuhrvatskoj.com\/blog\/traktati\/sudbina-izraela-zapecacena\/\">Sudbina Izraela zape\u010da\u0107ena<\/a><\/p>\n<p><a title=\"Radost\" href=\"https:\/\/istrazivacibiblijeuhrvatskoj.com\/blog\/radost\/\">Radost<\/a><\/p>\n<p><a title=\"Utjeha\" href=\"https:\/\/istrazivacibiblijeuhrvatskoj.com\/blog\/utjeha\/\">Utjeha<\/a><\/p>\n<p><a title=\"Mir\" href=\"http:\/\/www.croatianbiblestudents.com\/docs\/Peace.pdf\" target=\"_blank\" rel=\"noopener\">Mir<\/a><\/p>\n<p><a title=\"Mir\" href=\"https:\/\/istrazivacibiblijeuhrvatskoj.com\/blog\/wp-content\/uploads\/2022\/10\/WillSufferingEverEnd.pdf\" target=\"_blank\" rel=\"noopener\">Ho\u0107e li Boli i Patnji Ikada Do\u0107i Kraj?<\/a><\/p>\n<p><a href=\"https:\/\/istrazivacibiblijeuhrvatskoj.com\/blog\/wp-content\/uploads\/2023\/09\/Croatian-Ransom-Tract-Layout.pdf\">\u010covjek Krist Isus &#8211; OTKUPNINA ZA SVE<\/a><\/p>\n","protected":false},"excerpt":{"rendered":"<p>Najveli\u010danstvenija i dragocjena obe\u0107anja Sudbina Izraela zape\u010da\u0107ena Radost Utjeha Mir Ho\u0107e li Boli i Patnji Ikada Do\u0107i Kraj? \u010covjek Krist Isus &#8211; OTKUPNINA ZA SVE<\/p>\n","protected":false},"author":1,"featured_media":0,"parent":0,"menu_order":60,"comment_status":"open","ping_status":"closed","template":"","meta":{"footnotes":""},"class_list":["post-1229","page","type-page","status-publish","hentry"],"_links":{"self":[{"href":"https:\/\/istrazivacibiblijeuhrvatskoj.com\/blog\/wp-json\/wp\/v2\/pages\/1229","targetHints":{"allow":["GET"]}}],"collection":[{"href":"https:\/\/istrazivacibiblijeuhrvatskoj.com\/blog\/wp-json\/wp\/v2\/pages"}],"about":[{"href":"https:\/\/istrazivacibiblijeuhrvatskoj.com\/blog\/wp-json\/wp\/v2\/types\/page"}],"author":[{"embeddable":true,"href":"https:\/\/istrazivacibiblijeuhrvatskoj.com\/blog\/wp-json\/wp\/v2\/users\/1"}],"replies":[{"embeddable":true,"href":"https:\/\/istrazivacibiblijeuhrvatskoj.com\/blog\/wp-json\/wp\/v2\/comments?post=1229"}],"version-history":[{"count":9,"href":"https:\/\/istrazivacibiblijeuhrvatskoj.com\/blog\/wp-json\/wp\/v2\/pages\/1229\/revisions"}],"predecessor-version":[{"id":15629,"href":"https:\/\/istrazivacibiblijeuhrvatskoj.com\/blog\/wp-json\/wp\/v2\/pages\/1229\/revisions\/15629"}],"wp:attachment":[{"href":"https:\/\/istrazivacibiblijeuhrvatskoj.com\/blog\/wp-json\/wp\/v2\/media?parent=1229"}],"curies":[{"name":"wp","href":"https:\/\/api.w.org\/{rel}","templated":true}]}}