{"id":12763,"date":"2019-07-31T11:12:00","date_gmt":"2019-07-31T09:12:00","guid":{"rendered":"http:\/\/istrazivacibiblijeuhrvatskoj.com\/blog\/?page_id=12763"},"modified":"2020-06-13T13:04:32","modified_gmt":"2020-06-13T11:04:32","slug":"glasnik-sijecanj-veljaca-2019","status":"publish","type":"page","link":"https:\/\/istrazivacibiblijeuhrvatskoj.com\/blog\/brosure\/glasnik-kristovog-kraljevstva\/glasnik-sijecanj-veljaca-2019\/","title":{"rendered":"GLASNIK Sije\u010danj\/Velja\u010da 2019"},"content":{"rendered":"<p><strong>Kliknite na donju poveznicu kako bi ste mogli \u010ditati ili skinuti u pdf formatu najnoviji broj \u010dasopisa:<\/strong><\/p>\n<p><a href=\"https:\/\/istrazivacibiblijeuhrvatskoj.com\/blog\/wp-content\/uploads\/2019\/07\/Cro19A.pdf\"><strong>Kliknite ovdje za skinite u PDF formatu.<\/strong><\/a><\/p>\n<a href=\"https:\/\/istrazivacibiblijeuhrvatskoj.com\/blog\/wp-content\/uploads\/2019\/07\/Cro19A.pdf\" class=\"pdfemb-viewer\" style=\"\" data-width=\"max\" data-height=\"max\" data-toolbar=\"top\" data-toolbar-fixed=\"on\">Cro19A<\/a>\n","protected":false},"excerpt":{"rendered":"<p>Kliknite na donju poveznicu kako bi ste mogli \u010ditati ili skinuti u pdf formatu najnoviji broj \u010dasopisa: Kliknite ovdje za skinite u PDF formatu.<\/p>\n","protected":false},"author":1,"featured_media":0,"parent":10898,"menu_order":20,"comment_status":"closed","ping_status":"closed","template":"","meta":{"footnotes":""},"class_list":["post-12763","page","type-page","status-publish","hentry"],"_links":{"self":[{"href":"https:\/\/istrazivacibiblijeuhrvatskoj.com\/blog\/wp-json\/wp\/v2\/pages\/12763","targetHints":{"allow":["GET"]}}],"collection":[{"href":"https:\/\/istrazivacibiblijeuhrvatskoj.com\/blog\/wp-json\/wp\/v2\/pages"}],"about":[{"href":"https:\/\/istrazivacibiblijeuhrvatskoj.com\/blog\/wp-json\/wp\/v2\/types\/page"}],"author":[{"embeddable":true,"href":"https:\/\/istrazivacibiblijeuhrvatskoj.com\/blog\/wp-json\/wp\/v2\/users\/1"}],"replies":[{"embeddable":true,"href":"https:\/\/istrazivacibiblijeuhrvatskoj.com\/blog\/wp-json\/wp\/v2\/comments?post=12763"}],"version-history":[{"count":5,"href":"https:\/\/istrazivacibiblijeuhrvatskoj.com\/blog\/wp-json\/wp\/v2\/pages\/12763\/revisions"}],"predecessor-version":[{"id":12769,"href":"https:\/\/istrazivacibiblijeuhrvatskoj.com\/blog\/wp-json\/wp\/v2\/pages\/12763\/revisions\/12769"}],"up":[{"embeddable":true,"href":"https:\/\/istrazivacibiblijeuhrvatskoj.com\/blog\/wp-json\/wp\/v2\/pages\/10898"}],"wp:attachment":[{"href":"https:\/\/istrazivacibiblijeuhrvatskoj.com\/blog\/wp-json\/wp\/v2\/media?parent=12763"}],"curies":[{"name":"wp","href":"https:\/\/api.w.org\/{rel}","templated":true}]}}