{"id":13404,"date":"2019-11-27T09:04:12","date_gmt":"2019-11-27T07:04:12","guid":{"rendered":"http:\/\/istrazivacibiblijeuhrvatskoj.com\/blog\/?page_id=13404"},"modified":"2022-03-21T12:21:36","modified_gmt":"2022-03-21T10:21:36","slug":"kongresi","status":"publish","type":"page","link":"https:\/\/istrazivacibiblijeuhrvatskoj.com\/blog\/kongresi\/","title":{"rendered":"Kongresi"},"content":{"rendered":"<p>Istra\u017eiva\u010di Biblije odr\u017eali su svoj godi\u0161nji jednodnevni posebni sastanak 29. Prosinca 2019\u00a0 Moto kongresa je bio uzet iz 2. Petrove 1:10 &#8220;U\u010diniti na\u0161 poziv i izabranje sigurnima&#8230;&#8221; U sklopu programa je bilo odr\u017eano i posebno Javno Biblijsko Predavanje s temom: ZRAKE NADE NA NEMIRNOM MORU.<\/p>\n<p><span style=\"color: #000000;\"><b>\u00a0POGLEDAJTE SNIMKU CIJELOG PROGRAMA:<\/b><\/span><\/p>\n<p><iframe loading=\"lazy\" title=\"GODI\u0160NJE OKUPLJANJE ISTRA\u017dIVA\u010cA  BIBLIJE U HRVATSKOJ\" width=\"640\" height=\"360\" src=\"https:\/\/www.youtube.com\/embed\/Xm4BtuEF8eE?start=8649&#038;feature=oembed\" frameborder=\"0\" allow=\"accelerometer; autoplay; clipboard-write; encrypted-media; gyroscope; picture-in-picture; web-share\" referrerpolicy=\"strict-origin-when-cross-origin\" allowfullscreen><\/iframe><\/p>\n<p>&nbsp;<\/p>\n<p>&nbsp;<\/p>\n","protected":false},"excerpt":{"rendered":"<p>Istra\u017eiva\u010di Biblije odr\u017eali su svoj godi\u0161nji jednodnevni posebni sastanak 29. Prosinca 2019\u00a0 Moto kongresa je bio uzet iz 2. Petrove 1:10 &#8220;U\u010diniti na\u0161 poziv i izabranje sigurnima&#8230;&#8221; U sklopu programa je bilo odr\u017eano i posebno Javno Biblijsko Predavanje s temom: &hellip; <a href=\"https:\/\/istrazivacibiblijeuhrvatskoj.com\/blog\/kongresi\/\">Continue reading <span class=\"meta-nav\">&rarr;<\/span><\/a><\/p>\n","protected":false},"author":1,"featured_media":0,"parent":0,"menu_order":9000,"comment_status":"closed","ping_status":"closed","template":"","meta":{"footnotes":""},"class_list":["post-13404","page","type-page","status-publish","hentry"],"_links":{"self":[{"href":"https:\/\/istrazivacibiblijeuhrvatskoj.com\/blog\/wp-json\/wp\/v2\/pages\/13404","targetHints":{"allow":["GET"]}}],"collection":[{"href":"https:\/\/istrazivacibiblijeuhrvatskoj.com\/blog\/wp-json\/wp\/v2\/pages"}],"about":[{"href":"https:\/\/istrazivacibiblijeuhrvatskoj.com\/blog\/wp-json\/wp\/v2\/types\/page"}],"author":[{"embeddable":true,"href":"https:\/\/istrazivacibiblijeuhrvatskoj.com\/blog\/wp-json\/wp\/v2\/users\/1"}],"replies":[{"embeddable":true,"href":"https:\/\/istrazivacibiblijeuhrvatskoj.com\/blog\/wp-json\/wp\/v2\/comments?post=13404"}],"version-history":[{"count":8,"href":"https:\/\/istrazivacibiblijeuhrvatskoj.com\/blog\/wp-json\/wp\/v2\/pages\/13404\/revisions"}],"predecessor-version":[{"id":15225,"href":"https:\/\/istrazivacibiblijeuhrvatskoj.com\/blog\/wp-json\/wp\/v2\/pages\/13404\/revisions\/15225"}],"wp:attachment":[{"href":"https:\/\/istrazivacibiblijeuhrvatskoj.com\/blog\/wp-json\/wp\/v2\/media?parent=13404"}],"curies":[{"name":"wp","href":"https:\/\/api.w.org\/{rel}","templated":true}]}}