{"id":14580,"date":"2020-06-06T13:41:23","date_gmt":"2020-06-06T11:41:23","guid":{"rendered":"http:\/\/istrazivacibiblijeuhrvatskoj.com\/blog\/?page_id=14580"},"modified":"2020-06-06T13:48:30","modified_gmt":"2020-06-06T11:48:30","slug":"2018-2","status":"publish","type":"page","link":"https:\/\/istrazivacibiblijeuhrvatskoj.com\/blog\/kruzno-pismo\/2018-2\/","title":{"rendered":"2018"},"content":{"rendered":"<h3 style=\"text-align: left;\"><strong>PROLJE\u0106E 2018<\/strong><\/h3>\n<p><a href=\"http:\/\/istrazivacibiblijeuhrvatskoj.com\/newsletter\/VK201801.pdf\" target=\"_blank\" rel=\"noopener noreferrer\"><img loading=\"lazy\" decoding=\"async\" class=\"alignleft size-full wp-image-11443\" src=\"https:\/\/istrazivacibiblijeuhrvatskoj.com\/blog\/wp-content\/uploads\/2016\/12\/AbrahamSmall.jpg\" alt=\"\" width=\"369\" height=\"327\" srcset=\"https:\/\/istrazivacibiblijeuhrvatskoj.com\/blog\/wp-content\/uploads\/2016\/12\/AbrahamSmall.jpg 369w, https:\/\/istrazivacibiblijeuhrvatskoj.com\/blog\/wp-content\/uploads\/2016\/12\/AbrahamSmall-300x266.jpg 300w\" sizes=\"auto, (max-width: 369px) 100vw, 369px\" \/><\/a><br \/>\n<b>Dalekose\u017eni Obujam Abrahamskog Saveza<\/b> <span style=\"font-family: 'Times New Roman', sans-serif;\"><span style=\"font-size: medium;\">Jedna od klju\u010dnih doktrina u razumijevanju Bo\u017ejeg plana je sveobuhvatni zakletvom vezani Savez kojeg je On sklopio sa Abrahamom prije vi\u0161e od 4000 godina. Sve \u0161to je Bog u\u010dinio i \u0161to \u0107e jo\u0161 u\u010diniti za svoje Inteligentno stvorenje uklju\u010deno je u taj Abrahamski Savez.<\/span><\/span><\/p>\n<h3><\/h3>\n<h3><\/h3>\n<h3 style=\"text-align: right;\"><strong>LJETO 2018<\/strong><\/h3>\n<p><a href=\"http:\/\/istrazivacibiblijeuhrvatskoj.com\/newsletter\/VK201802.pdf\" target=\"_blank\" rel=\"noopener noreferrer\"><br \/>\n<img loading=\"lazy\" decoding=\"async\" class=\"alignright size-full wp-image-11507\" src=\"https:\/\/istrazivacibiblijeuhrvatskoj.com\/blog\/wp-content\/uploads\/2018\/03\/JesusDisciplesSmall.jpg\" alt=\"\" width=\"359\" height=\"295\" srcset=\"https:\/\/istrazivacibiblijeuhrvatskoj.com\/blog\/wp-content\/uploads\/2018\/03\/JesusDisciplesSmall.jpg 359w, https:\/\/istrazivacibiblijeuhrvatskoj.com\/blog\/wp-content\/uploads\/2018\/03\/JesusDisciplesSmall-300x247.jpg 300w\" sizes=\"auto, (max-width: 359px) 100vw, 359px\" \/><\/a><\/p>\n<p><b>Koja Je Jedina Prava Crkva?<\/b> <span style=\"font-family: 'Times New Roman', sans-serif;\"><span style=\"font-size: medium;\">\u010cesto je postavljano pitanje, \u201eKoja je denominacija prava?\u201c Postoje stotine, ako ne i tisu\u0107e denominacija od kojih svaka tvrdi da je ta jedina prava crkva, ali da li Bog priznaje ijednu od njih kao Svog predstavnika na zemlji?<\/span><\/span><\/p>\n<h3><\/h3>\n<h3><\/h3>\n<h3 style=\"text-align: left;\"><strong>JESEN 2018<\/strong><\/h3>\n<p><a href=\"http:\/\/istrazivacibiblijeuhrvatskoj.com\/newsletter\/VK201803.pdf\" target=\"_blank\" rel=\"noopener noreferrer\"><br \/>\n<img loading=\"lazy\" decoding=\"async\" class=\"alignleft wp-image-11640 size-full\" src=\"https:\/\/istrazivacibiblijeuhrvatskoj.com\/blog\/wp-content\/uploads\/2018\/04\/BibleLight.png\" alt=\"\" width=\"389\" height=\"300\" srcset=\"https:\/\/istrazivacibiblijeuhrvatskoj.com\/blog\/wp-content\/uploads\/2018\/04\/BibleLight.png 389w, https:\/\/istrazivacibiblijeuhrvatskoj.com\/blog\/wp-content\/uploads\/2018\/04\/BibleLight-300x231.png 300w\" sizes=\"auto, (max-width: 389px) 100vw, 389px\" \/><\/a><\/p>\n<p><b>Svjetlo Koje Sada Sjaji Razotkriva Djela Tame<\/b> <span style=\"font-family: 'Times New Roman', sans-serif;\"><span style=\"font-size: medium;\">Proro\u010danstvo upu\u0107uje na to da \u0107e u vrijeme drugog dolaska na\u0161eg Gospodina on i razotkrivati skrivene stvari tame i o\u010ditovati stanje srca onih koji su se pravili plemenitima. <\/span><\/span><\/p>\n<h3><\/h3>\n<h3><\/h3>\n<h3 style=\"text-align: right;\"><strong>ZIMA 2018<\/strong><\/h3>\n<p><a href=\"http:\/\/istrazivacibiblijeuhrvatskoj.com\/newsletter\/VK201804.pdf\" target=\"_blank\" rel=\"noopener noreferrer\"><br \/>\n<img loading=\"lazy\" decoding=\"async\" class=\"alignright wp-image-11835 size-medium\" src=\"https:\/\/istrazivacibiblijeuhrvatskoj.com\/blog\/wp-content\/uploads\/2018\/07\/ShepherdsBlog-215x300.jpg\" alt=\"\" width=\"215\" height=\"300\" srcset=\"https:\/\/istrazivacibiblijeuhrvatskoj.com\/blog\/wp-content\/uploads\/2018\/07\/ShepherdsBlog-215x300.jpg 215w, https:\/\/istrazivacibiblijeuhrvatskoj.com\/blog\/wp-content\/uploads\/2018\/07\/ShepherdsBlog.jpg 344w\" sizes=\"auto, (max-width: 215px) 100vw, 215px\" \/><\/a><\/p>\n<p><b>Pravi Zna\u010daj Isusovog Ro\u0111enja<\/b> <span style=\"font-size: medium;\"><span style=\"font-size: medium;\">Prije vi\u0161e od \u010detiri tisu\u0107e godina \u010dovje\u010danstvu su bila dana Bo\u017eja obe\u0107anja, odjevena u vi\u0161e ili manje nejasno\u0107e, nagovje\u0161\u0107uju\u0107i da \u0107e na koncu veliko prokletstvo grijeha i smrti, koje je do\u0161lo na svijet kroz neposlu\u0161nost oca Adama, biti otklonjeno, i da \u0107e umjesto prokletstva do\u0107i blagoslov \u017eivotodavnog osvje\u017eenja. I tada je \u010dudom, do\u0161ao glas an\u0111ela kada su progovorili s nebesa, pjevaju\u0107i, <em>\u201eSlava Bogu na visinama, a na zemlji mir, prema ljudima dobra volja.\u201c<\/em> (Luka 2:14)<\/span><\/span><\/p>\n<p>&nbsp;<\/p>\n<p>&nbsp;<\/p>\n<h5><\/h5>\n<h5 style=\"text-align: center;\"><strong>KLIKNITE NA GORNJU SLIKU I SKINITE U PDFU.<\/strong><\/h5>\n","protected":false},"excerpt":{"rendered":"<p>PROLJE\u0106E 2018 Dalekose\u017eni Obujam Abrahamskog Saveza Jedna od klju\u010dnih doktrina u razumijevanju Bo\u017ejeg plana je sveobuhvatni zakletvom vezani Savez kojeg je On sklopio sa Abrahamom prije vi\u0161e od 4000 godina. Sve \u0161to je Bog u\u010dinio i \u0161to \u0107e jo\u0161 u\u010diniti &hellip; <a href=\"https:\/\/istrazivacibiblijeuhrvatskoj.com\/blog\/kruzno-pismo\/2018-2\/\">Continue reading <span class=\"meta-nav\">&rarr;<\/span><\/a><\/p>\n","protected":false},"author":1,"featured_media":0,"parent":10404,"menu_order":2018,"comment_status":"closed","ping_status":"closed","template":"","meta":{"footnotes":""},"class_list":["post-14580","page","type-page","status-publish","hentry"],"_links":{"self":[{"href":"https:\/\/istrazivacibiblijeuhrvatskoj.com\/blog\/wp-json\/wp\/v2\/pages\/14580","targetHints":{"allow":["GET"]}}],"collection":[{"href":"https:\/\/istrazivacibiblijeuhrvatskoj.com\/blog\/wp-json\/wp\/v2\/pages"}],"about":[{"href":"https:\/\/istrazivacibiblijeuhrvatskoj.com\/blog\/wp-json\/wp\/v2\/types\/page"}],"author":[{"embeddable":true,"href":"https:\/\/istrazivacibiblijeuhrvatskoj.com\/blog\/wp-json\/wp\/v2\/users\/1"}],"replies":[{"embeddable":true,"href":"https:\/\/istrazivacibiblijeuhrvatskoj.com\/blog\/wp-json\/wp\/v2\/comments?post=14580"}],"version-history":[{"count":2,"href":"https:\/\/istrazivacibiblijeuhrvatskoj.com\/blog\/wp-json\/wp\/v2\/pages\/14580\/revisions"}],"predecessor-version":[{"id":14590,"href":"https:\/\/istrazivacibiblijeuhrvatskoj.com\/blog\/wp-json\/wp\/v2\/pages\/14580\/revisions\/14590"}],"up":[{"embeddable":true,"href":"https:\/\/istrazivacibiblijeuhrvatskoj.com\/blog\/wp-json\/wp\/v2\/pages\/10404"}],"wp:attachment":[{"href":"https:\/\/istrazivacibiblijeuhrvatskoj.com\/blog\/wp-json\/wp\/v2\/media?parent=14580"}],"curies":[{"name":"wp","href":"https:\/\/api.w.org\/{rel}","templated":true}]}}