{"id":14582,"date":"2020-06-06T13:42:41","date_gmt":"2020-06-06T11:42:41","guid":{"rendered":"http:\/\/istrazivacibiblijeuhrvatskoj.com\/blog\/?page_id=14582"},"modified":"2020-06-06T13:49:47","modified_gmt":"2020-06-06T11:49:47","slug":"2019-2","status":"publish","type":"page","link":"https:\/\/istrazivacibiblijeuhrvatskoj.com\/blog\/kruzno-pismo\/2019-2\/","title":{"rendered":"2019"},"content":{"rendered":"<h3 style=\"text-align: left;\"><strong>PROLJE\u0106E 2019<\/strong><\/h3>\n<p><a href=\"http:\/\/istrazivacibiblijeuhrvatskoj.com\/newsletter\/VK201901.pdf\" target=\"_blank\" rel=\"noopener noreferrer\"><br \/>\n<img loading=\"lazy\" decoding=\"async\" class=\"alignleft wp-image-11943 size-full\" src=\"https:\/\/istrazivacibiblijeuhrvatskoj.com\/blog\/wp-content\/uploads\/2018\/08\/BanffSheepNet-e1534135893569.jpg\" alt=\"\" width=\"380\" height=\"307\" \/><\/a><br \/>\n<b>HARMAGEDON: Razabrati \u010cinjenice od Fikcija<\/b> <span style=\"font-family: 'Times New Roman', sans-serif;\"><span style=\"font-size: medium;\">Ivan u svojoj simboli\u010dnoj knjizi Otkrivenje posljednju bitku izme\u0111u ispravnog i krivog, istine i la\u017ei, opisuje kao Bitku od Harmagedona. Postoje mnogi zastra\u0161uju\u0107i opisi o tome \u0161to neki autori tvrde da \u0107e se desiti tijekom tog proro\u010danskog doga\u0111aja. Za Kr\u0161\u0107ane je va\u017eno da razaberu \u010dinjenice temeljene na Svetom Pismu a ne na dramati\u010dnoj fantastici.<\/span><\/span><\/p>\n<h3><\/h3>\n<h3><\/h3>\n<h3 style=\"text-align: right;\"><strong>LJETO 2019<\/strong><\/h3>\n<p><a href=\"http:\/\/istrazivacibiblijeuhrvatskoj.com\/newsletter\/VK201902.pdf\" target=\"_blank\" rel=\"noopener noreferrer\"><br \/>\n<img loading=\"lazy\" decoding=\"async\" class=\"alignright wp-image-12128 size-full\" src=\"https:\/\/istrazivacibiblijeuhrvatskoj.com\/blog\/wp-content\/uploads\/2018\/10\/SurviveFrontNet.jpg\" alt=\"\" width=\"275\" height=\"380\" srcset=\"https:\/\/istrazivacibiblijeuhrvatskoj.com\/blog\/wp-content\/uploads\/2018\/10\/SurviveFrontNet.jpg 275w, https:\/\/istrazivacibiblijeuhrvatskoj.com\/blog\/wp-content\/uploads\/2018\/10\/SurviveFrontNet-217x300.jpg 217w\" sizes=\"auto, (max-width: 275px) 100vw, 275px\" \/><\/a><br \/>\n<b>\u201eDA NE BUDETE NEUPU\u0106ENI U OVO OTAJSTVO\u2026SAV \u0106E IZRAEL BITI SPA\u0160EN\u201c (Rim. 11:25,26) <\/b> <span style=\"font-family: 'Times New Roman', sans-serif;\"><span style=\"font-size: medium;\">Godine 2018 bila je obilje\u017eena 70 Obljetnica \u010dudesnog ponovnog ro\u0111enja Izraelske dr\u017eave! Nikada prije nije postojala nacija koja je bila mrtva gotovo dvije tisu\u0107e godina i onda bila ponovno vra\u0107ena u \u017eivot u skladu s proro\u010danstvima napisanima prije vi\u0161e od 3500 godina. Ipak na\u0161 je nara\u0161taj svjedo\u010dio toj zapanjuju\u0107oj \u010dinjenici. Jedino Bog mo\u017ee ostvariti takvo nevjerojatno djelo.<\/span><\/span><\/p>\n<h3><\/h3>\n<h3><\/h3>\n<h3 style=\"text-align: left;\"><strong>JESEN 2019<\/strong><\/h3>\n<p><a href=\"http:\/\/istrazivacibiblijeuhrvatskoj.com\/newsletter\/VK201903.pdf\" target=\"_blank\" rel=\"noopener noreferrer\"><br \/>\n<img loading=\"lazy\" decoding=\"async\" class=\"alignleft wp-image-12343 size-full\" src=\"https:\/\/istrazivacibiblijeuhrvatskoj.com\/blog\/wp-content\/uploads\/2019\/02\/SermonOnMountSmall.png\" alt=\"\" width=\"275\" height=\"293\" \/><\/a><\/p>\n<p><b>\u201eDan Gospodnji dolazi kao lopov u no\u0107i&#8230;.\u201c <\/b><span style=\"font-family: 'Times New Roman', sans-serif;\"><span style=\"font-size: medium;\">Za mnoge Kr\u0161\u0107ane, Kristov Drugi Dolazak zna\u010di doga\u0111aj koji \u0107e potresti zemlju. Ako je tako, kako onda obja\u0161njavamo gornji tekst koji njegov povratak opisuje kao \u201elopova u no\u0107i?\u201c Mi sugeriramo da Kristova druga prisutnost nije kataklizmi\u010dki doga\u0111aj,<br \/>\nnego vremensko razdoblje tijekom kojega on<br \/>\nostvaruje pripremu svijeta za svoje Mesijansko Kraljevstvo.<\/span><\/span><\/p>\n<p>&nbsp;<\/p>\n<h3 style=\"text-align: right;\"><strong>ZIMA 2019<\/strong><\/h3>\n<p><a href=\"http:\/\/istrazivacibiblijeuhrvatskoj.com\/newsletter\/VK201904.pdf\" target=\"_blank\" rel=\"noopener noreferrer\"><br \/>\n<\/a><a href=\"http:\/\/istrazivacibiblijeuhrvatskoj.com\/newsletter\/VK201904.pdf\" target=\"_blank\" rel=\"noopener noreferrer\"><img loading=\"lazy\" decoding=\"async\" class=\"alignright wp-image-12478 size-medium\" src=\"https:\/\/istrazivacibiblijeuhrvatskoj.com\/blog\/wp-content\/uploads\/2019\/05\/FearHopeW-1-300x300.jpg\" alt=\"\" width=\"300\" height=\"300\" srcset=\"https:\/\/istrazivacibiblijeuhrvatskoj.com\/blog\/wp-content\/uploads\/2019\/05\/FearHopeW-1-300x300.jpg 300w, https:\/\/istrazivacibiblijeuhrvatskoj.com\/blog\/wp-content\/uploads\/2019\/05\/FearHopeW-1-150x150.jpg 150w, https:\/\/istrazivacibiblijeuhrvatskoj.com\/blog\/wp-content\/uploads\/2019\/05\/FearHopeW-1.jpg 500w\" sizes=\"auto, (max-width: 300px) 100vw, 300px\" \/><\/a><\/p>\n<p><strong>STRAH: KAKO NADVLADATI VELIKU PRORO\u010cANSKU STVARNOST NA\u0160EG VREMENA<\/strong> Tijekom protekle dvije godine, naj\u010de\u0161\u0107e pretra\u017eivani reci na popularnim Biblijskim aplikacijama sadr\u017ee \u201ene boj se\u201c i \u201ene daj se zastra\u0161iti\u201c kakve nalazimo u Izaiji 41:10 i Jo\u0161ui 1:9. Ovi podatci otkrivaju da Kr\u0161\u0107ani iz svakog naroda postaju sve vi\u0161e upla\u0161eni i zbunjeni zbog nestabilnih uvjeta koji vladaju u svijetu danas. (Ezek. 7:17-19; Luka 21:26)<\/p>\n<p>&nbsp;<\/p>\n<p>&nbsp;<\/p>\n<h5><\/h5>\n<h5 style=\"text-align: center;\"><strong>KLIKNITE NA GORNJU SLIKU I SKINITE U PDFU.<\/strong><\/h5>\n","protected":false},"excerpt":{"rendered":"<p>PROLJE\u0106E 2019 HARMAGEDON: Razabrati \u010cinjenice od Fikcija Ivan u svojoj simboli\u010dnoj knjizi Otkrivenje posljednju bitku izme\u0111u ispravnog i krivog, istine i la\u017ei, opisuje kao Bitku od Harmagedona. Postoje mnogi zastra\u0161uju\u0107i opisi o tome \u0161to neki autori tvrde da \u0107e se &hellip; <a href=\"https:\/\/istrazivacibiblijeuhrvatskoj.com\/blog\/kruzno-pismo\/2019-2\/\">Continue reading <span class=\"meta-nav\">&rarr;<\/span><\/a><\/p>\n","protected":false},"author":1,"featured_media":0,"parent":10404,"menu_order":2019,"comment_status":"closed","ping_status":"closed","template":"","meta":{"footnotes":""},"class_list":["post-14582","page","type-page","status-publish","hentry"],"_links":{"self":[{"href":"https:\/\/istrazivacibiblijeuhrvatskoj.com\/blog\/wp-json\/wp\/v2\/pages\/14582","targetHints":{"allow":["GET"]}}],"collection":[{"href":"https:\/\/istrazivacibiblijeuhrvatskoj.com\/blog\/wp-json\/wp\/v2\/pages"}],"about":[{"href":"https:\/\/istrazivacibiblijeuhrvatskoj.com\/blog\/wp-json\/wp\/v2\/types\/page"}],"author":[{"embeddable":true,"href":"https:\/\/istrazivacibiblijeuhrvatskoj.com\/blog\/wp-json\/wp\/v2\/users\/1"}],"replies":[{"embeddable":true,"href":"https:\/\/istrazivacibiblijeuhrvatskoj.com\/blog\/wp-json\/wp\/v2\/comments?post=14582"}],"version-history":[{"count":2,"href":"https:\/\/istrazivacibiblijeuhrvatskoj.com\/blog\/wp-json\/wp\/v2\/pages\/14582\/revisions"}],"predecessor-version":[{"id":14591,"href":"https:\/\/istrazivacibiblijeuhrvatskoj.com\/blog\/wp-json\/wp\/v2\/pages\/14582\/revisions\/14591"}],"up":[{"embeddable":true,"href":"https:\/\/istrazivacibiblijeuhrvatskoj.com\/blog\/wp-json\/wp\/v2\/pages\/10404"}],"wp:attachment":[{"href":"https:\/\/istrazivacibiblijeuhrvatskoj.com\/blog\/wp-json\/wp\/v2\/media?parent=14582"}],"curies":[{"name":"wp","href":"https:\/\/api.w.org\/{rel}","templated":true}]}}