{"id":14584,"date":"2020-06-06T13:44:08","date_gmt":"2020-06-06T11:44:08","guid":{"rendered":"http:\/\/istrazivacibiblijeuhrvatskoj.com\/blog\/?page_id=14584"},"modified":"2020-06-06T13:50:43","modified_gmt":"2020-06-06T11:50:43","slug":"2020-2","status":"publish","type":"page","link":"https:\/\/istrazivacibiblijeuhrvatskoj.com\/blog\/kruzno-pismo\/2020-2\/","title":{"rendered":"2020"},"content":{"rendered":"<h3 style=\"text-align: left;\"><strong>PROLJE\u0106E 2020<\/strong><\/h3>\n<h3 style=\"text-align: left;\"><a href=\"http:\/\/istrazivacibiblijeuhrvatskoj.com\/newsletter\/VK202001.pdf\" target=\"_blank\" rel=\"noopener noreferrer\"><br \/>\n<img loading=\"lazy\" decoding=\"async\" class=\"alignleft wp-image-12582 size-full\" src=\"https:\/\/istrazivacibiblijeuhrvatskoj.com\/blog\/wp-content\/uploads\/2019\/06\/WestWallSmall.jpg\" alt=\"\" width=\"366\" height=\"280\" srcset=\"https:\/\/istrazivacibiblijeuhrvatskoj.com\/blog\/wp-content\/uploads\/2019\/06\/WestWallSmall.jpg 366w, https:\/\/istrazivacibiblijeuhrvatskoj.com\/blog\/wp-content\/uploads\/2019\/06\/WestWallSmall-300x230.jpg 300w\" sizes=\"auto, (max-width: 366px) 100vw, 366px\" \/><\/a><b>BITKA ZA JERUZALEM:<br \/>\n<\/b><span style=\"font-family: 'Times New Roman', sans-serif;\"><span style=\"font-size: medium;\">Da, bitka za Jeruzalem je po\u010dela, i nova Izraelska izgradnja na Zapadnoj obali samo je jedan od nedavnih okr\u0161aja u Vije\u0107u sigurnosti UN-a. Gotovo sve \u010dlanice te svjetske organizacije zahtijevaju od Izraela da se odrekne prava na tzv. Zapadnu obalu odnosno na podru\u010dje drevne Judeje i Samarije. \u017deli li Bog mir sa takvom cijenom?<\/span><\/span><\/h3>\n<p>&nbsp;<\/p>\n<h3 style=\"text-align: right;\"><strong>LJETO 2020<\/strong><\/h3>\n<p><a href=\"http:\/\/istrazivacibiblijeuhrvatskoj.com\/newsletter\/VK202002.pdf\" target=\"_blank\" rel=\"noopener noreferrer\"><br \/>\n<img loading=\"lazy\" decoding=\"async\" class=\"alignright wp-image-12718 size-full\" src=\"https:\/\/istrazivacibiblijeuhrvatskoj.com\/blog\/wp-content\/uploads\/2019\/07\/SheepStormSmall.jpg\" alt=\"\" width=\"421\" height=\"280\" srcset=\"https:\/\/istrazivacibiblijeuhrvatskoj.com\/blog\/wp-content\/uploads\/2019\/07\/SheepStormSmall.jpg 421w, https:\/\/istrazivacibiblijeuhrvatskoj.com\/blog\/wp-content\/uploads\/2019\/07\/SheepStormSmall-300x200.jpg 300w\" sizes=\"auto, (max-width: 421px) 100vw, 421px\" \/><\/a><\/p>\n<p><strong><span style=\"font-family: 'Times New Roman', sans-serif;\"><span style=\"font-size: medium;\">CRKVA U POSLJEDNJIM DANIMA: <\/span><\/span><\/strong><span style=\"font-family: 'Times New Roman', sans-serif;\"><span style=\"font-size: medium;\">A<\/span><\/span>ko si Kr\u0161\u0107anin, ti si stavio Boga iznad svega i ljubi\u0161 Ga sa svim svojim srcem, du\u0161om i umom. (Mat. 22:37) U pro\u0161losti je ispovijedanje toga zahtijevalo hrabrosti dovoljne da se izdr\u017ei okrutna progonstva, patnju, pa \u010dak i smrt. Danas je, me\u0111utim, religija u ovoj zemlji postala pomodna za ljude koji \u017eive u udobnosti i izobilju. Nema straha da \u0107e\u0161 biti ba\u010den lavovima ili spaljen \u017eiv ako ispovijeda\u0161 svoju vjeru. No, ipak Sveto Pismo je jasno, \u201eA i svi koji ho\u0107e \u017eivjeti pobo\u017eno u Kristu Isusu, bit \u0107e progonjeni.\u201d (2.Tim. 3:12)<\/p>\n<p>&nbsp;<\/p>\n<h3 style=\"text-align: left;\"><strong>JESEN 2020<\/strong><\/h3>\n<p><a href=\"http:\/\/istrazivacibiblijeuhrvatskoj.com\/newsletter\/VK202003.pdf\" target=\"_blank\" rel=\"noopener noreferrer\"><img loading=\"lazy\" decoding=\"async\" class=\"alignleft size-large wp-image-13047\" src=\"https:\/\/istrazivacibiblijeuhrvatskoj.com\/blog\/wp-content\/uploads\/2019\/10\/Title-1024x74.jpg\" alt=\"\" width=\"640\" height=\"46\" srcset=\"https:\/\/istrazivacibiblijeuhrvatskoj.com\/blog\/wp-content\/uploads\/2019\/10\/Title-1024x74.jpg 1024w, https:\/\/istrazivacibiblijeuhrvatskoj.com\/blog\/wp-content\/uploads\/2019\/10\/Title-300x22.jpg 300w, https:\/\/istrazivacibiblijeuhrvatskoj.com\/blog\/wp-content\/uploads\/2019\/10\/Title-768x56.jpg 768w\" sizes=\"auto, (max-width: 640px) 100vw, 640px\" \/><br \/>\n<img loading=\"lazy\" decoding=\"async\" class=\"alignleft wp-image-13046 size-full\" src=\"https:\/\/istrazivacibiblijeuhrvatskoj.com\/blog\/wp-content\/uploads\/2019\/10\/GPsmall.jpg\" alt=\"\" width=\"945\" height=\"416\" srcset=\"https:\/\/istrazivacibiblijeuhrvatskoj.com\/blog\/wp-content\/uploads\/2019\/10\/GPsmall.jpg 945w, https:\/\/istrazivacibiblijeuhrvatskoj.com\/blog\/wp-content\/uploads\/2019\/10\/GPsmall-300x132.jpg 300w, https:\/\/istrazivacibiblijeuhrvatskoj.com\/blog\/wp-content\/uploads\/2019\/10\/GPsmall-768x338.jpg 768w\" sizes=\"auto, (max-width: 945px) 100vw, 945px\" \/><\/a><\/p>\n<p><span style=\"font-family: 'Times New Roman', sans-serif;\"><span style=\"font-size: medium;\"><strong>ZNAK POSLJEDNJIH VREMENA<\/strong> Mnogi Kr\u0161\u0107ani danas tra\u017ee znakove za potvrde svojoj vjeri\u2014vjerske iskone koje krvare ili pla\u010du, likove Isusa uslikane na oblacima, an\u0111ele koji se pojavljuju i prenose poruke od Boga, itd. Me\u0111utim sama Biblija upozorila je na la\u017ene znakove i \u010duda koji odvra\u0107aju pa\u017enju od pravih proro\u010danskih znakova koji su obe\u0107ani. Znakovi na koje je Biblija upozorila bili su jedino oni koji nisu potvr\u0111eni Svetim Pismom. (Mat. 12:39; 24:26; 2. Sol. 2:9,10)<\/span><\/span><\/p>\n<p>&nbsp;<\/p>\n<h3 style=\"text-align: right;\"><strong>ZIMA 2020<\/strong><\/h3>\n<p><a href=\"http:\/\/istrazivacibiblijeuhrvatskoj.com\/newsletter\/VK202004.pdf\" target=\"_blank\" rel=\"noopener noreferrer\"><img loading=\"lazy\" decoding=\"async\" class=\"alignleft wp-image-13214\" src=\"https:\/\/istrazivacibiblijeuhrvatskoj.com\/blog\/wp-content\/uploads\/2019\/10\/NewspaperLittleChildCroatianSmall-300x226.png\" alt=\"\" width=\"394\" height=\"296\" srcset=\"https:\/\/istrazivacibiblijeuhrvatskoj.com\/blog\/wp-content\/uploads\/2019\/10\/NewspaperLittleChildCroatianSmall-300x226.png 300w, https:\/\/istrazivacibiblijeuhrvatskoj.com\/blog\/wp-content\/uploads\/2019\/10\/NewspaperLittleChildCroatianSmall.png 493w\" sizes=\"auto, (max-width: 394px) 100vw, 394px\" \/><\/a><br \/>\n<span style=\"color: #000000;\"><span style=\"font-family: Times New Roman, serif;\"><span style=\"font-size: large;\"><span lang=\"hr-HR\"><b>NEVJEROJATNI NOVINSKI NASLOVI<br \/>\n<\/b><\/span><\/span><\/span><\/span><span style=\"color: #000000;\"><span style=\"font-family: Times New Roman, serif;\"><span style=\"font-size: large;\"><span lang=\"hr-HR\"><b>BUDU\u0106NOSTI :<\/b><\/span><\/span><\/span><\/span><b style=\"font-size: large;\">PRAVE DOBRE VIJESTI<br \/>\n<\/b>Danas je svijet izlo\u017een vi\u0161e negativnih vijesti u jednom tjednu nego su na\u0161i prao\u010devi \u010duli tijekom svog \u017eivotnog vijeka. Zlo\u010dini iz mr\u017enje i strasti; besmislena ubojstva; prirodne katastrofe epskih razmjera; \u0161irenje prethodno nepoznatih bolesti; krajnosti sebi\u010dnog bogatstva i zanemarenog siroma\u0161tva; bezobzirno bacanje politi\u010dkog blata; nevjera i nemoral se \u0161epure\u2014\u010dudo je da svijet uop\u0107e ima ikakvu nadu.<br \/>\n<b style=\"font-size: large;\"><\/b> Vrijeme je da se svi podsjetimo na obe\u0107anja iz Bo\u017eje Rije\u010di o boljim vremnenima koja trebaju osvanuti &#8211; ono o \u010demu su govorili \u201csvi sveti proroci od postanka svijeta\u201d\u2014\u201cobnova SVEGA\u201d\u2014i vra\u0107anje \u017eivota SVIMA koji je jednom bio izgubljen po ocu Adamu. (Djela 3:19-21) To su PRAVE Dobre Vijesti!<\/p>\n<h5><\/h5>\n<h5 style=\"text-align: center;\"><strong>KLIKNITE NA GORNJU SLIKU I SKINITE U PDFU.<\/strong><\/h5>\n","protected":false},"excerpt":{"rendered":"<p>PROLJE\u0106E 2020 BITKA ZA JERUZALEM: Da, bitka za Jeruzalem je po\u010dela, i nova Izraelska izgradnja na Zapadnoj obali samo je jedan od nedavnih okr\u0161aja u Vije\u0107u sigurnosti UN-a. Gotovo sve \u010dlanice te svjetske organizacije zahtijevaju od Izraela da se odrekne &hellip; <a href=\"https:\/\/istrazivacibiblijeuhrvatskoj.com\/blog\/kruzno-pismo\/2020-2\/\">Continue reading <span class=\"meta-nav\">&rarr;<\/span><\/a><\/p>\n","protected":false},"author":1,"featured_media":0,"parent":10404,"menu_order":2020,"comment_status":"closed","ping_status":"closed","template":"","meta":{"footnotes":""},"class_list":["post-14584","page","type-page","status-publish","hentry"],"_links":{"self":[{"href":"https:\/\/istrazivacibiblijeuhrvatskoj.com\/blog\/wp-json\/wp\/v2\/pages\/14584","targetHints":{"allow":["GET"]}}],"collection":[{"href":"https:\/\/istrazivacibiblijeuhrvatskoj.com\/blog\/wp-json\/wp\/v2\/pages"}],"about":[{"href":"https:\/\/istrazivacibiblijeuhrvatskoj.com\/blog\/wp-json\/wp\/v2\/types\/page"}],"author":[{"embeddable":true,"href":"https:\/\/istrazivacibiblijeuhrvatskoj.com\/blog\/wp-json\/wp\/v2\/users\/1"}],"replies":[{"embeddable":true,"href":"https:\/\/istrazivacibiblijeuhrvatskoj.com\/blog\/wp-json\/wp\/v2\/comments?post=14584"}],"version-history":[{"count":3,"href":"https:\/\/istrazivacibiblijeuhrvatskoj.com\/blog\/wp-json\/wp\/v2\/pages\/14584\/revisions"}],"predecessor-version":[{"id":14593,"href":"https:\/\/istrazivacibiblijeuhrvatskoj.com\/blog\/wp-json\/wp\/v2\/pages\/14584\/revisions\/14593"}],"up":[{"embeddable":true,"href":"https:\/\/istrazivacibiblijeuhrvatskoj.com\/blog\/wp-json\/wp\/v2\/pages\/10404"}],"wp:attachment":[{"href":"https:\/\/istrazivacibiblijeuhrvatskoj.com\/blog\/wp-json\/wp\/v2\/media?parent=14584"}],"curies":[{"name":"wp","href":"https:\/\/api.w.org\/{rel}","templated":true}]}}