{"id":14785,"date":"2020-12-20T16:06:35","date_gmt":"2020-12-20T14:06:35","guid":{"rendered":"http:\/\/istrazivacibiblijeuhrvatskoj.com\/blog\/?page_id=14785"},"modified":"2021-10-09T15:39:20","modified_gmt":"2021-10-09T13:39:20","slug":"strazarska-kula-1914","status":"publish","type":"page","link":"https:\/\/istrazivacibiblijeuhrvatskoj.com\/blog\/knige\/strazarska-kula\/strazarska-kula-1914\/","title":{"rendered":"Stra\u017earska Kula &#8211; 1914"},"content":{"rendered":"<p>Kliknite na donju poveznicu i skinite u pdfu:<\/p>\n<p><a href=\"https:\/\/istrazivacibiblijeuhrvatskoj.com\/blog\/wp-content\/uploads\/2020\/12\/ZWT19140101.pdf\" target=\"_blank\" rel=\"noopener noreferrer\"> 1. Sije\u010danj, 1914 &#8211; ZWT19140101<\/a><\/p>\n<p><a href=\"https:\/\/istrazivacibiblijeuhrvatskoj.com\/blog\/wp-content\/uploads\/2021\/01\/ZWT19140115.pdf\" target=\"_blank\" rel=\"noopener noreferrer\"> 15. Sije\u010danj, 1914 &#8211; ZWT19140115<\/a><\/p>\n<p><a href=\"https:\/\/istrazivacibiblijeuhrvatskoj.com\/blog\/wp-content\/uploads\/2021\/01\/ZWT19140201.pdf\" target=\"_blank\" rel=\"noopener noreferrer\"> 1. Velja\u010da, 1914 &#8211; ZWT19140201<\/a><\/p>\n<p><a href=\"https:\/\/istrazivacibiblijeuhrvatskoj.com\/blog\/wp-content\/uploads\/2021\/02\/ZWT19140215.pdf\" target=\"_blank\" rel=\"noopener noreferrer\"> 15. Velja\u010da, 1914 &#8211; ZWT19140215<\/a><\/p>\n<p><a href=\"https:\/\/istrazivacibiblijeuhrvatskoj.com\/blog\/wp-content\/uploads\/2021\/02\/ZWT19140301.pdf\" target=\"_blank\" rel=\"noopener noreferrer\"> 1. O\u017eujak, 1914 &#8211; ZWT19140301<\/a><\/p>\n<p><a href=\"https:\/\/istrazivacibiblijeuhrvatskoj.com\/blog\/wp-content\/uploads\/2021\/02\/ZWT19140315.pdf\" target=\"_blank\" rel=\"noopener noreferrer\"> 15. O\u017eujak, 1914 &#8211; ZWT19140315<\/a><\/p>\n<p><a href=\"https:\/\/istrazivacibiblijeuhrvatskoj.com\/blog\/wp-content\/uploads\/2021\/03\/ZWT19140401.pdf\" target=\"_blank\" rel=\"noopener noreferrer\"> 1. Travanj, 1914 &#8211; ZWT19140401<\/a><\/p>\n<p><a href=\"https:\/\/istrazivacibiblijeuhrvatskoj.com\/blog\/wp-content\/uploads\/2021\/03\/ZWT19140415.pdf\" target=\"_blank\" rel=\"noopener noreferrer\"> 15. Travanj, 1914 &#8211; ZWT19140415<\/a><\/p>\n<p><a href=\"https:\/\/istrazivacibiblijeuhrvatskoj.com\/blog\/wp-content\/uploads\/2021\/04\/ZWT19140501.pdf\" target=\"_blank\" rel=\"noopener noreferrer\"> 1. Svibanj, 1914 &#8211; ZWT19140501<\/a><\/p>\n<p><a href=\"https:\/\/istrazivacibiblijeuhrvatskoj.com\/blog\/wp-content\/uploads\/2021\/04\/ZWT19140515.pdf\" target=\"_blank\" rel=\"noopener noreferrer\"> 15. Svibanj, 1914 &#8211; ZWT19140515<\/a><\/p>\n<p><a href=\"https:\/\/istrazivacibiblijeuhrvatskoj.com\/blog\/wp-content\/uploads\/2021\/05\/ZWT19140601.pdf\" target=\"_blank\" rel=\"noopener noreferrer\"> 1. Lipanj, 1914 &#8211; ZWT19140601<\/a><\/p>\n<p><a href=\"https:\/\/istrazivacibiblijeuhrvatskoj.com\/blog\/wp-content\/uploads\/2021\/05\/ZWT19140615.pdf\" target=\"_blank\" rel=\"noopener noreferrer\"> 15. Lipanj, 1914 &#8211; ZWT19140615<\/a><\/p>\n<p><a href=\"https:\/\/istrazivacibiblijeuhrvatskoj.com\/blog\/wp-content\/uploads\/2021\/06\/ZWT19140701.pdf\" target=\"_blank\" rel=\"noopener noreferrer\"> 1. Srpanj, 1914 &#8211; ZWT19140701<\/a><\/p>\n<p><a href=\"https:\/\/istrazivacibiblijeuhrvatskoj.com\/blog\/wp-content\/uploads\/2021\/06\/ZWT19140715.pdf\" target=\"_blank\" rel=\"noopener noreferrer\"> 15. Srpanj, 1914 &#8211; ZWT19140715<\/a><\/p>\n<p><a href=\"https:\/\/istrazivacibiblijeuhrvatskoj.com\/blog\/wp-content\/uploads\/2021\/06\/ZWT19140801.pdf\" target=\"_blank\" rel=\"noopener noreferrer\"> 1. Kolovoz, 1914 &#8211; ZWT19140801<\/a><\/p>\n<p><a href=\"https:\/\/istrazivacibiblijeuhrvatskoj.com\/blog\/wp-content\/uploads\/2021\/07\/ZWT19140815.pdf\" target=\"_blank\" rel=\"noopener noreferrer\"> 15. Kolovoz, 1914 &#8211; ZWT19140815<\/a><\/p>\n<p><a href=\"https:\/\/istrazivacibiblijeuhrvatskoj.com\/blog\/wp-content\/uploads\/2021\/07\/ZWT19140901.pdf\" target=\"_blank\" rel=\"noopener noreferrer\"> 1. Rujan, 1914 &#8211; ZWT19140901<\/a><\/p>\n<p><a href=\"https:\/\/istrazivacibiblijeuhrvatskoj.com\/blog\/wp-content\/uploads\/2021\/08\/ZWT19140915.pdf\" target=\"_blank\" rel=\"noopener noreferrer\"> 15. Rujan, 1914 &#8211; ZWT19140915<\/a><\/p>\n<p><a href=\"https:\/\/istrazivacibiblijeuhrvatskoj.com\/blog\/wp-content\/uploads\/2021\/08\/ZWT19141001.pdf\" target=\"_blank\" rel=\"noopener noreferrer\"> 1. Listopad, 1914 &#8211; ZWT19141001<\/a><\/p>\n<p><a href=\"https:\/\/istrazivacibiblijeuhrvatskoj.com\/blog\/wp-content\/uploads\/2021\/09\/ZWT19141015.pdf\" target=\"_blank\" rel=\"noopener noreferrer\"> 15. Listopad, 1914 &#8211; ZWT19141015<\/a><\/p>\n<p><a href=\"https:\/\/istrazivacibiblijeuhrvatskoj.com\/blog\/wp-content\/uploads\/2021\/09\/ZWT19141101.pdf\" target=\"_blank\" rel=\"noopener noreferrer\"> 1. Studeni, 1914 &#8211; ZWT19141101<\/a><\/p>\n<p><a href=\"https:\/\/istrazivacibiblijeuhrvatskoj.com\/blog\/wp-content\/uploads\/2021\/09\/ZWT19141115.pdf\" target=\"_blank\" rel=\"noopener noreferrer\"> 15. Studeni, 1914 &#8211; ZWT19141115<\/a><\/p>\n<p><a href=\"https:\/\/istrazivacibiblijeuhrvatskoj.com\/blog\/wp-content\/uploads\/2021\/10\/ZWT19141201.pdf\" target=\"_blank\" rel=\"noopener noreferrer\"> 1. Prosinac, 1914 &#8211; ZWT19141201<\/a><\/p>\n<p><a href=\"https:\/\/istrazivacibiblijeuhrvatskoj.com\/blog\/wp-content\/uploads\/2021\/10\/ZWT19141215.pdf\" target=\"_blank\" rel=\"noopener noreferrer\"> 15. Prosinac, 1914 &#8211; ZWT19141215<\/a><\/p>\n","protected":false},"excerpt":{"rendered":"<p>Kliknite na donju poveznicu i skinite u pdfu: 1. Sije\u010danj, 1914 &#8211; ZWT19140101 15. Sije\u010danj, 1914 &#8211; ZWT19140115 1. Velja\u010da, 1914 &#8211; ZWT19140201 15. Velja\u010da, 1914 &#8211; ZWT19140215 1. O\u017eujak, 1914 &#8211; ZWT19140301 15. O\u017eujak, 1914 &#8211; ZWT19140315 1. Travanj, &hellip; <a href=\"https:\/\/istrazivacibiblijeuhrvatskoj.com\/blog\/knige\/strazarska-kula\/strazarska-kula-1914\/\">Continue reading <span class=\"meta-nav\">&rarr;<\/span><\/a><\/p>\n","protected":false},"author":1,"featured_media":0,"parent":10476,"menu_order":3,"comment_status":"closed","ping_status":"closed","template":"","meta":{"footnotes":""},"class_list":["post-14785","page","type-page","status-publish","hentry"],"_links":{"self":[{"href":"https:\/\/istrazivacibiblijeuhrvatskoj.com\/blog\/wp-json\/wp\/v2\/pages\/14785","targetHints":{"allow":["GET"]}}],"collection":[{"href":"https:\/\/istrazivacibiblijeuhrvatskoj.com\/blog\/wp-json\/wp\/v2\/pages"}],"about":[{"href":"https:\/\/istrazivacibiblijeuhrvatskoj.com\/blog\/wp-json\/wp\/v2\/types\/page"}],"author":[{"embeddable":true,"href":"https:\/\/istrazivacibiblijeuhrvatskoj.com\/blog\/wp-json\/wp\/v2\/users\/1"}],"replies":[{"embeddable":true,"href":"https:\/\/istrazivacibiblijeuhrvatskoj.com\/blog\/wp-json\/wp\/v2\/comments?post=14785"}],"version-history":[{"count":27,"href":"https:\/\/istrazivacibiblijeuhrvatskoj.com\/blog\/wp-json\/wp\/v2\/pages\/14785\/revisions"}],"predecessor-version":[{"id":15058,"href":"https:\/\/istrazivacibiblijeuhrvatskoj.com\/blog\/wp-json\/wp\/v2\/pages\/14785\/revisions\/15058"}],"up":[{"embeddable":true,"href":"https:\/\/istrazivacibiblijeuhrvatskoj.com\/blog\/wp-json\/wp\/v2\/pages\/10476"}],"wp:attachment":[{"href":"https:\/\/istrazivacibiblijeuhrvatskoj.com\/blog\/wp-json\/wp\/v2\/media?parent=14785"}],"curies":[{"name":"wp","href":"https:\/\/api.w.org\/{rel}","templated":true}]}}