{"id":15064,"date":"2021-10-15T12:52:07","date_gmt":"2021-10-15T10:52:07","guid":{"rendered":"http:\/\/istrazivacibiblijeuhrvatskoj.com\/blog\/?page_id=15064"},"modified":"2022-01-14T14:56:09","modified_gmt":"2022-01-14T12:56:09","slug":"strazarska-kula-1913","status":"publish","type":"page","link":"https:\/\/istrazivacibiblijeuhrvatskoj.com\/blog\/knige\/strazarska-kula\/strazarska-kula-1913\/","title":{"rendered":"Stra\u017earska Kula &#8211; 1913"},"content":{"rendered":"<p>Kliknite na donju poveznicu i skinite u pdfu:<\/p>\n<p><a href=\"https:\/\/istrazivacibiblijeuhrvatskoj.com\/blog\/wp-content\/uploads\/2021\/10\/ZWT19130101.pdf\" target=\"_blank\" rel=\"noopener noreferrer\"> 1. Sije\u010danj, 1913 &#8211; ZWT19130101<\/a><\/p>\n<p><a href=\"https:\/\/istrazivacibiblijeuhrvatskoj.com\/blog\/wp-content\/uploads\/2021\/10\/ZWT19130115.pdf\" target=\"_blank\" rel=\"noopener noreferrer\"> 15. Sije\u010danj, 1913 &#8211; ZWT19130115<\/a><\/p>\n<p><a href=\"https:\/\/istrazivacibiblijeuhrvatskoj.com\/blog\/wp-content\/uploads\/2021\/10\/ZWT19130201.pdf\" target=\"_blank\" rel=\"noopener noreferrer\"> 1. Velja\u010da, 1913 &#8211; ZWT19130201<\/a><\/p>\n<p><a href=\"https:\/\/istrazivacibiblijeuhrvatskoj.com\/blog\/wp-content\/uploads\/2021\/11\/ZWT19130215.pdf\" target=\"_blank\" rel=\"noopener noreferrer\"> 15. Velja\u010da, 1913 &#8211; ZWT19130215<\/a><\/p>\n<p><a href=\"https:\/\/istrazivacibiblijeuhrvatskoj.com\/blog\/wp-content\/uploads\/2021\/11\/ZWT19130301.pdf\" target=\"_blank\" rel=\"noopener noreferrer\">1. O\u017eujak, 1913 &#8211; ZWT19130301<\/a><\/p>\n<p><a href=\"https:\/\/istrazivacibiblijeuhrvatskoj.com\/blog\/wp-content\/uploads\/2021\/11\/ZWT19130315.pdf\" target=\"_blank\" rel=\"noopener noreferrer\">15. O\u017eujak, 1913 &#8211; ZWT19130315<\/a><\/p>\n<p><a href=\"https:\/\/istrazivacibiblijeuhrvatskoj.com\/blog\/wp-content\/uploads\/2021\/11\/ZWT19130401.pdf\" target=\"_blank\" rel=\"noopener noreferrer\">1. Travanj, 1913 &#8211; ZWT19130401<\/a><\/p>\n<p><a href=\"https:\/\/istrazivacibiblijeuhrvatskoj.com\/blog\/wp-content\/uploads\/2021\/11\/ZWT19130415.pdf\" target=\"_blank\" rel=\"noopener noreferrer\">15. Travanj, 1913 &#8211; ZWT19130415<\/a><\/p>\n<p><a href=\"https:\/\/istrazivacibiblijeuhrvatskoj.com\/blog\/wp-content\/uploads\/2021\/12\/ZWT19130501.pdf\" target=\"_blank\" rel=\"noopener noreferrer\">1. Svibanj, 1913 &#8211; ZWT19130501<\/a><\/p>\n<p><a href=\"https:\/\/istrazivacibiblijeuhrvatskoj.com\/blog\/wp-content\/uploads\/2021\/12\/ZWT19130515.pdf\" target=\"_blank\" rel=\"noopener noreferrer\">15. Svibanj, 1913 &#8211; ZWT19130515<\/a><\/p>\n<p><a href=\"https:\/\/istrazivacibiblijeuhrvatskoj.com\/blog\/wp-content\/uploads\/2021\/12\/ZWT19130601.pdf\" target=\"_blank\" rel=\"noopener noreferrer\">1. Lipanj, 1913 &#8211; ZWT19130601<\/a><\/p>\n<p><a href=\"https:\/\/istrazivacibiblijeuhrvatskoj.com\/blog\/wp-content\/uploads\/2021\/12\/ZWT19130615.pdf\" target=\"_blank\" rel=\"noopener noreferrer\">15. Lipanj, 1913 &#8211; ZWT19130615<\/a><\/p>\n<p><a href=\"https:\/\/istrazivacibiblijeuhrvatskoj.com\/blog\/wp-content\/uploads\/2021\/12\/ZWT19130701.pdf\" target=\"_blank\" rel=\"noopener noreferrer\">1. Srpanj, 1913 &#8211; ZWT19130701<\/a><\/p>\n<p><a href=\"https:\/\/istrazivacibiblijeuhrvatskoj.com\/blog\/wp-content\/uploads\/2021\/12\/ZWT19130715.pdf\" target=\"_blank\" rel=\"noopener noreferrer\">15. Srpanj, 1913 &#8211; ZWT19130715<\/a><\/p>\n<p><a href=\"https:\/\/istrazivacibiblijeuhrvatskoj.com\/blog\/wp-content\/uploads\/2021\/12\/ZWT19130801.pdf\" target=\"_blank\" rel=\"noopener noreferrer\">1. Kolovoz, 1913 &#8211; ZWT19130801<\/a><\/p>\n<p><a href=\"https:\/\/istrazivacibiblijeuhrvatskoj.com\/blog\/wp-content\/uploads\/2021\/12\/ZWT19130815.pdf\" target=\"_blank\" rel=\"noopener noreferrer\">15. Kolovoz, 1913 &#8211; ZWT19130815<\/a><\/p>\n<p><a href=\"https:\/\/istrazivacibiblijeuhrvatskoj.com\/blog\/wp-content\/uploads\/2021\/12\/ZWT19130901.pdf\" target=\"_blank\" rel=\"noopener noreferrer\">1. Rujan, 1913 &#8211; ZWT19130901<\/a><\/p>\n<p><a href=\"https:\/\/istrazivacibiblijeuhrvatskoj.com\/blog\/wp-content\/uploads\/2021\/12\/ZWT19130915.pdf\" target=\"_blank\" rel=\"noopener noreferrer\">15. Rujan, 1913 &#8211; ZWT19130915<\/a><\/p>\n<p><a href=\"https:\/\/istrazivacibiblijeuhrvatskoj.com\/blog\/wp-content\/uploads\/2021\/12\/ZWT19131001.pdf\" target=\"_blank\" rel=\"noopener noreferrer\">1. Listopad, 1913 &#8211; ZWT19131001<\/a><\/p>\n<p><a href=\"https:\/\/istrazivacibiblijeuhrvatskoj.com\/blog\/wp-content\/uploads\/2022\/01\/ZWT19131015.pdf\" target=\"_blank\" rel=\"noopener noreferrer\">15. Listopad, 1913 &#8211; ZWT19131015<\/a><\/p>\n<p><a href=\"https:\/\/istrazivacibiblijeuhrvatskoj.com\/blog\/wp-content\/uploads\/2022\/01\/ZWT19131101.pdf\" target=\"_blank\" rel=\"noopener noreferrer\">1. Studeni, 1913 &#8211; ZWT19131101<\/a><\/p>\n<p><a href=\"https:\/\/istrazivacibiblijeuhrvatskoj.com\/blog\/wp-content\/uploads\/2022\/01\/ZWT19131115.pdf\" target=\"_blank\" rel=\"noopener noreferrer\">15. Studeni, 1913 &#8211; ZWT19131115<\/a><\/p>\n<p><a href=\"https:\/\/istrazivacibiblijeuhrvatskoj.com\/blog\/wp-content\/uploads\/2022\/01\/ZWT19131201.pdf\" target=\"_blank\" rel=\"noopener noreferrer\">1. Prosinac, 1913 &#8211; ZWT19131201<\/a><\/p>\n<p><a href=\"https:\/\/istrazivacibiblijeuhrvatskoj.com\/blog\/wp-content\/uploads\/2022\/01\/ZWT19131215.pdf\" target=\"_blank\" rel=\"noopener noreferrer\">15. Prosinac, 1913 &#8211; ZWT19131201<\/a><\/p>\n","protected":false},"excerpt":{"rendered":"<p>Kliknite na donju poveznicu i skinite u pdfu: 1. Sije\u010danj, 1913 &#8211; ZWT19130101 15. Sije\u010danj, 1913 &#8211; ZWT19130115 1. Velja\u010da, 1913 &#8211; ZWT19130201 15. Velja\u010da, 1913 &#8211; ZWT19130215 1. O\u017eujak, 1913 &#8211; ZWT19130301 15. O\u017eujak, 1913 &#8211; ZWT19130315 1. Travanj, &hellip; <a href=\"https:\/\/istrazivacibiblijeuhrvatskoj.com\/blog\/knige\/strazarska-kula\/strazarska-kula-1913\/\">Continue reading <span class=\"meta-nav\">&rarr;<\/span><\/a><\/p>\n","protected":false},"author":1,"featured_media":0,"parent":10476,"menu_order":4,"comment_status":"closed","ping_status":"closed","template":"","meta":{"footnotes":""},"class_list":["post-15064","page","type-page","status-publish","hentry"],"_links":{"self":[{"href":"https:\/\/istrazivacibiblijeuhrvatskoj.com\/blog\/wp-json\/wp\/v2\/pages\/15064","targetHints":{"allow":["GET"]}}],"collection":[{"href":"https:\/\/istrazivacibiblijeuhrvatskoj.com\/blog\/wp-json\/wp\/v2\/pages"}],"about":[{"href":"https:\/\/istrazivacibiblijeuhrvatskoj.com\/blog\/wp-json\/wp\/v2\/types\/page"}],"author":[{"embeddable":true,"href":"https:\/\/istrazivacibiblijeuhrvatskoj.com\/blog\/wp-json\/wp\/v2\/users\/1"}],"replies":[{"embeddable":true,"href":"https:\/\/istrazivacibiblijeuhrvatskoj.com\/blog\/wp-json\/wp\/v2\/comments?post=15064"}],"version-history":[{"count":26,"href":"https:\/\/istrazivacibiblijeuhrvatskoj.com\/blog\/wp-json\/wp\/v2\/pages\/15064\/revisions"}],"predecessor-version":[{"id":15167,"href":"https:\/\/istrazivacibiblijeuhrvatskoj.com\/blog\/wp-json\/wp\/v2\/pages\/15064\/revisions\/15167"}],"up":[{"embeddable":true,"href":"https:\/\/istrazivacibiblijeuhrvatskoj.com\/blog\/wp-json\/wp\/v2\/pages\/10476"}],"wp:attachment":[{"href":"https:\/\/istrazivacibiblijeuhrvatskoj.com\/blog\/wp-json\/wp\/v2\/media?parent=15064"}],"curies":[{"name":"wp","href":"https:\/\/api.w.org\/{rel}","templated":true}]}}