{"id":15168,"date":"2022-01-14T14:58:33","date_gmt":"2022-01-14T12:58:33","guid":{"rendered":"http:\/\/istrazivacibiblijeuhrvatskoj.com\/blog\/?page_id=15168"},"modified":"2022-06-11T12:20:48","modified_gmt":"2022-06-11T10:20:48","slug":"strazarska-kula-1912","status":"publish","type":"page","link":"https:\/\/istrazivacibiblijeuhrvatskoj.com\/blog\/knige\/strazarska-kula\/strazarska-kula-1912\/","title":{"rendered":"Stra\u017earska Kula &#8211; 1912"},"content":{"rendered":"<p>Kliknite na donju poveznicu i skinite u pdfu:<\/p>\n<p><a href=\"https:\/\/istrazivacibiblijeuhrvatskoj.com\/blog\/wp-content\/uploads\/2022\/01\/ZWT19120115.pdf\" target=\"_blank\" rel=\"noopener noreferrer\"> 15. Sije\u010danj, 1912 &#8211; ZWT19120115<\/a><\/p>\n<p><a href=\"https:\/\/istrazivacibiblijeuhrvatskoj.com\/blog\/wp-content\/uploads\/2022\/01\/ZWT19120201.pdf\" target=\"_blank\" rel=\"noopener noreferrer\"> 1. Velja\u010de, 1912 &#8211; ZWT19120201<\/a><\/p>\n<p><a href=\"https:\/\/istrazivacibiblijeuhrvatskoj.com\/blog\/wp-content\/uploads\/2022\/01\/ZWT19120215.pdf\" target=\"_blank\" rel=\"noopener noreferrer\"> 15. Velja\u010de, 1912 &#8211; ZWT19120215<\/a><\/p>\n<p><a href=\"https:\/\/istrazivacibiblijeuhrvatskoj.com\/blog\/wp-content\/uploads\/2022\/02\/ZWT19120301.pdf\" target=\"_blank\" rel=\"noopener noreferrer\"> 1. O\u017eujak, 1912 &#8211; ZWT19120301<\/a><\/p>\n<p><a href=\"https:\/\/istrazivacibiblijeuhrvatskoj.com\/blog\/wp-content\/uploads\/2022\/02\/ZWT19120315.pdf\" target=\"_blank\" rel=\"noopener noreferrer\"> 15. O\u017eujak, 1912 &#8211; ZWT19120315<\/a><\/p>\n<p><a href=\"https:\/\/istrazivacibiblijeuhrvatskoj.com\/blog\/wp-content\/uploads\/2022\/02\/ZWT19120401.pdf\" target=\"_blank\" rel=\"noopener noreferrer\"> 1. Travanj, 1912 &#8211; ZWT19120401<\/a><\/p>\n<p><a href=\"https:\/\/istrazivacibiblijeuhrvatskoj.com\/blog\/wp-content\/uploads\/2022\/02\/ZWT19120501.pdf\" target=\"_blank\" rel=\"noopener noreferrer\"> 1. Svibanj, 1912 &#8211; ZWT19120501<\/a><\/p>\n<p><a href=\"https:\/\/istrazivacibiblijeuhrvatskoj.com\/blog\/wp-content\/uploads\/2022\/03\/ZWT19120515.pdf\" target=\"_blank\" rel=\"noopener noreferrer\"> 15. Svibanj, 1912 &#8211; ZWT19120515<\/a><\/p>\n<p><a href=\"https:\/\/istrazivacibiblijeuhrvatskoj.com\/blog\/wp-content\/uploads\/2022\/03\/ZWT19120601.pdf\" target=\"_blank\" rel=\"noopener noreferrer\"> 1. Lipanj, 1912 &#8211; ZWT19120601<\/a><\/p>\n<p><a href=\"https:\/\/istrazivacibiblijeuhrvatskoj.com\/blog\/wp-content\/uploads\/2022\/03\/ZWT19120615.pdf\" target=\"_blank\" rel=\"noopener noreferrer\"> 15. Lipanj, 1912 &#8211; ZWT19120615<\/a><\/p>\n<p><a href=\"https:\/\/istrazivacibiblijeuhrvatskoj.com\/blog\/wp-content\/uploads\/2022\/03\/ZWT19120701.pdf\" target=\"_blank\" rel=\"noopener noreferrer\"> 1. Srpanj, 1912 &#8211; ZWT19120701<\/a><\/p>\n<p><a href=\"https:\/\/istrazivacibiblijeuhrvatskoj.com\/blog\/wp-content\/uploads\/2022\/04\/ZWT19120715.pdf\" target=\"_blank\" rel=\"noopener noreferrer\"> 15. Srpanj, 1912 &#8211; ZWT19120715<\/a><\/p>\n<p><a href=\"https:\/\/istrazivacibiblijeuhrvatskoj.com\/blog\/wp-content\/uploads\/2022\/04\/ZWT19120801.pdf\" target=\"_blank\" rel=\"noopener noreferrer\"> 1. Kolovoz, 1912 &#8211; ZWT19120801<\/a><\/p>\n<p><a href=\"https:\/\/istrazivacibiblijeuhrvatskoj.com\/blog\/wp-content\/uploads\/2022\/04\/ZWT19120815.pdf\" target=\"_blank\" rel=\"noopener noreferrer\"> 15. Kolovoz, 1912 &#8211; ZWT19120815<\/a><\/p>\n<p><a href=\"https:\/\/istrazivacibiblijeuhrvatskoj.com\/blog\/wp-content\/uploads\/2022\/04\/ZWT19120901.pdf\" target=\"_blank\" rel=\"noopener noreferrer\"> 1. Rujan, 1912 &#8211; ZWT19120901<\/a><\/p>\n<p><a href=\"https:\/\/istrazivacibiblijeuhrvatskoj.com\/blog\/wp-content\/uploads\/2022\/04\/ZWT19120915.pdf\" target=\"_blank\" rel=\"noopener noreferrer\"> 15. Rujan, 1912 &#8211; ZWT19120915<\/a><\/p>\n<p><a href=\"https:\/\/istrazivacibiblijeuhrvatskoj.com\/blog\/wp-content\/uploads\/2022\/05\/ZWT19121001.pdf\" target=\"_blank\" rel=\"noopener noreferrer\"> 1. Listopad, 1912 &#8211; ZWT19121001<\/a><\/p>\n<p><a href=\"https:\/\/istrazivacibiblijeuhrvatskoj.com\/blog\/wp-content\/uploads\/2022\/05\/ZWT19121015.pdf\" target=\"_blank\" rel=\"noopener noreferrer\"> 15. Listopad, 1912 &#8211; ZWT19121015<\/a><\/p>\n<p><a href=\"https:\/\/istrazivacibiblijeuhrvatskoj.com\/blog\/wp-content\/uploads\/2022\/05\/ZWT19121101.pdf\" target=\"_blank\" rel=\"noopener noreferrer\"> 1. Studeni, 1912 &#8211; ZWT19121101<\/a><\/p>\n<p><a href=\"https:\/\/istrazivacibiblijeuhrvatskoj.com\/blog\/wp-content\/uploads\/2022\/05\/ZWT19121115.pdf\" target=\"_blank\" rel=\"noopener noreferrer\"> 15. Studeni, 1912 &#8211; ZWT19121115<\/a><\/p>\n<p><a href=\"https:\/\/istrazivacibiblijeuhrvatskoj.com\/blog\/wp-content\/uploads\/2022\/06\/ZWT19121201.pdf\" target=\"_blank\" rel=\"noopener noreferrer\"> 1. Prosinac, 1912 &#8211; ZWT19121201<\/a><\/p>\n<p><a href=\"https:\/\/istrazivacibiblijeuhrvatskoj.com\/blog\/wp-content\/uploads\/2022\/06\/ZWT19121215.pdf\" target=\"_blank\" rel=\"noopener noreferrer\"> 15. Prosinac, 1912 &#8211; ZWT19121215<\/a><\/p>\n","protected":false},"excerpt":{"rendered":"<p>Kliknite na donju poveznicu i skinite u pdfu: 15. Sije\u010danj, 1912 &#8211; ZWT19120115 1. Velja\u010de, 1912 &#8211; ZWT19120201 15. Velja\u010de, 1912 &#8211; ZWT19120215 1. O\u017eujak, 1912 &#8211; ZWT19120301 15. O\u017eujak, 1912 &#8211; ZWT19120315 1. Travanj, 1912 &#8211; ZWT19120401 1. Svibanj, &hellip; <a href=\"https:\/\/istrazivacibiblijeuhrvatskoj.com\/blog\/knige\/strazarska-kula\/strazarska-kula-1912\/\">Continue reading <span class=\"meta-nav\">&rarr;<\/span><\/a><\/p>\n","protected":false},"author":1,"featured_media":0,"parent":10476,"menu_order":5,"comment_status":"closed","ping_status":"closed","template":"","meta":{"footnotes":""},"class_list":["post-15168","page","type-page","status-publish","hentry"],"_links":{"self":[{"href":"https:\/\/istrazivacibiblijeuhrvatskoj.com\/blog\/wp-json\/wp\/v2\/pages\/15168","targetHints":{"allow":["GET"]}}],"collection":[{"href":"https:\/\/istrazivacibiblijeuhrvatskoj.com\/blog\/wp-json\/wp\/v2\/pages"}],"about":[{"href":"https:\/\/istrazivacibiblijeuhrvatskoj.com\/blog\/wp-json\/wp\/v2\/types\/page"}],"author":[{"embeddable":true,"href":"https:\/\/istrazivacibiblijeuhrvatskoj.com\/blog\/wp-json\/wp\/v2\/users\/1"}],"replies":[{"embeddable":true,"href":"https:\/\/istrazivacibiblijeuhrvatskoj.com\/blog\/wp-json\/wp\/v2\/comments?post=15168"}],"version-history":[{"count":30,"href":"https:\/\/istrazivacibiblijeuhrvatskoj.com\/blog\/wp-json\/wp\/v2\/pages\/15168\/revisions"}],"predecessor-version":[{"id":15294,"href":"https:\/\/istrazivacibiblijeuhrvatskoj.com\/blog\/wp-json\/wp\/v2\/pages\/15168\/revisions\/15294"}],"up":[{"embeddable":true,"href":"https:\/\/istrazivacibiblijeuhrvatskoj.com\/blog\/wp-json\/wp\/v2\/pages\/10476"}],"wp:attachment":[{"href":"https:\/\/istrazivacibiblijeuhrvatskoj.com\/blog\/wp-json\/wp\/v2\/media?parent=15168"}],"curies":[{"name":"wp","href":"https:\/\/api.w.org\/{rel}","templated":true}]}}