{"id":15411,"date":"2022-11-25T16:13:17","date_gmt":"2022-11-25T14:13:17","guid":{"rendered":"https:\/\/istrazivacibiblijeuhrvatskoj.com\/blog\/?page_id=15411"},"modified":"2023-06-17T13:13:49","modified_gmt":"2023-06-17T11:13:49","slug":"strazarska-kula-1910","status":"publish","type":"page","link":"https:\/\/istrazivacibiblijeuhrvatskoj.com\/blog\/knige\/strazarska-kula\/strazarska-kula-1910\/","title":{"rendered":"Stra\u017earska Kula &#8211; 1910"},"content":{"rendered":"<p>Kliknite na donju poveznicu i skinite u pdfu:<\/p>\n<p><a href=\"https:\/\/istrazivacibiblijeuhrvatskoj.com\/blog\/wp-content\/uploads\/2022\/11\/ZWT19100101.pdf\" target=\"_blank\" rel=\"noopener noreferrer\"> 1. Sije\u010danj, 1910 &#8211; ZWT19100101<\/a><\/p>\n<p><a href=\"https:\/\/istrazivacibiblijeuhrvatskoj.com\/blog\/wp-content\/uploads\/2022\/12\/ZWT19100115.pdf\" target=\"_blank\" rel=\"noopener noreferrer\"> 15. Sije\u010danj, 1910 &#8211; ZWT19100115<\/a><\/p>\n<p><a href=\"https:\/\/istrazivacibiblijeuhrvatskoj.com\/blog\/wp-content\/uploads\/2022\/12\/ZWT19100201.pdf\" target=\"_blank\" rel=\"noopener noreferrer\"> 1. Velja\u010de, 1910 &#8211; ZWT19100201<\/a><\/p>\n<p><a href=\"https:\/\/istrazivacibiblijeuhrvatskoj.com\/blog\/wp-content\/uploads\/2022\/12\/ZWT19100215.pdf\" target=\"_blank\" rel=\"noopener noreferrer\"> 15. Velja\u010de, 1910 &#8211; ZWT19100215<\/a><\/p>\n<p><a href=\"https:\/\/istrazivacibiblijeuhrvatskoj.com\/blog\/wp-content\/uploads\/2022\/12\/ZWT19100301.pdf\" target=\"_blank\" rel=\"noopener noreferrer\"> 1. O\u017eujak, 1910 &#8211; ZWT19100301<\/a><\/p>\n<p><a href=\"https:\/\/istrazivacibiblijeuhrvatskoj.com\/blog\/wp-content\/uploads\/2023\/01\/ZWT19100315.pdf\" target=\"_blank\" rel=\"noopener noreferrer\"> 15. O\u017eujak, 1910 &#8211; ZWT19100315<\/a><\/p>\n<p><a href=\"https:\/\/istrazivacibiblijeuhrvatskoj.com\/blog\/wp-content\/uploads\/2023\/01\/ZWT19100401.pdf\" target=\"_blank\" rel=\"noopener noreferrer\"> 1. Travanj, 1910 &#8211; ZWT19100401<\/a><\/p>\n<p><a href=\"https:\/\/istrazivacibiblijeuhrvatskoj.com\/blog\/wp-content\/uploads\/2023\/01\/ZWT19100415.pdf\" target=\"_blank\" rel=\"noopener noreferrer\"> 15. Travanj, 1910 &#8211; ZWT19100415<\/a><\/p>\n<p><a href=\"https:\/\/istrazivacibiblijeuhrvatskoj.com\/blog\/wp-content\/uploads\/2023\/01\/ZWT19100501.pdf\" target=\"_blank\" rel=\"noopener noreferrer\"> 1. Svibanj, 1910 &#8211; ZWT19100501<\/a><\/p>\n<p><a href=\"https:\/\/istrazivacibiblijeuhrvatskoj.com\/blog\/wp-content\/uploads\/2023\/02\/ZWT19100515.pdf\" target=\"_blank\" rel=\"noopener noreferrer\"> 15. Svibanj, 1910 &#8211; ZWT19100515<\/a><\/p>\n<p><a href=\"https:\/\/istrazivacibiblijeuhrvatskoj.com\/blog\/wp-content\/uploads\/2023\/02\/ZWT19100601.pdf\" target=\"_blank\" rel=\"noopener noreferrer\"> 1. Lipanj, 1910 &#8211; ZWT19100601<\/a><\/p>\n<p><a href=\"https:\/\/istrazivacibiblijeuhrvatskoj.com\/blog\/wp-content\/uploads\/2023\/02\/ZWT19100615.pdf\" target=\"_blank\" rel=\"noopener noreferrer\"> 15. Lipanj, 1910 &#8211; ZWT19100615<\/a><\/p>\n<p><a href=\"https:\/\/istrazivacibiblijeuhrvatskoj.com\/blog\/wp-content\/uploads\/2023\/02\/ZWT19100701.pdf\" target=\"_blank\" rel=\"noopener noreferrer\"> 1. Srpanj, 1910 &#8211; ZWT19100701<\/a><\/p>\n<p><a href=\"https:\/\/istrazivacibiblijeuhrvatskoj.com\/blog\/wp-content\/uploads\/2023\/04\/ZWT19100715.pdf\" target=\"_blank\" rel=\"noopener noreferrer\"> 15. Srpanj, 1910 &#8211; ZWT19100715<\/a><\/p>\n<p><a href=\"https:\/\/istrazivacibiblijeuhrvatskoj.com\/blog\/wp-content\/uploads\/2023\/04\/ZWT19100801.pdf\" target=\"_blank\" rel=\"noopener noreferrer\"> 1. Kolovoz, 1910 &#8211; ZWT19100801<\/a><\/p>\n<p><a href=\"https:\/\/istrazivacibiblijeuhrvatskoj.com\/blog\/wp-content\/uploads\/2023\/04\/ZWT19100815.pdf\" target=\"_blank\" rel=\"noopener noreferrer\"> 15. Kolovoz, 1910 &#8211; ZWT19100815<\/a><\/p>\n<p><a href=\"https:\/\/istrazivacibiblijeuhrvatskoj.com\/blog\/wp-content\/uploads\/2023\/04\/ZWT19100901.pdf\" target=\"_blank\" rel=\"noopener noreferrer\"> 1. Rujan, 1910 &#8211; ZWT19100901<\/a><\/p>\n<p><a href=\"https:\/\/istrazivacibiblijeuhrvatskoj.com\/blog\/wp-content\/uploads\/2023\/05\/ZWT19100915.pdf\" target=\"_blank\" rel=\"noopener noreferrer\"> 15. Rujan, 1910 &#8211; ZWT19100915<\/a><\/p>\n<p><a href=\"https:\/\/istrazivacibiblijeuhrvatskoj.com\/blog\/wp-content\/uploads\/2023\/05\/ZWT19101001.pdf\" target=\"_blank\" rel=\"noopener noreferrer\"> 1. Listopad, 1910 &#8211; ZWT19101001<\/a><\/p>\n<p><a href=\"https:\/\/istrazivacibiblijeuhrvatskoj.com\/blog\/wp-content\/uploads\/2023\/05\/ZWT19101015.pdf\" target=\"_blank\" rel=\"noopener noreferrer\"> 15. Listopad, 1910 &#8211; ZWT19101015<\/a><\/p>\n<p><a href=\"https:\/\/istrazivacibiblijeuhrvatskoj.com\/blog\/wp-content\/uploads\/2023\/05\/ZWT19101101.pdf\" target=\"_blank\" rel=\"noopener noreferrer\">1. Studeni, 1910 &#8211; ZWT19101101<\/a><\/p>\n<p><a href=\"https:\/\/istrazivacibiblijeuhrvatskoj.com\/blog\/wp-content\/uploads\/2023\/06\/ZWT19101115.pdf\" target=\"_blank\" rel=\"noopener noreferrer\">15. Studeni, 1910 &#8211; ZWT19101115<\/a><\/p>\n<p><a href=\"https:\/\/istrazivacibiblijeuhrvatskoj.com\/blog\/wp-content\/uploads\/2023\/06\/ZWT19101201.pdf\" target=\"_blank\" rel=\"noopener noreferrer\">1. Prosinac, 1910 &#8211; ZWT19101201<\/a><\/p>\n<p><a href=\"https:\/\/istrazivacibiblijeuhrvatskoj.com\/blog\/wp-content\/uploads\/2023\/06\/ZWT19101215.pdf\" target=\"_blank\" rel=\"noopener noreferrer\">15. Prosinac, 1910 &#8211; ZWT19101215<\/a><\/p>\n","protected":false},"excerpt":{"rendered":"<p>Kliknite na donju poveznicu i skinite u pdfu: 1. Sije\u010danj, 1910 &#8211; ZWT19100101 15. Sije\u010danj, 1910 &#8211; ZWT19100115 1. Velja\u010de, 1910 &#8211; ZWT19100201 15. Velja\u010de, 1910 &#8211; ZWT19100215 1. O\u017eujak, 1910 &#8211; ZWT19100301 15. O\u017eujak, 1910 &#8211; ZWT19100315 1. Travanj, &hellip; <a href=\"https:\/\/istrazivacibiblijeuhrvatskoj.com\/blog\/knige\/strazarska-kula\/strazarska-kula-1910\/\">Continue reading <span class=\"meta-nav\">&rarr;<\/span><\/a><\/p>\n","protected":false},"author":1,"featured_media":0,"parent":10476,"menu_order":7,"comment_status":"closed","ping_status":"closed","template":"","meta":{"footnotes":""},"class_list":["post-15411","page","type-page","status-publish","hentry"],"_links":{"self":[{"href":"https:\/\/istrazivacibiblijeuhrvatskoj.com\/blog\/wp-json\/wp\/v2\/pages\/15411","targetHints":{"allow":["GET"]}}],"collection":[{"href":"https:\/\/istrazivacibiblijeuhrvatskoj.com\/blog\/wp-json\/wp\/v2\/pages"}],"about":[{"href":"https:\/\/istrazivacibiblijeuhrvatskoj.com\/blog\/wp-json\/wp\/v2\/types\/page"}],"author":[{"embeddable":true,"href":"https:\/\/istrazivacibiblijeuhrvatskoj.com\/blog\/wp-json\/wp\/v2\/users\/1"}],"replies":[{"embeddable":true,"href":"https:\/\/istrazivacibiblijeuhrvatskoj.com\/blog\/wp-json\/wp\/v2\/comments?post=15411"}],"version-history":[{"count":28,"href":"https:\/\/istrazivacibiblijeuhrvatskoj.com\/blog\/wp-json\/wp\/v2\/pages\/15411\/revisions"}],"predecessor-version":[{"id":15544,"href":"https:\/\/istrazivacibiblijeuhrvatskoj.com\/blog\/wp-json\/wp\/v2\/pages\/15411\/revisions\/15544"}],"up":[{"embeddable":true,"href":"https:\/\/istrazivacibiblijeuhrvatskoj.com\/blog\/wp-json\/wp\/v2\/pages\/10476"}],"wp:attachment":[{"href":"https:\/\/istrazivacibiblijeuhrvatskoj.com\/blog\/wp-json\/wp\/v2\/media?parent=15411"}],"curies":[{"name":"wp","href":"https:\/\/api.w.org\/{rel}","templated":true}]}}