{"id":15485,"date":"2023-02-22T15:06:34","date_gmt":"2023-02-22T13:06:34","guid":{"rendered":"https:\/\/istrazivacibiblijeuhrvatskoj.com\/blog\/?page_id=15485"},"modified":"2023-09-13T11:40:49","modified_gmt":"2023-09-13T09:40:49","slug":"2024-2","status":"publish","type":"page","link":"https:\/\/istrazivacibiblijeuhrvatskoj.com\/blog\/kruzno-pismo\/2024-2\/","title":{"rendered":"2024"},"content":{"rendered":"<h3 style=\"text-align: left;\"><strong>PROLJE\u0106E 2024<\/strong><\/h3>\n<p><a href=\"http:\/\/istrazivacibiblijeuhrvatskoj.com\/newsletter\/VK202401.pdf\" target=\"_blank\" rel=\"noopener noreferrer\"><img loading=\"lazy\" decoding=\"async\" class=\"alignright size-medium wp-image-15486\" src=\"https:\/\/istrazivacibiblijeuhrvatskoj.com\/blog\/wp-content\/uploads\/2023\/02\/103AntichristFront-242x300.jpg\" alt=\"\" width=\"242\" height=\"300\" srcset=\"https:\/\/istrazivacibiblijeuhrvatskoj.com\/blog\/wp-content\/uploads\/2023\/02\/103AntichristFront-242x300.jpg 242w, https:\/\/istrazivacibiblijeuhrvatskoj.com\/blog\/wp-content\/uploads\/2023\/02\/103AntichristFront-827x1024.jpg 827w, https:\/\/istrazivacibiblijeuhrvatskoj.com\/blog\/wp-content\/uploads\/2023\/02\/103AntichristFront-768x951.jpg 768w, https:\/\/istrazivacibiblijeuhrvatskoj.com\/blog\/wp-content\/uploads\/2023\/02\/103AntichristFront.jpg 1240w\" sizes=\"auto, (max-width: 242px) 100vw, 242px\" \/><\/a><br \/>\n<b>ANTIKRIST<\/b><br \/>\n<b>Biblijska istina u odnosu na popularnu fikciju<\/b><\/p>\n<p>Tema Antikrista vrlo je zanimljiva ve\u0107ini Kr\u0161\u0107ana. Mnogi vjerski romani i filmovi predstavljaju senzacionalizirani prikaz proro\u010danstva o kraju vremena s ovim likom. Ove izmi\u0161ljene prezentacije prikazuju budu\u0107i uspon Antikrista i uzimaju neopravdane slobode, iskrivljuju\u0107i Biblijsku definiciju i aktivnosti ove \u201etajne bezakonja.\u201d To jeste fikcija&#8230; Biblijsko u\u010denje nije! \u0160to nadahnuti spisi apostola doista u\u010de o Antikristu?<\/p>\n<h3 style=\"text-align: right;\"><strong>LJETO 2024<\/strong><\/h3>\n<p><a href=\"http:\/\/istrazivacibiblijeuhrvatskoj.com\/newsletter\/VK202402.pdf\" target=\"_blank\" rel=\"noopener noreferrer\"><img loading=\"lazy\" decoding=\"async\" class=\"alignleft wp-image-15541 size-full\" src=\"https:\/\/istrazivacibiblijeuhrvatskoj.com\/blog\/wp-content\/uploads\/2023\/06\/33Glory.jpg\" alt=\"\" width=\"240\" height=\"240\" srcset=\"https:\/\/istrazivacibiblijeuhrvatskoj.com\/blog\/wp-content\/uploads\/2023\/06\/33Glory.jpg 240w, https:\/\/istrazivacibiblijeuhrvatskoj.com\/blog\/wp-content\/uploads\/2023\/06\/33Glory-150x150.jpg 150w\" sizes=\"auto, (max-width: 240px) 100vw, 240px\" \/><\/a><br \/>\n<b>NOVA NEBESA i NOVA ZEMLJA<\/b><br \/>\nU ovom vremenu velikog proro\u010dkog i\u0161\u010dekivanja, izraz \u201enovo nebo i nova zemlja\u201d \u010desto se tuma\u010di kao potpuno uni\u0161tenje planeta Zemlje, nakon \u010dega slijedi stvaranje novog planeta. Me\u0111utim, ova sumorna perspektiva daleko je od namjere ove izjave apostola Petra: \u201eMi, prema njegovu obe\u0107anju, o\u010dekujemo novo nebo i novu zemlju na kojima prebiva pravednost.\u201d (2. Petrova 3:13)<\/p>\n<p>&nbsp;<\/p>\n<h3 style=\"text-align: left;\"><strong>JESEN 2024<\/strong><\/h3>\n<p><a href=\"http:\/\/istrazivacibiblijeuhrvatskoj.com\/newsletter\/VK202403.pdf\" target=\"_blank\" rel=\"noopener noreferrer\"><img loading=\"lazy\" decoding=\"async\" class=\"alignright size-medium wp-image-15573\" src=\"https:\/\/istrazivacibiblijeuhrvatskoj.com\/blog\/wp-content\/uploads\/2023\/07\/3Worlds-258x300.jpg\" alt=\"\" width=\"258\" height=\"300\" srcset=\"https:\/\/istrazivacibiblijeuhrvatskoj.com\/blog\/wp-content\/uploads\/2023\/07\/3Worlds-258x300.jpg 258w, https:\/\/istrazivacibiblijeuhrvatskoj.com\/blog\/wp-content\/uploads\/2023\/07\/3Worlds-880x1024.jpg 880w, https:\/\/istrazivacibiblijeuhrvatskoj.com\/blog\/wp-content\/uploads\/2023\/07\/3Worlds-768x893.jpg 768w, https:\/\/istrazivacibiblijeuhrvatskoj.com\/blog\/wp-content\/uploads\/2023\/07\/3Worlds-1320x1536.jpg 1320w, https:\/\/istrazivacibiblijeuhrvatskoj.com\/blog\/wp-content\/uploads\/2023\/07\/3Worlds.jpg 1530w\" sizes=\"auto, (max-width: 258px) 100vw, 258px\" \/><\/a><b>Slavni Bo\u017eanski Arhitekt<\/b><\/p>\n<p><em>\u201eZapi\u0161i vi\u0111enje i izlo\u017ei ga na plo\u010dice, da onaj koji ga \u010dita mo\u017ee tr\u010dati.\u201d<\/em> \u2013 Habakuk 2:2<\/p>\n<p>Svaki arhitekt ima nacrt prema kojem mo\u017ee to\u010dno konstruirati svoju tvorevinu. Isto tako, Bog ima nacrt za svoj stvarala\u010dki plan koji je detaljno opisan u Bibliji. I kao \u0161to arhitekt tra\u017ei da njegov projekt nitko ne sudi po nedovr\u0161enom djelu, tako ne bismo trebali suditi Bo\u017ejem stvorenju prije nego \u0161to je dovr\u0161eno.<\/p>\n<p>&nbsp;<\/p>\n<h3 style=\"text-align: right;\"><strong>ZIMA 2024<\/strong><\/h3>\n<p><a href=\"http:\/\/istrazivacibiblijeuhrvatskoj.com\/newsletter\/VK202404.pdf\" target=\"_blank\" rel=\"noopener noreferrer\"><img loading=\"lazy\" decoding=\"async\" class=\"alignleft wp-image-15613 size-medium\" src=\"https:\/\/istrazivacibiblijeuhrvatskoj.com\/blog\/wp-content\/uploads\/2023\/09\/PathSM-236x300.jpg\" alt=\"\" width=\"236\" height=\"300\" srcset=\"https:\/\/istrazivacibiblijeuhrvatskoj.com\/blog\/wp-content\/uploads\/2023\/09\/PathSM-236x300.jpg 236w, https:\/\/istrazivacibiblijeuhrvatskoj.com\/blog\/wp-content\/uploads\/2023\/09\/PathSM.jpg 382w\" sizes=\"auto, (max-width: 236px) 100vw, 236px\" \/><\/a><br \/>\n<strong>TRI UDESA \u010cOVJEKA<\/strong><\/p>\n<p>Tragi\u010dni doga\u0111aji koji su tako \u010desti u dana\u0161nje vrijeme tjeraju mnoge da tra\u017ee odgovore o \u017eivotu, smrti i budu\u0107em \u017eivotu. \u010cesto postavljana pitanja su: \u201e\u0160to \u0107e biti sa mnom nakon \u0161to umrem? Je li smrt kraj?\u201d \u201eHo\u0107u li i\u0107i u raj ili u pakao jer sam odstupio?\u201d \u201e\u0160to se doga\u0111a s milijardama onih koji nikada nisu \u010duli za Krista?\u201d Kao odgovor na ova pitanja, na\u0161 odgovor je da je Bog u svojoj Rije\u010di ilustrirao tri razli\u010dita puta koji vode do tri razli\u010dite sudbine.<\/p>\n<p>&nbsp;<\/p>\n<p><b><\/b><strong>KLIKNITE NA GORNJU SLIKU I SKINITE U PDFU.<\/strong><\/p>\n","protected":false},"excerpt":{"rendered":"<p>PROLJE\u0106E 2024 ANTIKRIST Biblijska istina u odnosu na popularnu fikciju Tema Antikrista vrlo je zanimljiva ve\u0107ini Kr\u0161\u0107ana. Mnogi vjerski romani i filmovi predstavljaju senzacionalizirani prikaz proro\u010danstva o kraju vremena s ovim likom. Ove izmi\u0161ljene prezentacije prikazuju budu\u0107i uspon Antikrista i &hellip; <a href=\"https:\/\/istrazivacibiblijeuhrvatskoj.com\/blog\/kruzno-pismo\/2024-2\/\">Continue reading <span class=\"meta-nav\">&rarr;<\/span><\/a><\/p>\n","protected":false},"author":1,"featured_media":0,"parent":10404,"menu_order":2024,"comment_status":"closed","ping_status":"closed","template":"","meta":{"footnotes":""},"class_list":["post-15485","page","type-page","status-publish","hentry"],"_links":{"self":[{"href":"https:\/\/istrazivacibiblijeuhrvatskoj.com\/blog\/wp-json\/wp\/v2\/pages\/15485","targetHints":{"allow":["GET"]}}],"collection":[{"href":"https:\/\/istrazivacibiblijeuhrvatskoj.com\/blog\/wp-json\/wp\/v2\/pages"}],"about":[{"href":"https:\/\/istrazivacibiblijeuhrvatskoj.com\/blog\/wp-json\/wp\/v2\/types\/page"}],"author":[{"embeddable":true,"href":"https:\/\/istrazivacibiblijeuhrvatskoj.com\/blog\/wp-json\/wp\/v2\/users\/1"}],"replies":[{"embeddable":true,"href":"https:\/\/istrazivacibiblijeuhrvatskoj.com\/blog\/wp-json\/wp\/v2\/comments?post=15485"}],"version-history":[{"count":8,"href":"https:\/\/istrazivacibiblijeuhrvatskoj.com\/blog\/wp-json\/wp\/v2\/pages\/15485\/revisions"}],"predecessor-version":[{"id":15540,"href":"https:\/\/istrazivacibiblijeuhrvatskoj.com\/blog\/wp-json\/wp\/v2\/pages\/15485\/revisions\/15540"}],"up":[{"embeddable":true,"href":"https:\/\/istrazivacibiblijeuhrvatskoj.com\/blog\/wp-json\/wp\/v2\/pages\/10404"}],"wp:attachment":[{"href":"https:\/\/istrazivacibiblijeuhrvatskoj.com\/blog\/wp-json\/wp\/v2\/media?parent=15485"}],"curies":[{"name":"wp","href":"https:\/\/api.w.org\/{rel}","templated":true}]}}