{"id":15547,"date":"2023-06-24T12:36:12","date_gmt":"2023-06-24T10:36:12","guid":{"rendered":"https:\/\/istrazivacibiblijeuhrvatskoj.com\/blog\/?page_id=15547"},"modified":"2023-11-30T12:51:51","modified_gmt":"2023-11-30T10:51:51","slug":"strazarska-kula-1909","status":"publish","type":"page","link":"https:\/\/istrazivacibiblijeuhrvatskoj.com\/blog\/knige\/strazarska-kula\/strazarska-kula-1909\/","title":{"rendered":"Stra\u017earska Kula &#8211; 1909"},"content":{"rendered":"<p>Kliknite na donju poveznicu i skinite u pdfu:<\/p>\n<p><a href=\"https:\/\/istrazivacibiblijeuhrvatskoj.com\/blog\/wp-content\/uploads\/2023\/06\/ZWT19090101.pdf\" target=\"_blank\" rel=\"noopener noreferrer\"> 1. Sije\u010danj, 1909 &#8211; ZWT19090101<\/a><\/p>\n<p><a href=\"https:\/\/istrazivacibiblijeuhrvatskoj.com\/blog\/wp-content\/uploads\/2023\/07\/ZWT19090115.pdf\" target=\"_blank\" rel=\"noopener noreferrer\"> 15. Sije\u010danj, 1909 &#8211; ZWT19090115<\/a><\/p>\n<p><a href=\"https:\/\/istrazivacibiblijeuhrvatskoj.com\/blog\/wp-content\/uploads\/2023\/07\/ZWT19090201.pdf\" target=\"_blank\" rel=\"noopener noreferrer\"> 1. Velja\u010de, 1909 &#8211; ZWT19090201<\/a><\/p>\n<p><a href=\"https:\/\/istrazivacibiblijeuhrvatskoj.com\/blog\/wp-content\/uploads\/2023\/07\/ZWT19090215.pdf\" target=\"_blank\" rel=\"noopener noreferrer\"> 15. Velja\u010de, 1909 &#8211; ZWT19090215<\/a><\/p>\n<p><a href=\"https:\/\/istrazivacibiblijeuhrvatskoj.com\/blog\/wp-content\/uploads\/2023\/07\/ZWT19090301.pdf\" target=\"_blank\" rel=\"noopener noreferrer\"> 1. O\u017eujak, 1909 &#8211; ZWT19090301<\/a><\/p>\n<p><a href=\"https:\/\/istrazivacibiblijeuhrvatskoj.com\/blog\/wp-content\/uploads\/2023\/07\/ZWT19090315.pdf\" target=\"_blank\" rel=\"noopener noreferrer\"> 15. O\u017eujak, 1909 &#8211; ZWT19090315<\/a><\/p>\n<p><a href=\"https:\/\/istrazivacibiblijeuhrvatskoj.com\/blog\/wp-content\/uploads\/2023\/08\/ZWT19090401.pdf\" target=\"_blank\" rel=\"noopener noreferrer\"> 1. Travanj, 1909 &#8211; ZWT19090401<\/a><\/p>\n<p><a href=\"https:\/\/istrazivacibiblijeuhrvatskoj.com\/blog\/wp-content\/uploads\/2023\/08\/ZWT19090415.pdf\" target=\"_blank\" rel=\"noopener noreferrer\"> 15. Travanj, 1909 &#8211; ZWT19090415<\/a><\/p>\n<p><a href=\"https:\/\/istrazivacibiblijeuhrvatskoj.com\/blog\/wp-content\/uploads\/2023\/09\/ZWT19090501.pdf\" target=\"_blank\" rel=\"noopener noreferrer\"> 1. Svibanj, 1909 &#8211; ZWT19090501<\/a><\/p>\n<p><a href=\"https:\/\/istrazivacibiblijeuhrvatskoj.com\/blog\/wp-content\/uploads\/2023\/09\/ZWT19090515.pdf\" target=\"_blank\" rel=\"noopener noreferrer\"> 15. Svibanj, 1909 &#8211; ZWT19090515<\/a><\/p>\n<p><a href=\"https:\/\/istrazivacibiblijeuhrvatskoj.com\/blog\/wp-content\/uploads\/2023\/09\/ZWT19090601.pdf\" target=\"_blank\" rel=\"noopener\">1. Lipanj, 1909 -ZWT 19090601<\/a><\/p>\n<p><a href=\"https:\/\/istrazivacibiblijeuhrvatskoj.com\/blog\/wp-content\/uploads\/2023\/09\/ZWT-15-Lipanj-1909-.pdf\" target=\"_blank\" rel=\"noopener\">15. Lipanj, 1909 &#8211; ZWT19090615<\/a><\/p>\n<p><a href=\"https:\/\/istrazivacibiblijeuhrvatskoj.com\/blog\/wp-content\/uploads\/2023\/09\/ZWT-1-Srpanj-1909.pdf\" target=\"_blank\" rel=\"noopener\">1. Srpanj, 1909 &#8211; ZWT19090701<\/a><\/p>\n<p><a href=\"https:\/\/istrazivacibiblijeuhrvatskoj.com\/blog\/wp-content\/uploads\/2023\/09\/ZWT-15-Srpanj-1909.pdf\" target=\"_blank\" rel=\"noopener\">15. Srpanj, 1909 &#8211; ZWT19090715<\/a><\/p>\n<p><a href=\"https:\/\/istrazivacibiblijeuhrvatskoj.com\/blog\/wp-content\/uploads\/2023\/09\/ZWT19090801.pdf\" target=\"_blank\" rel=\"noopener\">1. Kolovoz, 1909 &#8211; ZWT19090801<\/a><\/p>\n<p><a href=\"https:\/\/istrazivacibiblijeuhrvatskoj.com\/blog\/wp-content\/uploads\/2023\/10\/ZWT19090815.pdf\" target=\"_blank\" rel=\"noopener\">15. Kolovoz, 1909 &#8211; ZWT19090815<\/a><\/p>\n<p><a href=\"https:\/\/istrazivacibiblijeuhrvatskoj.com\/blog\/wp-content\/uploads\/2023\/10\/ZWT19090901.pdf\" target=\"_blank\" rel=\"noopener\">1. Rujan, 1909 &#8211; ZWT19090901<\/a><\/p>\n<p><a href=\"https:\/\/istrazivacibiblijeuhrvatskoj.com\/blog\/wp-content\/uploads\/2023\/10\/ZWT19090915.pdf\" target=\"_blank\" rel=\"noopener\">15. Rujan, 1909 &#8211; ZWT19090915<\/a><\/p>\n<p><a href=\"https:\/\/istrazivacibiblijeuhrvatskoj.com\/blog\/wp-content\/uploads\/2023\/10\/ZWT19091001.pdf\" target=\"_blank\" rel=\"noopener\">1. Listopad, 1909 &#8211; ZWT19091001<\/a><\/p>\n<p><a href=\"https:\/\/istrazivacibiblijeuhrvatskoj.com\/blog\/wp-content\/uploads\/2023\/11\/ZWT19091015.pdf\" target=\"_blank\" rel=\"noopener\">15. Listopad, 1909 &#8211; ZWT19091015<\/a><\/p>\n<p><a href=\"https:\/\/istrazivacibiblijeuhrvatskoj.com\/blog\/wp-content\/uploads\/2023\/11\/ZWT19091101.pdf\" target=\"_blank\" rel=\"noopener\">1. Studeni, 1909 &#8211; ZWT19091101<\/a><\/p>\n<p><a href=\"https:\/\/istrazivacibiblijeuhrvatskoj.com\/blog\/wp-content\/uploads\/2023\/11\/ZWT19091115.pdf\" target=\"_blank\" rel=\"noopener\">15. Studeni, 1909 &#8211; ZWT19091115<\/a><\/p>\n<p><a href=\"https:\/\/istrazivacibiblijeuhrvatskoj.com\/blog\/wp-content\/uploads\/2023\/11\/ZWT19091201.pdf\" target=\"_blank\" rel=\"noopener\">1. Prosinac, 1909 &#8211; ZWT19091201<\/a><\/p>\n<p><a href=\"https:\/\/istrazivacibiblijeuhrvatskoj.com\/blog\/wp-content\/uploads\/2023\/11\/ZWT19091215.pdf\" target=\"_blank\" rel=\"noopener\">15. Prosinac, 1909 &#8211; ZWT19091215<\/a><\/p>\n","protected":false},"excerpt":{"rendered":"<p>Kliknite na donju poveznicu i skinite u pdfu: 1. Sije\u010danj, 1909 &#8211; ZWT19090101 15. Sije\u010danj, 1909 &#8211; ZWT19090115 1. Velja\u010de, 1909 &#8211; ZWT19090201 15. Velja\u010de, 1909 &#8211; ZWT19090215 1. O\u017eujak, 1909 &#8211; ZWT19090301 15. O\u017eujak, 1909 &#8211; ZWT19090315 1. Travanj, &hellip; <a href=\"https:\/\/istrazivacibiblijeuhrvatskoj.com\/blog\/knige\/strazarska-kula\/strazarska-kula-1909\/\">Continue reading <span class=\"meta-nav\">&rarr;<\/span><\/a><\/p>\n","protected":false},"author":1,"featured_media":0,"parent":10476,"menu_order":8,"comment_status":"closed","ping_status":"closed","template":"","meta":{"footnotes":""},"class_list":["post-15547","page","type-page","status-publish","hentry"],"_links":{"self":[{"href":"https:\/\/istrazivacibiblijeuhrvatskoj.com\/blog\/wp-json\/wp\/v2\/pages\/15547","targetHints":{"allow":["GET"]}}],"collection":[{"href":"https:\/\/istrazivacibiblijeuhrvatskoj.com\/blog\/wp-json\/wp\/v2\/pages"}],"about":[{"href":"https:\/\/istrazivacibiblijeuhrvatskoj.com\/blog\/wp-json\/wp\/v2\/types\/page"}],"author":[{"embeddable":true,"href":"https:\/\/istrazivacibiblijeuhrvatskoj.com\/blog\/wp-json\/wp\/v2\/users\/1"}],"replies":[{"embeddable":true,"href":"https:\/\/istrazivacibiblijeuhrvatskoj.com\/blog\/wp-json\/wp\/v2\/comments?post=15547"}],"version-history":[{"count":34,"href":"https:\/\/istrazivacibiblijeuhrvatskoj.com\/blog\/wp-json\/wp\/v2\/pages\/15547\/revisions"}],"predecessor-version":[{"id":15717,"href":"https:\/\/istrazivacibiblijeuhrvatskoj.com\/blog\/wp-json\/wp\/v2\/pages\/15547\/revisions\/15717"}],"up":[{"embeddable":true,"href":"https:\/\/istrazivacibiblijeuhrvatskoj.com\/blog\/wp-json\/wp\/v2\/pages\/10476"}],"wp:attachment":[{"href":"https:\/\/istrazivacibiblijeuhrvatskoj.com\/blog\/wp-json\/wp\/v2\/media?parent=15547"}],"curies":[{"name":"wp","href":"https:\/\/api.w.org\/{rel}","templated":true}]}}