{"id":15722,"date":"2023-12-09T12:40:52","date_gmt":"2023-12-09T10:40:52","guid":{"rendered":"https:\/\/istrazivacibiblijeuhrvatskoj.com\/blog\/?page_id=15722"},"modified":"2024-05-18T05:04:33","modified_gmt":"2024-05-18T03:04:33","slug":"strazarska-kula-1908","status":"publish","type":"page","link":"https:\/\/istrazivacibiblijeuhrvatskoj.com\/blog\/knige\/strazarska-kula\/strazarska-kula-1908\/","title":{"rendered":"Stra\u017earska Kula &#8211; 1908"},"content":{"rendered":"<p><a href=\"https:\/\/istrazivacibiblijeuhrvatskoj.com\/blog\/wp-content\/uploads\/2023\/12\/ZWT19080101.pdf\" target=\"_blank\" rel=\"noopener noreferrer\">1. Sije\u010danj, 1908 &#8211; ZWT19080101<\/a><\/p>\n<p><a href=\"https:\/\/istrazivacibiblijeuhrvatskoj.com\/blog\/wp-content\/uploads\/2023\/12\/ZWT19080115.pdf\" target=\"_blank\" rel=\"noopener noreferrer\"> 15. Sije\u010danj, 1908 &#8211; ZWT19080115<\/a><\/p>\n<p><a href=\"https:\/\/istrazivacibiblijeuhrvatskoj.com\/blog\/wp-content\/uploads\/2023\/12\/ZWT19080201.pdf\" target=\"_blank\" rel=\"noopener noreferrer\"> 1. Velja\u010de, 1908 &#8211; ZWT19080201<\/a><\/p>\n<p><a href=\"https:\/\/istrazivacibiblijeuhrvatskoj.com\/blog\/wp-content\/uploads\/2023\/12\/ZWT19080215.pdf\" target=\"_blank\" rel=\"noopener noreferrer\"> 15. Velja\u010de, 1908 &#8211; ZWT19080215<\/a><\/p>\n<p><a href=\"https:\/\/istrazivacibiblijeuhrvatskoj.com\/blog\/wp-content\/uploads\/2024\/01\/ZWT19080301.pdf\" target=\"_blank\" rel=\"noopener noreferrer\"> 1. O\u017eujak, 1908 &#8211; ZWT19080301<\/a><\/p>\n<p><a href=\"https:\/\/istrazivacibiblijeuhrvatskoj.com\/blog\/wp-content\/uploads\/2024\/01\/ZWT19080315.pdf\" target=\"_blank\" rel=\"noopener noreferrer\"> 15. O\u017eujak, 1908 &#8211; ZWT19080315<\/a><\/p>\n<p><a href=\"https:\/\/istrazivacibiblijeuhrvatskoj.com\/blog\/wp-content\/uploads\/2024\/01\/ZWT19080401.pdf\" target=\"_blank\" rel=\"noopener noreferrer\"> 1. Travanj, 1908 &#8211; ZWT19080401<\/a><\/p>\n<p><a href=\"https:\/\/istrazivacibiblijeuhrvatskoj.com\/blog\/wp-content\/uploads\/2024\/01\/ZWT19080415.pdf\" target=\"_blank\" rel=\"noopener noreferrer\"> 15. Travanj, 1908 &#8211; ZWT19080415<\/a><\/p>\n<p><a href=\"https:\/\/istrazivacibiblijeuhrvatskoj.com\/blog\/wp-content\/uploads\/2024\/02\/ZWT19080501.pdf\" target=\"_blank\" rel=\"noopener noreferrer\"> 1. Svibanj, 1908 &#8211; ZWT19080501<\/a><\/p>\n<p><a href=\"https:\/\/istrazivacibiblijeuhrvatskoj.com\/blog\/wp-content\/uploads\/2024\/02\/ZWT19080515.pdf\" target=\"_blank\" rel=\"noopener noreferrer\"> 15. Svibanj, 1908 &#8211; ZWT19080515<\/a><\/p>\n<p><a href=\"https:\/\/istrazivacibiblijeuhrvatskoj.com\/blog\/wp-content\/uploads\/2024\/02\/ZWT19080601.pdf\" target=\"_blank\" rel=\"noopener noreferrer\"> 1. Lipanj, 1908 &#8211; ZWT19080601<\/a><\/p>\n<p><a href=\"https:\/\/istrazivacibiblijeuhrvatskoj.com\/blog\/wp-content\/uploads\/2024\/02\/ZWT19080615.pdf\" target=\"_blank\" rel=\"noopener noreferrer\"> 15. Lipanj, 1908 &#8211; ZWT19080615<\/a><\/p>\n<p><a href=\"https:\/\/istrazivacibiblijeuhrvatskoj.com\/blog\/wp-content\/uploads\/2024\/03\/ZWT19080701.pdf\" target=\"_blank\" rel=\"noopener noreferrer\"> 1. Srpanj, 1908 &#8211; ZWT19080701<\/a><\/p>\n<p><a href=\"https:\/\/istrazivacibiblijeuhrvatskoj.com\/blog\/wp-content\/uploads\/2024\/03\/ZWT19080715.pdf\" target=\"_blank\" rel=\"noopener noreferrer\"> 15. Srpanj, 1908 &#8211; ZWT19080715<\/a><\/p>\n<p><a href=\"https:\/\/istrazivacibiblijeuhrvatskoj.com\/blog\/wp-content\/uploads\/2024\/03\/ZWT19080801.pdf\" target=\"_blank\" rel=\"noopener noreferrer\"> 1. Kolovoz, 1908 &#8211; ZWT19080801<\/a><\/p>\n<p><a href=\"https:\/\/istrazivacibiblijeuhrvatskoj.com\/blog\/wp-content\/uploads\/2024\/03\/ZWT19080815.pdf\" target=\"_blank\" rel=\"noopener noreferrer\"> 15. Kolovoz, 1908 &#8211; ZWT19080815<\/a><\/p>\n<p><a href=\"https:\/\/istrazivacibiblijeuhrvatskoj.com\/blog\/wp-content\/uploads\/2024\/03\/ZWT19080901.pdf\" target=\"_blank\" rel=\"noopener noreferrer\"> 1. Rujan, 1908 &#8211; ZWT19080901<\/a><\/p>\n<p><a href=\"https:\/\/istrazivacibiblijeuhrvatskoj.com\/blog\/wp-content\/uploads\/2024\/04\/ZWT19080915.pdf\" target=\"_blank\" rel=\"noopener noreferrer\"> 15. Rujan, 1908 &#8211; ZWT19080915<\/a><\/p>\n<p><a href=\"https:\/\/istrazivacibiblijeuhrvatskoj.com\/blog\/wp-content\/uploads\/2024\/04\/ZWT19081001.pdf\" target=\"_blank\" rel=\"noopener noreferrer\"> 1. Listopad, 1908 &#8211; ZWT19081001<\/a><\/p>\n<p><a href=\"https:\/\/istrazivacibiblijeuhrvatskoj.com\/blog\/wp-content\/uploads\/2024\/04\/ZWT19081015.pdf\" target=\"_blank\" rel=\"noopener noreferrer\"> 15. Listopad, 1908 &#8211; ZWT19081015<\/a><\/p>\n<p><a href=\"https:\/\/istrazivacibiblijeuhrvatskoj.com\/blog\/wp-content\/uploads\/2024\/04\/ZWT19081101.pdf\" target=\"_blank\" rel=\"noopener noreferrer\"> 1. Studeni, 1908 &#8211; ZWT19081101<\/a><\/p>\n<p><a href=\"https:\/\/istrazivacibiblijeuhrvatskoj.com\/blog\/wp-content\/uploads\/2024\/05\/ZWT19081115.pdf\" target=\"_blank\" rel=\"noopener noreferrer\"> 15. Studeni, 1908 &#8211; ZWT19081115<\/a><\/p>\n<p><a href=\"https:\/\/istrazivacibiblijeuhrvatskoj.com\/blog\/wp-content\/uploads\/2024\/05\/ZWT19081201.pdf\" target=\"_blank\" rel=\"noopener noreferrer\"> 1. Prosinac, 1908 &#8211; ZWT19081201<\/a><\/p>\n<p><a href=\"https:\/\/istrazivacibiblijeuhrvatskoj.com\/blog\/wp-content\/uploads\/2024\/05\/ZWT19081215.pdf\" target=\"_blank\" rel=\"noopener noreferrer\"> 15. Prosinac, 1908 &#8211; ZWT19081215<\/a><\/p>\n","protected":false},"excerpt":{"rendered":"<p>1. Sije\u010danj, 1908 &#8211; ZWT19080101 15. Sije\u010danj, 1908 &#8211; ZWT19080115 1. Velja\u010de, 1908 &#8211; ZWT19080201 15. Velja\u010de, 1908 &#8211; ZWT19080215 1. O\u017eujak, 1908 &#8211; ZWT19080301 15. O\u017eujak, 1908 &#8211; ZWT19080315 1. Travanj, 1908 &#8211; ZWT19080401 15. Travanj, 1908 &#8211; ZWT19080415 &hellip; <a href=\"https:\/\/istrazivacibiblijeuhrvatskoj.com\/blog\/knige\/strazarska-kula\/strazarska-kula-1908\/\">Continue reading <span class=\"meta-nav\">&rarr;<\/span><\/a><\/p>\n","protected":false},"author":1,"featured_media":0,"parent":10476,"menu_order":9,"comment_status":"closed","ping_status":"closed","template":"","meta":{"footnotes":""},"class_list":["post-15722","page","type-page","status-publish","hentry"],"_links":{"self":[{"href":"https:\/\/istrazivacibiblijeuhrvatskoj.com\/blog\/wp-json\/wp\/v2\/pages\/15722","targetHints":{"allow":["GET"]}}],"collection":[{"href":"https:\/\/istrazivacibiblijeuhrvatskoj.com\/blog\/wp-json\/wp\/v2\/pages"}],"about":[{"href":"https:\/\/istrazivacibiblijeuhrvatskoj.com\/blog\/wp-json\/wp\/v2\/types\/page"}],"author":[{"embeddable":true,"href":"https:\/\/istrazivacibiblijeuhrvatskoj.com\/blog\/wp-json\/wp\/v2\/users\/1"}],"replies":[{"embeddable":true,"href":"https:\/\/istrazivacibiblijeuhrvatskoj.com\/blog\/wp-json\/wp\/v2\/comments?post=15722"}],"version-history":[{"count":26,"href":"https:\/\/istrazivacibiblijeuhrvatskoj.com\/blog\/wp-json\/wp\/v2\/pages\/15722\/revisions"}],"predecessor-version":[{"id":15815,"href":"https:\/\/istrazivacibiblijeuhrvatskoj.com\/blog\/wp-json\/wp\/v2\/pages\/15722\/revisions\/15815"}],"up":[{"embeddable":true,"href":"https:\/\/istrazivacibiblijeuhrvatskoj.com\/blog\/wp-json\/wp\/v2\/pages\/10476"}],"wp:attachment":[{"href":"https:\/\/istrazivacibiblijeuhrvatskoj.com\/blog\/wp-json\/wp\/v2\/media?parent=15722"}],"curies":[{"name":"wp","href":"https:\/\/api.w.org\/{rel}","templated":true}]}}