{"id":15735,"date":"2024-01-01T17:01:28","date_gmt":"2024-01-01T15:01:28","guid":{"rendered":"https:\/\/istrazivacibiblijeuhrvatskoj.com\/blog\/?page_id=15735"},"modified":"2024-01-01T17:09:01","modified_gmt":"2024-01-01T15:09:01","slug":"glasnik-sijecanj-veljaca-2024","status":"publish","type":"page","link":"https:\/\/istrazivacibiblijeuhrvatskoj.com\/blog\/brosure\/glasnik-kristovog-kraljevstva\/glasnik-sijecanj-veljaca-2024\/","title":{"rendered":"GLASNIK: Sije\u010danj\/Velja\u010da 2024"},"content":{"rendered":"<p><strong>Kliknite na donju poveznicu kako bi ste mogli \u010ditati ili skinuti u pdf formatu najnoviji broj \u010dasopisa:<\/strong><\/p>\n<p><a href=\"https:\/\/istrazivacibiblijeuhrvatskoj.com\/blog\/wp-content\/uploads\/2024\/01\/Cro24A.pdf\" target=\"_blank\" rel=\"noopener\"><strong>Kliknite ovdje za skinite u PDF formatu.<\/strong><\/a><\/p>\n<a href=\"https:\/\/istrazivacibiblijeuhrvatskoj.com\/blog\/wp-content\/uploads\/2024\/01\/Cro24A.pdf\" class=\"pdfemb-viewer\" style=\"\" data-width=\"max\" data-height=\"max\" data-toolbar=\"top\" data-toolbar-fixed=\"on\">Cro24A<\/a>\n","protected":false},"excerpt":{"rendered":"<p>Kliknite na donju poveznicu kako bi ste mogli \u010ditati ili skinuti u pdf formatu najnoviji broj \u010dasopisa: Kliknite ovdje za skinite u PDF formatu.<\/p>\n","protected":false},"author":1,"featured_media":0,"parent":10898,"menu_order":48,"comment_status":"closed","ping_status":"closed","template":"","meta":{"footnotes":""},"class_list":["post-15735","page","type-page","status-publish","hentry"],"_links":{"self":[{"href":"https:\/\/istrazivacibiblijeuhrvatskoj.com\/blog\/wp-json\/wp\/v2\/pages\/15735","targetHints":{"allow":["GET"]}}],"collection":[{"href":"https:\/\/istrazivacibiblijeuhrvatskoj.com\/blog\/wp-json\/wp\/v2\/pages"}],"about":[{"href":"https:\/\/istrazivacibiblijeuhrvatskoj.com\/blog\/wp-json\/wp\/v2\/types\/page"}],"author":[{"embeddable":true,"href":"https:\/\/istrazivacibiblijeuhrvatskoj.com\/blog\/wp-json\/wp\/v2\/users\/1"}],"replies":[{"embeddable":true,"href":"https:\/\/istrazivacibiblijeuhrvatskoj.com\/blog\/wp-json\/wp\/v2\/comments?post=15735"}],"version-history":[{"count":2,"href":"https:\/\/istrazivacibiblijeuhrvatskoj.com\/blog\/wp-json\/wp\/v2\/pages\/15735\/revisions"}],"predecessor-version":[{"id":15738,"href":"https:\/\/istrazivacibiblijeuhrvatskoj.com\/blog\/wp-json\/wp\/v2\/pages\/15735\/revisions\/15738"}],"up":[{"embeddable":true,"href":"https:\/\/istrazivacibiblijeuhrvatskoj.com\/blog\/wp-json\/wp\/v2\/pages\/10898"}],"wp:attachment":[{"href":"https:\/\/istrazivacibiblijeuhrvatskoj.com\/blog\/wp-json\/wp\/v2\/media?parent=15735"}],"curies":[{"name":"wp","href":"https:\/\/api.w.org\/{rel}","templated":true}]}}