{"id":15807,"date":"2024-05-03T15:53:55","date_gmt":"2024-05-03T13:53:55","guid":{"rendered":"https:\/\/istrazivacibiblijeuhrvatskoj.com\/blog\/?page_id=15807"},"modified":"2025-01-27T16:39:16","modified_gmt":"2025-01-27T14:39:16","slug":"2025-2","status":"publish","type":"page","link":"https:\/\/istrazivacibiblijeuhrvatskoj.com\/blog\/kruzno-pismo\/2025-2\/","title":{"rendered":"2025"},"content":{"rendered":"<h3 style=\"text-align: left;\"><strong>PROLJE\u0106E 2025<\/strong><\/h3>\n<p><a href=\"http:\/\/istrazivacibiblijeuhrvatskoj.com\/newsletter\/VK202501.pdf\" target=\"_blank\" rel=\"noopener noreferrer\"><img loading=\"lazy\" decoding=\"async\" class=\"alignright size-medium wp-image-15808\" src=\"https:\/\/istrazivacibiblijeuhrvatskoj.com\/blog\/wp-content\/uploads\/2024\/05\/Prophet-SM-212x300.jpg\" alt=\"\" width=\"212\" height=\"320\" \/><\/a><b>TRAGOM PRORO\u010cANSKE NITI<\/b><br \/>\n<b>\u201e&#8230;izre\u010deno ustima svih njegovih svetih proroka od postanka svijeta.\u201d \u2013 Djela apostolska 3:21<\/b><br \/>\nPostoji jedna proro\u010danska tema koja se poput zlatne niti provla\u010di kroz Sveto pismo. Ova nit je Bo\u017eji zamr\u0161eni i milosrdni plan koji je pokrenut jo\u0161 prije postanka svijeta. Svaki od Bo\u017ejih svetih proroka govorio je o Bo\u017ejem kona\u010dnom planu da obnovi sve \u0161to je izgubljeno u Edenskom vrtu. Povijest i Biblijska kronologija pokazuju da se vrijeme u kojem sada \u017eivimo pribli\u017eava samom kraju ove zlatne niti proro\u010danstva.<\/p>\n<p>&nbsp;<\/p>\n<h3 style=\"text-align: right;\"><strong>LJETO 2025<\/strong><\/h3>\n<p><a href=\"http:\/\/istrazivacibiblijeuhrvatskoj.com\/newsletter\/VK202502.pdf\" target=\"_blank\" rel=\"noopener noreferrer\"><img loading=\"lazy\" decoding=\"async\" class=\"alignleft size-full wp-image-15861\" src=\"https:\/\/istrazivacibiblijeuhrvatskoj.com\/blog\/wp-content\/uploads\/2024\/08\/AngelofLightColorSmall.jpg\" alt=\"\" width=\"270\" height=\"270\" srcset=\"https:\/\/istrazivacibiblijeuhrvatskoj.com\/blog\/wp-content\/uploads\/2024\/08\/AngelofLightColorSmall.jpg 270w, https:\/\/istrazivacibiblijeuhrvatskoj.com\/blog\/wp-content\/uploads\/2024\/08\/AngelofLightColorSmall-150x150.jpg 150w\" sizes=\"auto, (max-width: 270px) 100vw, 270px\" \/><\/a><b>PRAVA OSOVINA ZLA<\/b><br \/>\nPro\u0161lo stolje\u0107e bilo je zlo bez presedana: 20 milijuna ubijenih u Staljinovim \u010distkama, Hitlerovo istrebljenje \u0161est milijuna \u017didova, 1,7 milijuna masakriranih na poljima smrti od strane Pol Pota i milijuni \u017eivota kolateralno izgubljeni u poku\u0161aju obrane ili pobjede ovih \u010dudovi\u0161ta. A pokolj je brzo zaronio u 21 stolje\u0107e dok je \u010dovje\u010danstvo svjedo\u010dilo padu vi\u0161e od 3000 ljudi u vatrenu smrt u samoubila\u010dkim misijama u Sjedinjenim Dr\u017eavama, Izraelu i diljem svijeta.<\/p>\n<p>&nbsp;<\/p>\n<h3 style=\"text-align: left;\"><strong>JESEN 2025<\/strong><\/h3>\n<p><a href=\"https:\/\/istrazivacibiblijeuhrvatskoj.com\/blog\/wp-content\/uploads\/2025\/01\/VK202503.pdf\" target=\"_blank\" rel=\"noopener noreferrer\"><img loading=\"lazy\" decoding=\"async\" class=\"alignright size-full wp-image-15956\" src=\"https:\/\/istrazivacibiblijeuhrvatskoj.com\/blog\/wp-content\/uploads\/2025\/01\/FoundersSM-300x230.jpg\" alt=\"\" width=\"300\" height=\"230\" srcset=\"https:\/\/istrazivacibiblijeuhrvatskoj.com\/blog\/wp-content\/uploads\/2025\/01\/FoundersSM-300x230.jpg 300w, https:\/\/istrazivacibiblijeuhrvatskoj.com\/blog\/wp-content\/uploads\/2025\/01\/FoundersSM.jpg 382w\" sizes=\"auto, (max-width: 300px) 100vw, 300px\" \/><\/a><b>CRKVA I DR\u017dAVA<\/b><br \/>\nOsniva\u010di Sjedinjenih Ameri\u010dkih Dr\u017eava bili su kr\u0161\u0107anski mu\u0161karci i \u017eene koji su \u017eeljeli primijeniti kr\u0161\u0107anska na\u010dela, ali su dobro znali, iz lekcija iz pro\u0161losti, zloupotrebe koje dolaze sa savezom crkve i vlade. Povijest je ilustrirala probleme koji nastaju kada se religija i politika mije\u0161aju, kao \u0161to je pokazala represivna mo\u0107 Svetog Rimskog Carstva kada su pape krunili kraljeve Europe.<\/p>\n<h3 style=\"text-align: right;\"><strong>ZIMA 2025<\/strong><\/h3>\n<p><a href=\"https:\/\/istrazivacibiblijeuhrvatskoj.com\/blog\/wp-content\/uploads\/2025\/01\/VK202504.pdf\" target=\"_blank\" rel=\"noopener noreferrer\"><br \/>\n<img loading=\"lazy\" decoding=\"async\" class=\"alignleft size-full wp-image-15973\" src=\"https:\/\/istrazivacibiblijeuhrvatskoj.com\/blog\/wp-content\/uploads\/2025\/01\/Dove.jpg\" alt=\"\" width=\"291\" height=\"300\" srcset=\"https:\/\/istrazivacibiblijeuhrvatskoj.com\/blog\/wp-content\/uploads\/2025\/01\/Dove.jpg 1471w, https:\/\/istrazivacibiblijeuhrvatskoj.com\/blog\/wp-content\/uploads\/2025\/01\/Dove-291x300.jpg 291w, https:\/\/istrazivacibiblijeuhrvatskoj.com\/blog\/wp-content\/uploads\/2025\/01\/Dove-992x1024.jpg 992w, https:\/\/istrazivacibiblijeuhrvatskoj.com\/blog\/wp-content\/uploads\/2025\/01\/Dove-768x793.jpg 768w\" sizes=\"auto, (max-width: 291px) 100vw, 291px\" \/><\/a><strong>Rat Koji \u0106e Okon\u010dati Sve Ratove<\/strong><br \/>\nPrvi svjetski rat progla\u0161en je od strane nacija kao <em>\u201erat koji \u0107e okon\u010dati sve ratove.\u201d<\/em> No, nakon njega uslijedio je uspon Komunizma, Drugi svjetski rat, Korejski rat, Hladni rat sa Sovjetskim Savezom, Vijetnam, Pustinjska oluja i sukobi u Izraelu, Irskoj, Srednjoj Americi, Bosni, Angoli, Somaliji, Argentini, Pakistanu, itd., itd. A sada bjesni rat na Evropskom kontinentu. U tim sukobima, svaka strana je dr\u017eala misao da je njihova stvar pravedna, a njihova ideologija vrijedna nametanja svojim bli\u017enjima.<\/p>\n<p><b><\/b><strong>KLIKNITE NA GORNJU SLIKU I SKINITE U PDFU.<\/strong><\/p>\n","protected":false},"excerpt":{"rendered":"<p>PROLJE\u0106E 2025 TRAGOM PRORO\u010cANSKE NITI \u201e&#8230;izre\u010deno ustima svih njegovih svetih proroka od postanka svijeta.\u201d \u2013 Djela apostolska 3:21 Postoji jedna proro\u010danska tema koja se poput zlatne niti provla\u010di kroz Sveto pismo. Ova nit je Bo\u017eji zamr\u0161eni i milosrdni plan koji &hellip; <a href=\"https:\/\/istrazivacibiblijeuhrvatskoj.com\/blog\/kruzno-pismo\/2025-2\/\">Continue reading <span class=\"meta-nav\">&rarr;<\/span><\/a><\/p>\n","protected":false},"author":1,"featured_media":0,"parent":10404,"menu_order":2025,"comment_status":"closed","ping_status":"closed","template":"","meta":{"footnotes":""},"class_list":["post-15807","page","type-page","status-publish","hentry"],"_links":{"self":[{"href":"https:\/\/istrazivacibiblijeuhrvatskoj.com\/blog\/wp-json\/wp\/v2\/pages\/15807","targetHints":{"allow":["GET"]}}],"collection":[{"href":"https:\/\/istrazivacibiblijeuhrvatskoj.com\/blog\/wp-json\/wp\/v2\/pages"}],"about":[{"href":"https:\/\/istrazivacibiblijeuhrvatskoj.com\/blog\/wp-json\/wp\/v2\/types\/page"}],"author":[{"embeddable":true,"href":"https:\/\/istrazivacibiblijeuhrvatskoj.com\/blog\/wp-json\/wp\/v2\/users\/1"}],"replies":[{"embeddable":true,"href":"https:\/\/istrazivacibiblijeuhrvatskoj.com\/blog\/wp-json\/wp\/v2\/comments?post=15807"}],"version-history":[{"count":8,"href":"https:\/\/istrazivacibiblijeuhrvatskoj.com\/blog\/wp-json\/wp\/v2\/pages\/15807\/revisions"}],"predecessor-version":[{"id":15976,"href":"https:\/\/istrazivacibiblijeuhrvatskoj.com\/blog\/wp-json\/wp\/v2\/pages\/15807\/revisions\/15976"}],"up":[{"embeddable":true,"href":"https:\/\/istrazivacibiblijeuhrvatskoj.com\/blog\/wp-json\/wp\/v2\/pages\/10404"}],"wp:attachment":[{"href":"https:\/\/istrazivacibiblijeuhrvatskoj.com\/blog\/wp-json\/wp\/v2\/media?parent=15807"}],"curies":[{"name":"wp","href":"https:\/\/api.w.org\/{rel}","templated":true}]}}