{"id":15817,"date":"2024-05-25T04:01:47","date_gmt":"2024-05-25T02:01:47","guid":{"rendered":"https:\/\/istrazivacibiblijeuhrvatskoj.com\/blog\/?page_id=15817"},"modified":"2024-11-02T07:43:08","modified_gmt":"2024-11-02T05:43:08","slug":"strazarska-kula-1907","status":"publish","type":"page","link":"https:\/\/istrazivacibiblijeuhrvatskoj.com\/blog\/knige\/strazarska-kula\/strazarska-kula-1907\/","title":{"rendered":"Stra\u017earska Kula &#8211; 1907"},"content":{"rendered":"<p><a href=\"https:\/\/istrazivacibiblijeuhrvatskoj.com\/blog\/wp-content\/uploads\/2024\/05\/ZWT19070101.pdf\" target=\"_blank\" rel=\"noopener noreferrer\">1. Sije\u010danj, 1907 &#8211; ZWT19070101<\/a><\/p>\n<p><a href=\"https:\/\/istrazivacibiblijeuhrvatskoj.com\/blog\/wp-content\/uploads\/2024\/06\/ZWT19070115.pdf\" target=\"_blank\" rel=\"noopener noreferrer\">15. Sije\u010danj, 1907 &#8211; ZWT19070115<\/a><\/p>\n<p><a href=\"https:\/\/istrazivacibiblijeuhrvatskoj.com\/blog\/wp-content\/uploads\/2024\/06\/ZWT19070201.pdf\" target=\"_blank\" rel=\"noopener noreferrer\">1. Velja\u010de, 1907 &#8211; ZWT19070201<\/a><\/p>\n<p><a href=\"https:\/\/istrazivacibiblijeuhrvatskoj.com\/blog\/wp-content\/uploads\/2024\/06\/ZWT19070215.pdf\" target=\"_blank\" rel=\"noopener noreferrer\">15. Velja\u010de, 1907 &#8211; ZWT19070215<\/a><\/p>\n<p><a href=\"https:\/\/istrazivacibiblijeuhrvatskoj.com\/blog\/wp-content\/uploads\/2024\/06\/ZWT19070301.pdf\" target=\"_blank\" rel=\"noopener noreferrer\">1. O\u017eujak, 1907 &#8211; ZWT19070301<\/a><\/p>\n<p><a href=\"https:\/\/istrazivacibiblijeuhrvatskoj.com\/blog\/wp-content\/uploads\/2024\/06\/ZWT19070315.pdf\" target=\"_blank\" rel=\"noopener noreferrer\">15. O\u017eujak, 1907 &#8211; ZWT19070315<\/a><\/p>\n<p><a href=\"https:\/\/istrazivacibiblijeuhrvatskoj.com\/blog\/wp-content\/uploads\/2024\/07\/ZWT19070401.pdf\" target=\"_blank\" rel=\"noopener noreferrer\">1. Travanj, 1907 &#8211; ZWT19070401<\/a><\/p>\n<p><a href=\"https:\/\/istrazivacibiblijeuhrvatskoj.com\/blog\/wp-content\/uploads\/2024\/07\/ZWT19070415.pdf\" target=\"_blank\" rel=\"noopener noreferrer\">15. Travanj, 1907 &#8211; ZWT19070415<\/a><\/p>\n<p><a href=\"https:\/\/istrazivacibiblijeuhrvatskoj.com\/blog\/wp-content\/uploads\/2024\/07\/ZWT19070501.pdf\" target=\"_blank\" rel=\"noopener noreferrer\">1. Svibanj, 1907 &#8211; ZWT19070501<\/a><\/p>\n<p><a href=\"https:\/\/istrazivacibiblijeuhrvatskoj.com\/blog\/wp-content\/uploads\/2024\/07\/ZWT19070515.pdf\" target=\"_blank\" rel=\"noopener noreferrer\">15. Svibanj, 1907 &#8211; ZWT19070515<\/a><\/p>\n<p><a href=\"https:\/\/istrazivacibiblijeuhrvatskoj.com\/blog\/wp-content\/uploads\/2024\/08\/ZWT19070601.pdf\" target=\"_blank\" rel=\"noopener noreferrer\">1. Lipanj, 1907 &#8211; ZWT19070601<\/a><\/p>\n<p><a href=\"https:\/\/istrazivacibiblijeuhrvatskoj.com\/blog\/wp-content\/uploads\/2024\/08\/ZWT19070615.pdf\" target=\"_blank\" rel=\"noopener noreferrer\">15. Lipanj, 1907 &#8211; ZWT19070615<\/a><\/p>\n<p><a href=\"https:\/\/istrazivacibiblijeuhrvatskoj.com\/blog\/wp-content\/uploads\/2024\/08\/ZWT19070701.pdf\" target=\"_blank\" rel=\"noopener noreferrer\">1. Srpanj, 1907 &#8211; ZWT19070701<\/a><\/p>\n<p><a href=\"https:\/\/istrazivacibiblijeuhrvatskoj.com\/blog\/wp-content\/uploads\/2024\/08\/ZWT19070715.pdf\" target=\"_blank\" rel=\"noopener noreferrer\">15. Srpanj, 1907 &#8211; ZWT19070715<\/a><\/p>\n<p><a href=\"https:\/\/istrazivacibiblijeuhrvatskoj.com\/blog\/wp-content\/uploads\/2024\/08\/ZWT19070801.pdf\" target=\"_blank\" rel=\"noopener noreferrer\">1. Kolovoz, 1907 &#8211; ZWT19070801<\/a><\/p>\n<p><a href=\"https:\/\/istrazivacibiblijeuhrvatskoj.com\/blog\/wp-content\/uploads\/2024\/09\/ZWT19070815.pdf\" target=\"_blank\" rel=\"noopener noreferrer\">15. Kolovoz, 1907 &#8211; ZWT19070815<\/a><\/p>\n<p><a href=\"https:\/\/istrazivacibiblijeuhrvatskoj.com\/blog\/wp-content\/uploads\/2024\/09\/ZWT19070901.pdf\" target=\"_blank\" rel=\"noopener noreferrer\">1. Rujan, 1907 &#8211; ZWT19070901<\/a><\/p>\n<p><a href=\"https:\/\/istrazivacibiblijeuhrvatskoj.com\/blog\/wp-content\/uploads\/2024\/09\/ZWT19070915.pdf\" target=\"_blank\" rel=\"noopener noreferrer\">15. Rujan, 1907 &#8211; ZWT19070915<\/a><\/p>\n<p><a href=\"https:\/\/istrazivacibiblijeuhrvatskoj.com\/blog\/wp-content\/uploads\/2024\/09\/ZWT19071001.pdf\" target=\"_blank\" rel=\"noopener noreferrer\">1. Listopad, 1907 &#8211; ZWT19071001<\/a><\/p>\n<p><a href=\"https:\/\/istrazivacibiblijeuhrvatskoj.com\/blog\/wp-content\/uploads\/2024\/10\/ZWT19071015.pdf\" target=\"_blank\" rel=\"noopener noreferrer\">15. Listopad, 1907 &#8211; ZWT19071015<\/a><\/p>\n<p><a href=\"https:\/\/istrazivacibiblijeuhrvatskoj.com\/blog\/wp-content\/uploads\/2024\/10\/ZWT19071101.pdf\" target=\"_blank\" rel=\"noopener noreferrer\">1.\u00a0 Studeni, 1907 &#8211; ZWT19071101<\/a><\/p>\n<p><a href=\"https:\/\/istrazivacibiblijeuhrvatskoj.com\/blog\/wp-content\/uploads\/2024\/10\/ZWT19071115.pdf\" target=\"_blank\" rel=\"noopener noreferrer\">15.\u00a0 Studeni, 1907 &#8211; ZWT19071115<\/a><\/p>\n<p><a href=\"https:\/\/istrazivacibiblijeuhrvatskoj.com\/blog\/wp-content\/uploads\/2024\/10\/ZWT19071201.pdf\" target=\"_blank\" rel=\"noopener noreferrer\">1.\u00a0 Prosinac, 1907 &#8211; ZWT19071201<\/a><\/p>\n<p><a href=\"https:\/\/istrazivacibiblijeuhrvatskoj.com\/blog\/wp-content\/uploads\/2024\/11\/ZWT19071215.pdf\" target=\"_blank\" rel=\"noopener noreferrer\">15.\u00a0 Prosinac, 1907 &#8211; ZWT19071215<\/a><\/p>\n","protected":false},"excerpt":{"rendered":"<p>1. Sije\u010danj, 1907 &#8211; ZWT19070101 15. Sije\u010danj, 1907 &#8211; ZWT19070115 1. Velja\u010de, 1907 &#8211; ZWT19070201 15. Velja\u010de, 1907 &#8211; ZWT19070215 1. O\u017eujak, 1907 &#8211; ZWT19070301 15. O\u017eujak, 1907 &#8211; ZWT19070315 1. Travanj, 1907 &#8211; ZWT19070401 15. Travanj, 1907 &#8211; ZWT19070415 &hellip; <a href=\"https:\/\/istrazivacibiblijeuhrvatskoj.com\/blog\/knige\/strazarska-kula\/strazarska-kula-1907\/\">Continue reading <span class=\"meta-nav\">&rarr;<\/span><\/a><\/p>\n","protected":false},"author":1,"featured_media":0,"parent":10476,"menu_order":10,"comment_status":"closed","ping_status":"closed","template":"","meta":{"footnotes":""},"class_list":["post-15817","page","type-page","status-publish","hentry"],"_links":{"self":[{"href":"https:\/\/istrazivacibiblijeuhrvatskoj.com\/blog\/wp-json\/wp\/v2\/pages\/15817","targetHints":{"allow":["GET"]}}],"collection":[{"href":"https:\/\/istrazivacibiblijeuhrvatskoj.com\/blog\/wp-json\/wp\/v2\/pages"}],"about":[{"href":"https:\/\/istrazivacibiblijeuhrvatskoj.com\/blog\/wp-json\/wp\/v2\/types\/page"}],"author":[{"embeddable":true,"href":"https:\/\/istrazivacibiblijeuhrvatskoj.com\/blog\/wp-json\/wp\/v2\/users\/1"}],"replies":[{"embeddable":true,"href":"https:\/\/istrazivacibiblijeuhrvatskoj.com\/blog\/wp-json\/wp\/v2\/comments?post=15817"}],"version-history":[{"count":26,"href":"https:\/\/istrazivacibiblijeuhrvatskoj.com\/blog\/wp-json\/wp\/v2\/pages\/15817\/revisions"}],"predecessor-version":[{"id":15910,"href":"https:\/\/istrazivacibiblijeuhrvatskoj.com\/blog\/wp-json\/wp\/v2\/pages\/15817\/revisions\/15910"}],"up":[{"embeddable":true,"href":"https:\/\/istrazivacibiblijeuhrvatskoj.com\/blog\/wp-json\/wp\/v2\/pages\/10476"}],"wp:attachment":[{"href":"https:\/\/istrazivacibiblijeuhrvatskoj.com\/blog\/wp-json\/wp\/v2\/media?parent=15817"}],"curies":[{"name":"wp","href":"https:\/\/api.w.org\/{rel}","templated":true}]}}