{"id":15913,"date":"2024-11-09T19:23:03","date_gmt":"2024-11-09T17:23:03","guid":{"rendered":"https:\/\/istrazivacibiblijeuhrvatskoj.com\/blog\/?page_id=15913"},"modified":"2025-04-26T11:58:28","modified_gmt":"2025-04-26T09:58:28","slug":"strazarska-kula-1906","status":"publish","type":"page","link":"https:\/\/istrazivacibiblijeuhrvatskoj.com\/blog\/knige\/strazarska-kula\/strazarska-kula-1906\/","title":{"rendered":"Stra\u017earska Kula &#8211; 1906"},"content":{"rendered":"<p><a href=\"https:\/\/istrazivacibiblijeuhrvatskoj.com\/blog\/wp-content\/uploads\/2024\/11\/ZWT19060101.pdf\" target=\"_blank\" rel=\"noopener noreferrer\">1. Sije\u010danj, 1906 &#8211; ZWT19060101<\/a><\/p>\n<p><a href=\"https:\/\/istrazivacibiblijeuhrvatskoj.com\/blog\/wp-content\/uploads\/2024\/11\/ZWT19060115.pdf\" target=\"_blank\" rel=\"noopener noreferrer\">15. Sije\u010danj, 1906 &#8211; ZWT19060115<\/a><\/p>\n<p><a href=\"https:\/\/istrazivacibiblijeuhrvatskoj.com\/blog\/wp-content\/uploads\/2024\/11\/ZWT19060201.pdf\" target=\"_blank\" rel=\"noopener noreferrer\">1. Velja\u010de, 1906 &#8211; ZWT19060201<\/a><\/p>\n<p><a href=\"https:\/\/istrazivacibiblijeuhrvatskoj.com\/blog\/wp-content\/uploads\/2024\/12\/ZWT19060215.pdf\" target=\"_blank\" rel=\"noopener noreferrer\">15. Velja\u010de, 1906 &#8211; ZWT19060215<\/a><\/p>\n<p><a href=\"https:\/\/istrazivacibiblijeuhrvatskoj.com\/blog\/wp-content\/uploads\/2024\/12\/ZWT19060301.pdf\" target=\"_blank\" rel=\"noopener noreferrer\">1. O\u017eujak, 1906 &#8211; ZWT19060301<\/a><\/p>\n<p><a href=\"https:\/\/istrazivacibiblijeuhrvatskoj.com\/blog\/wp-content\/uploads\/2024\/12\/ZWT19060315.pdf\" target=\"_blank\" rel=\"noopener noreferrer\">15. O\u017eujak, 1906 &#8211; ZWT19060315<\/a><\/p>\n<p><a href=\"https:\/\/istrazivacibiblijeuhrvatskoj.com\/blog\/wp-content\/uploads\/2024\/12\/ZWT19060401.pdf\" target=\"_blank\" rel=\"noopener noreferrer\">1. Travanj, 1906 &#8211; ZWT19060401<\/a><\/p>\n<p><a href=\"https:\/\/istrazivacibiblijeuhrvatskoj.com\/blog\/wp-content\/uploads\/2025\/01\/ZWT19060415.pdf\" target=\"_blank\" rel=\"noopener noreferrer\">15. Travanj, 1906 &#8211; ZWT19060415<\/a><\/p>\n<p><a href=\"https:\/\/istrazivacibiblijeuhrvatskoj.com\/blog\/wp-content\/uploads\/2025\/01\/ZWT19060501.pdf\" target=\"_blank\" rel=\"noopener noreferrer\">1. Svibanj, 1906 &#8211; ZWT19060501<\/a><\/p>\n<p><a href=\"https:\/\/istrazivacibiblijeuhrvatskoj.com\/blog\/wp-content\/uploads\/2025\/01\/ZWT19060515.pdf\" target=\"_blank\" rel=\"noopener noreferrer\">15. Svibanj, 1906 &#8211; ZWT19060515<\/a><\/p>\n<p><a href=\"https:\/\/istrazivacibiblijeuhrvatskoj.com\/blog\/wp-content\/uploads\/2025\/01\/ZWT19060601.pdf\" target=\"_blank\" rel=\"noopener noreferrer\">1. Lipanj, 1906 &#8211; ZWT19060601<\/a><\/p>\n<p><a href=\"https:\/\/istrazivacibiblijeuhrvatskoj.com\/blog\/wp-content\/uploads\/2025\/02\/ZWT19060615.pdf\" target=\"_blank\" rel=\"noopener noreferrer\">15. Lipanj, 1906 &#8211; ZWT19060615<\/a><\/p>\n<p><a href=\"https:\/\/istrazivacibiblijeuhrvatskoj.com\/blog\/wp-content\/uploads\/2025\/02\/ZWT19060701.pdf\" target=\"_blank\" rel=\"noopener noreferrer\">1. Srpanj, 1906 &#8211; ZWT19060701<\/a><\/p>\n<p><a href=\"https:\/\/istrazivacibiblijeuhrvatskoj.com\/blog\/wp-content\/uploads\/2025\/02\/ZWT19060715.pdf\" target=\"_blank\" rel=\"noopener noreferrer\">15. Srpanj 1906 &#8211; ZWT19060715<\/a><\/p>\n<p><a href=\"https:\/\/istrazivacibiblijeuhrvatskoj.com\/blog\/wp-content\/uploads\/2025\/02\/ZWT19060801.pdf\" target=\"_blank\" rel=\"noopener noreferrer\">1. Kolovoz 1906 &#8211; ZWT19060801<\/a><\/p>\n<p><a href=\"https:\/\/istrazivacibiblijeuhrvatskoj.com\/blog\/wp-content\/uploads\/2025\/03\/ZWT19060815.pdf\" target=\"_blank\" rel=\"noopener noreferrer\">15. Kolovoz 1906 &#8211; ZWT19060815<\/a><\/p>\n<p><a href=\"https:\/\/istrazivacibiblijeuhrvatskoj.com\/blog\/wp-content\/uploads\/2025\/03\/ZWT19060901.pdf\" target=\"_blank\" rel=\"noopener noreferrer\">1. Rujan 1906 &#8211; ZWT19060901<\/a><\/p>\n<p><a href=\"https:\/\/istrazivacibiblijeuhrvatskoj.com\/blog\/wp-content\/uploads\/2025\/03\/ZWT19060915.pdf\" target=\"_blank\" rel=\"noopener noreferrer\">15. Rujan 1906 &#8211; ZWT19060915<\/a><\/p>\n<p><a href=\"https:\/\/istrazivacibiblijeuhrvatskoj.com\/blog\/wp-content\/uploads\/2025\/03\/ZWT19061001.pdf\" target=\"_blank\" rel=\"noopener noreferrer\">1. Listopad 1906 &#8211; ZWT19061001<\/a><\/p>\n<p><a href=\"https:\/\/istrazivacibiblijeuhrvatskoj.com\/blog\/wp-content\/uploads\/2025\/03\/ZWT19061015.pdf\" target=\"_blank\" rel=\"noopener noreferrer\">15. Listopad 1906 &#8211; ZWT19061015<\/a><\/p>\n<p><a href=\"https:\/\/istrazivacibiblijeuhrvatskoj.com\/blog\/wp-content\/uploads\/2025\/04\/ZWT19061101.pdf\" target=\"_blank\" rel=\"noopener noreferrer\">1. Studeni 1906 &#8211; ZWT19061101<\/a><\/p>\n<p><a href=\"https:\/\/istrazivacibiblijeuhrvatskoj.com\/blog\/wp-content\/uploads\/2025\/04\/ZWT19061115.pdf\" target=\"_blank\" rel=\"noopener noreferrer\">15. Studeni 1906 &#8211; ZWT19061115<\/a><\/p>\n<p><a href=\"https:\/\/istrazivacibiblijeuhrvatskoj.com\/blog\/wp-content\/uploads\/2025\/04\/ZWT19061201.pdf\" target=\"_blank\" rel=\"noopener noreferrer\">1. Prosinac 1906 &#8211; ZWT19061201<\/a><\/p>\n<p><a href=\"https:\/\/istrazivacibiblijeuhrvatskoj.com\/blog\/wp-content\/uploads\/2025\/04\/ZWT19061215.pdf\" target=\"_blank\" rel=\"noopener noreferrer\">15. Prosinac 1906 &#8211; ZWT19061215<\/a><\/p>\n","protected":false},"excerpt":{"rendered":"<p>1. Sije\u010danj, 1906 &#8211; ZWT19060101 15. Sije\u010danj, 1906 &#8211; ZWT19060115 1. Velja\u010de, 1906 &#8211; ZWT19060201 15. Velja\u010de, 1906 &#8211; ZWT19060215 1. O\u017eujak, 1906 &#8211; ZWT19060301 15. O\u017eujak, 1906 &#8211; ZWT19060315 1. Travanj, 1906 &#8211; ZWT19060401 15. Travanj, 1906 &#8211; ZWT19060415 &hellip; <a href=\"https:\/\/istrazivacibiblijeuhrvatskoj.com\/blog\/knige\/strazarska-kula\/strazarska-kula-1906\/\">Continue reading <span class=\"meta-nav\">&rarr;<\/span><\/a><\/p>\n","protected":false},"author":1,"featured_media":0,"parent":10476,"menu_order":11,"comment_status":"closed","ping_status":"closed","template":"","meta":{"footnotes":""},"class_list":["post-15913","page","type-page","status-publish","hentry"],"_links":{"self":[{"href":"https:\/\/istrazivacibiblijeuhrvatskoj.com\/blog\/wp-json\/wp\/v2\/pages\/15913","targetHints":{"allow":["GET"]}}],"collection":[{"href":"https:\/\/istrazivacibiblijeuhrvatskoj.com\/blog\/wp-json\/wp\/v2\/pages"}],"about":[{"href":"https:\/\/istrazivacibiblijeuhrvatskoj.com\/blog\/wp-json\/wp\/v2\/types\/page"}],"author":[{"embeddable":true,"href":"https:\/\/istrazivacibiblijeuhrvatskoj.com\/blog\/wp-json\/wp\/v2\/users\/1"}],"replies":[{"embeddable":true,"href":"https:\/\/istrazivacibiblijeuhrvatskoj.com\/blog\/wp-json\/wp\/v2\/comments?post=15913"}],"version-history":[{"count":26,"href":"https:\/\/istrazivacibiblijeuhrvatskoj.com\/blog\/wp-json\/wp\/v2\/pages\/15913\/revisions"}],"predecessor-version":[{"id":16047,"href":"https:\/\/istrazivacibiblijeuhrvatskoj.com\/blog\/wp-json\/wp\/v2\/pages\/15913\/revisions\/16047"}],"up":[{"embeddable":true,"href":"https:\/\/istrazivacibiblijeuhrvatskoj.com\/blog\/wp-json\/wp\/v2\/pages\/10476"}],"wp:attachment":[{"href":"https:\/\/istrazivacibiblijeuhrvatskoj.com\/blog\/wp-json\/wp\/v2\/media?parent=15913"}],"curies":[{"name":"wp","href":"https:\/\/api.w.org\/{rel}","templated":true}]}}