{"id":15936,"date":"2024-12-24T13:49:37","date_gmt":"2024-12-24T11:49:37","guid":{"rendered":"https:\/\/istrazivacibiblijeuhrvatskoj.com\/blog\/?page_id=15936"},"modified":"2025-02-28T15:35:06","modified_gmt":"2025-02-28T13:35:06","slug":"glasnik-sijecanj-veljaca-2025","status":"publish","type":"page","link":"https:\/\/istrazivacibiblijeuhrvatskoj.com\/blog\/brosure\/glasnik-kristovog-kraljevstva\/glasnik-sijecanj-veljaca-2025\/","title":{"rendered":"GLASNIK: Sije\u010danj\/Velja\u010da 2025"},"content":{"rendered":"<p><strong>Kliknite na donju poveznicu kako bi ste mogli \u010ditati ili skinuti u pdf formatu najnoviji broj \u010dasopisa:<\/strong><\/p>\n<p><a href=\"https:\/\/istrazivacibiblijeuhrvatskoj.com\/blog\/wp-content\/uploads\/2024\/12\/Cro25A.pdf\" target=\"_blank\" rel=\"noopener\"><strong>Kliknite ovdje za skinite u PDF formatu.<\/strong><\/a><\/p>\n<a href=\"https:\/\/istrazivacibiblijeuhrvatskoj.com\/blog\/wp-content\/uploads\/2024\/12\/Cro25A.pdf\" class=\"pdfemb-viewer\" style=\"\" data-width=\"max\" data-height=\"max\" data-toolbar=\"top\" data-toolbar-fixed=\"on\">Cro25A<\/a>\n","protected":false},"excerpt":{"rendered":"<p>Kliknite na donju poveznicu kako bi ste mogli \u010ditati ili skinuti u pdf formatu najnoviji broj \u010dasopisa: Kliknite ovdje za skinite u PDF formatu.<\/p>\n","protected":false},"author":1,"featured_media":0,"parent":10898,"menu_order":54,"comment_status":"closed","ping_status":"closed","template":"","meta":{"footnotes":""},"class_list":["post-15936","page","type-page","status-publish","hentry"],"_links":{"self":[{"href":"https:\/\/istrazivacibiblijeuhrvatskoj.com\/blog\/wp-json\/wp\/v2\/pages\/15936","targetHints":{"allow":["GET"]}}],"collection":[{"href":"https:\/\/istrazivacibiblijeuhrvatskoj.com\/blog\/wp-json\/wp\/v2\/pages"}],"about":[{"href":"https:\/\/istrazivacibiblijeuhrvatskoj.com\/blog\/wp-json\/wp\/v2\/types\/page"}],"author":[{"embeddable":true,"href":"https:\/\/istrazivacibiblijeuhrvatskoj.com\/blog\/wp-json\/wp\/v2\/users\/1"}],"replies":[{"embeddable":true,"href":"https:\/\/istrazivacibiblijeuhrvatskoj.com\/blog\/wp-json\/wp\/v2\/comments?post=15936"}],"version-history":[{"count":1,"href":"https:\/\/istrazivacibiblijeuhrvatskoj.com\/blog\/wp-json\/wp\/v2\/pages\/15936\/revisions"}],"predecessor-version":[{"id":15938,"href":"https:\/\/istrazivacibiblijeuhrvatskoj.com\/blog\/wp-json\/wp\/v2\/pages\/15936\/revisions\/15938"}],"up":[{"embeddable":true,"href":"https:\/\/istrazivacibiblijeuhrvatskoj.com\/blog\/wp-json\/wp\/v2\/pages\/10898"}],"wp:attachment":[{"href":"https:\/\/istrazivacibiblijeuhrvatskoj.com\/blog\/wp-json\/wp\/v2\/media?parent=15936"}],"curies":[{"name":"wp","href":"https:\/\/api.w.org\/{rel}","templated":true}]}}