{"id":16040,"date":"2025-04-25T17:31:47","date_gmt":"2025-04-25T15:31:47","guid":{"rendered":"https:\/\/istrazivacibiblijeuhrvatskoj.com\/blog\/?page_id=16040"},"modified":"2025-11-08T09:30:24","modified_gmt":"2025-11-08T07:30:24","slug":"2026-2","status":"publish","type":"page","link":"https:\/\/istrazivacibiblijeuhrvatskoj.com\/blog\/kruzno-pismo\/2026-2\/","title":{"rendered":"2026"},"content":{"rendered":"<h3 style=\"text-align: left;\"><strong>PROLJE\u0106E 2026<\/strong><\/h3>\n<p><a href=\"http:\/\/istrazivacibiblijeuhrvatskoj.com\/newsletter\/VK202601.pdf\" target=\"_blank\" rel=\"noopener noreferrer\"><img loading=\"lazy\" decoding=\"async\" class=\"alignright wp-image-16041 size-medium\" src=\"https:\/\/istrazivacibiblijeuhrvatskoj.com\/blog\/wp-content\/uploads\/2025\/04\/House-on-Fire-300x248.jpg\" alt=\"\" width=\"300\" height=\"248\" srcset=\"https:\/\/istrazivacibiblijeuhrvatskoj.com\/blog\/wp-content\/uploads\/2025\/04\/House-on-Fire-300x248.jpg 300w, https:\/\/istrazivacibiblijeuhrvatskoj.com\/blog\/wp-content\/uploads\/2025\/04\/House-on-Fire-1024x846.jpg 1024w, https:\/\/istrazivacibiblijeuhrvatskoj.com\/blog\/wp-content\/uploads\/2025\/04\/House-on-Fire-768x635.jpg 768w, https:\/\/istrazivacibiblijeuhrvatskoj.com\/blog\/wp-content\/uploads\/2025\/04\/House-on-Fire.jpg 1083w\" sizes=\"auto, (max-width: 300px) 100vw, 300px\" \/><\/a><b>ZA\u0160TO BOG DOPU\u0160TA ZLO?<\/b><br \/>\n<em>\u201eRadovat \u0107u se i veselit \u0107u se tvojoj neizmjernoj ljubavi, jer si vidio moje nevolje i brine\u0161 se za tjeskobu moje <\/em><em>du\u0161e.\u201d<\/em> \u2013 Psalam 31:7 (NLT) \u010citamo u Postanku 1:31 da je \u201eBog vidio sve \u0161to je stvorio, i gle, bilo je vrlo dobro.\u201d No, danas zasigurno nije sve \u201evrlo dobro.\u201d Za\u0161to je Bog dopustio da zlo u\u0111e u svijet i razvije se do te mjere? I za\u0161to ne zaustavi svu veliku patnju i tugu koju uzrokuje zlo?<\/p>\n<h3 style=\"text-align: right;\"><strong>LJETO 2026<\/strong><\/h3>\n<p><a href=\"https:\/\/istrazivacibiblijeuhrvatskoj.com\/blog\/wp-content\/uploads\/2025\/06\/VK202602.pdf\" target=\"_blank\" rel=\"noopener noreferrer\"><img loading=\"lazy\" decoding=\"async\" class=\"alignleft wp-image-16100 size-medium\" src=\"https:\/\/istrazivacibiblijeuhrvatskoj.com\/blog\/wp-content\/uploads\/2025\/06\/ChurchStateFront-210x300.jpg\" alt=\"\" width=\"210\" height=\"300\" srcset=\"https:\/\/istrazivacibiblijeuhrvatskoj.com\/blog\/wp-content\/uploads\/2025\/06\/ChurchStateFront-210x300.jpg 210w, https:\/\/istrazivacibiblijeuhrvatskoj.com\/blog\/wp-content\/uploads\/2025\/06\/ChurchStateFront-717x1024.jpg 717w, https:\/\/istrazivacibiblijeuhrvatskoj.com\/blog\/wp-content\/uploads\/2025\/06\/ChurchStateFront-768x1097.jpg 768w, https:\/\/istrazivacibiblijeuhrvatskoj.com\/blog\/wp-content\/uploads\/2025\/06\/ChurchStateFront-1075x1536.jpg 1075w, https:\/\/istrazivacibiblijeuhrvatskoj.com\/blog\/wp-content\/uploads\/2025\/06\/ChurchStateFront-1433x2048.jpg 1433w, https:\/\/istrazivacibiblijeuhrvatskoj.com\/blog\/wp-content\/uploads\/2025\/06\/ChurchStateFront.jpg 1523w\" sizes=\"auto, (max-width: 210px) 100vw, 210px\" \/><\/a><b>SVETO PISMO UPOZORAVA NA ODVAJANJE CRKVE I DR\u017dAVE<\/b><br \/>\n\u010cinjenica da je papa Franjo, kao poglavar dr\u017eave, odr\u017eao govor na zajedni\u010dkoj sjednici Kongresa 24 Rujna 2015, predstavlja nevi\u0111en doga\u0111aj u povijesti SAD\u00ada. \u010casopis Time, 24 srpnja 2015, izjavio je: \u201eS katoli\u010dkim potpredsjednikom, \u0161est katoli\u010dkih sudaca Vrhovnog suda, katoli\u010dkim predsjednikom Zastupni\u010dkog doma i velikim brojem katolika u Kongresu, zlatno doba katolicizma u ameri\u010dkoj politici je stiglo. Ovaj [govor pred Kongresom] bio bi nezamisliv prije samo nekoliko desetlje\u0107a.\u201d I, doista, nezamisliv je s obzirom na to da je ova zemlja utemeljena na na\u010delu da crkva treba ostati odvojena od dr\u017eave.<\/p>\n<h3 style=\"text-align: left;\"><strong>JESEN 2026<\/strong><\/h3>\n<p><a href=\"https:\/\/istrazivacibiblijeuhrvatskoj.com\/blog\/wp-content\/uploads\/2025\/10\/VK202603.pdf\" target=\"_blank\" rel=\"noopener noreferrer\"><img loading=\"lazy\" decoding=\"async\" class=\"alignright wp-image-16265 size-medium\" src=\"https:\/\/istrazivacibiblijeuhrvatskoj.com\/blog\/wp-content\/uploads\/2025\/10\/BibleQuestions2-300x197.jpg\" alt=\"\" width=\"300\" height=\"197\" srcset=\"https:\/\/istrazivacibiblijeuhrvatskoj.com\/blog\/wp-content\/uploads\/2025\/10\/BibleQuestions2-300x197.jpg 300w, https:\/\/istrazivacibiblijeuhrvatskoj.com\/blog\/wp-content\/uploads\/2025\/10\/BibleQuestions2-1024x673.jpg 1024w, https:\/\/istrazivacibiblijeuhrvatskoj.com\/blog\/wp-content\/uploads\/2025\/10\/BibleQuestions2-768x505.jpg 768w, https:\/\/istrazivacibiblijeuhrvatskoj.com\/blog\/wp-content\/uploads\/2025\/10\/BibleQuestions2-1536x1010.jpg 1536w, https:\/\/istrazivacibiblijeuhrvatskoj.com\/blog\/wp-content\/uploads\/2025\/10\/BibleQuestions2-2048x1347.jpg 2048w\" sizes=\"auto, (max-width: 300px) 100vw, 300px\" \/><\/a><b>SEDAM NAJ\u010cE\u0160\u0106E POSTAVLJANIH<br \/>\nBIBLIJSKIH PITANJA<\/b><br \/>\nKad je Bog rekao: \u201eHajde, da se\u00a0 aspravimo\u201d, pru\u017eio je Stari i Novi zavjet upravo s namjerom da s Njim raspravljamo kako bismo mogli upoznati Njegov istinski karakter i plan. Na BibleStudents.com primamo mnoga zanimljiva biblijska pitanja, a da bismo prona\u0161li odgovore, raspravljamo s Bogom istra\u017euju\u0107i Njegovu Rije\u010d. Ovdje predstavljamo sedam \u010desto postavljanih pitanja. Mo\u017eda \u0107ete otkriti da ste ih i sami postavili.<\/p>\n<p style=\"text-align: right;\"><strong>ZIMA 2026<\/strong><\/p>\n<p style=\"text-align: left;\"><strong><br \/>\n<\/strong><a href=\"https:\/\/istrazivacibiblijeuhrvatskoj.com\/blog\/wp-content\/uploads\/2025\/11\/VK202604.pdf\" target=\"_blank\" rel=\"noopener noreferrer\"><img loading=\"lazy\" decoding=\"async\" class=\"alignleft size-medium wp-image-16307\" src=\"https:\/\/istrazivacibiblijeuhrvatskoj.com\/blog\/wp-content\/uploads\/2025\/11\/ACFrontColor-300x300.jpg\" alt=\"\" width=\"300\" height=\"300\" srcset=\"https:\/\/istrazivacibiblijeuhrvatskoj.com\/blog\/wp-content\/uploads\/2025\/11\/ACFrontColor-300x300.jpg 300w, https:\/\/istrazivacibiblijeuhrvatskoj.com\/blog\/wp-content\/uploads\/2025\/11\/ACFrontColor-150x150.jpg 150w, https:\/\/istrazivacibiblijeuhrvatskoj.com\/blog\/wp-content\/uploads\/2025\/11\/ACFrontColor-768x768.jpg 768w, https:\/\/istrazivacibiblijeuhrvatskoj.com\/blog\/wp-content\/uploads\/2025\/11\/ACFrontColor.jpg 915w\" sizes=\"auto, (max-width: 300px) 100vw, 300px\" \/><\/a><em>\u201e&#8230;jer taj dan ne\u0107e do\u0107i dok najprije ne do\u0111e otpad i ne pojavi se \u010covjek bezakonja, Sin propasti, koji se protivi i uzdi\u017ee iznad svega \u0161to se zove Bog ili svetinja, tako da \u0107e i u hram Bo\u017eji sjesti, predstavljaju\u0107i se kao Bog&#8230; Jer tajna bezakonja ve\u0107 djeluje&#8230;samo dok se ne ukloni onaj koji ga sada zadr\u017eava. I tada \u0107e se otkriti Bezakonik, kojega \u0107e Gospodin uni\u0161titi dahom usta svojih i uni\u0161titi sjajem svoga dolaska&#8230;\u201d <\/em>(2. Solunjanima 2:3\u00ad8)<\/p>\n<p>&nbsp;<\/p>\n<p><b><\/b><strong>KLIKNITE NA GORNJU SLIKU I SKINITE U PDFU.<\/strong><\/p>\n","protected":false},"excerpt":{"rendered":"<p>PROLJE\u0106E 2026 ZA\u0160TO BOG DOPU\u0160TA ZLO? \u201eRadovat \u0107u se i veselit \u0107u se tvojoj neizmjernoj ljubavi, jer si vidio moje nevolje i brine\u0161 se za tjeskobu moje du\u0161e.\u201d \u2013 Psalam 31:7 (NLT) \u010citamo u Postanku 1:31 da je \u201eBog vidio &hellip; <a href=\"https:\/\/istrazivacibiblijeuhrvatskoj.com\/blog\/kruzno-pismo\/2026-2\/\">Continue reading <span class=\"meta-nav\">&rarr;<\/span><\/a><\/p>\n","protected":false},"author":1,"featured_media":0,"parent":10404,"menu_order":2026,"comment_status":"closed","ping_status":"closed","template":"","meta":{"footnotes":""},"class_list":["post-16040","page","type-page","status-publish","hentry"],"_links":{"self":[{"href":"https:\/\/istrazivacibiblijeuhrvatskoj.com\/blog\/wp-json\/wp\/v2\/pages\/16040","targetHints":{"allow":["GET"]}}],"collection":[{"href":"https:\/\/istrazivacibiblijeuhrvatskoj.com\/blog\/wp-json\/wp\/v2\/pages"}],"about":[{"href":"https:\/\/istrazivacibiblijeuhrvatskoj.com\/blog\/wp-json\/wp\/v2\/types\/page"}],"author":[{"embeddable":true,"href":"https:\/\/istrazivacibiblijeuhrvatskoj.com\/blog\/wp-json\/wp\/v2\/users\/1"}],"replies":[{"embeddable":true,"href":"https:\/\/istrazivacibiblijeuhrvatskoj.com\/blog\/wp-json\/wp\/v2\/comments?post=16040"}],"version-history":[{"count":15,"href":"https:\/\/istrazivacibiblijeuhrvatskoj.com\/blog\/wp-json\/wp\/v2\/pages\/16040\/revisions"}],"predecessor-version":[{"id":16313,"href":"https:\/\/istrazivacibiblijeuhrvatskoj.com\/blog\/wp-json\/wp\/v2\/pages\/16040\/revisions\/16313"}],"up":[{"embeddable":true,"href":"https:\/\/istrazivacibiblijeuhrvatskoj.com\/blog\/wp-json\/wp\/v2\/pages\/10404"}],"wp:attachment":[{"href":"https:\/\/istrazivacibiblijeuhrvatskoj.com\/blog\/wp-json\/wp\/v2\/media?parent=16040"}],"curies":[{"name":"wp","href":"https:\/\/api.w.org\/{rel}","templated":true}]}}