{"id":16077,"date":"2025-05-12T17:08:13","date_gmt":"2025-05-12T15:08:13","guid":{"rendered":"https:\/\/istrazivacibiblijeuhrvatskoj.com\/blog\/?page_id=16077"},"modified":"2025-11-01T09:24:19","modified_gmt":"2025-11-01T07:24:19","slug":"zasto-ste-krscanin","status":"publish","type":"page","link":"https:\/\/istrazivacibiblijeuhrvatskoj.com\/blog\/brosure\/zasto-ste-krscanin\/","title":{"rendered":"Za\u0161to ste kr\u0161\u0107anin?"},"content":{"rendered":"<p>Kliknite na donju poveznicu i skinite u pdf \u2013 u: <a href=\"https:\/\/istrazivacibiblijeuhrvatskoj.com\/blog\/wp-content\/uploads\/2025\/05\/Why-Christian.pdf\" target=\"_blank\" rel=\"noopener noreferrer\">PDF<\/a><\/p>\n<a href=\"https:\/\/istrazivacibiblijeuhrvatskoj.com\/blog\/wp-content\/uploads\/2025\/05\/Why-Christian.pdf\" class=\"pdfemb-viewer\" style=\"\" data-width=\"max\" data-height=\"max\" data-toolbar=\"top\" data-toolbar-fixed=\"on\">Why Christian<\/a>\n<p>&nbsp;<\/p>\n","protected":false},"excerpt":{"rendered":"<p>Kliknite na donju poveznicu i skinite u pdf \u2013 u: PDF &nbsp;<\/p>\n","protected":false},"author":1,"featured_media":0,"parent":4989,"menu_order":39,"comment_status":"closed","ping_status":"closed","template":"","meta":{"footnotes":""},"class_list":["post-16077","page","type-page","status-publish","hentry"],"_links":{"self":[{"href":"https:\/\/istrazivacibiblijeuhrvatskoj.com\/blog\/wp-json\/wp\/v2\/pages\/16077","targetHints":{"allow":["GET"]}}],"collection":[{"href":"https:\/\/istrazivacibiblijeuhrvatskoj.com\/blog\/wp-json\/wp\/v2\/pages"}],"about":[{"href":"https:\/\/istrazivacibiblijeuhrvatskoj.com\/blog\/wp-json\/wp\/v2\/types\/page"}],"author":[{"embeddable":true,"href":"https:\/\/istrazivacibiblijeuhrvatskoj.com\/blog\/wp-json\/wp\/v2\/users\/1"}],"replies":[{"embeddable":true,"href":"https:\/\/istrazivacibiblijeuhrvatskoj.com\/blog\/wp-json\/wp\/v2\/comments?post=16077"}],"version-history":[{"count":1,"href":"https:\/\/istrazivacibiblijeuhrvatskoj.com\/blog\/wp-json\/wp\/v2\/pages\/16077\/revisions"}],"predecessor-version":[{"id":16079,"href":"https:\/\/istrazivacibiblijeuhrvatskoj.com\/blog\/wp-json\/wp\/v2\/pages\/16077\/revisions\/16079"}],"up":[{"embeddable":true,"href":"https:\/\/istrazivacibiblijeuhrvatskoj.com\/blog\/wp-json\/wp\/v2\/pages\/4989"}],"wp:attachment":[{"href":"https:\/\/istrazivacibiblijeuhrvatskoj.com\/blog\/wp-json\/wp\/v2\/media?parent=16077"}],"curies":[{"name":"wp","href":"https:\/\/api.w.org\/{rel}","templated":true}]}}