{"id":16140,"date":"2025-07-05T05:20:44","date_gmt":"2025-07-05T03:20:44","guid":{"rendered":"https:\/\/istrazivacibiblijeuhrvatskoj.com\/blog\/?page_id=16140"},"modified":"2025-07-05T05:20:44","modified_gmt":"2025-07-05T03:20:44","slug":"sto-covjek-moze-vjerovati","status":"publish","type":"page","link":"https:\/\/istrazivacibiblijeuhrvatskoj.com\/blog\/brosure\/sto-covjek-moze-vjerovati\/","title":{"rendered":"\u0160to \u010dovjek mo\u017ee vjerovati?"},"content":{"rendered":"<p>Kliknite na donju poveznicu i skinite u pdf \u2013 u: <a href=\"https:\/\/istrazivacibiblijeuhrvatskoj.com\/blog\/wp-content\/uploads\/2025\/07\/What-Can-a-Man-Believe.pdf\" target=\"_blank\" rel=\"noopener noreferrer\">PDF<\/a><\/p>\n<a href=\"https:\/\/istrazivacibiblijeuhrvatskoj.com\/blog\/wp-content\/uploads\/2025\/07\/What-Can-a-Man-Believe.pdf\" class=\"pdfemb-viewer\" style=\"\" data-width=\"max\" data-height=\"max\" data-toolbar=\"top\" data-toolbar-fixed=\"on\">\u0160to \u010dovjek mo\u017ee vjerovati?<\/a>\n","protected":false},"excerpt":{"rendered":"<p>Kliknite na donju poveznicu i skinite u pdf \u2013 u: PDF<\/p>\n","protected":false},"author":1,"featured_media":0,"parent":4989,"menu_order":22,"comment_status":"closed","ping_status":"closed","template":"","meta":{"footnotes":""},"class_list":["post-16140","page","type-page","status-publish","hentry"],"_links":{"self":[{"href":"https:\/\/istrazivacibiblijeuhrvatskoj.com\/blog\/wp-json\/wp\/v2\/pages\/16140","targetHints":{"allow":["GET"]}}],"collection":[{"href":"https:\/\/istrazivacibiblijeuhrvatskoj.com\/blog\/wp-json\/wp\/v2\/pages"}],"about":[{"href":"https:\/\/istrazivacibiblijeuhrvatskoj.com\/blog\/wp-json\/wp\/v2\/types\/page"}],"author":[{"embeddable":true,"href":"https:\/\/istrazivacibiblijeuhrvatskoj.com\/blog\/wp-json\/wp\/v2\/users\/1"}],"replies":[{"embeddable":true,"href":"https:\/\/istrazivacibiblijeuhrvatskoj.com\/blog\/wp-json\/wp\/v2\/comments?post=16140"}],"version-history":[{"count":1,"href":"https:\/\/istrazivacibiblijeuhrvatskoj.com\/blog\/wp-json\/wp\/v2\/pages\/16140\/revisions"}],"predecessor-version":[{"id":16142,"href":"https:\/\/istrazivacibiblijeuhrvatskoj.com\/blog\/wp-json\/wp\/v2\/pages\/16140\/revisions\/16142"}],"up":[{"embeddable":true,"href":"https:\/\/istrazivacibiblijeuhrvatskoj.com\/blog\/wp-json\/wp\/v2\/pages\/4989"}],"wp:attachment":[{"href":"https:\/\/istrazivacibiblijeuhrvatskoj.com\/blog\/wp-json\/wp\/v2\/media?parent=16140"}],"curies":[{"name":"wp","href":"https:\/\/api.w.org\/{rel}","templated":true}]}}