{"id":16283,"date":"2025-10-26T16:22:01","date_gmt":"2025-10-26T14:22:01","guid":{"rendered":"https:\/\/istrazivacibiblijeuhrvatskoj.com\/blog\/?page_id=16283"},"modified":"2026-04-11T16:23:28","modified_gmt":"2026-04-11T14:23:28","slug":"strazarska-kula-1904","status":"publish","type":"page","link":"https:\/\/istrazivacibiblijeuhrvatskoj.com\/blog\/knige\/strazarska-kula\/strazarska-kula-1904\/","title":{"rendered":"Stra\u017earska Kula &#8211; 1904"},"content":{"rendered":"<p><a href=\"https:\/\/istrazivacibiblijeuhrvatskoj.com\/blog\/wp-content\/uploads\/2025\/10\/ZWT19040101.pdf\" target=\"_blank\" rel=\"noopener noreferrer\">1. Sije\u010danj, 1904 &#8211; ZWT19040101<\/a><\/p>\n<p><a href=\"https:\/\/istrazivacibiblijeuhrvatskoj.com\/blog\/wp-content\/uploads\/2025\/10\/ZWT19040101.pdf\" target=\"_blank\" rel=\"noopener noreferrer\">15. Sije\u010danj, 1904 &#8211; ZWT19040115<\/a><\/p>\n<p><a href=\"https:\/\/istrazivacibiblijeuhrvatskoj.com\/blog\/wp-content\/uploads\/2025\/11\/ZWT19040201.pdf\" target=\"_blank\" rel=\"noopener noreferrer\">1. Velja\u010de, 1904 &#8211; ZWT19040201<\/a><\/p>\n<p><a href=\"https:\/\/istrazivacibiblijeuhrvatskoj.com\/blog\/wp-content\/uploads\/2025\/11\/ZWT19040215.pdf\" target=\"_blank\" rel=\"noopener noreferrer\">15. Velja\u010de, 1904 &#8211; ZWT19040215<\/a><\/p>\n<p><a href=\"https:\/\/istrazivacibiblijeuhrvatskoj.com\/blog\/wp-content\/uploads\/2025\/11\/ZWT19040301.pdf\" target=\"_blank\" rel=\"noopener noreferrer\">1. O<span class=\"HwtZe\" lang=\"hr\"><span class=\"jCAhz ChMk0b\"><span class=\"ryNqvb\">\u017eujak<\/span><\/span><\/span>, 1904 &#8211; ZWT19040301<\/a><\/p>\n<p><a href=\"https:\/\/istrazivacibiblijeuhrvatskoj.com\/blog\/wp-content\/uploads\/2025\/11\/ZWT19040315.pdf\" target=\"_blank\" rel=\"noopener noreferrer\">15. O<span class=\"HwtZe\" lang=\"hr\"><span class=\"jCAhz ChMk0b\"><span class=\"ryNqvb\">\u017eujak<\/span><\/span><\/span>, 1904 &#8211; ZWT19040315<\/a><\/p>\n<p><a href=\"https:\/\/istrazivacibiblijeuhrvatskoj.com\/blog\/wp-content\/uploads\/2025\/12\/ZWT19040401.pdf\" target=\"_blank\" rel=\"noopener noreferrer\">1. Travanj, 1904 &#8211; ZWT19040401<\/a><\/p>\n<p><a href=\"https:\/\/istrazivacibiblijeuhrvatskoj.com\/blog\/wp-content\/uploads\/2025\/12\/ZWT19040415.pdf\" target=\"_blank\" rel=\"noopener noreferrer\">15. Travanj, 1904 &#8211; ZWT19040415<\/a><\/p>\n<p><a href=\"https:\/\/istrazivacibiblijeuhrvatskoj.com\/blog\/wp-content\/uploads\/2025\/12\/ZWT19040501.pdf\" target=\"_blank\" rel=\"noopener noreferrer\">1. Svibnja, 1904 &#8211; ZWT19040501<\/a><\/p>\n<p><a href=\"https:\/\/istrazivacibiblijeuhrvatskoj.com\/blog\/wp-content\/uploads\/2026\/01\/ZWT19040515.pdf\" target=\"_blank\" rel=\"noopener noreferrer\">15. Svibnja, 1904 &#8211; ZWT19040515<\/a><\/p>\n<p><a href=\"https:\/\/istrazivacibiblijeuhrvatskoj.com\/blog\/wp-content\/uploads\/2026\/01\/ZWT19040601.pdf\" target=\"_blank\" rel=\"noopener noreferrer\">1. Lipnja, 1904 &#8211; ZWT19040601<\/a><\/p>\n<p><a href=\"https:\/\/istrazivacibiblijeuhrvatskoj.com\/blog\/wp-content\/uploads\/2026\/01\/ZWT19040615.pdf\" target=\"_blank\" rel=\"noopener noreferrer\">15. Lipnja, 1904 &#8211; ZWT19040615<\/a><\/p>\n<p><a href=\"https:\/\/istrazivacibiblijeuhrvatskoj.com\/blog\/wp-content\/uploads\/2026\/01\/ZWT19040701.pdf\" target=\"_blank\" rel=\"noopener noreferrer\">1. Srpnja, 1904 &#8211; ZWT19040701<\/a><\/p>\n<p><a href=\"https:\/\/istrazivacibiblijeuhrvatskoj.com\/blog\/wp-content\/uploads\/2026\/01\/ZWT19040715.pdf\" target=\"_blank\" rel=\"noopener noreferrer\">15. Srpnja, 1904 &#8211; ZWT19040715<\/a><\/p>\n<p><a href=\"https:\/\/istrazivacibiblijeuhrvatskoj.com\/blog\/wp-content\/uploads\/2026\/02\/ZWT19040801.pdf\" target=\"_blank\" rel=\"noopener noreferrer\">1. Kolovoza, 1904 &#8211; ZWT19040801<\/a><\/p>\n<p><a href=\"https:\/\/istrazivacibiblijeuhrvatskoj.com\/blog\/wp-content\/uploads\/2026\/02\/ZWT19040815.pdf\" target=\"_blank\" rel=\"noopener noreferrer\">15. Kolovoza, 1904 &#8211; ZWT19040815<\/a><\/p>\n<p><a href=\"https:\/\/istrazivacibiblijeuhrvatskoj.com\/blog\/wp-content\/uploads\/2026\/02\/ZWT19040901.pdf\" target=\"_blank\" rel=\"noopener noreferrer\">1. Rujna, 1904 &#8211; ZWT19040901<\/a><\/p>\n<p><a href=\"https:\/\/istrazivacibiblijeuhrvatskoj.com\/blog\/wp-content\/uploads\/2026\/02\/ZWT19040915.pdf\" target=\"_blank\" rel=\"noopener noreferrer\">15. Rujna, 1904 &#8211; ZWT190409115<\/a><\/p>\n<p><a href=\"https:\/\/istrazivacibiblijeuhrvatskoj.com\/blog\/wp-content\/uploads\/2026\/03\/ZWT19041001.pdf\" target=\"_blank\" rel=\"noopener noreferrer\">1. Listopad, 1904 &#8211; ZWT19041001<\/a><\/p>\n<p><a href=\"https:\/\/istrazivacibiblijeuhrvatskoj.com\/blog\/wp-content\/uploads\/2026\/03\/ZWT19041015.pdf\" target=\"_blank\" rel=\"noopener noreferrer\">15. Listopad, 1904 &#8211; ZWT19041015<\/a><\/p>\n<p><a href=\"https:\/\/istrazivacibiblijeuhrvatskoj.com\/blog\/wp-content\/uploads\/2026\/03\/ZWT19041101.pdf\" target=\"_blank\" rel=\"noopener noreferrer\">1. Studeni, 1904 &#8211; ZWT19041101<\/a><\/p>\n<p><a href=\"https:\/\/istrazivacibiblijeuhrvatskoj.com\/blog\/wp-content\/uploads\/2026\/03\/ZWT19041115.pdf\" target=\"_blank\" rel=\"noopener noreferrer\">15. Studeni, 1904 &#8211; ZWT19041115<\/a><\/p>\n<p><a href=\"https:\/\/istrazivacibiblijeuhrvatskoj.com\/blog\/wp-content\/uploads\/2026\/04\/ZWT19041201.pdf\" target=\"_blank\" rel=\"noopener noreferrer\">1. Prosinca, 1904 &#8211; ZWT19041201<\/a><\/p>\n<p><a href=\"https:\/\/istrazivacibiblijeuhrvatskoj.com\/blog\/wp-content\/uploads\/2026\/04\/ZWT19041215.pdf\" target=\"_blank\" rel=\"noopener noreferrer\">15. Prosinca, 1904 &#8211; ZWT19041215<\/a><\/p>\n","protected":false},"excerpt":{"rendered":"<p>1. Sije\u010danj, 1904 &#8211; ZWT19040101 15. Sije\u010danj, 1904 &#8211; ZWT19040115 1. Velja\u010de, 1904 &#8211; ZWT19040201 15. Velja\u010de, 1904 &#8211; ZWT19040215 1. O\u017eujak, 1904 &#8211; ZWT19040301 15. O\u017eujak, 1904 &#8211; ZWT19040315 1. Travanj, 1904 &#8211; ZWT19040401 15. Travanj, 1904 &#8211; ZWT19040415 &hellip; <a href=\"https:\/\/istrazivacibiblijeuhrvatskoj.com\/blog\/knige\/strazarska-kula\/strazarska-kula-1904\/\">Continue reading <span class=\"meta-nav\">&rarr;<\/span><\/a><\/p>\n","protected":false},"author":1,"featured_media":0,"parent":10476,"menu_order":13,"comment_status":"closed","ping_status":"closed","template":"","meta":{"footnotes":""},"class_list":["post-16283","page","type-page","status-publish","hentry"],"_links":{"self":[{"href":"https:\/\/istrazivacibiblijeuhrvatskoj.com\/blog\/wp-json\/wp\/v2\/pages\/16283","targetHints":{"allow":["GET"]}}],"collection":[{"href":"https:\/\/istrazivacibiblijeuhrvatskoj.com\/blog\/wp-json\/wp\/v2\/pages"}],"about":[{"href":"https:\/\/istrazivacibiblijeuhrvatskoj.com\/blog\/wp-json\/wp\/v2\/types\/page"}],"author":[{"embeddable":true,"href":"https:\/\/istrazivacibiblijeuhrvatskoj.com\/blog\/wp-json\/wp\/v2\/users\/1"}],"replies":[{"embeddable":true,"href":"https:\/\/istrazivacibiblijeuhrvatskoj.com\/blog\/wp-json\/wp\/v2\/comments?post=16283"}],"version-history":[{"count":27,"href":"https:\/\/istrazivacibiblijeuhrvatskoj.com\/blog\/wp-json\/wp\/v2\/pages\/16283\/revisions"}],"predecessor-version":[{"id":16493,"href":"https:\/\/istrazivacibiblijeuhrvatskoj.com\/blog\/wp-json\/wp\/v2\/pages\/16283\/revisions\/16493"}],"up":[{"embeddable":true,"href":"https:\/\/istrazivacibiblijeuhrvatskoj.com\/blog\/wp-json\/wp\/v2\/pages\/10476"}],"wp:attachment":[{"href":"https:\/\/istrazivacibiblijeuhrvatskoj.com\/blog\/wp-json\/wp\/v2\/media?parent=16283"}],"curies":[{"name":"wp","href":"https:\/\/api.w.org\/{rel}","templated":true}]}}