{"id":1654,"date":"2014-03-15T12:56:26","date_gmt":"2014-03-15T10:56:26","guid":{"rendered":"http:\/\/istrazivacibiblijeuhrvatskoj.com\/blog\/?page_id=1654"},"modified":"2016-12-15T08:46:18","modified_gmt":"2016-12-15T06:46:18","slug":"studija-16","status":"publish","type":"page","link":"https:\/\/istrazivacibiblijeuhrvatskoj.com\/blog\/knige\/bozanski-plan-o-vjekovima\/studija-16\/","title":{"rendered":"STUDIJA 16"},"content":{"rendered":"<p><b>A343<\/b><\/p>\n<p align=\"center\"><span style=\"color: #0000ff;\"><b>STUDIJA 16<\/b><\/span><\/p>\n<p align=\"center\"><b>ZAKLJU\u010cNE MISLI<\/b><\/p>\n<p style=\"text-align: justify;\"><b>Na\u0161a du\u017enost prema istini- Koliko ko\u0161ta, koliko vrijedi i koliko nam koristi<\/b><\/p>\n<p style=\"text-align: justify;\">U prethodnim smo poglavljima vidjeli da i svijetlo prirode i ono od otkrivenja jasno pokazuje \u010dinjenicu da je inteligentan, mudar, svemogu\u0107i i pravedan Bog Stvortitelj sviju stvari, i da je on vrhovni i pravovaljani Gospodar svega; da su sve stvari i \u017eive i ne\u017eive podlo\u017ene njegovom upravljanju; i da je Biblija otkrivenje njegove osobnosti i planova u onoj mjeri u kojoj mu je bilo po volji otkriti to ljudima. Iz toga smo nau\u010dili da premda zlo sada dominira me\u0111u nekima od njegovih stvorenja, ono \u0107e postojati samo ograni\u010deno vrijeme i u ograni\u010denom omjeru, i s njegovim dopu\u0161tenjem zbog mudrih ciljeva koje on ima u vidu. Tako\u0111er smo nau\u010dili da premda tama sada pokriva zemlju i gusta tmina narode, ipak \u0107e Bo\u017eje svjetlo u odre\u0111eno vrijeme raspr\u0161iti svu tamu,i cijela \u0107e zemlja biti ispunjena s njegovom slavom.<\/p>\n<p style=\"text-align: justify;\">Mi smo vidjeli da je taj veliki plan zahtijevao do sada doba za svoje ostvarenje, i da \u0107e jo\u0161 jedno doba biti potrebno za njegovo dovr\u0161enje; i da je tijekom svih proteklih vjekova, kada je izgledalo kao da je Bog naizgled gotovo zaboravio svoja stvorenja, njegov plan za njihov budu\u0107i blagoslov nastavio tiho ali veli\u010danstveno sa svojim radom, premda su tokom svih tih doba tajne njegovog plana bile mudro skrivene od ljudi. Tako\u0111er smo vidjeli da \u0107e dan ili doba koje sada ve\u0107 svi\u010de svijetu biti sudnji dan svijetu, i da su sve prethodne pripreme <b>[A344]<\/b> bile u svrhu davanja \u010dovje\u010danstvu u cijelini \u0161to je mogu\u0107e povoljniju priliku, kada \u0107e, kao pojedinci biti stavljeni na sud za vje\u010dni \u017eivot. Tokom dugog razdoblja od \u0161est tisu\u0107a godina rasa se uvelike razmno\u017eila i njihovi udarci i patnje pod vladavinom zla dali su im iskustvo koje \u0107e im uvelike koristiti kada im bude bilo su\u0111eno. I premda je ljudskoj rasi kao cjelini bilo dopu\u0161teno da pati \u0161est tisu\u0107a godina, ipak oni su kao pojedinci i\u0161li svojim pravcem samo nekoliko kratkih godina.<\/p>\n<p style=\"text-align: justify;\">Vidjeli smo da dok je rasa prolazila kroz svoju potrebnu stegu, u odre\u0111eno vrijeme Bog je poslao svog Sina da ih otkupi; i dok masa \u010dovje\u010danstva nije prepoznala Otkupitelja u njegovom poni\u017eenju pa da bi onda vjerovali da je Gospodinov Pomazanik do\u0161ao spasiti ih, ipak izme\u0111u onih \u010dija su srca bila okrenuta k Bogu, i koji su vjerovali njegovim obe\u0107anjima Bog je tijekom tih pro\u0161lih doba izabirao dvije grupe da prime \u010dasti njegovog kraljevstva- \u010dasti da imaju udjela u izvr\u0161avanju njegovog plana. Te dvije izabrane grupe, kao \u0161to smo vidjeli sa\u010dinjavat \u0107e dvije faze Kraljevstva Bo\u017ejeg. Od proroka u\u010dimo da \u0107e to kraljevstvo uskoro biti uspostavljeno na zemlji; da \u0107e pod njegovom mudrom i pravednom upravom svi narodi na zemlji biti blagoslovljeni sa najpovoljnijom prilikom da se poka\u017eu dostojnima vje\u010dnog \u017eivota; da \u0107e kao rezultat njihovog otkupljenja dragocjenom krvlju Kristovom biti nasut veli\u010danstveni put svetosti; da bi otkupljeni od Gospodina (cijelo \u010dovje\u010danstvo- Hebr.2:9) moglo hoditi njime; da \u0107e to biti javni put u\u010dinjen relativno lakim za sve koji iskreno \u017eele postati \u010disti, sveti; i da \u0107e svi kamenovi spoticanja biti sklonjeni, i sve zamke, zavo\u0111enja i klopke bit \u0107e uklonjene i blagoslovljeni \u0107e biti svi oni koji krenu njime prema savr\u0161enosti i vje\u010dnom \u017eivotu.<\/p>\n<p><b>A345<\/b><\/p>\n<p style=\"text-align: justify;\">O\u010dito je da taj sud ili vladavina, ne mo\u017ee po\u010deti dok Krist, koga je Jehova imenovao Sucem i Vladarem svijeta, ponovno ne do\u0111e- ne u poni\u017eenju, nego u mo\u0107i i velikoj slavi: ne da opet otkupi svijet, nego da sudi (vlada) svijetu u pravednosti. Su\u0111enje ni u kom slu\u010daju ne mo\u017ee po\u010deti sve dok je sudac na suda\u010dkoj klupi a sud ima zasjedanje u odre\u0111eno vrijeme, premda prije tog vremena mo\u017ee biti veliki pripremni rad. Tada \u0107e Kralj sjesti na prijestolje svoje slave, i prednjim \u0107e se okupiti svi narodi, i on \u0107e im suditi tijekom tog doba prema njihovim djelima, otvaraju\u0107i im knjige Biblije i ispunjavaju\u0107i zemlju sa spoznajom o Gospodu. Prema njihovom vladanju pod svom tom milo\u0161\u0107u i pomaganju, on \u0107e odlu\u010diti tko je od njih dostojan vje\u010dnog \u017eivota u dobima slave i radosti koja dolaze. (Mat.25:31; Otkr.20:11-13)<\/p>\n<p style=\"text-align: justify;\">Tako smo vidjeli da je drugi Mesijin dolazak, da uspostavi svoje kraljevstvo na zemlji, doga\u0111aj u kojega sve klase ljudi mogu imati nadu, doga\u0111aj koji \u0107e, kad ga se u potpunosti razumije, donijeti radost i veselje svim srcima. To je dan kada Gospodinovo \u201emalo stado\u201c posve\u0107enih svetaca ima najve\u0107i razlog za radovanje. To je radostan dan kada zaru\u010dena djevica Crkva s rado\u0161\u0107u postaje nevjesta, Janjetova \u017eena; kada izlazi iz pustinje naslonjena na rame svog Ljubljenog, i ulazi u njegovo slavno nasljedstvo. To je dan kad prava Crkva, proslavljena sa svojom glavom, biva obdaren sa bo\u017eanskim autoritetom i mo\u0107i i po\u010dinje veliko djelo za svijet, rezultat kojega \u0107e biti potpuna obnova svega. To \u0107e biti radostan dan i za svijet kada \u0107e veliki protivnik biti vezan, kada \u0107e okovi koji su dr\u017eali ljudsku rasu oko \u0161est tisu\u0107a godina biti slomljeni i kada \u0107e spoznaja o Gospodu ispuniti cijelu Zemlju kao \u0161to vode prekrivaju mora.<\/p>\n<p><b>A346<\/b><\/p>\n<p style=\"text-align: justify;\">Spoznaja o svemu tome, i dokazi da su te stvari blizu, \u010dak pred vratima, trebala bi imati sna\u017ean utjecaj na sve, ali posebno na posve\u0107enu Bo\u017eju djecu, koji te\u017ee za nagradom bo\u017eanske prirode. Mi poti\u010demo takve, dok su upravili svoje glave raduju\u0107i se, znaju\u0107i da se pribli\u017eava njihovo izbavljenje, da odlo\u017ee svaki teret i prepreku i da ustrajno tr\u010de trku koju su zapo\u010deli. Gledaj dalje od sebe, i svojih neizbje\u017enih slabosti i nesavr\u0161enosti, znaju\u0107i da su takve slabosti u potpunosti pokrivene zaslugama otkupnine koju je dao Krist Isus, na\u0161 Gospodin, i da su na\u0161e \u017ertve i samoodricanja prihvatljive Bogu kroz na\u0161eg Otkupitelja i Gospodina- jedino tako. Imajmo na umu da nam je snaga koja nam je dovoljna postati pobjednicima a koju nam je Bog obe\u0107ao, pru\u017eena u njegovoj Rije\u010di. To je snaga koja proizlazi iz spoznaje njegove osobnosti i planova, te o uvjetima kroz koje mo\u017eemo imati udjela u njima. Petar se tako izra\u017eava govore\u0107i: \u201ePunina vam milosti i mira po spoznaji Boga i Isusa, Gospodina na\u0161ega! Doista, po spoznaji njega, koji nas pozva slavom svojom i krepo\u0161\u0107u, bo\u017eanska nas je snaga njegova obdarila svime za \u017eivot i pobo\u017enost. Time smo obdareni dragocjenim, najve\u0107im obe\u0107anjima da po njima postanete zajedni\u010dari bo\u017eanske naravi umakav\u0161i pokvarenosti koja je u svijetu zbog po\u017eude.\u201c (2.Pet.1:2-4)<\/p>\n<p style=\"text-align: justify;\">Me\u0111utim ste\u0107i tu spoznaju i tu snagu, kojom Bog \u017eeli opskrbiti svakog trka\u010da za nebeskom nagradom, zacijelo \u0107e ispitati iskrenost va\u0161ih zavjeta posve\u0107enja. Ti si posvetio sve svoje vrijeme, sve svoje talente Gospodu; sada je pitanje koliko od toga daje\u0161? Jesi li jo\u0161 uvijek spreman prema svom zavjetu posve\u0107enja, odustati od svega?- odre\u0107i se svojih planova i metoda, i svojih i drugih teorija i prihvatiti Bo\u017eji plan i put i vrijeme za izvr\u0161avanje njegovog <b>[A347]<\/b> velikog djela? Da li si to spreman \u010diniti po cijenu zemaljskih prijateljstava i dru\u0161tvenih veza? Da li si spreman iskupiti vrijeme od drugih stvari kako bi ispitao te slavne teme toliko bliske srcu istinskih posve\u0107enih, sa izvjesnom spoznajom da \u0107e te to ko\u0161tati tog samoodricanja? Ako sve nije posve\u0107eno, ili ako si kada si davao sve Gospodu mislio samo na pola, tada \u0107e\u0161 \u017ealiti zbog vremena i napora potrebnih za istra\u017eivanje njegove rije\u010di kao skrivenog blaga, kako bi tako stekao snagu potrebnu za sve ku\u0161nje vjere svojstvene sada\u0161njem (svanu\u0107e Milenija) vremenu vi\u0161e od bilo kojeg drugog.<\/p>\n<p style=\"text-align: justify;\">Ali nemoj misliti da \u0107e davanje svega zavr\u0161iti sa davanjem potrebnog vremena i snage za ovo prou\u010davanje: ne\u0107e. Iskrenost tvog \u017ertvovanja sebe biti \u0107e u potpunosti ispitana, i pokazat \u0107e da li si dostojan ili ne \u010dlanstva u tom \u201emalom stadu\u201c, pobjedni\u010dke Crkve, koje \u0107e primiti \u010dasti kraljevstva. Ako uznastoji\u0161 oko Rije\u010di Bo\u017eje, i primi\u0161 njezine istine u dobro, iskreno i posve\u0107eno srce to \u0107e za\u010deti u tebi takvu ljubav prema Bogu i njegovom planu, i takvu \u017eelju za re\u0107i radosne vijesti, propovijedati evan\u0111elje, da \u0107e to potom postati zaokupljaju\u0107a tema u \u017eivotu; i to te ne\u0107e samo odvojiti od svijeta i od mnogih nominalnih kr\u0161\u0107ana, u duhu, nego \u0107e to voditi do potpunog odvajanja. Oni \u0107e misliti da si ti neki \u010dudan i izolirat \u0107e te od svog dru\u0161tva, i bit \u0107e\u0161 prezren i smatran ludim zbog Krista; oni ne poznaju nas, isto kao \u0161to nisu poznavali ni Gospodina. (2.Kor.4:8-10; Luka 6:22; 1.Ivan.3:1; 1.Kor.3:18)<\/p>\n<p style=\"text-align: justify;\">Jesi li spreman nastaviti slijediti upoznavanje Gospoda kroz dobar i lo\u0161 izvje\u0161taj? Je si li spreman ostaviti sve, i slijediti ga kako te god on usmjeravao kroz svoju Rije\u010d?- ignorirati \u017eelje prijatelja, isto tako kao i svoje \u017eelje? Nadamo se da \u0107e mnogi od posve\u0107enih koji \u010ditaju ovaj svezak njime biti <b>[A348]<\/b> Toliko o\u017eivljeni na svje\u017eu revnost i vatrenost duha, kroz jasnije shva\u0107anje bo\u017eanskog plana, da \u0107e biti u stanju re\u0107i, \u201eMilo\u0161\u0107u Bo\u017ejom Ja \u0107u nastaviti upoznavati i slu\u017eiti Gospodu, kakva god \u017ertva bila uklju\u010dena.\u201c Poput plemenitih Berejaca (Djela 17:11) neka se takvi studiozno postave da si doka\u017eu ono \u0161to je bilo predstavljeno na prethodnim stranicama. Doka\u017ei si to ne putem proturije\u010dnih ljudskih tradicija i u\u010denja, nego jedinim ispravnim i bo\u017eanski ovla\u0161tenim standardom- Bo\u017ejom vlastitom Rije\u010dju. Da bi smo olak\u0161ali takvu istragu citirali smo toliko mnogo biblijskih redaka.<\/p>\n<p style=\"text-align: justify;\">Bit \u0107e beskorisno poku\u0161ati ovdje iznesen bo\u017eanski plan uskladiti sa mnogim prethodno dr\u017eanim idejama navodno biblijskima, premda se nije dokazalo takvim. Biti \u0107e primje\u0107eno da je bo\u017eanski plan potpun i skladan u sebi sa svakim svojim dijelom, i da je u savr\u0161enoj harmoniji sa osobno\u0161\u0107u koju Biblija pripisuje njegovom velikom Autoru. To je nevjerojatan prikaz mudrosti, pravde, ljubavi i mo\u0107i. On nosi sa sobom vlastiti dokaz o nadljudskom planiranju, \u0161to je preko onog \u0161to bi \u010dovjek mogao izumiti, i gotovo preko ljudske mogu\u0107nosti shva\u0107anja.<\/p>\n<p style=\"text-align: justify;\">Nesumnjivo \u0107e se pojaviti mnoga pitanja o razli\u010ditim to\u010dkama prema planu koji je ovdje predstavljen tra\u017ee\u0107i odgovore i rije\u0161enja. Pa\u017eljiv i temeljit Biblijski studij rije\u0161it \u0107e mnoga od njih odmah; i svima mo\u017eemo s pouzdanjem re\u0107i da nijedno pitanje koje postavite nema razloga da ostane neodgovoreno, u potpunosti u skladu sa gledi\u0161tima koja su ovdje predstavljena. Naredni svesci razra\u0111uju razli\u010dite grane tog jednog plana, razotkrivaju\u0107i sa svakim korakom nenadma\u0161an sklad s kojim se jedino istina mo\u017ee hvaliti. I treba biti poznato da nijedan drugi sistem teologije ne tvrdi, a nisu niti poku\u0161ali uskladiti u sebi svaki Biblijski izvje\u0161taj; me\u0111utim mi ne mo\u017eemo tvrditi ni\u0161ta manje od toga za ova gledi\u0161ta. Ovaj sklad ne samo s Biblijom, nego i sa bo\u017eanskom osobno\u0161\u0107u i sa posve\u0107enim <b>[A349]<\/b> Zdravim razumom, mora privu\u0107i pa\u017enju ve\u0107 savjesnog \u010ditatelja, i ispuniti ga sa strahopo\u0161tovanjem, isto tako kao i s nadom i pouzdanjem. Zaista je to \u010dudesno, a \u0161to bi smo i o\u010dekivali od ISTINE, i Bo\u017ejeg beskona\u010dno mudrog i dobrotvornog plana.<\/p>\n<p style=\"text-align: justify;\">I dok se Biblija s ove to\u010dke gledi\u0161ta otvara, razotkrivaju\u0107i \u010dudesne stvari (Ps.119:18), svjetlo sada\u0161njeg dana koje rasvjetljava razli\u010dita u\u010denja i tradicije utje\u010de na njih sasvim suprotno. Oni su prepoznati \u010dak od svojih obo\u017eavatelja kao nesavr\u0161ena i deformirana, pa su stoga znatno ignorirana; i premda ih se jo\u0161 uvijek podr\u017eava rijetko se pojavljuju kao razra\u0111ena, zbog samog srama. Sramota koja se pridaje tim ljudskim u\u010denjima i tradicijama \u0161iri se na Bibliju, za koju se pretpostavlja da podr\u017eava te deformacije misli kao bo\u017eanskog porijekla. Stoga sloboda s kojom razli\u010diti napredni mislioci, tako nazvani, po\u010dinju negirati razli\u010dite dijelove Biblije smatra nepodesne za njihove stavove. Kako je stoga upe\u010datljiva Bo\u017eja providnost, koja u to isto vrijeme otvara pred svojom djecom taj uistinu slavan i skladan plan- plan koji ne odbacuje ni jedan, ve\u0107 uskla\u0111uje svaki dio i pojedinost iz njegove rije\u010di. Istina, kada je vrijeme za to, postaje hranom za ku\u0107anstvo vjere, kako bi njome mogli rasti. (Mat.24:45) Tko god dolazi u kontakt sa istinom, shva\u0107aju\u0107i njen karakter, ima time i odgovornost s obzirom na nju. Ili ju se treba prihvatiti i postupati po njoj, ili odbaciti ili prezreti. Ignorirati ju ne osloba\u0111a nas odgovornosti. Ako ju mi sami prihvatimo, imamo odgovornost PREMA NJOJ tako\u0111er, zato \u0161to je ona za SVO ku\u0107anstvo vjere; i svatko tko ju prima postaje njen du\u017enik, i, ako je vjeran upravitelj, mora ju dijeliti s drugim \u010dlanovima Bo\u017eje obitelji. Neka tvoje svjetlo svijetli! Ako opet postane tama, kako \u0107e velik biti ta tama! Podignite svjetlo! Podignite standard za narode!<\/p>\n<p><b>A350<\/b><\/p>\n<p style=\"text-align: center;\"><b>Bo\u017eansko tkanje<\/b><\/p>\n<p style=\"text-align: center;\">\u201ePogledaj tajnovitog tkalca sjedi<br \/>\nVisoko na nebesima- njegov tkala\u010dki stan ispod.<br \/>\nPoluga ide gore dolje.<br \/>\nZa mre\u017eu, svjetska mra\u010dna doba,<br \/>\nZa potku, za kraljeve i mudrace.<br \/>\nUzima plemi\u0107e i njihove mudrace,<br \/>\nUzima sve stanice i sve faze.<br \/>\nPrijestolja su cijevke u njegovom vozilu.<br \/>\nVojske bje\u017ee i spasavaju se-<br \/>\nMre\u017ea u potku mora te\u0107i:<br \/>\nGore pa dolje narodi idu!<br \/>\nVoljom Tkalca oni \u0107e oti\u0107i!<\/p>\n<p style=\"text-align: center;\">Mirno vidi tajnovitog Tkalca<br \/>\nSvojim prijevozom ide tamo amo;<br \/>\nUsred buke i divlje zbunjenosti,<br \/>\nDobro Tkalac \u010dini se zna<br \/>\n\u0160to je \u010diji pokret, i kome\u0161anje,<br \/>\n\u0160to je \u010dije spajanje, i zbunjenost<br \/>\nVeliki rezultat \u0107e pokazati!<\/p>\n<p style=\"text-align: center;\">Slavnog li \u010duda! Kakvo tkanje!<br \/>\nDo sljepila, preko vjerovanja.<br \/>\nTakvo ne\u0161to nijedno legendarno doba ne zna.<br \/>\nSamo vjera mo\u017ee vidjeti tajnu,<br \/>\nKako po hodnicima povijesti,<br \/>\nGdje su noge mudraca stupale<br \/>\nNajljep\u0161a najpravednijim o\u010dima<br \/>\nVeli\u010danstvena tajnovita vrpca le\u017ei!<br \/>\nMekana i glatka, i uvijek se \u0161iri,<br \/>\nKao da je stvorena za an\u0111eosko tkanje-<br \/>\n\u010cupavi krugovi ikad dodirnuti:<br \/>\nSvaki lik ima svoje pokriva\u010de,<br \/>\nSvjetlije oblike i nje\u017enije odsjaje,<br \/>\nSvatko prosvijetljen- kakva zagonetka!<br \/>\nOd kri\u017ea koji ukra\u0161ava sredinu.<\/p>\n<p style=\"text-align: center;\">To je rije\u010d- neki ju odbacuju-<br \/>\nDa svi njezino svjetlo odra\u017eavaju;<br \/>\nDa se daju vrpce<br \/>\nOd sunca koje sjaji na nebu!<br \/>\nU to se vjeruje \u2013 od svih vjernika-<br \/>\nDa sam veliki Bog tka,<br \/>\nIznose\u0107i svjetsku mra\u010dnu tajnu,<br \/>\nNa svjetlo vjere i povijesti;<br \/>\nI kao \u0161to se mre\u017ea i potka smanjuju<br \/>\nDolazi veli\u010danstveni i slavni zavr\u0161etak,<br \/>\nKada zapo\u010dinju Zlatna doba,<br \/>\nDavno prije prore\u010dena od vidjelaca i mudraca.\u201c<\/p>\n","protected":false},"excerpt":{"rendered":"<p>A343 STUDIJA 16 ZAKLJU\u010cNE MISLI Na\u0161a du\u017enost prema istini- Koliko ko\u0161ta, koliko vrijedi i koliko nam koristi U prethodnim smo poglavljima vidjeli da i svijetlo prirode i ono od otkrivenja jasno pokazuje \u010dinjenicu da je inteligentan, mudar, svemogu\u0107i i pravedan &hellip; <a href=\"https:\/\/istrazivacibiblijeuhrvatskoj.com\/blog\/knige\/bozanski-plan-o-vjekovima\/studija-16\/\">Continue reading <span class=\"meta-nav\">&rarr;<\/span><\/a><\/p>\n","protected":false},"author":1,"featured_media":0,"parent":315,"menu_order":160,"comment_status":"open","ping_status":"open","template":"","meta":{"footnotes":""},"class_list":["post-1654","page","type-page","status-publish","hentry"],"_links":{"self":[{"href":"https:\/\/istrazivacibiblijeuhrvatskoj.com\/blog\/wp-json\/wp\/v2\/pages\/1654","targetHints":{"allow":["GET"]}}],"collection":[{"href":"https:\/\/istrazivacibiblijeuhrvatskoj.com\/blog\/wp-json\/wp\/v2\/pages"}],"about":[{"href":"https:\/\/istrazivacibiblijeuhrvatskoj.com\/blog\/wp-json\/wp\/v2\/types\/page"}],"author":[{"embeddable":true,"href":"https:\/\/istrazivacibiblijeuhrvatskoj.com\/blog\/wp-json\/wp\/v2\/users\/1"}],"replies":[{"embeddable":true,"href":"https:\/\/istrazivacibiblijeuhrvatskoj.com\/blog\/wp-json\/wp\/v2\/comments?post=1654"}],"version-history":[{"count":3,"href":"https:\/\/istrazivacibiblijeuhrvatskoj.com\/blog\/wp-json\/wp\/v2\/pages\/1654\/revisions"}],"predecessor-version":[{"id":2019,"href":"https:\/\/istrazivacibiblijeuhrvatskoj.com\/blog\/wp-json\/wp\/v2\/pages\/1654\/revisions\/2019"}],"up":[{"embeddable":true,"href":"https:\/\/istrazivacibiblijeuhrvatskoj.com\/blog\/wp-json\/wp\/v2\/pages\/315"}],"wp:attachment":[{"href":"https:\/\/istrazivacibiblijeuhrvatskoj.com\/blog\/wp-json\/wp\/v2\/media?parent=1654"}],"curies":[{"name":"wp","href":"https:\/\/api.w.org\/{rel}","templated":true}]}}