{"id":16548,"date":"2026-05-13T07:57:54","date_gmt":"2026-05-13T05:57:54","guid":{"rendered":"https:\/\/istrazivacibiblijeuhrvatskoj.com\/blog\/?page_id=16548"},"modified":"2026-05-13T07:57:54","modified_gmt":"2026-05-13T05:57:54","slug":"hrana-za-krscane-koji-razmisljaju","status":"publish","type":"page","link":"https:\/\/istrazivacibiblijeuhrvatskoj.com\/blog\/brosure\/hrana-za-krscane-koji-razmisljaju\/","title":{"rendered":"HRANA ZA KR\u0160\u0106ANE KOJI RAZMI\u0160LJAJU"},"content":{"rendered":"<p>ZA\u0160TO JE ZLO DOPU\u0160TENO I SRODNE TEME.<\/p>\n<p>Kliknite na donju poveznicu i skinite u pdf \u2013 u: <a href=\"https:\/\/istrazivacibiblijeuhrvatskoj.com\/blog\/wp-content\/uploads\/2026\/05\/Knjiga-Zasto-je-zlo-dopusteno.pdf\" target=\"_blank\" rel=\"noopener noreferrer\">PDF<\/a><\/p>\n<a href=\"https:\/\/istrazivacibiblijeuhrvatskoj.com\/blog\/wp-content\/uploads\/2026\/05\/Knjiga-Zasto-je-zlo-dopusteno.pdf\" class=\"pdfemb-viewer\" style=\"\" data-width=\"max\" data-height=\"max\" data-toolbar=\"top\" data-toolbar-fixed=\"on\">Knjiga - Za\u0161to je zlo dopu\u0161teno<\/a>\n","protected":false},"excerpt":{"rendered":"<p>ZA\u0160TO JE ZLO DOPU\u0160TENO I SRODNE TEME. Kliknite na donju poveznicu i skinite u pdf \u2013 u: PDF<\/p>\n","protected":false},"author":1,"featured_media":0,"parent":4989,"menu_order":330,"comment_status":"closed","ping_status":"closed","template":"","meta":{"footnotes":""},"class_list":["post-16548","page","type-page","status-publish","hentry"],"_links":{"self":[{"href":"https:\/\/istrazivacibiblijeuhrvatskoj.com\/blog\/wp-json\/wp\/v2\/pages\/16548","targetHints":{"allow":["GET"]}}],"collection":[{"href":"https:\/\/istrazivacibiblijeuhrvatskoj.com\/blog\/wp-json\/wp\/v2\/pages"}],"about":[{"href":"https:\/\/istrazivacibiblijeuhrvatskoj.com\/blog\/wp-json\/wp\/v2\/types\/page"}],"author":[{"embeddable":true,"href":"https:\/\/istrazivacibiblijeuhrvatskoj.com\/blog\/wp-json\/wp\/v2\/users\/1"}],"replies":[{"embeddable":true,"href":"https:\/\/istrazivacibiblijeuhrvatskoj.com\/blog\/wp-json\/wp\/v2\/comments?post=16548"}],"version-history":[{"count":1,"href":"https:\/\/istrazivacibiblijeuhrvatskoj.com\/blog\/wp-json\/wp\/v2\/pages\/16548\/revisions"}],"predecessor-version":[{"id":16550,"href":"https:\/\/istrazivacibiblijeuhrvatskoj.com\/blog\/wp-json\/wp\/v2\/pages\/16548\/revisions\/16550"}],"up":[{"embeddable":true,"href":"https:\/\/istrazivacibiblijeuhrvatskoj.com\/blog\/wp-json\/wp\/v2\/pages\/4989"}],"wp:attachment":[{"href":"https:\/\/istrazivacibiblijeuhrvatskoj.com\/blog\/wp-json\/wp\/v2\/media?parent=16548"}],"curies":[{"name":"wp","href":"https:\/\/api.w.org\/{rel}","templated":true}]}}