{"id":16551,"date":"2026-05-13T08:03:18","date_gmt":"2026-05-13T06:03:18","guid":{"rendered":"https:\/\/istrazivacibiblijeuhrvatskoj.com\/blog\/?page_id=16551"},"modified":"2026-05-13T08:03:18","modified_gmt":"2026-05-13T06:03:18","slug":"stara-teologija","status":"publish","type":"page","link":"https:\/\/istrazivacibiblijeuhrvatskoj.com\/blog\/brosure\/stara-teologija\/","title":{"rendered":"STARA TEOLOGIJA"},"content":{"rendered":"<p>MILENIJSKO JUTRO SVI\u0106E! ALI USLIJEDIT \u0106E NO\u0106 STRA\u0160NE NEVOLJE<\/p>\n<p>Kliknite na donju poveznicu i skinite u pdf \u2013 u: <a href=\"https:\/\/istrazivacibiblijeuhrvatskoj.com\/blog\/wp-content\/uploads\/2026\/05\/Brosura-Milenijsko-Jutro-Svice.pdf\" target=\"_blank\" rel=\"noopener noreferrer\">PDF<\/a><\/p>\n<a href=\"https:\/\/istrazivacibiblijeuhrvatskoj.com\/blog\/wp-content\/uploads\/2026\/05\/Brosura-Milenijsko-Jutro-Svice.pdf\" class=\"pdfemb-viewer\" style=\"\" data-width=\"max\" data-height=\"max\" data-toolbar=\"top\" data-toolbar-fixed=\"on\">Bro\u0161ura Milenijsko Jutro Svi\u0107e<\/a>\n","protected":false},"excerpt":{"rendered":"<p>MILENIJSKO JUTRO SVI\u0106E! ALI USLIJEDIT \u0106E NO\u0106 STRA\u0160NE NEVOLJE Kliknite na donju poveznicu i skinite u pdf \u2013 u: PDF<\/p>\n","protected":false},"author":1,"featured_media":0,"parent":4989,"menu_order":340,"comment_status":"closed","ping_status":"closed","template":"","meta":{"footnotes":""},"class_list":["post-16551","page","type-page","status-publish","hentry"],"_links":{"self":[{"href":"https:\/\/istrazivacibiblijeuhrvatskoj.com\/blog\/wp-json\/wp\/v2\/pages\/16551","targetHints":{"allow":["GET"]}}],"collection":[{"href":"https:\/\/istrazivacibiblijeuhrvatskoj.com\/blog\/wp-json\/wp\/v2\/pages"}],"about":[{"href":"https:\/\/istrazivacibiblijeuhrvatskoj.com\/blog\/wp-json\/wp\/v2\/types\/page"}],"author":[{"embeddable":true,"href":"https:\/\/istrazivacibiblijeuhrvatskoj.com\/blog\/wp-json\/wp\/v2\/users\/1"}],"replies":[{"embeddable":true,"href":"https:\/\/istrazivacibiblijeuhrvatskoj.com\/blog\/wp-json\/wp\/v2\/comments?post=16551"}],"version-history":[{"count":1,"href":"https:\/\/istrazivacibiblijeuhrvatskoj.com\/blog\/wp-json\/wp\/v2\/pages\/16551\/revisions"}],"predecessor-version":[{"id":16553,"href":"https:\/\/istrazivacibiblijeuhrvatskoj.com\/blog\/wp-json\/wp\/v2\/pages\/16551\/revisions\/16553"}],"up":[{"embeddable":true,"href":"https:\/\/istrazivacibiblijeuhrvatskoj.com\/blog\/wp-json\/wp\/v2\/pages\/4989"}],"wp:attachment":[{"href":"https:\/\/istrazivacibiblijeuhrvatskoj.com\/blog\/wp-json\/wp\/v2\/media?parent=16551"}],"curies":[{"name":"wp","href":"https:\/\/api.w.org\/{rel}","templated":true}]}}