{"id":211,"date":"2013-09-01T12:20:48","date_gmt":"2013-09-01T10:20:48","guid":{"rendered":"http:\/\/istrazivacibiblijeuhrvatskoj.com\/blog\/?page_id=211"},"modified":"2024-12-28T21:12:18","modified_gmt":"2024-12-28T19:12:18","slug":"radost","status":"publish","type":"page","link":"https:\/\/istrazivacibiblijeuhrvatskoj.com\/blog\/traktati\/radost\/","title":{"rendered":"Radost"},"content":{"rendered":"<p><img loading=\"lazy\" decoding=\"async\" class=\"aligncenter size-full wp-image-212\" src=\"https:\/\/istrazivacibiblijeuhrvatskoj.com\/blog\/wp-content\/uploads\/2013\/09\/JoyFront.jpg\" alt=\"JoyFront\" width=\"640\" height=\"900\" srcset=\"https:\/\/istrazivacibiblijeuhrvatskoj.com\/blog\/wp-content\/uploads\/2013\/09\/JoyFront.jpg 640w, https:\/\/istrazivacibiblijeuhrvatskoj.com\/blog\/wp-content\/uploads\/2013\/09\/JoyFront-213x300.jpg 213w\" sizes=\"auto, (max-width: 640px) 100vw, 640px\" \/><\/p>\n<p><img loading=\"lazy\" decoding=\"async\" class=\"alignleft size-full wp-image-222\" src=\"https:\/\/istrazivacibiblijeuhrvatskoj.com\/blog\/wp-content\/uploads\/2013\/09\/JoyInside.jpg\" alt=\"JoyInside\" width=\"180\" height=\"640\" srcset=\"https:\/\/istrazivacibiblijeuhrvatskoj.com\/blog\/wp-content\/uploads\/2013\/09\/JoyInside.jpg 180w, https:\/\/istrazivacibiblijeuhrvatskoj.com\/blog\/wp-content\/uploads\/2013\/09\/JoyInside-84x300.jpg 84w\" sizes=\"auto, (max-width: 180px) 100vw, 180px\" \/><\/p>\n<p><b>A ujutro ve\u0107 vlada radost<\/b><\/p>\n<p style=\"text-align: justify;\">Zbog tragedija koje vide u svijetu oko sebe, mnogim se ljudima Bo\u017eja obe\u0107anja \u010dine nemogu\u0107ima. Neki ka\u017eu:\u00a0<i>Ako je Bog ljubav za\u0161to onda dopu\u0161ta da se doga\u0111aju takve tragedije njegovoj djeci?<\/i> U stvari mogli bi smo izvu\u0107i najmanje tri zaklju\u010dka: Bog se ne brine, On uop\u0107e ne postoji ili imamo totalno krivu sliku o njegovim planovima i naumima i tako pripisujemo krivnju za sve patnje na pogre\u0161nu adresu. Apostol Ivan ovako postavlja stvari: \u201c<i>Bog je ljubav\u201c <\/i>(1.Ivan.4:8).<\/p>\n<p style=\"text-align: justify;\">Iako Bog sada dopu\u0161ta zlo u svijetu on ga ne prouzro\u010duje. 2. Kor.4:4 opisuje Sotonu kao <i>\u201eBoga ovog svijeta\u201c\u00a0<\/i>i stoga je njegov utjecaj doprinio \u010dovjekovom sada\u0161njem jadnom stanju. Dopu\u0161taju\u0107i to Bog pou\u010dava \u010dovje\u010danstvo da mrzi bolne posljedice grijeha i da s druge strane nau\u010de voljeti Njega i Njegovu pravednost i da tako na najbolji na\u010din iskoriste svoju slobodnu volju.<\/p>\n<p style=\"text-align: justify;\">Bog je stvorio \u010dovjeka savr\u0161enim i u su\u0161tini mu dao ovaj izbor: <i>Ako poslu\u0161a\u0161 moje pravedne zakone \u017eivjet \u0107e\u0161 vje\u010dno a ako ne poslu\u0161a\u0161 umrijet \u0107e\u0161. <\/i>Adam je pao na tom ispitu poslu\u0161nosti i od tog vremena svi osje\u0107amo bolne posljedice. <i>\u201eDu\u0161a koja grije\u0161i, ona \u0107e poginuti.\u201c\u00a0<\/i>Zapazi nije rekao da \u0107e gorijeti zauvijek. (Ezek.18:4)<\/p>\n<p style=\"text-align: justify;\">Budu\u0107i da je Bog ljubav on ne\u0107e stalno dopu\u0161tati Sotoni da vlada. Bo\u017eji planovi uklju\u010duju milosrdnu pripremu spa\u0161avanja od patnje i smrti kroz pru\u017eanje odgovaraju\u0107e otkupnine za Adamov grijeh a time i za sve njegove potomke. <i>\u201eDoista, kako u Adamu SVI umiru, tako \u0107e u Kristu SVI o\u017eivjeti.\u201c\u00a0<\/i>(1.Kor.15:22)\u00a0\u201e<i>Jer je pla\u0107a za grijeh smrt; a milost Bo\u017eja: \u017eivot vje\u010dni u Kristu Isusu, Gospodinu na\u0161emu.\u201c\u00a0<\/i>(Rim.6:23)<\/p>\n<p style=\"text-align: justify;\">Ali kada? \u010covjek je umoran od ovog zlog svijeta. Isus <i>\u201eje sebe dao kao odgovaraju\u0107u otkupninu za <\/i><i><span style=\"text-decoration: underline;\">sve<\/span><\/i><i>. O tome \u0107e se svjedo\u010diti <\/i><i><span style=\"text-decoration: underline;\"> u svoje vrijeme.\u201c\u00a0<\/span><\/i>(1.Tim.2:5,6) Mi znamo da je to vrijeme sada jako blizu budu\u0107i da vidimo doga\u0111aje koji su prore\u010deni kao znak za to a sada se de\u0161avaju u svijetu.\u00a0Danijel ka\u017ee : \u201e<i>Kad \u0107e biti kraj ovim \u010dudesnim stvarima?&#8230;Mnogi \u0107e tr\u010dati tamo i amo i spoznaja \u0107e biti velika\u201c\u00a0<\/i>(Dan.12:6,4 AV) Ovo proro\u010danstvo je usred svog ispunjenja jer putovanja i porast spoznaje su bez presedana u ljudskoj povijesti. \u017divimo na pragu potpunog ispunjenja o \u201e<i>vremenu obnove svega (svijetom ra\u0161irenog raja) o \u010demu je Bog govorio preko svojih svetih proroka iz starog doba!\u201c\u00a0<\/i>(Djela 3:21).<\/p>\n<p style=\"text-align: justify;\">Da, Bog je ljubav. Sotona bi htio da mislimo druga\u010dije, ali u od Boga odre\u0111eno vrijeme svi \u0107e znati za Njegovu dobrotu, \u201e<i>jer oni \u0107e me svi poznavati, od najmanjega do najve\u0107ega\u201c\u00a0<\/i>(Jer.31:34). Tada \u0107e do\u0107i obe\u0107ano jutro u kojem \u0107e vladati radost. \u201e<i>I obrisat \u0107e Bog svaku suzu s o\u010diju njihovih i smrti vi\u0161e ne\u0107e biti, ni tuge ni jauka ni boli vi\u0161e ne\u0107e biti.Sve \u0161to je prije bilo nestalo je.\u201c\u00a0<\/i>(Otkr.21:4)<\/p>\n<p style=\"text-align: justify;\">Ukoliko \u017eeli\u0161 nau\u010diti ne\u0161to vi\u0161e o Bo\u017ejem planu punom ljubavi budi slobodan pisati na email adresu koja je ovdje navedena i zatra\u017eiti besplatan primjerak bro\u0161ure <b>Utjeha. <\/b>Ta \u0107e bro\u0161ura oja\u010dati tvoju vjeru, pru\u017eiti ti odgovore iz Biblije i rasvijetliti ti divnu nadu koja se u njoj nalazi. Jednostavno se obrati na ovu email adresu:<\/p>\n<p style=\"text-align: justify;\"><span style=\"color: #0000ff;\"><span style=\"text-decoration: underline;\"><a href=\"http:\/\/www.istrazivaciBiblijeuHrvatskoj.com\/\">www.istrazivaciBiblijeuHrvatskoj.com<\/a><\/span><\/span> ili na <span style=\"color: #0000ff;\"><span style=\"text-decoration: underline;\"><a href=\"mailto:info@istrazivaciBiblijeuHrvatskoj.com\">info@istrazivaciBiblijeuHrvatskoj.com<\/a><\/span><\/span><\/p>\n<p style=\"text-align: justify;\"><img loading=\"lazy\" decoding=\"async\" class=\"aligncenter size-full wp-image-223\" src=\"https:\/\/istrazivacibiblijeuhrvatskoj.com\/blog\/wp-content\/uploads\/2013\/09\/JoyBack.jpg\" alt=\"JoyBack\" width=\"540\" height=\"365\" srcset=\"https:\/\/istrazivacibiblijeuhrvatskoj.com\/blog\/wp-content\/uploads\/2013\/09\/JoyBack.jpg 540w, https:\/\/istrazivacibiblijeuhrvatskoj.com\/blog\/wp-content\/uploads\/2013\/09\/JoyBack-300x202.jpg 300w\" sizes=\"auto, (max-width: 540px) 100vw, 540px\" \/><\/p>\n<p>\u201e<i>Otkupljeni od Gospodina vratit \u0107e se po njemu i do\u0107i \u0107e u Sion pjevaju\u0107i. Glavu \u0107e njihovu obasjavati vje\u010dna radost. Veselje i radost prate ih. Briga i uzdisanje bje\u017ee.\u201c <\/i>(Iza.35:10)<\/p>\n<p>Za besplatan primjerak bro\u0161ure Zraka Nade pi\u0161ite na <span style=\"color: #0000ff;\"><span style=\"text-decoration: underline;\"><a href=\"mailto:info@istrazivaciBiblijeuHrvatskoj.com\">info@istrazivaciBiblijeuHrvatskoj.com<\/a><\/span><\/span> ili na <span style=\"color: #0000ff;\"><span style=\"text-decoration: underline;\"><a href=\"http:\/\/www.istrazivaciBiblijeuHrvatskoj.com\/\">www.istrazivaciBiblijeuHrvatskoj.com<\/a><\/span><\/span><\/p>\n","protected":false},"excerpt":{"rendered":"<p>A ujutro ve\u0107 vlada radost Zbog tragedija koje vide u svijetu oko sebe, mnogim se ljudima Bo\u017eja obe\u0107anja \u010dine nemogu\u0107ima. Neki ka\u017eu:\u00a0Ako je Bog ljubav za\u0161to onda dopu\u0161ta da se doga\u0111aju takve tragedije njegovoj djeci? U stvari mogli bi smo &hellip; <a href=\"https:\/\/istrazivacibiblijeuhrvatskoj.com\/blog\/traktati\/radost\/\">Continue reading <span class=\"meta-nav\">&rarr;<\/span><\/a><\/p>\n","protected":false},"author":1,"featured_media":0,"parent":1229,"menu_order":3,"comment_status":"open","ping_status":"closed","template":"","meta":{"footnotes":""},"class_list":["post-211","page","type-page","status-publish","hentry"],"_links":{"self":[{"href":"https:\/\/istrazivacibiblijeuhrvatskoj.com\/blog\/wp-json\/wp\/v2\/pages\/211","targetHints":{"allow":["GET"]}}],"collection":[{"href":"https:\/\/istrazivacibiblijeuhrvatskoj.com\/blog\/wp-json\/wp\/v2\/pages"}],"about":[{"href":"https:\/\/istrazivacibiblijeuhrvatskoj.com\/blog\/wp-json\/wp\/v2\/types\/page"}],"author":[{"embeddable":true,"href":"https:\/\/istrazivacibiblijeuhrvatskoj.com\/blog\/wp-json\/wp\/v2\/users\/1"}],"replies":[{"embeddable":true,"href":"https:\/\/istrazivacibiblijeuhrvatskoj.com\/blog\/wp-json\/wp\/v2\/comments?post=211"}],"version-history":[{"count":8,"href":"https:\/\/istrazivacibiblijeuhrvatskoj.com\/blog\/wp-json\/wp\/v2\/pages\/211\/revisions"}],"predecessor-version":[{"id":15945,"href":"https:\/\/istrazivacibiblijeuhrvatskoj.com\/blog\/wp-json\/wp\/v2\/pages\/211\/revisions\/15945"}],"up":[{"embeddable":true,"href":"https:\/\/istrazivacibiblijeuhrvatskoj.com\/blog\/wp-json\/wp\/v2\/pages\/1229"}],"wp:attachment":[{"href":"https:\/\/istrazivacibiblijeuhrvatskoj.com\/blog\/wp-json\/wp\/v2\/media?parent=211"}],"curies":[{"name":"wp","href":"https:\/\/api.w.org\/{rel}","templated":true}]}}