{"id":315,"date":"2013-09-22T13:18:42","date_gmt":"2013-09-22T11:18:42","guid":{"rendered":"http:\/\/istrazivacibiblijeuhrvatskoj.com\/blog\/?page_id=315"},"modified":"2015-03-20T10:00:21","modified_gmt":"2015-03-20T08:00:21","slug":"bozanski-plan-o-vjekovima","status":"publish","type":"page","link":"https:\/\/istrazivacibiblijeuhrvatskoj.com\/blog\/knige\/bozanski-plan-o-vjekovima\/","title":{"rendered":"Bo\u017eanski plan vjekova"},"content":{"rendered":"<p>&nbsp;<\/p>\n<p style=\"text-align: center;\"><span style=\"font-size: 200%;\"><b>STUDIJE SVETOG<\/b><\/span><br \/>\n<span style=\"font-size: 200%;\"><b>PISMA<\/b><\/span><\/p>\n<p style=\"text-align: center;\">\u201eA pravedni\u010dka je staza kao sjajna svjetlost koja sve ja\u010de svijetli, dok ne bude potpuni dan\u201c<\/p>\n<p style=\"text-align: center;\"><b style=\"font-size: 200%;\">SVEZAK 1<\/b><\/p>\n<p style=\"text-align: center;\"><b style=\"font-size: 200%;\">Bo\u017eanski plan vjekova<\/b><\/p>\n<p style=\"text-align: center;\">Opravdanje Bo\u017eje vladavine i osobnosti:Pokazuje se kroz priznanje i<br \/>\nuskla\u0111ivanje sveg Pisma da dopu\u0161tanje zla u pro\u0161losti i danas<br \/>\nobrazovno i pripremno utire put \u010dovje\u010danstvu u Zlatno<br \/>\ndoba proro\u010danstva u kojemu \u0107e svi narodi na zemlji<br \/>\nbiti blagoslovljeni s potpunom spoznajom o Bogu<br \/>\ni prilikom za postizanje vje\u010dnog \u017eivota kroz<br \/>\nOtkupitelja koji \u0107e tada biti veliki obnovitelj<br \/>\ni \u017eivotodavac (Djela 3:19-21)<\/p>\n<h2 style=\"text-align: center;\"><b>Za Kralja kraljeva i Gospodara gospodara<\/b><\/h2>\n<p align=\"CENTER\"><span style=\"font-size: 150%;\">U KORIST<\/span><br \/>\n<span style=\"font-size: 150%;\">NJEGOVIH POSVE\u0106ENIH SVETACA<\/span><br \/>\n<span style=\"font-size: 150%;\">KOJI \u010cEKAJU USVAJANJE<\/span><br \/>\n<span style=\"font-size: 150%;\">-I ZA SVE-<\/span><br \/>\n<span style=\"font-size: 150%;\">\u201eKOJI NA SVAKOM MJESTU PRIZIVAJU GOSPODINA\u201c<\/span><br \/>\n<span style=\"font-size: 150%;\">\u201eKU\u0106ANSTVU VJERE\u201c<\/span><\/p>\n<p align=\"CENTER\"><span style=\"font-size: 150%;\">-I ZA-<br \/>\nSTVORENJE KOJE JE U BOLI I KOJE UZDI\u0160E\u00a0O\u010cEKUJU\u0106I<br \/>\nOBJAVLJIVANJE SINOVA BO\u017dJIH<\/span><\/p>\n<h2 align=\"CENTER\"><b>OVO DJELO POSVE\u0106ENO JE SVIMA NJIMA.<\/b><\/h2>\n<p align=\"CENTER\">\u201e Da mo\u017eete proniknuti u razumijevanje svete tajne o Kristu. U prija\u0161njim<br \/>\nnara\u0161tajima ta tajna nije bila obznanjena sinovima ljudskim. Obilno nam<br \/>\nje udijelio tu nezaslu\u017eenu dobrotu zajedno sa svom mudro\u0161\u0107u i razborito\u0161\u0107u<br \/>\nobznaniv\u0161i nam svetu tajnu svoje volje. Ta je sveta tajna u skladu s onim \u0161to<br \/>\n\u017eeli, s njegovim naumom, da se sve uredi kad se navr\u0161i vrijeme, naime da se<br \/>\nsve ponovno sastavi u Kristu- ono \u0161to je na nebesima i ono \u0161to je na zemlji-<br \/>\nu njemu \u201e<\/p>\n<p align=\"CENTER\"><i><b>Efe\u017e.3:4, 5, 9 ;1:8-10<\/b><\/i><\/p>\n<p align=\"CENTER\">Napisao 1886 pastor Russell<\/p>\n","protected":false},"excerpt":{"rendered":"<p>&nbsp; STUDIJE SVETOG PISMA \u201eA pravedni\u010dka je staza kao sjajna svjetlost koja sve ja\u010de svijetli, dok ne bude potpuni dan\u201c SVEZAK 1 Bo\u017eanski plan vjekova Opravdanje Bo\u017eje vladavine i osobnosti:Pokazuje se kroz priznanje i uskla\u0111ivanje sveg Pisma da dopu\u0161tanje zla &hellip; <a href=\"https:\/\/istrazivacibiblijeuhrvatskoj.com\/blog\/knige\/bozanski-plan-o-vjekovima\/\">Continue reading <span class=\"meta-nav\">&rarr;<\/span><\/a><\/p>\n","protected":false},"author":1,"featured_media":0,"parent":4986,"menu_order":10,"comment_status":"open","ping_status":"closed","template":"","meta":{"footnotes":""},"class_list":["post-315","page","type-page","status-publish","hentry"],"_links":{"self":[{"href":"https:\/\/istrazivacibiblijeuhrvatskoj.com\/blog\/wp-json\/wp\/v2\/pages\/315","targetHints":{"allow":["GET"]}}],"collection":[{"href":"https:\/\/istrazivacibiblijeuhrvatskoj.com\/blog\/wp-json\/wp\/v2\/pages"}],"about":[{"href":"https:\/\/istrazivacibiblijeuhrvatskoj.com\/blog\/wp-json\/wp\/v2\/types\/page"}],"author":[{"embeddable":true,"href":"https:\/\/istrazivacibiblijeuhrvatskoj.com\/blog\/wp-json\/wp\/v2\/users\/1"}],"replies":[{"embeddable":true,"href":"https:\/\/istrazivacibiblijeuhrvatskoj.com\/blog\/wp-json\/wp\/v2\/comments?post=315"}],"version-history":[{"count":12,"href":"https:\/\/istrazivacibiblijeuhrvatskoj.com\/blog\/wp-json\/wp\/v2\/pages\/315\/revisions"}],"predecessor-version":[{"id":1525,"href":"https:\/\/istrazivacibiblijeuhrvatskoj.com\/blog\/wp-json\/wp\/v2\/pages\/315\/revisions\/1525"}],"up":[{"embeddable":true,"href":"https:\/\/istrazivacibiblijeuhrvatskoj.com\/blog\/wp-json\/wp\/v2\/pages\/4986"}],"wp:attachment":[{"href":"https:\/\/istrazivacibiblijeuhrvatskoj.com\/blog\/wp-json\/wp\/v2\/media?parent=315"}],"curies":[{"name":"wp","href":"https:\/\/api.w.org\/{rel}","templated":true}]}}