{"id":348,"date":"2013-09-27T09:56:10","date_gmt":"2013-09-27T07:56:10","guid":{"rendered":"http:\/\/istrazivacibiblijeuhrvatskoj.com\/blog\/?page_id=348"},"modified":"2016-12-15T08:49:10","modified_gmt":"2016-12-15T06:49:10","slug":"uvodna-rijec-autora","status":"publish","type":"page","link":"https:\/\/istrazivacibiblijeuhrvatskoj.com\/blog\/knige\/bozanski-plan-o-vjekovima\/uvodna-rijec-autora\/","title":{"rendered":"UVODNA RIJE\u010c AUTORA"},"content":{"rendered":"<p><b>Ai<\/b><\/p>\n<p align=\"CENTER\">Bo\u017eanski plan vjekova<\/p>\n<p align=\"CENTER\"><span style=\"color: #0000ff;\"><i><b>UVODNA RIJE\u010c AUTORA<\/b><\/i><\/span><\/p>\n<p style=\"text-align: justify;\">AUTOR i izdava\u010di \u017eele javno priznati da se samo zahvaljuju\u0107i\u00a0Bo\u017ejoj naklonosti smiju identificirati sa nakladom ovog sveska\u00a0i sa rezultatima \u2013 svjetlom, rado\u0161\u0107u, mirom i zajedni\u0161tvom s\u00a0Bogom mnogim gladnim, \u017eednim i zbunjenim du\u0161ama. Prvo\u00a0izdanje u svom sada\u0161njem obliku izdano je 1 886. Od tada je\u00a0jedno izdanje slijedilo drugo brzim slijedom na dvadesetak\u00a0razli\u010ditih jezika tako da je do sada oko 5 milijuna primjeraka\u00a0zavr\u0161ilo u rukama ljudi \u0161irom svijeta.<\/p>\n<p>Mi se ne nadamo da su sve te knjige procitane, me\u0111utim\u00a0stalno primamo pisma koja nas uvjeravaju da one ipak sna\u017eno\u00a0utje\u010du na srca i umove ljudi posvuda. Tisu\u0107e su nam pisale da\u00a0su bile pod utjecajem \u2013 neki od njih uop\u0107e nisu niti vjerovali\u00a0da je Biblija bo\u017eansko otkrivenje \u010dovje\u010danstvu. Neki su pisali\u00a0da su bili ateisti ili tako nekako zato \u0161to nisu prije poznavali\u00a0pravog Boga i njegov pravi plan o vjekovima pa stoga nisu ni\u00a0mogli prihvatiti, cijeniti i obo\u017eavati osobnost koja im je bila\u00a0prezentirana u tradicionalnim u\u010denjima.<\/p>\n<p style=\"text-align: justify;\">Nekih pet godina prije objavljivanja ovog izdanja ustvari smo imali istu stvar u tiskanom obliku samo pod druga\u010dijim imenom i druga\u010dije prezentiranu. Ta knjiga bila je naslovljena \u201eHrana za misaone kr\u0161\u0107ane\u201c. Njezin stil bio je druga\u010diji u tome \u0161to je u prvom redu napadala pogre\u0161na u\u010denja- sru\u0161ila ih i onda na njihovom mjestu podigla tkivo Istine. Na koncu smo shvatili da to i nije bio najbolji na\u010din- naime neki su se uznemirili kada su vidjeli da njihova pogre\u0161na u\u010denja padaju i dalje vi\u0161e nisu \u017eeljeli \u010ditati i onda dobiti uvid u prekrasnu strukturu Istine na mjestu poru\u0161enih neistina.<\/p>\n<p><b>Aii<\/b><\/p>\n<p style=\"text-align: justify;\">Ovaj svezak napisan je sa sasvim obrnutog stajali\u0161ta. On predstavlja Istinu, pokazuje njezinu snagu i ljepotu i tada predla\u017ee uklanjanje neistine, jer ne samo da je nepotrebna nego je apsolutno beskorisna i vrlo \u0161tetna. Tako \u010ditatelj BO\u017dANSKOG PLANA VJEKOVA svakim novim korakom pronalazi ja\u010danje vjere i ve\u0107u bliskost s Gospodinom a s time onda i pouzdanje da je na pravom putu. Nakon \u0161to se vidi Istina, na neistinita u\u010denja se sve vi\u0161e po\u010dinje gledati kao ne\u0161to apsurdno, bezvrijedno, \u0161tetno i tada ih se rado odbacuje.<\/p>\n<p style=\"text-align: justify;\">Veliki protivnik naravno ne voli bilo \u0161ta \u0161to otvara o\u010di Bo\u017ejem narodu, pove\u0107ava po\u0161tovanje prema Bo\u017ejoj knjizi i prekida njihovo oslanjanje na ljudska vjerovanja. Veliki se protivnik prema tome kao \u0161to smo i o\u010dekivali veoma protivi ovoj knjizi. Jako ih malo shva\u0107a Sotoninu mo\u0107 i lukavstvo; i isto ih jako malo shva\u0107a zna\u010denje Apostolovih rije\u010di \u0161to se ti\u010de ovog princa tame koji se preobra\u017eava u slugu svijetla da bi se borio protiv Istine i uni\u0161tio njezin utjecaj. Tako\u0111er ih samo malo razumije da na\u0161 lukavi protivnik nastoji iskoristiti najbolje, najenergi\u010dnije i najutjecajnije iz redova Bo\u017ejeg naroda da ometaju sjaj svijetla i da sklone Bo\u017eanski plan vjekova od ljudi.<\/p>\n<p style=\"text-align: justify;\">Malo ih shva\u0107a da od vremena stvaranja kredaa 325 n.e. 1260 godina uop\u0107e nije bilo prou\u010davanja Biblije. Malo ih shva\u0107a da su tokom tog vremena ta kreda bila prikovana na umove milijuna, vje\u0161aju\u0107i ih na stra\u0161ne pogre\u0161ke i osljepljuju\u0107i ih s obzirom na Bo\u017eji karakter mudrosti, ljubavi, pravde i mo\u0107i. Malo ih shva\u0107a da su od vremena Reformacije \u2013 od kada je Biblija po\u010dela dolaziti u ruke ljudima- dobronamjerni ali zavedeni reformatori bili su zaslijepljeni i hendikepirani gre\u0161kama iz pro\u0161losti. I tako su poslu\u017eili da zadr\u017ee ljude u tami. <b>[Aiii]<\/b> Malo ih shva\u0107a da pravo prou\u010davanje Biblije poput onoga u ranoj Crkvi kakvo su provodili apostoli danas prakticiraju jedino Istra\u017eiva\u010di Biblije.<\/p>\n<p style=\"text-align: justify;\">Za ranija izdanja ovog sveska bio je kori\u0161ten naslov \u201eSvanu\u0107e Milenija\u201c; ali razumjeli smo da su se mnogi prevarili razmi\u0161ljaju\u0107i da se mo\u017eda radi o romanu. U cilju da se nitko prilikom nabavke ne prevari kasnije smo usvojili sada\u0161nji serijski naslov \u201eStudije Svetog pisma\u201c kojeg ntiko ne\u0107e pogre\u0161no razumjeti.<\/p>\n<p style=\"text-align: justify;\">Mnogi su upiti do\u0161li do nas o tome za\u0161to se ove knjige ne mogu na\u0107i u knji\u017earama? Na\u0161 je odgovor da iako bi nakladnici knjiga rado imali te knjige postoje izvjesni vjerski fanatici koji ne\u0107e dozvoliti njihovu prodaju \u2013 prijete\u0107i bojkot. Na prvi pogled ovo mo\u017ee izgledati veoma tragi\u010dno \u2013 kao da je Protivnikovoj mo\u0107i dozvoljeno da sprije\u010di \u0161irenje Istine. Ali Bog je milostivo zaobi\u0161ao tu stvar tako da danas gotovo nijedna knjiga nema tako veliku i postojanu nakladu kao ovaj svezak. Mnogi koji su zbog predrasuda odbili pro\u010ditati ovu knjigu i borili se protiv nje, \u010dinili su to zbog la\u017ei i krivog prikazivanja stvari.<\/p>\n<p style=\"text-align: justify;\">Mnoge od tih knjiga bile su spaljene od strane ljudi koji su bili pod utjecajem te propagande. Sli\u0161no su pro\u0161li i Isusovi sljedbenici tokom Srednjeg vijeka od kojih su mnogi patili kao mu\u010denici. Da, sam Isus trpio je od ruku onih koji nisu razumijeli ni njega ni njegova u\u010denja, ba\u0161 kao \u0161to je apostol Petar nagla\u0161eno objavio : \u201eI sada bra\u0107o znam da ste ono u\u010dinili u neznanju kao i va\u0161i poglavari\u201c (Djela 3:17) \u201eJer da su je upoznali, ne bi Gospodina slave raspeli\u201c (1.Kor. 2:18)<\/p>\n<p style=\"text-align: justify;\">Dok su neprijatelji knjige bili ogor\u010deni, nepravedni <b>[Aiv]<\/b> i neistiniti njihovi su prijatelji razmjerno tome bili srda\u010dni revni. Prijatelji knjige koji su iz ljubavi prema Istini dali svoje vrijeme i snagu za njeno \u0161irenje doprinijeli su tome da su sada milijuni primjeraka te knjige u rukama ljudi koji vole Istinu. Dok pi\u0161emo ove rije\u010di znamo \u010dinjenicu da je oko 600 kr\u0161\u0107ana iz razli\u010ditih sfera \u017eivota \u201enapustilo sve\u201c zemaljske poslove, pozive i ambicije kako bi mogli slaviti Gospodina i blagoslivljati njegove gladne svete stavljaju\u0107i im ovaj mali svezak u ruke. Oni uklju\u010duju lije\u010dnike, u\u010ditelje , medicinske sestre, sve\u0107enike, brija\u010de i mehani\u010dare- dakle ljudi iz svih dru\u0161tvenih slojeva \u010dije srce je dirnuto ljubavlju Bo\u017ejom i koji imaju \u017eelju da drugim umovima i srcima prenesu taj blagoslov.<\/p>\n<p style=\"text-align: justify;\">Ove knjige su prodane po maloj cijeni i ovi kolporteri koji ih javno raznose jedva su u stanju pokriti svoje tro\u0161kove. Me\u0111utim oni se raduju iako su ponekada u oskudicama \u0161to su dostojni trpjeti neke neugodnosti i gubitke zbog Gospodina, Istine i bra\u0107e. Dobro se djelo nastavlja, poruka \u017eivota u Kristu prelazi iz ruke u ruku. Sada\u0161nja distribucija ovog sveska je ogromna. Neka bi Njegov blagoslov u budu\u0107im danima bio srazmjerno velik onome iz pro\u0161losti. Autor i izdava\u010di ne mogu tra\u017eiti vi\u0161e.<\/p>\n<p style=\"text-align: left;\">S najboljim \u017eeljama svim \u010ditateljima<br \/>\nVa\u0161 sluga u Gospodinu<br \/>\nCharles T. Russell<\/p>\n<p>Brooklyn N.Y.<br \/>\n1. listopad 1916<\/p>\n","protected":false},"excerpt":{"rendered":"<p>Ai Bo\u017eanski plan vjekova UVODNA RIJE\u010c AUTORA AUTOR i izdava\u010di \u017eele javno priznati da se samo zahvaljuju\u0107i\u00a0Bo\u017ejoj naklonosti smiju identificirati sa nakladom ovog sveska\u00a0i sa rezultatima \u2013 svjetlom, rado\u0161\u0107u, mirom i zajedni\u0161tvom s\u00a0Bogom mnogim gladnim, \u017eednim i zbunjenim du\u0161ama. Prvo\u00a0izdanje &hellip; <a href=\"https:\/\/istrazivacibiblijeuhrvatskoj.com\/blog\/knige\/bozanski-plan-o-vjekovima\/uvodna-rijec-autora\/\">Continue reading <span class=\"meta-nav\">&rarr;<\/span><\/a><\/p>\n","protected":false},"author":1,"featured_media":0,"parent":315,"menu_order":5,"comment_status":"open","ping_status":"closed","template":"","meta":{"footnotes":""},"class_list":["post-348","page","type-page","status-publish","hentry"],"_links":{"self":[{"href":"https:\/\/istrazivacibiblijeuhrvatskoj.com\/blog\/wp-json\/wp\/v2\/pages\/348","targetHints":{"allow":["GET"]}}],"collection":[{"href":"https:\/\/istrazivacibiblijeuhrvatskoj.com\/blog\/wp-json\/wp\/v2\/pages"}],"about":[{"href":"https:\/\/istrazivacibiblijeuhrvatskoj.com\/blog\/wp-json\/wp\/v2\/types\/page"}],"author":[{"embeddable":true,"href":"https:\/\/istrazivacibiblijeuhrvatskoj.com\/blog\/wp-json\/wp\/v2\/users\/1"}],"replies":[{"embeddable":true,"href":"https:\/\/istrazivacibiblijeuhrvatskoj.com\/blog\/wp-json\/wp\/v2\/comments?post=348"}],"version-history":[{"count":10,"href":"https:\/\/istrazivacibiblijeuhrvatskoj.com\/blog\/wp-json\/wp\/v2\/pages\/348\/revisions"}],"predecessor-version":[{"id":3542,"href":"https:\/\/istrazivacibiblijeuhrvatskoj.com\/blog\/wp-json\/wp\/v2\/pages\/348\/revisions\/3542"}],"up":[{"embeddable":true,"href":"https:\/\/istrazivacibiblijeuhrvatskoj.com\/blog\/wp-json\/wp\/v2\/pages\/315"}],"wp:attachment":[{"href":"https:\/\/istrazivacibiblijeuhrvatskoj.com\/blog\/wp-json\/wp\/v2\/media?parent=348"}],"curies":[{"name":"wp","href":"https:\/\/api.w.org\/{rel}","templated":true}]}}