{"id":3480,"date":"2014-09-10T06:50:51","date_gmt":"2014-09-10T04:50:51","guid":{"rendered":"http:\/\/istrazivacibiblijeuhrvatskoj.com\/blog\/?page_id=3480"},"modified":"2015-03-20T10:01:04","modified_gmt":"2015-03-20T08:01:04","slug":"blizu-je-vrijeme","status":"publish","type":"page","link":"https:\/\/istrazivacibiblijeuhrvatskoj.com\/blog\/knige\/blizu-je-vrijeme\/","title":{"rendered":"Blizu je vrijeme"},"content":{"rendered":"<h1 style=\"text-align: center;\"><strong>STUDIJE<\/strong><br \/>\n<strong>SVETOG PISMA<\/strong><\/h1>\n<p style=\"text-align: center;\">\u201eA pravednicka je staza kao sjajna svjetlost<br \/>\nkoja sve jace svijetli, dok ne bude<br \/>\npotpuni dan\u201c<\/p>\n<p style=\"text-align: center;\"><strong> 2. SVEZAK<\/strong><\/p>\n<h2 style=\"text-align: center;\"><strong> Blizu je vrijeme<\/strong><\/h2>\n<p style=\"text-align: center;\">\u201cDa bi od lica Gospodinova do\u0161la vremena okrepe; te da<br \/>\npo\u0161alje Onoga koji vam je vec unaprijed navije\u0161ten \u2013<br \/>\nIsusa Krista,:Njega nebo treba primiti do<br \/>\n<strong>VREMENA OBNOVE SVEGA,<br \/>\n<\/strong>o cemu je odvijeka govorio Bog na usta svih svojih<br \/>\nsvetih proroka.\u201d \u201cAli vi braco, niste u tami, da bi vas dan<br \/>\nkao tat mogao zaskociti.\u201d (Djela 3:1 9-21 ; 1 .Sol.5:4)<strong><br \/>\n<\/strong><\/p>\n<p style=\"text-align: center;\">______<\/p>\n<p style=\"text-align: center;\">Reprinted in 2014<br \/>\n<strong>Istra\u017eivaci Biblije u Hrvatskoj<\/strong><\/p>\n<p style=\"text-align: center;\">______<\/p>\n<p style=\"text-align: center;\">OVO DJELO POSVECENO JE<br \/>\n<strong>Kralju nad kraljevima i Gospodaru svih gospodara<br \/>\n<\/strong><br \/>\nNAPISANO KAO POMOC<br \/>\nNJEMU PREDANIM SVETIMA,<br \/>\nKOJI CEKAJU USVAJANJE,<br \/>\n\u2014 I ZA ONE \u2014<br \/>\n\u201eKOJI NA SVAKOM MJESTU PRIZIVAJU GOSPODINA, \u201e<br \/>\n\u201eNJEGOVE VJERNE UKUCANE, \u201e<br \/>\n\u2014 I ZA\u2014<br \/>\nSTVORENJE KOJE UZDI\u0160E I U BOLI JE SVE DO SADA,<br \/>\nOCEKUJUCI POJAVLJIVANJE SINOVA BO\u017dJIH,<\/p>\n<p style=\"text-align: center;\">\u201eDa mo\u017eete proniknuti u razumijevanje svete tajne o Kristu. U<br \/>\nprija\u0161njim nara\u0161tajima ta tajna nije bila obznanjena sinovima<br \/>\nljudskim. Obilno nam je udijelio tu nezaslu\u017eenu dobrotu<br \/>\nzajedno sa svom mudro\u0161cu i razborito\u0161cu obznaniv\u0161i<br \/>\nnam svetu tajnu svoje volje. Ta je sveta tajna u skladu<br \/>\ns onim \u0161to \u017eeli, s njegovim naumom, da se sve<br \/>\nuredi kad se navr\u0161i vrijeme, naime da se sve<br \/>\n\u2014 ono \u0161to je na nebesima i ono \u0161to<br \/>\nje na zemlji \u2014 ponovno<br \/>\nsastavi u Kristu.\u201c<\/p>\n<p style=\"text-align: center;\">Efe\u017eanima. 3:4, 5, 9; 1 :8 \u2013 1 0<\/p>\n<p style=\"text-align: center;\">_______<\/p>\n<p style=\"text-align: center;\">Napisao 1889 Pastor Russell<br \/>\n_______<\/p>\n<p style=\"text-align: center;\">\n","protected":false},"excerpt":{"rendered":"<p>STUDIJE SVETOG PISMA \u201eA pravednicka je staza kao sjajna svjetlost koja sve jace svijetli, dok ne bude potpuni dan\u201c 2. SVEZAK Blizu je vrijeme \u201cDa bi od lica Gospodinova do\u0161la vremena okrepe; te da po\u0161alje Onoga koji vam je vec &hellip; <a href=\"https:\/\/istrazivacibiblijeuhrvatskoj.com\/blog\/knige\/blizu-je-vrijeme\/\">Continue reading <span class=\"meta-nav\">&rarr;<\/span><\/a><\/p>\n","protected":false},"author":1,"featured_media":0,"parent":4986,"menu_order":20,"comment_status":"open","ping_status":"open","template":"","meta":{"footnotes":""},"class_list":["post-3480","page","type-page","status-publish","hentry"],"_links":{"self":[{"href":"https:\/\/istrazivacibiblijeuhrvatskoj.com\/blog\/wp-json\/wp\/v2\/pages\/3480","targetHints":{"allow":["GET"]}}],"collection":[{"href":"https:\/\/istrazivacibiblijeuhrvatskoj.com\/blog\/wp-json\/wp\/v2\/pages"}],"about":[{"href":"https:\/\/istrazivacibiblijeuhrvatskoj.com\/blog\/wp-json\/wp\/v2\/types\/page"}],"author":[{"embeddable":true,"href":"https:\/\/istrazivacibiblijeuhrvatskoj.com\/blog\/wp-json\/wp\/v2\/users\/1"}],"replies":[{"embeddable":true,"href":"https:\/\/istrazivacibiblijeuhrvatskoj.com\/blog\/wp-json\/wp\/v2\/comments?post=3480"}],"version-history":[{"count":7,"href":"https:\/\/istrazivacibiblijeuhrvatskoj.com\/blog\/wp-json\/wp\/v2\/pages\/3480\/revisions"}],"predecessor-version":[{"id":3487,"href":"https:\/\/istrazivacibiblijeuhrvatskoj.com\/blog\/wp-json\/wp\/v2\/pages\/3480\/revisions\/3487"}],"up":[{"embeddable":true,"href":"https:\/\/istrazivacibiblijeuhrvatskoj.com\/blog\/wp-json\/wp\/v2\/pages\/4986"}],"wp:attachment":[{"href":"https:\/\/istrazivacibiblijeuhrvatskoj.com\/blog\/wp-json\/wp\/v2\/media?parent=3480"}],"curies":[{"name":"wp","href":"https:\/\/api.w.org\/{rel}","templated":true}]}}