{"id":3515,"date":"2014-09-14T08:08:27","date_gmt":"2014-09-14T06:08:27","guid":{"rendered":"http:\/\/istrazivacibiblijeuhrvatskoj.com\/blog\/?page_id=3515"},"modified":"2019-06-30T08:02:56","modified_gmt":"2019-06-30T06:02:56","slug":"himne-milenijskog-svitanja","status":"publish","type":"page","link":"https:\/\/istrazivacibiblijeuhrvatskoj.com\/blog\/audio-video\/himne-milenijskog-svitanja\/","title":{"rendered":"Himne Milenijskog Svitanja"},"content":{"rendered":"<p>http:\/\/www.absonh.net\/music.html<\/p>\n<p style=\"text-align: justify;\">Pjesme koje istra\u017eiva\u010di Biblije koriste za osobno, obiteljsko i skup\u0161tinsko obo\u017eavanje:<\/p>\n<p style=\"text-align: justify;\"><a href=\"https:\/\/istrazivacibiblijeuhrvatskoj.com\/blog\/wp-content\/uploads\/2019\/06\/hymns.pdf\" target=\"_blank\" rel=\"noopener noreferrer\">Hymns of Millennial Dawn &#8211; English<\/a><\/p>\n","protected":false},"excerpt":{"rendered":"<p>http:\/\/www.absonh.net\/music.html Pjesme koje istra\u017eiva\u010di Biblije koriste za osobno, obiteljsko i skup\u0161tinsko obo\u017eavanje: Hymns of Millennial Dawn &#8211; English<\/p>\n","protected":false},"author":1,"featured_media":0,"parent":4993,"menu_order":10,"comment_status":"open","ping_status":"open","template":"","meta":{"footnotes":""},"class_list":["post-3515","page","type-page","status-publish","hentry"],"_links":{"self":[{"href":"https:\/\/istrazivacibiblijeuhrvatskoj.com\/blog\/wp-json\/wp\/v2\/pages\/3515","targetHints":{"allow":["GET"]}}],"collection":[{"href":"https:\/\/istrazivacibiblijeuhrvatskoj.com\/blog\/wp-json\/wp\/v2\/pages"}],"about":[{"href":"https:\/\/istrazivacibiblijeuhrvatskoj.com\/blog\/wp-json\/wp\/v2\/types\/page"}],"author":[{"embeddable":true,"href":"https:\/\/istrazivacibiblijeuhrvatskoj.com\/blog\/wp-json\/wp\/v2\/users\/1"}],"replies":[{"embeddable":true,"href":"https:\/\/istrazivacibiblijeuhrvatskoj.com\/blog\/wp-json\/wp\/v2\/comments?post=3515"}],"version-history":[{"count":12,"href":"https:\/\/istrazivacibiblijeuhrvatskoj.com\/blog\/wp-json\/wp\/v2\/pages\/3515\/revisions"}],"predecessor-version":[{"id":12643,"href":"https:\/\/istrazivacibiblijeuhrvatskoj.com\/blog\/wp-json\/wp\/v2\/pages\/3515\/revisions\/12643"}],"up":[{"embeddable":true,"href":"https:\/\/istrazivacibiblijeuhrvatskoj.com\/blog\/wp-json\/wp\/v2\/pages\/4993"}],"wp:attachment":[{"href":"https:\/\/istrazivacibiblijeuhrvatskoj.com\/blog\/wp-json\/wp\/v2\/media?parent=3515"}],"curies":[{"name":"wp","href":"https:\/\/api.w.org\/{rel}","templated":true}]}}