{"id":3538,"date":"2014-09-17T08:19:37","date_gmt":"2014-09-17T06:19:37","guid":{"rendered":"http:\/\/istrazivacibiblijeuhrvatskoj.com\/blog\/?page_id=3538"},"modified":"2025-11-06T16:58:04","modified_gmt":"2025-11-06T14:58:04","slug":"frank-i-ernest-biblijski-dijalog","status":"publish","type":"page","link":"https:\/\/istrazivacibiblijeuhrvatskoj.com\/blog\/audio-video\/frank-i-ernest-biblijski-dijalog\/","title":{"rendered":"Frank i Ernest &#8211; Biblijski dijalog"},"content":{"rendered":"<p>&nbsp;<\/p>\n<p><span style=\"color: #800080;\"><strong><a href=\"https:\/\/istrazivacibiblijeuhrvatskoj.com\/blog\/wp-content\/uploads\/2025\/07\/Copilot_20250715_004625.png\"><img loading=\"lazy\" decoding=\"async\" class=\"alignnone wp-image-16154\" src=\"https:\/\/istrazivacibiblijeuhrvatskoj.com\/blog\/wp-content\/uploads\/2025\/07\/Copilot_20250715_004625-300x200.png\" alt=\"\" width=\"620\" height=\"413\" srcset=\"https:\/\/istrazivacibiblijeuhrvatskoj.com\/blog\/wp-content\/uploads\/2025\/07\/Copilot_20250715_004625-300x200.png 300w, https:\/\/istrazivacibiblijeuhrvatskoj.com\/blog\/wp-content\/uploads\/2025\/07\/Copilot_20250715_004625.png 768w\" sizes=\"auto, (max-width: 620px) 100vw, 620px\" \/><\/a>Tema ovog tjedna od 02. &#8211; 09. 11. 2025: KR\u0160\u0106ANSKO KR\u0160TENJE<\/strong><\/span><\/p>\n<audio class=\"wp-audio-shortcode\" id=\"audio-3538-1\" preload=\"none\" style=\"width: 100%;\" controls=\"controls\"><source type=\"audio\/mpeg\" src=\"https:\/\/istrazivacibiblijeuhrvatskoj.com\/blog\/wp-content\/uploads\/2025\/11\/biblijski-odgovori3-online-audio-converter.com_.mp3?_=1\" \/><a href=\"https:\/\/istrazivacibiblijeuhrvatskoj.com\/blog\/wp-content\/uploads\/2025\/11\/biblijski-odgovori3-online-audio-converter.com_.mp3\">https:\/\/istrazivacibiblijeuhrvatskoj.com\/blog\/wp-content\/uploads\/2025\/11\/biblijski-odgovori3-online-audio-converter.com_.mp3<\/a><\/audio>\n<p><span style=\"color: #800080;\"><strong>Ukoliko \u017eelite saznati vi\u0161e o ovoj temi naru\u010dite besplatni primjerak knjige CRKVA koju \u0107emo vam poslati na va\u0161u ku\u0107nu adresu<br \/>\n<\/strong><\/span><\/p>\n<p>PRIMJERAK KNJIGE <strong>&#8220;CRKVA&#8221;<\/strong> NA HRVATSKOM JEZIKU MO\u017dETE SKINUTI U PDF FORMATU ILI \u010cITATI ONLINE PREKO DONJEG LINKA:<\/p>\n<p>https:\/\/istrazivacibiblijeuhrvatskoj.com\/blog\/wp-content\/uploads\/2016\/10\/CRKVA.pdf<\/p>\n<p><strong>KRIST TEMELJ<\/strong><\/p>\n<audio class=\"wp-audio-shortcode\" id=\"audio-3538-2\" preload=\"none\" style=\"width: 100%;\" controls=\"controls\"><source type=\"audio\/mpeg\" src=\"https:\/\/istrazivacibiblijeuhrvatskoj.com\/blog\/wp-content\/uploads\/2025\/09\/Bez-naslova-online-audio-converter.com_.mp3?_=2\" \/><a href=\"https:\/\/istrazivacibiblijeuhrvatskoj.com\/blog\/wp-content\/uploads\/2025\/09\/Bez-naslova-online-audio-converter.com_.mp3\">https:\/\/istrazivacibiblijeuhrvatskoj.com\/blog\/wp-content\/uploads\/2025\/09\/Bez-naslova-online-audio-converter.com_.mp3<\/a><\/audio>\n<p><strong>MO\u017dEMO LI KOMUNICIRATI S MRTVIMA<\/strong><\/p>\n<audio class=\"wp-audio-shortcode\" id=\"audio-3538-3\" preload=\"none\" style=\"width: 100%;\" controls=\"controls\"><source type=\"audio\/mpeg\" src=\"https:\/\/istrazivacibiblijeuhrvatskoj.com\/blog\/wp-content\/uploads\/2025\/09\/FRANK-I-ERNEST-PROGRAM.mp3?_=3\" \/><a href=\"https:\/\/istrazivacibiblijeuhrvatskoj.com\/blog\/wp-content\/uploads\/2025\/09\/FRANK-I-ERNEST-PROGRAM.mp3\">https:\/\/istrazivacibiblijeuhrvatskoj.com\/blog\/wp-content\/uploads\/2025\/09\/FRANK-I-ERNEST-PROGRAM.mp3<\/a><\/audio>\n<p><strong>KRUH I \u010cA\u0160A<\/strong><\/p>\n<audio class=\"wp-audio-shortcode\" id=\"audio-3538-4\" preload=\"none\" style=\"width: 100%;\" controls=\"controls\"><source type=\"audio\/mpeg\" src=\"https:\/\/istrazivacibiblijeuhrvatskoj.com\/blog\/wp-content\/uploads\/2025\/08\/Bez-naslova-online-audio-converter.com2_.mp3?_=4\" \/><a href=\"https:\/\/istrazivacibiblijeuhrvatskoj.com\/blog\/wp-content\/uploads\/2025\/08\/Bez-naslova-online-audio-converter.com2_.mp3\">https:\/\/istrazivacibiblijeuhrvatskoj.com\/blog\/wp-content\/uploads\/2025\/08\/Bez-naslova-online-audio-converter.com2_.mp3<\/a><\/audio>\n<p><span style=\"color: #800080;\"><strong>RO\u0110ENJE JEDNE NACIJE<\/strong><\/span><\/p>\n<audio class=\"wp-audio-shortcode\" id=\"audio-3538-5\" preload=\"none\" style=\"width: 100%;\" controls=\"controls\"><source type=\"audio\/mpeg\" src=\"https:\/\/istrazivacibiblijeuhrvatskoj.com\/blog\/wp-content\/uploads\/2025\/08\/RODENJE-JEDNE-NACIJE.mp3?_=5\" \/><a href=\"https:\/\/istrazivacibiblijeuhrvatskoj.com\/blog\/wp-content\/uploads\/2025\/08\/RODENJE-JEDNE-NACIJE.mp3\">https:\/\/istrazivacibiblijeuhrvatskoj.com\/blog\/wp-content\/uploads\/2025\/08\/RODENJE-JEDNE-NACIJE.mp3<\/a><\/audio>\n<p><strong>PO\u010cETAK BO\u017dJEG STVARANJA<\/strong><\/p>\n<audio class=\"wp-audio-shortcode\" id=\"audio-3538-6\" preload=\"none\" style=\"width: 100%;\" controls=\"controls\"><source type=\"audio\/mpeg\" src=\"https:\/\/istrazivacibiblijeuhrvatskoj.com\/blog\/wp-content\/uploads\/2025\/08\/FRANK-I-ERNEST-BIBLIJA-ODGOVARA.mp3?_=6\" \/><a href=\"https:\/\/istrazivacibiblijeuhrvatskoj.com\/blog\/wp-content\/uploads\/2025\/08\/FRANK-I-ERNEST-BIBLIJA-ODGOVARA.mp3\">https:\/\/istrazivacibiblijeuhrvatskoj.com\/blog\/wp-content\/uploads\/2025\/08\/FRANK-I-ERNEST-BIBLIJA-ODGOVARA.mp3<\/a><\/audio>\n<p><strong>SVJETSKA RELIGIJA<\/strong><\/p>\n<audio class=\"wp-audio-shortcode\" id=\"audio-3538-7\" preload=\"none\" style=\"width: 100%;\" controls=\"controls\"><source type=\"audio\/mpeg\" src=\"https:\/\/istrazivacibiblijeuhrvatskoj.com\/blog\/wp-content\/uploads\/2025\/07\/SVJETSKA-RELIGIJA.mp3?_=7\" \/><a href=\"https:\/\/istrazivacibiblijeuhrvatskoj.com\/blog\/wp-content\/uploads\/2025\/07\/SVJETSKA-RELIGIJA.mp3\">https:\/\/istrazivacibiblijeuhrvatskoj.com\/blog\/wp-content\/uploads\/2025\/07\/SVJETSKA-RELIGIJA.mp3<\/a><\/audio>\n<p><strong>SVIJET U TRANZICIJI:\u00a0<\/strong><\/p>\n<audio class=\"wp-audio-shortcode\" id=\"audio-3538-8\" preload=\"none\" style=\"width: 100%;\" controls=\"controls\"><source type=\"audio\/mpeg\" src=\"https:\/\/istrazivacibiblijeuhrvatskoj.com\/blog\/wp-content\/uploads\/2025\/07\/FRANK-online-audio-converter.com_.mp3?_=8\" \/><a href=\"https:\/\/istrazivacibiblijeuhrvatskoj.com\/blog\/wp-content\/uploads\/2025\/07\/FRANK-online-audio-converter.com_.mp3\">https:\/\/istrazivacibiblijeuhrvatskoj.com\/blog\/wp-content\/uploads\/2025\/07\/FRANK-online-audio-converter.com_.mp3<\/a><\/audio>\n<p><strong>NAROD ZA NJEGOVO IME:<\/strong><\/p>\n<audio class=\"wp-audio-shortcode\" id=\"audio-3538-9\" preload=\"none\" style=\"width: 100%;\" controls=\"controls\"><source type=\"audio\/mpeg\" src=\"https:\/\/istrazivacibiblijeuhrvatskoj.com\/blog\/wp-content\/uploads\/2025\/07\/Bozji-Plan_-Zasto-Svijet-Nije-Krscanski-i-Koja-Dva-Spasenja-Ocekuju-Covjecanstvo_.mp3?_=9\" \/><a href=\"https:\/\/istrazivacibiblijeuhrvatskoj.com\/blog\/wp-content\/uploads\/2025\/07\/Bozji-Plan_-Zasto-Svijet-Nije-Krscanski-i-Koja-Dva-Spasenja-Ocekuju-Covjecanstvo_.mp3\">https:\/\/istrazivacibiblijeuhrvatskoj.com\/blog\/wp-content\/uploads\/2025\/07\/Bozji-Plan_-Zasto-Svijet-Nije-Krscanski-i-Koja-Dva-Spasenja-Ocekuju-Covjecanstvo_.mp3<\/a><\/audio>\n<p>&nbsp;<\/p>\n<p>&nbsp;<\/p>\n<p>&nbsp;<\/p>\n<p>&nbsp;<\/p>\n<p>&nbsp;<\/p>\n<p>&nbsp;<\/p>\n<p>&nbsp;<\/p>\n<p>&nbsp;<\/p>\n<p>&nbsp;<\/p>\n<p>&nbsp;<\/p>\n<p>&nbsp;<\/p>\n<p>&nbsp;<\/p>\n<p>&nbsp;<\/p>\n<p>&nbsp;<\/p>\n<p>&nbsp;<\/p>\n<p>&nbsp;<\/p>\n<p>&nbsp;<\/p>\n","protected":false},"excerpt":{"rendered":"<p>&nbsp; Tema ovog tjedna od 02. &#8211; 09. 11. 2025: KR\u0160\u0106ANSKO KR\u0160TENJE Ukoliko \u017eelite saznati vi\u0161e o ovoj temi naru\u010dite besplatni primjerak knjige CRKVA koju \u0107emo vam poslati na va\u0161u ku\u0107nu adresu PRIMJERAK KNJIGE &#8220;CRKVA&#8221; NA HRVATSKOM JEZIKU MO\u017dETE SKINUTI &hellip; <a href=\"https:\/\/istrazivacibiblijeuhrvatskoj.com\/blog\/audio-video\/frank-i-ernest-biblijski-dijalog\/\">Continue reading <span class=\"meta-nav\">&rarr;<\/span><\/a><\/p>\n","protected":false},"author":1,"featured_media":0,"parent":4993,"menu_order":20,"comment_status":"open","ping_status":"open","template":"","meta":{"footnotes":""},"class_list":["post-3538","page","type-page","status-publish","hentry"],"_links":{"self":[{"href":"https:\/\/istrazivacibiblijeuhrvatskoj.com\/blog\/wp-json\/wp\/v2\/pages\/3538","targetHints":{"allow":["GET"]}}],"collection":[{"href":"https:\/\/istrazivacibiblijeuhrvatskoj.com\/blog\/wp-json\/wp\/v2\/pages"}],"about":[{"href":"https:\/\/istrazivacibiblijeuhrvatskoj.com\/blog\/wp-json\/wp\/v2\/types\/page"}],"author":[{"embeddable":true,"href":"https:\/\/istrazivacibiblijeuhrvatskoj.com\/blog\/wp-json\/wp\/v2\/users\/1"}],"replies":[{"embeddable":true,"href":"https:\/\/istrazivacibiblijeuhrvatskoj.com\/blog\/wp-json\/wp\/v2\/comments?post=3538"}],"version-history":[{"count":75,"href":"https:\/\/istrazivacibiblijeuhrvatskoj.com\/blog\/wp-json\/wp\/v2\/pages\/3538\/revisions"}],"predecessor-version":[{"id":16305,"href":"https:\/\/istrazivacibiblijeuhrvatskoj.com\/blog\/wp-json\/wp\/v2\/pages\/3538\/revisions\/16305"}],"up":[{"embeddable":true,"href":"https:\/\/istrazivacibiblijeuhrvatskoj.com\/blog\/wp-json\/wp\/v2\/pages\/4993"}],"wp:attachment":[{"href":"https:\/\/istrazivacibiblijeuhrvatskoj.com\/blog\/wp-json\/wp\/v2\/media?parent=3538"}],"curies":[{"name":"wp","href":"https:\/\/api.w.org\/{rel}","templated":true}]}}