{"id":4272,"date":"2014-12-14T00:07:38","date_gmt":"2014-12-13T22:07:38","guid":{"rendered":"http:\/\/istrazivacibiblijeuhrvatskoj.com\/blog\/?page_id=4272"},"modified":"2017-08-05T08:27:45","modified_gmt":"2017-08-05T06:27:45","slug":"3-studija","status":"publish","type":"page","link":"https:\/\/istrazivacibiblijeuhrvatskoj.com\/blog\/knige\/blizu-je-vrijeme\/3-studija\/","title":{"rendered":"3. STUDIJA"},"content":{"rendered":"<p><strong>ISPUNJENJE VREMENSKOG PRORO\u010cANSTVA PRILIKOM<\/strong><\/p>\n<p style=\"text-align: justify;\"><strong>PRVOG KRISTOVOG DOLASKA<\/strong><\/p>\n<p style=\"text-align: justify;\"><strong><em>Dan. 9:23-27<\/em><\/strong><\/p>\n<p style=\"text-align: justify;\"><em>Sedamdeset tjedana Danijelovog proro\u010danstva\u2014Doga\u0111aji za koje je prore\u010deno da se trebaju desiti unutar tog vremena\u2014Vrijeme Mesijinog dolaska Navedeno, i Na\u010delo uspostavljeno Na\u010dinom na koji Je to Navedeno\u2014Klju\u010d za druga vremenska proro\u010danstva\u2014Vrijeme Mesijinog raspe\u0107a Navedeno\u2014Posebna Naklonost Izraelu kao Naciji Dokinuta u Pravednosti, ali nastavljena pojedincima\u2014Pomazanje Svetinje nad svetinjama\u2014Nevolja Izlivena na onog koji Pusto\u0161i.<\/em><\/p>\n<p style=\"text-align: justify;\">\u201eZato pazi na rije\u010d i shvati viziju. Sedamdeset je sedmica odre\u0111eno tvom narodu i tvom svetom gradu da se okon\u010da prijestup, da se u\u010dini kraj grijehu, da se o\u010disti krivica, da se uvede vje\u010dna pravednost, da se stavi pe\u010dat na viziju i na proro\u010danstva i da se poma\u017ee Sveti nad svetima. <strong>\u00a0<\/strong>Zato treba da zna\u0161 i da razumije\u0161: Od \u010dasa kad iza\u0111e rije\u010d da se Jeruzalem obnovi i ponovo sagradi pa do Pomazanika vladara, bi\u0107e sedam sedmica, i jo\u0161 \u0161ezdeset i dve sedmice. [7 i 60 i 2 \u02dd= 69 sedmica] Jeruzalem \u0107e se obnoviti i bi\u0107e ponovo sagra\u0111en s trgom i opkopom, ali u te\u0161ko vrijeme.<\/p>\n<p style=\"text-align: justify;\">A poslije \u0161ezdeset i dve sedmice pomazanik \u0107e biti pogubljen i ni\u0161ta mu ne\u0107e ostati. A grad i sveto mijesto uni\u0161ti\u0107e narod jednog vo\u0111e koji dolazi. [Rimski vo\u0111a \u2013 Titova vojska] I kraj tome bi\u0107e s bujicom uni\u0161tenja. I do kraja \u0107e biti rat. Pusto\u0161enja su ono \u0161to je odre\u0111eno. <strong>\u00a0<\/strong>I on \u0107e [Mesija] tokom jedne sedmice [sedamdesete, ili posljednje sedmice saveza naklonosti] potvrditi savez sa mnogima, a u polovini te sedmice<\/p>\n<p style=\"text-align: justify;\"><strong>B64<\/strong><\/p>\n<p style=\"text-align: justify;\">ukinu\u0107e \u017ertvu i \u017ertveni dar. I na krilima [zbog] idolopoklonstva do\u0107i \u0107e onaj [Mesija] koji pusto\u0161i. I sve do istrebljenja, ono \u0161to je odre\u0111eno [U Bo\u017ejem planu] izliva\u0107e se i na onoga koji le\u017ei opusto\u0161en.\u201d[ narod \u2013 predstavljen s Jeruzalemom] <strong><em>Dan. 9:23-27<\/em><\/strong><\/p>\n<p style=\"text-align: justify;\">Premda ovo proro\u010danstvo obilje\u017eava po\u010detak \u201e\u017eetve\u201c \u017didovskog doba i prisutnosti na\u0161eg Gospodina tamo kao glavnog \u017eeteoca, postoji nekoliko proro\u010danstava koja mnogo vi\u0161e jasno ozna\u010duju po\u010detak \u201e\u017eetve\u201c Evan\u0111eoskog doba, u kojem je tako\u0111er na\u0161 Gospodin, prilikom svog drugog dolaska, glavni \u017eeteoc. Ispunjenje ovog proro\u010danstva ilustrira proro\u010danska ispunjenja op\u0107enito, i isto tako uspostavlja polaznu to\u010dku u drugom proro\u010danstvu, koje ima biti pokazano.<\/p>\n<p style=\"text-align: justify;\">Iako mnoga proro\u010danstva kombinirana da odrede i potvrde datum drugog Kristovog dolaska, jedino samo ovo ozna\u010dava datum prvog dolaska. Ako je njegovo ispunjenje jasno ustanovljeno, to \u0107e nam pomo\u0107i u ra\u010dunanju i prosu\u0111ivanju onih koja se odnose na drugi dolazak. Iz tog smo razloga ovdje dali mjesto ovom ispunjenom proro\u010danstvu isto tako kao i nekim datumima koji su tu ustanovljeni a koje \u0107e biti potrebno razumijeti u povezanosti sa proro\u010danstvima koja se odnose na drugi dolazak koja \u0107emo kasnije razmotriti.<\/p>\n<p style=\"text-align: justify;\">Danijelu su bile pokazane mnoge vizije, kao \u0161to je zapisano u poglavljima 2, 4, 7 i 8 tog proro\u010danstva, od kojih su sva pokazivala veliki napredak i uzdizanje poganskih ili neznabo\u017ea\u010dkih kraljevstava; me\u0111utim njega je posebno zanimao Izrael, i on nije bio obavije\u0161ten \u0161to se ti\u010de budu\u0107nosti Izraela. Me\u0111utim, on je znao iz Jeremijinog proro\u010danstva (Jer. 29:10; 2.Ljet. 36:20-23) da se je opusto\u0161enje Judeje trebalo nastaviti sedamdeset godina; i znaju\u0107i da je to razdoblje gotovo pred zavr\u0161etkom (Dan. 9:2), on se usrdno molio za povratak Bo\u017eje naklonosti Izraelu (reci 17-19), i gornje mu je bilo Bo\u017eji odgovor kroz an\u0111ela.<\/p>\n<p style=\"text-align: justify;\"><strong>B65<\/strong><\/p>\n<p style=\"text-align: justify;\">Razgrani\u010deno ( \u201erastavljeno\u201c ili \u201eodre\u0111eno\u201c) razdoblje Izraelske povijesti ovdje pokazano je \u201esedamdeset tjedana\u201c od dane polazne to\u010dke\u2014naime, od izlaska odluke \u201eda se Jeruzalem obnovi i ponovno sagradi.\u201c (Zapazi! Ne Hram) Tijekom razdoblja trebale su se ostvariti velike stvari: Grad je trebao biti izgra\u0111en u nepovoljnim okolnostima (Neh.4), u nestabilnim vremenima; grijeh je trebao biti okon\u010dan s pomirenjem u\u010dinjenim za bezakonje; i pravednost (opravdanje) \u0107e\u00a0 biti uspostavljena\u2014ne poput one ostvarene iz godine u godinu prolivenom krvlju junaca i jaraca, nego prava i \u201evje\u010dna pravednost,\u201c kroz Kristovu \u017ertvu. Danijel je tako\u0111er bio obavije\u0161ten da je onaj koji je trebao uvesti bolju \u017ertvu trebao time prouzro\u010diti da predod\u017ebene \u017ertve i prinosi Zakona prestanu.<\/p>\n<p style=\"text-align: justify;\">U tom razdoblju, Mesija, dugo o\u010dekivani Spasitelj Izraela, trebao je do\u0107i, i sedam tjedana i \u0161ezdeset i dva tjedna, ili \u0161ezdeset i devet tjedana, navedeni su kao mjerilo vremena do Mesijine prisutnosti. I nakon toga on \u0107e biti pogubljen, ali ne za sebe. Nakon Mesijinog dolaska treba ostati jedan tjedan, posljednji, sedamdeseti njegove obe\u0107ane naklonosti; i usred ili u sredini tog tjedna bilo je prore\u010deno da on treba prouzro\u010diti da predod\u017ebene \u017ertve prestanu, daju\u0107i \u201edu\u0161u svoju kao \u017ertvu za krivnju.\u201c (Iza. 53:10-12)<\/p>\n<p style=\"text-align: justify;\">Ovih sedamdeset tjedana, ili \u010detiri stotine i devedeset dana, predstavljalju \u010detiri stotine i devedeset godina, svaki simboli\u010dan dan predstavlja godinu. I ispuniv\u0161i se tako u tome, jedino vremensko proro\u010danstvo koje se direktno odnosi na prvi dolazak, daje klju\u010d za neka druga proro\u010danstva koja \u0107e biti poslije pokazana da su tako bila skrivena u simboli\u010dnim brojevima\u2014dan za godinu\u2014sve dok nije do\u0161lo pravo vrijeme za njihovo rje\u0161avanje. Ovo je proro\u010danstvo tako glasilo da su ga i Danijel i drugi \u017didovi mogli smatrati nevjerojatnim i s vremenom zaboraviti; ili bi moglo biti zapam\u0107eno od onih koji su \u201e\u010dekali na utjehu Izraelovu\u201c, i koji su mogli zaklju\u010diti<\/p>\n<p style=\"text-align: justify;\"><strong>B66 <\/strong><\/p>\n<p style=\"text-align: justify;\">da je vrijeme bilo simboli\u010dno, kao u slu\u010daju Ezekijela. (Poglavlje 4:6) Izvjesno je da su vjerni znali da o\u010dekuju Mesiju; i \u010dak je napisano da su ljudi bili u i\u0161\u010dekivanju njega (Luka 3:15), \u010dak i ako ga nisu bili u stanju primiti s obzirom na na\u010din kako je do\u0161ao.<\/p>\n<p style=\"text-align: justify;\">Trebalo bi zapaziti da \u0161ezdeset i devet simboli\u010dnih tjedana, ili \u010detiri stotine i osamdeset i tri godine, dose\u017eu do Pomazanika Vladara, a ne do ro\u0111enja Isusa u Betlehemu. Hebrejska rije\u010d Mesija, kojoj odgovara Gr\u010dka rije\u010d Mesija, zna\u010di Pomazanik, i to je titula a ne ime. Isus nije bio Pomazanik, Mesija, Krist, sve do svog kr\u0161tenja. Usporedi Djela 10:37,38 i Mat. 3:16. Odmah po izlasku iz vode bio je pomazan Svetim Duhom. To je bilo kada je dostigao mu\u0161kost, koja je bila starost od trideset godina prema Zakonu, pod kojim je ro\u0111en, i kojem je on i svaki \u017didov bio podlo\u017ean sve dok njegova vlast nije bila okon\u010dana\u00a0 kad su bili ispunjeni njegovi uvjeti\u2014\u201epribiv\u0161i ga na kri\u017e.\u201c Prema tome, \u0161ezdeset i devet tjedana ovog proro\u010danstva dolazi do vremena njegovog kr\u0161tenja i pomazanja, od kojeg vremena, a ne prije, je on bio Mesija, Krist, Pomazanik. Stoga \u0161ezdeset i devet tjedana, ili \u010detiri stotine i osamdeset i tri godine, zavr\u0161ava u jesen 29. A.D. I stoga je bio ispunjen taj dio proro\u010danstva koji ka\u017ee: \u201eOd \u010dasa kad iza\u0111e rije\u010d da se Jeruzalem obnovi i ponovo sagradi pa do Pomazanika vladara, bi\u0107e sedam sedmica, i jo\u0161 \u0161ezdeset i dve sedmice.\u201c (Dan. 9:25) Po\u010dev\u0161i od tamo, utvr\u0111ujemo da je sedamdeseti tjedan bio ispunjen kao i ostali\u2014dan za godinu.<\/p>\n<p style=\"text-align: justify;\">Ve\u0107ina pisaca o ovoj temi po\u010dela je brojiti to razdoblje od sedme godine Artakserksa, kad je Ezri bio dan zadatak (Ezra 7:7-14), pretpostavljaju\u0107i da je to bila provedba Kirove odluke. (Ezra 1:3; 5:13; 6:1-12)<\/p>\n<p style=\"text-align: justify;\"><strong>B67<\/strong><\/p>\n<p style=\"text-align: justify;\">Me\u0111utim, trebalo bi zapaziti da je Kirova naredba bila izgraditi dom Gospodnji\u2014Hram i njegovo dvori\u0161te. Me\u0111utim postoji druga odluka dana Nehemiji u dvadesetoj godini Artakserksa o obnavljanju zidina Jeruzalema, koji su u to vrijeme jo\u0161 uvijek le\u017eali nepopravljeni. (Neh. 2:3-8; 6:15; 7:1) I od te odluke da se \u201eJeruzalem obnovi i ponovno sagradi\u201c treba se datirati ovo Danijelovo proro\u010danstvo. Cijeli se izvje\u0161taj sla\u017ee s time, osim jednog naizglednog prigovora, u proro\u010danstvu o njemu od Izaije, koji je rekao o Kiru, ne samo, \u201eotpustit \u0107e izgnanike moje,\u201c nego tako\u0111er, \u201eOn \u0107e izgraditi grad moj.\u201c (Iza. 45:13) na taj o\u010diti prigovor mi odgovaramo ovako: Rije\u010d ovdje prevedena sa grad je ir, i zna\u010di ogra\u0111eno mjesto. Mi razumijemo da se ovdje ukazuje na zidove dvori\u0161ta Hrama; i stim se sla\u017eu gore navedene \u010dinjenice. Ista rije\u010d ir je prevedena sa dvori\u0161te u 2.Kr. 20:4.<\/p>\n<p style=\"text-align: justify;\">Za datum Nehemijinog zadatka se obi\u010dno navodi 445 pr. Kr. Me\u0111utim djelo Dr. Halea o kronologiji (str.449 i 531) i rasprava Dr. Priestliesa \u201eSklad Evan\u0111elista\u201c (str. 24-38) pokazuju da je to op\u0107e gledi\u0161te bilo devet godina kra\u0107e, \u0161to bi onda dalo 454 pr. Kr. kao pravi datum Nehemijinog zadatka; i s tim se datumom sla\u017ee Danijelovo predvi\u0111anje (Dan. 9:25) i odluka da se obnovi i ponovno sagradi Jeruzalem.<\/p>\n<p style=\"text-align: justify;\">S obzirom da \u0161ezdeset i devet tjedana, ili \u010detiri stotine i osamdeset i tri godine, dose\u017eu do Mesije (Pomazanika) Vladara, mi od toga razdoblja od \u0161ezdeset i devet simboli\u010dnih tjedana, ili \u010detiri stotine i osamdeset i tri (483) godine, oduzimamo \u010detiri stotine i pedeset i \u010detiri (454) godine pr.Kr. kao pravog datuma odluke da se Jeruzalem obnovi i ponovno sagradi; i ostatak\u201429 A.D.\u2014trebala bi biti godina u kojoj je Pomazanik (Mesija) trebao biti o\u010ditovan. To je u to\u010dnom skladu s onim \u0161to smo ve\u0107 pokazali, naime: da<\/p>\n<p style=\"text-align: justify;\"><strong>B68<\/strong><\/p>\n<p style=\"text-align: justify;\">\u00a0je Isus bio kr\u0161ten po Ivanu i primio pomazanje Duha 29 A.D., oko 3 listopada, u koje je vrijeme bio star trideset godina, prema pravom datumu njegovog ro\u0111enja kao \u0161to je pokazano u prethodnom poglavlju.<\/p>\n<p style=\"text-align: justify;\">Slu\u017eba na\u0161eg Gospodina trajala je tri i pol godine, zavr\u0161ila je s njegovim raspe\u0107em, u vrijeme Pashe, u prolje\u0107e 33. A.D. On je u tome to\u010dno ispunio proro\u010danstvo u vezi preostalog ili posljednjeg tjedna (sedam godina) obe\u0107ane naklonosti, koje ka\u017ee: \u201eA poslije \u0161ezdeset i dve sedmice (7 i 62) pomazanik \u0107e biti pogubljen i ni\u0161ta mu ne\u0107e ostati\u201c* \u201eu polovini te sedmice (posljednje 70te) ukinu\u0107e \u017ertvu i \u017ertveni dar.\u201c<\/p>\n<p style=\"text-align: justify;\">\u017drtve koje su bile prina\u0161ane prema Zakonu tada su prestale; ne da poslije toga sve\u0107enici nisu prina\u0161ali \u017eivotinje, kad, itd.,jer se to nastavilo prina\u0161ati iz godine u godinu, me\u0111utim Jehova to vi\u0161e nije prihva\u0107ao, to vi\u0161e ni u kom smislu nisu bile \u017ertve za grijeh. Jehova vi\u0161e nije mogao priznavati druge prinose kao \u017ertve, niti bilo kakvu potrebu za njima, budu\u0107i da je do\u0161la prava \u017ertva, na\u0161 Gospodin Isus, koji je \u201egrijeh dokinuo \u017ertvom svojom.\u201c (Hebr. 9:26)<\/p>\n<p style=\"text-align: justify;\">Tamo na kri\u017eu, Mesija koji se je \u017ertvovao za tri i pol godine, zavr\u0161io je svoje djelo (Ivan 19:30) i na taj na\u010din \u201eu\u010dinio kraj grijehu,\u201c napraviv\u0161i puno i potpuno pomirenje prema Bogu za prijestupe ljudi, donose\u0107i tako cijelom \u010dovje\u010danstvu vje\u010dno opravdanje od grijeha, umjesto predod\u017ebenog godi\u0161njeg opravdanja, ostvarenog kroz predslike za predod\u017ebeni narod, Izrael. Smrt Mesije je tako\u0111er bila \u201epe\u010dat,\u201c\u2014jamstvo ispunjenja\u2014svih vizija i proro\u010danstava o dolaze\u0107im blagoslovima i \u201evremenima obnove svega, o \u010demu je odvijeka govorio Bog<\/p>\n<ul style=\"text-align: justify;\">\n<li>Ovaj izraz \u201eni\u0161ta mu ne\u0107e ostati\u201c se razli\u010dito prevodi u drugim prijevodima, od kojih je nekoliko pred nama; me\u0111utim po na\u0161em mi\u0161ljenju ovaj, na\u0161a op\u0107a verzija, je najjasnije i najbolje prevo\u0111enje.<\/li>\n<\/ul>\n<p style=\"text-align: justify;\"><strong>B69<\/strong><\/p>\n<p style=\"text-align: justify;\">na usta svih svojih svetih proroka.\u201c (Djela 3:21) Ta obe\u0107anja, i Abrahamski i Novi Savez, osigurani su, u\u010dinjeni sigurnima, s \u201enjegovom vlastitom dragocjenom krvlju\u201c (Luka 22:20; 1.Kor. 11:25) koja govori bolje stvari za nas od krvi junaca\u00a0 i jaraca\u2014\u010dak vje\u010dno opravdanje i udaljavanje grijeha, svima koji ga primaju. I u ostatku druge polovine ovog sedamdesetog ili posljednjeg tjedna \u017didovske naklonosti\u2014tri i pol godine po\u010dev s Pedesetnicom\u2014njegovi sljedbenici, \u201esveti nad svetima\u201c tog naroda, bili su pomazani sa svetim Duhom Bo\u017ejim, kao \u0161to je Mesija bio na kraju \u0161ezdeset i devetog tjedna.<\/p>\n<p style=\"text-align: justify;\">Tako su se ispunile izjave iz 24 stiha ovog proro\u010danstva: \u201eSedamdeset je sedmica odre\u0111eno TVOM NARODU \u00a0i tvom svetom gradu (a) da se okon\u010da prijestup, da se u\u010dini kraj grijehu, da se o\u010disti krivica, da se uvede vje\u010dna pravednost, (b) da se stavi pe\u010dat na viziju i na proro\u010danstva i (c) da se poma\u017ee Sveti nad svetima.<strong>\u201c <\/strong>Proro\u010danstvo ne pokazuje da \u0107e se cijelo ovo djelo odgoditi sve do posljednjeg tjedna, kada Mesija treba biti prisutan; i nesumnjivo su shvatili da ono podrazumijeva veliku moralnu obnovu s njihove stranea \u0161to ih je trebalo pripremiti za Mesiju, i pomazanje pod njim \u201eSvetog nad svetima\u201c njihove nacije, da blagoslovi svijet u cijelini. Oni nisu nau\u010dili kroz stolje\u0107a iskustva da su bili bespomo\u0107ni dokinuti grijeh i napraviti pomirenje za bezakonje, i da \u0107e se zahtijevati savr\u0161enu otkupnu \u017ertvu da ostvari to veliko djelo brisanja grijeha i opravdavanja osu\u0111enih.<\/p>\n<p style=\"text-align: justify;\">S druge strane, Danijelovo proro\u010danstvo, dok pokazuje da Mesija treba biti pogubljen usred posljednjeg tjedna, ne pokazuje da je masa njegovog naroda trebala biti nesveta i prema tome odba\u010dena, kao \u0161to je i bilo, usred tog tjedna. (Mat. 23:38) Drugi je prorok rekao, \u201eJer djelo<\/p>\n<p style=\"text-align: justify;\"><strong>B70<\/strong><\/p>\n<p style=\"text-align: justify;\">\u00a0\u0107e dovr\u0161iti i skratiti ga u pravednosti [pravo];\u00a0 sve je bilo dovr\u0161eno u pola tjedna (tri i pol godine) Isusove slu\u017ebe, osim pomazanja Svetog nad svetima.<\/p>\n<p style=\"text-align: justify;\">Me\u0111utim, \u0161to od ravnote\u017ee sedamdesetog tjedna, tri i pol godine koje su protezale preko kri\u017ea? Da li je Jehova obe\u0107ao izdvojiti\u00a0 sedamdeset tjedana naklonosti Izraelu, a u stvarnosti im dao \u0161ezdeset i devet i pol? Na prvi pogled to tako mo\u017ee izgledati, posebno kad se sjetimo da je pet dana prije svoje smrti \u201eusred tjedna\u201c Isus plakao nad gradom i predao ih, rekav\u0161i, \u201eEvo vam se ku\u0107a va\u0161a napu\u0161tena ostavlja.\u201c Me\u0111utim nije bilo tako, Jehova je znao kraj od po\u010detka; i kad je obe\u0107ao sedamdeset tjedana to je i mislio. Stoga moramo gledati na naklonost tom narodu za tri i pol godine nakon raspe\u0107a, bez obzira \u0161to su tada bili ostavljeni napu\u0161tenima nacionalno.<\/p>\n<p style=\"text-align: justify;\">Da Izraelci kao nacija nisu bili prikladnima biti primateljima glavne ili duhovne naklonosti (niti zemaljske naklonosti) bilo je pokazano njihovim odbacivanjem Mesije, kao \u0161to je Bog predvidio i prorekao; stoga je bilo beskorisno za njih nastaviti njihov nacionalni ispit preko sredine njihovog sedamdesetog tjedna, pa je bio skra\u0107en tamo, kada su bili ostavljeni \u201enapu\u0161tenima\u201c\u2014odba\u010denima od naklonosti. Tijekom preostalog dijela (tri i pol godine) njihovog razdoblja, naklonost je bila uve\u0107ana, premda ograni\u010dena na \u201eostatak,\u201c Sveti nad svetima, naj\u010di\u0161\u0107i i najprikladniji, kojima je jedino mogla koristititi. (Iza. 10:22,23. Usporedi Rim. 9:28) Pove\u0107anje naklonosti sastojalo se u \u010dinjenici da je dalo tom ostatku tri i pol godine isklju\u010dive pa\u017enje i slu\u017ebe, pod pove\u0107anim prednostima duhovnog doba, koje je po\u010dev s u\u010denicima na Pedesetnicu doseglo najvjerojatnije svu zrelu p\u0161enicu te nacije, tijekom tog perioda posebne naklonosti. Vidi Djela 2:41 i 4:4 za rezultate prvih nekoliko dana.<\/p>\n<p style=\"text-align: justify;\"><strong>B71<\/strong><\/p>\n<p style=\"text-align: justify;\">Iz tog razloga su, premda je Isus okusio smrt za svakoga, i Evan\u0111elje se trebalo propovijedati svima, njegove upute u\u010denicima bile, da po\u010dnu od Jeruzalema. Niti su trebali napustiti to posebno djelo, ili ponuditi naklonost novog doba bilo kome drugome, sve dok se tri i pol godine obe\u0107ane naklonosti Izraelu nije bilo napunilo\u2014dok ga Bog posebno\u00a0 nije poslao Neznabo\u0161cima isto tako kao i \u017didovima. (Djela 10)<\/p>\n<p style=\"text-align: justify;\">Kronolozi jedino mogu naga\u0111ati to\u010dan datum obra\u0107enja Kornelija; pa se stoga razli\u010dito procjenjivalo da se dogodilo od 37 do 40. A.D.; me\u0111utim obzirom na ovo ozna\u010deno proro\u010danstvo koje sada razmatramo, mi ne sumnjamo da je to bilo u jesen 36. A.D.; jer tada sedamdeset tjedana, ili \u010detiri stotine i devedeset godina, naklonosti Izraelu zavr\u0161ava. S obzirom da njihova isklju\u010diva naklonost tamo zavr\u0161ava, to bi trebalo biti pravovaljano ozna\u010deno slanjem evan\u0111elja Neznabo\u0161cima. Izraelci nakon toga nisu bili li\u0161eni evan\u0111elja, nego se s njima jednako postupalo kao i s neznabo\u0161cima, premda je predrasuda nema sumnje stavila ostatak u nepovoljniji polo\u017eaj. \u201eSveti nad svetima\u201c ve\u0107 je bio izabran, evan\u0111elje vi\u0161e noje bilo ograni\u010deno isklju\u010divo na njih, nego je bio otvoreno svakom stvorenju koje ima uho da slu\u0161a.<\/p>\n<p style=\"text-align: justify;\">Nakon sedamdeset tjedana do\u0161le su tjeskoba i nevolja spomenute u zadnjim re\u010denicama 26 i 27 retka. Rimski vo\u0111a je do\u0161ao, uni\u0161tio je grad i Hram, i, poput potopa, ostavio iza sebe, otpad i uni\u0161tenje. I Mesija kojega su oni odbacili, dopustio je da od tada razli\u010dita zla sna\u0111u taj narod, i nastavit \u0107e ih dopu\u0161tati \u201esve do istrebljenja,\u201c sve dok im ne bude dosta, dok on ne ka\u017ee, \u201eUtje\u0161no govorite srcu Jeruzalema i vi\u010dite mu da je pro\u0161lo vrijeme robovanja njegova, da je platio cijenu prijestupa svojega.\u201c (Iza. 40:2) U me\u0111uvremenu ono \u0161to je odre\u0111eno izlit \u0107e se na onoga koji le\u017ei opusto\u0161en (ili odba\u010deni narod) sve dok njegova \u010da\u0161a bude ne bude bila puna tuge<\/p>\n<p style=\"text-align: justify;\"><strong>B72<\/strong><\/p>\n<p style=\"text-align: justify;\">&#8211;sve do dana kada \u0107e re\u0107i, \u201eBlagoslovljen onaj koji dolazi u ime Gospodnje!\u201cTaj dan izbavljenja Izraela sada svi\u010de hvala Bogu; i premda njihovo opusto\u0161enje i nevolja nisu jo\u0161 na kraju, svaki sat ubrzava vrijeme kada \u0107e njihovi predrasudama zaslijepljeni umovi vidjeti iz tame onoga kojega su proboli, i kada \u0107e tugovati za njim kao onaj koji tuguje za svojim jedinim sinom. (Zah. 12:10)<\/p>\n<p style=\"text-align: justify;\">Budu\u0107i da su mnogi, \u010ditaju\u0107i odlomak koji se ovdje razmatrao, pali u veliku zbunjenost i pogre\u0161ku kroz propust da ispravno razumiju raspodjelu Prorokovih rije\u010di, mije\u0161aju\u0107i Pomazanika vladara sa Rimskim vo\u0111om, itd., mi predla\u017eemo pa\u017eljivo prou\u010davanje tog odlomka kako je ure\u0111eno na po\u010detku ovog poglavlja, gdje su istaknute zagrade i objasnidbene napomene u uglatim zagradama.<\/p>\n","protected":false},"excerpt":{"rendered":"<p>ISPUNJENJE VREMENSKOG PRORO\u010cANSTVA PRILIKOM PRVOG KRISTOVOG DOLASKA Dan. 9:23-27 Sedamdeset tjedana Danijelovog proro\u010danstva\u2014Doga\u0111aji za koje je prore\u010deno da se trebaju desiti unutar tog vremena\u2014Vrijeme Mesijinog dolaska Navedeno, i Na\u010delo uspostavljeno Na\u010dinom na koji Je to Navedeno\u2014Klju\u010d za druga vremenska proro\u010danstva\u2014Vrijeme &hellip; <a href=\"https:\/\/istrazivacibiblijeuhrvatskoj.com\/blog\/knige\/blizu-je-vrijeme\/3-studija\/\">Continue reading <span class=\"meta-nav\">&rarr;<\/span><\/a><\/p>\n","protected":false},"author":1,"featured_media":0,"parent":3480,"menu_order":30,"comment_status":"open","ping_status":"closed","template":"","meta":{"footnotes":""},"class_list":["post-4272","page","type-page","status-publish","hentry"],"_links":{"self":[{"href":"https:\/\/istrazivacibiblijeuhrvatskoj.com\/blog\/wp-json\/wp\/v2\/pages\/4272","targetHints":{"allow":["GET"]}}],"collection":[{"href":"https:\/\/istrazivacibiblijeuhrvatskoj.com\/blog\/wp-json\/wp\/v2\/pages"}],"about":[{"href":"https:\/\/istrazivacibiblijeuhrvatskoj.com\/blog\/wp-json\/wp\/v2\/types\/page"}],"author":[{"embeddable":true,"href":"https:\/\/istrazivacibiblijeuhrvatskoj.com\/blog\/wp-json\/wp\/v2\/users\/1"}],"replies":[{"embeddable":true,"href":"https:\/\/istrazivacibiblijeuhrvatskoj.com\/blog\/wp-json\/wp\/v2\/comments?post=4272"}],"version-history":[{"count":2,"href":"https:\/\/istrazivacibiblijeuhrvatskoj.com\/blog\/wp-json\/wp\/v2\/pages\/4272\/revisions"}],"predecessor-version":[{"id":4841,"href":"https:\/\/istrazivacibiblijeuhrvatskoj.com\/blog\/wp-json\/wp\/v2\/pages\/4272\/revisions\/4841"}],"up":[{"embeddable":true,"href":"https:\/\/istrazivacibiblijeuhrvatskoj.com\/blog\/wp-json\/wp\/v2\/pages\/3480"}],"wp:attachment":[{"href":"https:\/\/istrazivacibiblijeuhrvatskoj.com\/blog\/wp-json\/wp\/v2\/media?parent=4272"}],"curies":[{"name":"wp","href":"https:\/\/api.w.org\/{rel}","templated":true}]}}