{"id":4993,"date":"2015-03-20T09:47:08","date_gmt":"2015-03-20T07:47:08","guid":{"rendered":"http:\/\/istrazivacibiblijeuhrvatskoj.com\/blog\/?page_id=4993"},"modified":"2018-12-02T08:01:12","modified_gmt":"2018-12-02T06:01:12","slug":"audio-video","status":"publish","type":"page","link":"https:\/\/istrazivacibiblijeuhrvatskoj.com\/blog\/audio-video\/","title":{"rendered":"Audio\/Video"},"content":{"rendered":"<p>Pratite redovno na\u0161e video uratke:<\/p>\n<p><iframe loading=\"lazy\" title=\"SUDNJI DAN - JE LI RAZLOG ZA STRAH?\" width=\"640\" height=\"360\" src=\"https:\/\/www.youtube.com\/embed\/Of1N2bR5sQ8?start=26&#038;feature=oembed\" frameborder=\"0\" allow=\"accelerometer; autoplay; clipboard-write; encrypted-media; gyroscope; picture-in-picture; web-share\" referrerpolicy=\"strict-origin-when-cross-origin\" allowfullscreen><\/iframe><\/p>\n<p><strong>KNJIGU MO\u017dETE NARU\u010cITI UZ PRILOG OD 10, 00 KUNA. OTI\u0110ITE NA RUBRIKU KONTAKT<\/strong><\/p>\n","protected":false},"excerpt":{"rendered":"<p>Pratite redovno na\u0161e video uratke: KNJIGU MO\u017dETE NARU\u010cITI UZ PRILOG OD 10, 00 KUNA. OTI\u0110ITE NA RUBRIKU KONTAKT<\/p>\n","protected":false},"author":1,"featured_media":0,"parent":0,"menu_order":70,"comment_status":"closed","ping_status":"closed","template":"","meta":{"footnotes":""},"class_list":["post-4993","page","type-page","status-publish","hentry"],"_links":{"self":[{"href":"https:\/\/istrazivacibiblijeuhrvatskoj.com\/blog\/wp-json\/wp\/v2\/pages\/4993","targetHints":{"allow":["GET"]}}],"collection":[{"href":"https:\/\/istrazivacibiblijeuhrvatskoj.com\/blog\/wp-json\/wp\/v2\/pages"}],"about":[{"href":"https:\/\/istrazivacibiblijeuhrvatskoj.com\/blog\/wp-json\/wp\/v2\/types\/page"}],"author":[{"embeddable":true,"href":"https:\/\/istrazivacibiblijeuhrvatskoj.com\/blog\/wp-json\/wp\/v2\/users\/1"}],"replies":[{"embeddable":true,"href":"https:\/\/istrazivacibiblijeuhrvatskoj.com\/blog\/wp-json\/wp\/v2\/comments?post=4993"}],"version-history":[{"count":9,"href":"https:\/\/istrazivacibiblijeuhrvatskoj.com\/blog\/wp-json\/wp\/v2\/pages\/4993\/revisions"}],"predecessor-version":[{"id":11498,"href":"https:\/\/istrazivacibiblijeuhrvatskoj.com\/blog\/wp-json\/wp\/v2\/pages\/4993\/revisions\/11498"}],"wp:attachment":[{"href":"https:\/\/istrazivacibiblijeuhrvatskoj.com\/blog\/wp-json\/wp\/v2\/media?parent=4993"}],"curies":[{"name":"wp","href":"https:\/\/api.w.org\/{rel}","templated":true}]}}