{"id":5518,"date":"2015-06-03T14:25:36","date_gmt":"2015-06-03T12:25:36","guid":{"rendered":"http:\/\/istrazivacibiblijeuhrvatskoj.com\/blog\/?page_id=5518"},"modified":"2017-08-05T08:26:24","modified_gmt":"2017-08-05T06:26:24","slug":"10-studija","status":"publish","type":"page","link":"https:\/\/istrazivacibiblijeuhrvatskoj.com\/blog\/knige\/blizu-je-vrijeme\/10-studija\/","title":{"rendered":"10. STUDIJA"},"content":{"rendered":"<p style=\"text-align: justify;\"><strong>BLIZU JE VRIJEME<\/strong><\/p>\n<p style=\"text-align: justify;\"><em>Ni\u0161ta u me\u0111uvremenu\u2014Uspostava Kristovog Kraljevstva, Djelo koje sada napreduje\u2014Svjedo\u010danstvo proro\u010danstva se sla\u017ee\u2014Svjetovno mudri vide mnogo\u2014Sveci koji bdiju vide jo\u0161 jasnije\u2014Va\u017enost za sve, otvorenih o\u010diju u pravom smjeru<\/em><\/p>\n<p style=\"text-align: justify;\">Blizu je vrijeme za uspostavu Otkupiteljevog Kraljevstva. To je slo\u017eno svjedo\u010danstvo prethodnih poglavlja. Nema ni\u010dega u me\u0111uvremenu. Mi ve\u0107 \u017eivimo u sedmom mileniju\u2014od listopada 1872. Rok mo\u0107i neznabo\u017ea\u010dkih kraljevstava mora zavr\u0161iti s godinom 1914. Veliki Jubilej u protuslici, Vremena obnove svega, imao je svoj po\u010detak godine 1874, kada je tako\u0111er i po\u010delo vrijeme za prisutnost velikog Obnovitelja. Na\u010din njegovog povratka i karakter njegovog djela sve do sada u to\u010dnom su skladu sa detaljima proro\u010danstva. Zavr\u0161na obilje\u017eja ove razdiobe, sada razmatrane, u savr\u0161enom su skladu sa onima iz svoje \u017didovske predslike. Ilija je do\u0161ao, i primljen je kao \u0161to je prore\u010deno; i prore\u010deno prokletstvo\u2014veliko vrijeme nevolje\u2014ve\u0107 nadolazi. \u010covjek Bezakonja je bio otkriven u svoj svojoj odvratnoj izopa\u010denosti, i gotovo je istr\u010dao svoj predvi\u0111eni pravac. Uspostava davno obe\u0107anog Mesijanskog Kraljevstva je prema tome veliki doga\u0111aj koji je upravo pred nama. Ne samo to, nego je njegova uspostava ve\u0107 u tijeku. Nu\u017eno podrivanje i svrgavanje kraljevstava ovog svijeta pod knezom tame\u2014\u201evladarom ovog svijeta\u201c\u2014je sada vidljivo do jedne odre\u0111ene mjere \u010dak doslovnom oku djece ovog svijeta, ali ga daleko jasnije vide, kao \u0161to bi i trebalo biti, oni koji gledaju na teku\u0107e doga\u0111aje kroz dalekozor Bo\u017eje Rije\u010di, koja s pravim fokusom pribli\u017eava udaljene stvari i rezultate, i omogu\u0107uje Bo\u017ejoj djeci da prepoznaju detalje koje prirodno oko ne mo\u017ee razabrati, isto tako kao i vode\u0107a obilje\u017eja koja svjetski dr\u017eavnici i filozofi vide samo u maglovitom obrisu. \u010cak i svjetovno mudri mogu razabrati raspirivanje dru\u0161tvene nevolje, kako dominacija neznanja\u00a0 ustupa mjesto ve\u0107oj op\u0107oj spoznaji i osobnoj neovisnosti. I premda se oni mogu uzalud nadati nekakvom nepoznatom i neo\u010dekivanom obratu doga\u0111aja, ipak, kao \u0161to je opisano u Svetom Pismu, njihova srca ginu od straha i \u010dekanja onoga \u0161to \u0107e do\u0107i na zemlju\u2014jer oni vide kako je sada u tijeku potresanje simboli\u010dnih nebesa, i razabiru da sa takvim potresanjem i uklanjanjem mo\u0107i zablude, praznovjerja i vjerskih ograni\u010denja sa masa ljudi, mora rezultirati nasilje i anarhija.<\/p>\n<p style=\"text-align: justify;\">Me\u0111utim, sa Bo\u017ejeg stajali\u0161ta, s kojega budni iz ku\u0107anstva vjere imaju prednost gledati, ne samo da je razlu\u010diva o\u0161trina nevolje, nego tako\u0111er i blagoslovljeni rezultati, koji \u0107e pod Bo\u017ejom providnosti poslu\u017eiti uvo\u0111enjem Milenijskog Kraljevstva. I to je utjeha, i vi\u0161e nego nadoknada za svu nevolju, premda je mi ili na\u0161i najdra\u017ei moramo dijeliti.<\/p>\n<p style=\"text-align: justify;\">Da bi smo mi sada mogli imati utjehu iz te spoznaje, i ne biti u dvojbi i zbunjenosti, bio je dio cilja davanja vremenskih proro\u010danstava. Drugi je cilj bio da bi smo mi, kao predstavnici tog kraljevstva me\u0111u ljudima, mogli biti svjesni velikih epohalnih promjena koje su sada u tijeku, i biti u stanju svjedo\u010diti pred svijetom, u vezi Bo\u017ejeg plana, itd., \u0161to \u0107e im\u00a0 premda je sada nezapa\u017eeno, s vremenom, uvelike koristiti, i pomo\u0107i im da \u0161to prije prepoznaju Gospodinovu prisutnost u velikom danu gnjeva, koji se pribli\u017eava. Drugi je cilj, da vjerni, tako oboru\u017eani i oja\u010dani Bo\u017ejom Rije\u010di, mogu biti u stanju stajati \u010dvrsto, kada \u0107e toliki mnogi padati u nevjeru i u razli\u010dite druge prijevarne zablude, koje \u0107e uskoro pomesti nazovikr\u0161\u0107anstvo. Drugi je cilj dati snagu i poantu cijelom Planu Vjekova: jer op\u0107enito je iskustvo, da premda prvi tra\u010dak Bo\u017ejeg milostivog plana za blagoslov cijelog svijeta kroz Crkvu, tijekom Milenijskog doba, ispunjava srca i upo\u0161ljava revnost njegove vjerne djece do krajnosti, ipak kako su njihovi napori da prosvijetle druge hladno primljeni, i nalaze da samo vrlo malo, relativno, ima \u201euho za \u010duti,\u201c sklonost je smiriti se na nivo u\u017eivanja dragocjene spoznaje, na takav na\u010din koji \u0107e donijeti najmanje prijekora i protivljenja.<\/p>\n<p style=\"text-align: justify;\">Znaju\u0107i za to, na\u0161e prirodne slabosti, Gospodin je pru\u017eio, vremenska proro\u010danstva kao poticaj, da nas u potpunosti o\u017eivi i probudi, i dr\u017ei nas aktivnima u njegovoj slu\u017ebi. Budu\u0107i ve\u0107 u vremenu \u201e\u017eetve,\u201c djelo \u017eetve bi trebalo uklju\u010diti vrijeme, slu\u017ebu i misli Gospodinovih slugu, koji sada, poput u\u010denika kod prvog dolaska, vr\u0161e djelo \u017eetve. (Ivan 4:35-38) Neka bi svatko od nas nastojao \u010diniti ono \u0161to mo\u017ee svojim rukama, u poslu\u0161nosti uputama Glavnog \u017deteoca. Ali, s obzirom naro\u010dito na vrijeme i redoslijed doga\u0111aja u toj \u201e\u017eetvi,\u201c moramo ukazati \u010ditatelju na naredni svezak ove serije, gdje se fokusira na zaklju\u010dke prije navedenog i drugih vremenskih proro\u010danstava, i gdje su ozna\u010deni razli\u010diti prore\u010deni znakovi i potkrepljuju\u0107a svjedo\u010danstva Gospodareve prisutnosti i napretka njegovog djela, dokazuju\u0107i\u2014da je do\u0161lo \u201eVrijeme kraja\u201c; da su se ispunili Dani \u010dekanja na Kraljevstvo; da je ostvareno \u010ci\u0161\u0107enje Sveti\u0161ta; da je u tijeku Veliko Djelo \u017detve; da je o\u010dito ponovno okupljanje Izraela; da Bitka Velikog Dana Boga Svemogu\u0107eg nadolazi; i da je potpuna uspostava slavnog Kraljevstva Bo\u017ejeg u odre\u0111eno vrijeme, na kraju Vremena Neznabo\u017eaca, neupitna sigurnost; i pokazuju\u0107i nadalje, djelo svetih tijekom \u017eetve; ozna\u010davaju\u0107i kraj \u201enebeskog poziva,\u201c i \u201epromjene\u201c onih svetaca koji su \u201e\u017eivi i preostali\u201c; i pokazuju\u0107i tako\u0111er, da je Velika Piramida jedan od Bo\u017ejih Svjedoka (Iza. 19:19, 20) \u010dija je predivna poruka puna i potpuna potvrda Bo\u017ejeg plana vjekova, zajedno s njegovim vremenima i razdobljima.<\/p>\n<p style=\"text-align: justify;\"><strong>\u00a0<\/strong><\/p>\n<p style=\"text-align: justify;\"><strong>Svanu\u0107e Milenija<\/strong><\/p>\n<p style=\"text-align: justify;\"><strong>&#8212;&#8212;&#8212;&#8212;&#8212;&#8212;&#8212;&#8212;&#8212;<\/strong><\/p>\n<p style=\"text-align: justify;\"><strong>\u201eSve se prema naprijed kre\u0107e! Neka blagoslovljeno vrijeme po\u010dne!<\/strong><\/p>\n<p style=\"text-align: justify;\"><strong>Staro brzo prolazi, i Novo dolazi!<\/strong><\/p>\n<p style=\"text-align: justify;\"><strong>Zlatna zvona zvone, i svetkovina povla\u010di<\/strong><\/p>\n<p style=\"text-align: justify;\"><strong>Poput vojske koja ubrzava po mjeri pjesme.<\/strong><\/p>\n<p style=\"text-align: justify;\"><strong>\u00a0<\/strong><\/p>\n<p style=\"text-align: justify;\"><strong>\u201eMra\u010dne teorije sada slabe: one su slabe da se na njima gradi;<\/strong><\/p>\n<p style=\"text-align: justify;\"><strong>Svjetlo je na vrhovima brda, i Istina mar\u0161ira naprijed:<\/strong><\/p>\n<p style=\"text-align: justify;\"><strong>Mnoge su znamenitosti samo sjene, koje sada blijede i bje\u017ee<\/strong><\/p>\n<p style=\"text-align: justify;\"><strong>Pred mo\u0107nim snagama koje dolaze danas.<\/strong><\/p>\n<p style=\"text-align: justify;\"><strong>\u00a0<\/strong><\/p>\n<p style=\"text-align: justify;\"><strong>\u201eO brate za\u0161to to \u010dekanje? I sestro za\u0161to si tako nijema?<\/strong><\/p>\n<p style=\"text-align: justify;\"><strong>Gore sa ranim suncem! O\u010dekuj zlatni plod!<\/strong><\/p>\n<p style=\"text-align: justify;\"><strong>O pjesni\u010de, za\u0161to ta tuga? O guslaru, za\u0161to ta \u0161utnja?<\/strong><\/p>\n<p style=\"text-align: justify;\"><strong>I slikaru, za\u0161to tako dugo oklijevanje za nebesku nijansu i rumenilo?<\/strong><\/p>\n<p style=\"text-align: justify;\"><strong>\u00a0<\/strong><\/p>\n<p style=\"text-align: justify;\"><strong>\u201eGore s veseljima jutra! Gore sa izlaze\u0107im suncem!<\/strong><\/p>\n<p style=\"text-align: justify;\"><strong>Ne \u010dekaju\u0107i na podne, niti se zaustavljaju\u0107i kada po\u010dne!<\/strong><\/p>\n<p style=\"text-align: justify;\"><strong>Jer sve se pokre\u0107e; neka blagoslovljeno vrijeme po\u010dne!<\/strong><\/p>\n<p style=\"text-align: justify;\"><strong>Staro brzo prolazi, i Novo dolazi!<\/strong><\/p>\n<p style=\"text-align: justify;\"><strong>\u00a0<\/strong><\/p>\n<p style=\"text-align: justify;\"><strong>\u201eNebesko se svjetlo prostire, prostire se na Kraljevu zapovijed!<\/strong><\/p>\n<p style=\"text-align: justify;\"><strong>Prostire se u svojoj slavi, ubrzavaju\u0107i posred zemlje.<\/strong><\/p>\n<p style=\"text-align: justify;\"><strong>Ljudska kreda idu prema dolje; neka se srozaju i nestanu.<\/strong><\/p>\n<p style=\"text-align: justify;\"><strong>Nakon svanu\u0107a jutarnjeg svjetla, mi mo\u017eemo vidjeti bolji put.<\/strong><\/p>\n<p style=\"text-align: justify;\"><strong>\u00a0<\/strong><\/p>\n<p style=\"text-align: justify;\"><strong>\u201eO neka bi smo svi bili spremni za posao kojeg moramo uraditi,<\/strong><\/p>\n<p style=\"text-align: justify;\"><strong>Trude\u0107i se kasno i rano, jer radnika je malo!<\/strong><\/p>\n<p style=\"text-align: justify;\"><strong>\u017danju\u0107i, kao \u0161to smo pou\u010deni, za jutarnjeg svjetla;<\/strong><\/p>\n<p style=\"text-align: justify;\"><strong>\u017danju\u0107i na polju \u017eetve, trude\u0107i se za ISPRAVNO!<\/strong><\/p>\n<p style=\"text-align: justify;\"><strong>\u00a0<\/strong><\/p>\n<p style=\"text-align: justify;\"><strong>\u201eSve se kre\u0107e prema naprijed! Neka po\u010dne zemljin Jubilej!<\/strong><\/p>\n<p style=\"text-align: justify;\"><strong>Staro brzo prolazi, i Novo dolazi!<\/strong><\/p>\n<p style=\"text-align: justify;\"><strong>Dolazi! O vidi, dolazi! Moje o\u010di uznesenja gledaju!<\/strong><\/p>\n<p style=\"text-align: justify;\"><strong>Svjetlo je na vrhovima brda, Pastir sa svojim Stadom.\u201c<\/strong><\/p>\n<p style=\"text-align: justify;\">\n","protected":false},"excerpt":{"rendered":"<p>BLIZU JE VRIJEME Ni\u0161ta u me\u0111uvremenu\u2014Uspostava Kristovog Kraljevstva, Djelo koje sada napreduje\u2014Svjedo\u010danstvo proro\u010danstva se sla\u017ee\u2014Svjetovno mudri vide mnogo\u2014Sveci koji bdiju vide jo\u0161 jasnije\u2014Va\u017enost za sve, otvorenih o\u010diju u pravom smjeru Blizu je vrijeme za uspostavu Otkupiteljevog Kraljevstva. To je slo\u017eno &hellip; <a href=\"https:\/\/istrazivacibiblijeuhrvatskoj.com\/blog\/knige\/blizu-je-vrijeme\/10-studija\/\">Continue reading <span class=\"meta-nav\">&rarr;<\/span><\/a><\/p>\n","protected":false},"author":1,"featured_media":0,"parent":3480,"menu_order":100,"comment_status":"open","ping_status":"closed","template":"","meta":{"footnotes":""},"class_list":["post-5518","page","type-page","status-publish","hentry"],"_links":{"self":[{"href":"https:\/\/istrazivacibiblijeuhrvatskoj.com\/blog\/wp-json\/wp\/v2\/pages\/5518","targetHints":{"allow":["GET"]}}],"collection":[{"href":"https:\/\/istrazivacibiblijeuhrvatskoj.com\/blog\/wp-json\/wp\/v2\/pages"}],"about":[{"href":"https:\/\/istrazivacibiblijeuhrvatskoj.com\/blog\/wp-json\/wp\/v2\/types\/page"}],"author":[{"embeddable":true,"href":"https:\/\/istrazivacibiblijeuhrvatskoj.com\/blog\/wp-json\/wp\/v2\/users\/1"}],"replies":[{"embeddable":true,"href":"https:\/\/istrazivacibiblijeuhrvatskoj.com\/blog\/wp-json\/wp\/v2\/comments?post=5518"}],"version-history":[{"count":1,"href":"https:\/\/istrazivacibiblijeuhrvatskoj.com\/blog\/wp-json\/wp\/v2\/pages\/5518\/revisions"}],"predecessor-version":[{"id":5519,"href":"https:\/\/istrazivacibiblijeuhrvatskoj.com\/blog\/wp-json\/wp\/v2\/pages\/5518\/revisions\/5519"}],"up":[{"embeddable":true,"href":"https:\/\/istrazivacibiblijeuhrvatskoj.com\/blog\/wp-json\/wp\/v2\/pages\/3480"}],"wp:attachment":[{"href":"https:\/\/istrazivacibiblijeuhrvatskoj.com\/blog\/wp-json\/wp\/v2\/media?parent=5518"}],"curies":[{"name":"wp","href":"https:\/\/api.w.org\/{rel}","templated":true}]}}