{"id":56,"date":"2013-08-13T15:32:46","date_gmt":"2013-08-13T13:32:46","guid":{"rendered":"http:\/\/istrazivacibiblijeuhrvatskoj.com\/blog\/?page_id=56"},"modified":"2015-03-20T08:12:21","modified_gmt":"2015-03-20T06:12:21","slug":"sudbina-izraela-zapecacena","status":"publish","type":"page","link":"https:\/\/istrazivacibiblijeuhrvatskoj.com\/blog\/traktati\/sudbina-izraela-zapecacena\/","title":{"rendered":"Sudbina Izraela zape\u010da\u0107ena"},"content":{"rendered":"<p><span style=\"color: #000080;\">Nikada u povijesti jedna nacija nije bila uni\u0161tena, njezin narod raspr\u0161en do krajeva Zemlje, a potom 2000 godina kasnije opet vra\u0107en u svoju domovinu i obnovljen kao nacija. <\/span><span style=\"color: #000080;\"><b>Izrael je zaista \u010dudesna nacija!<a href=\"https:\/\/istrazivacibiblijeuhrvatskoj.com\/blog\/wp-content\/uploads\/2013\/08\/Izrael1.jpg\"><img loading=\"lazy\" decoding=\"async\" class=\"aligncenter size-full wp-image-81\" alt=\"Izrael1\" src=\"https:\/\/istrazivacibiblijeuhrvatskoj.com\/blog\/wp-content\/uploads\/2013\/08\/Izrael1.jpg\" width=\"640\" height=\"820\" srcset=\"https:\/\/istrazivacibiblijeuhrvatskoj.com\/blog\/wp-content\/uploads\/2013\/08\/Izrael1.jpg 640w, https:\/\/istrazivacibiblijeuhrvatskoj.com\/blog\/wp-content\/uploads\/2013\/08\/Izrael1-234x300.jpg 234w\" sizes=\"auto, (max-width: 640px) 100vw, 640px\" \/><\/a><\/b><\/span><\/p>\n<p><span style=\"color: #000080;\">Proro\u010danstva zapisana prije otprilike 2500 godina sada su stvarnost.<\/span><span style=\"color: #000080;\"><i>\u201cTada \u0107u okrenuti sudbinu Izraela, svojega naroda: oni \u0107e sagraditi opusto\u0161ene gradove i stanovati u njima, nasadit \u0107e vinograde i iz njih piti vino, nasadit \u0107e vrtove i u\u017eivati njihove plodove. Posadit \u0107u ih u njihovu zemlju, da se vi\u0161e ne i\u0161\u010dupaju iz svoje zemlje, koju sam im dao, govori Gospodin, tvoj Bog.\u201c <\/i><\/span><span style=\"color: #000080;\">(Amos 9:14,15)<\/span><\/p>\n<p><span style=\"color: #000080;\">Ali proro\u010danstva u svezi ponovnog vra\u0107anja Izraela ne zavr\u0161avaju s tim. Poslu\u0161aj dalje rije\u010di proroka: <\/span><span style=\"color: #000080;\"><i>\u201eTada \u0107e grnuti k njoj svekoliki narodi. Mnogi \u0107e narodi i\u0107i tamo i govoriti : Do\u0111ite da idemo na Gospodnju goru, u ku\u0107u Boga Jakovljeva! Neka nas on u\u010di svojim putovima! Mi \u017eelimo hoditi njegovim stazama! Jer nauk izlazi sa Siona i Gospodnja rije\u010d od Jeruzalema.\u201c<\/i><\/span><span style=\"color: #000080;\">(Iza. 2:3) <\/span><span style=\"color: #000080;\"><i>\u201eU one \u0107e dane deset ljudi od svih jezika neznabo\u017ea\u010dkih naroda uhvatiti jednoga Judejca za skut i re\u0107i : Ho\u0107emo i\u0107i s vama; jer smo \u010duli da je Bog s vama\u201c<\/i><\/span><span style=\"color: #000080;\">(Zah.8:23) Da, od ispunjenja proro\u010danstava nema koristi samo Izrael nego \u0107e preko njega i ostali narodi dobiti kako blagoslov tako i pouku. <\/span><\/p>\n<p><span style=\"color: #000080;\">Bog je dao Abrahamu to obe\u0107anje kao sve\u010danu zakletvu a koje se ponavlja kroz Stari i Novi zavjet: <\/span><span style=\"color: #000080;\"><i>\u201e&#8230;i potomstvo \u0107u tvoje umno\u017eiti kao zvijezde na nebu i kao pijesak na morskoj obali&#8230;I bit \u0107e blagoslovljeni u tvom potomstvu svi narodi na zemlji&#8230;\u201c<\/i><\/span><span style=\"color: #000080;\">(1.Moj.22:17,18) Kr\u0161\u0107ani \u010desto proro\u010danstva iz Svetog pisma a koja se odnose na Izrael primjenjuju na sebe, me\u0111utim ovo zakletvom popra\u0107eno obe\u0107anje dato Abrahamu ukazuje na to da \u0107e biti nebesko potomstvo blagoslova i zemaljsko potomstvo blagoslova.<\/span><\/p>\n<p><span style=\"color: #000080;\">Apostol Pavao zasigurava da Izrael kao zemaljsko potomstvo ima klju\u010dnu ulogu u realizaciji Bo\u017ejeg plana da blagoslovi sve narode na zemlji. <\/span><span style=\"color: #000080;\"><i>\u201eJer ako njihovo otvrdnu\u0107e uklju\u010duje izmirenje svijeta, \u0161to \u0107e istom biti njihovo prihva\u0107anje? Ni\u0161ta manje nego prijelaz od smrti u \u017eivot!\u201c<\/i><\/span><span style=\"color: #000080;\">(Rim.11:15) Bog je tek po\u010deo sa svojim \u010dudima kojima je krajnji cilj ostvarenje kona\u010dne sudbine Izraela. Kakva prednost o\u010dekuje one koji se dr\u017ee Bo\u017ejih obe\u0107anja! <\/span><span style=\"color: #000080;\"><i>\u201eMolite za mir Jeruzalema!\u201c <\/i><\/span><span style=\"color: #000080;\">(Ps.122:6)<a href=\"https:\/\/istrazivacibiblijeuhrvatskoj.com\/blog\/wp-content\/uploads\/2013\/08\/Izrael4.jpg\"><img loading=\"lazy\" decoding=\"async\" class=\"aligncenter size-full wp-image-82\" alt=\"Izrael4\" src=\"https:\/\/istrazivacibiblijeuhrvatskoj.com\/blog\/wp-content\/uploads\/2013\/08\/Izrael4.jpg\" width=\"640\" height=\"580\" srcset=\"https:\/\/istrazivacibiblijeuhrvatskoj.com\/blog\/wp-content\/uploads\/2013\/08\/Izrael4.jpg 640w, https:\/\/istrazivacibiblijeuhrvatskoj.com\/blog\/wp-content\/uploads\/2013\/08\/Izrael4-300x271.jpg 300w\" sizes=\"auto, (max-width: 640px) 100vw, 640px\" \/><\/a><\/span><\/p>\n","protected":false},"excerpt":{"rendered":"<p>Nikada u povijesti jedna nacija nije bila uni\u0161tena, njezin narod raspr\u0161en do krajeva Zemlje, a potom 2000 godina kasnije opet vra\u0107en u svoju domovinu i obnovljen kao nacija. Izrael je zaista \u010dudesna nacija! Proro\u010danstva zapisana prije otprilike 2500 godina sada &hellip; <a href=\"https:\/\/istrazivacibiblijeuhrvatskoj.com\/blog\/traktati\/sudbina-izraela-zapecacena\/\">Continue reading <span class=\"meta-nav\">&rarr;<\/span><\/a><\/p>\n","protected":false},"author":1,"featured_media":0,"parent":1229,"menu_order":2,"comment_status":"open","ping_status":"closed","template":"","meta":{"footnotes":""},"class_list":["post-56","page","type-page","status-publish","hentry"],"_links":{"self":[{"href":"https:\/\/istrazivacibiblijeuhrvatskoj.com\/blog\/wp-json\/wp\/v2\/pages\/56","targetHints":{"allow":["GET"]}}],"collection":[{"href":"https:\/\/istrazivacibiblijeuhrvatskoj.com\/blog\/wp-json\/wp\/v2\/pages"}],"about":[{"href":"https:\/\/istrazivacibiblijeuhrvatskoj.com\/blog\/wp-json\/wp\/v2\/types\/page"}],"author":[{"embeddable":true,"href":"https:\/\/istrazivacibiblijeuhrvatskoj.com\/blog\/wp-json\/wp\/v2\/users\/1"}],"replies":[{"embeddable":true,"href":"https:\/\/istrazivacibiblijeuhrvatskoj.com\/blog\/wp-json\/wp\/v2\/comments?post=56"}],"version-history":[{"count":3,"href":"https:\/\/istrazivacibiblijeuhrvatskoj.com\/blog\/wp-json\/wp\/v2\/pages\/56\/revisions"}],"predecessor-version":[{"id":83,"href":"https:\/\/istrazivacibiblijeuhrvatskoj.com\/blog\/wp-json\/wp\/v2\/pages\/56\/revisions\/83"}],"up":[{"embeddable":true,"href":"https:\/\/istrazivacibiblijeuhrvatskoj.com\/blog\/wp-json\/wp\/v2\/pages\/1229"}],"wp:attachment":[{"href":"https:\/\/istrazivacibiblijeuhrvatskoj.com\/blog\/wp-json\/wp\/v2\/media?parent=56"}],"curies":[{"name":"wp","href":"https:\/\/api.w.org\/{rel}","templated":true}]}}