{"id":603,"date":"2013-11-15T20:47:23","date_gmt":"2013-11-15T18:47:23","guid":{"rendered":"http:\/\/istrazivacibiblijeuhrvatskoj.com\/blog\/?page_id=603"},"modified":"2023-01-09T15:48:57","modified_gmt":"2023-01-09T13:48:57","slug":"studija-5","status":"publish","type":"page","link":"https:\/\/istrazivacibiblijeuhrvatskoj.com\/blog\/knige\/bozanski-plan-o-vjekovima\/studija-5\/","title":{"rendered":"STUDIJA 5"},"content":{"rendered":"<p><b>A77<\/b><\/p>\n<p align=\"center\"><span style=\"color: #0000ff;\"><b>STUDIJA 5<\/b><\/span><\/p>\n<p align=\"center\"><b>\u201eSVETA TAJNA KOJA JE BILA SAKRIVENA TIJEKOM PROTEKLIH VJEKOVA I NARA\u0160TAJA, A SADA JE OBJAVLJENA NJEGOVIM SVETIMA\u201c Kol.1:26<\/b><\/p>\n<p style=\"text-align: justify;\"><b>Tra\u010dak svjetlosti prvog obe\u0107anja- Obe\u0107anje Abrahamu- Nada odgo\u0111ena- Tajna se po\u010dinje razotkrivati na Pedesetnicu- \u0160to Tajna u stvari jeste- Za\u0161to je toliko dugo dr\u017eana tajnom- I dalje tajna za Svijet- U odre\u0111eno \u0107e se vrijeme obznaniti svima- Kad \u0107e tajna biti svr\u0161ena.<\/b><\/p>\n<p style=\"text-align: justify;\">Dok je \u010dovje\u010danstvo bilo pod odgojem zla, i nije bilo u stanju razumjeti potrebu za tim, Bog je u vi\u0161e navrata izrazio svoj naum da ih obnovi i blagoslovi preko dolaze\u0107eg osloboditelja. Ali tko \u0107e biti taj osloboditelj bilo je tajnom nekih \u010detiri tisu\u0107e godina, koja se po\u010dela jasno otkrivati tek nakon Kristova uskrsnu\u0107a , na po\u010detku Kr\u0161\u0107anskog ili Evan\u0111eoskog doba.<\/p>\n<p style=\"text-align: justify;\">Osvrnuv\u0161i se na vrijeme kada su na\u0161i praroditelji izgubili \u017eivot i Edensku sre\u0107u, mo\u017eemo ih vidjeti pod pravednom kaznom za grijeh ispunjene tugom, i bez zrake nade, osim tog jednog tra\u010dka kojeg su izvla\u010dili iz te nejasne izjave da \u0107e potomstvo \u017eene zdrobiti glavu zmiji. Iako je za nas to od punog zna\u010daja u svijetlu kasnijih zbivanja za njih je to bio samo jedan slaba\u0161an tra\u010dak svijetla. Pro\u0161lo je gotovo dvije tisu\u0107e godina bez dokaza o ispunjenju.<\/p>\n<p style=\"text-align: justify;\">Oko dvije tisu\u0107e godina kasnije, Bog je pozvao Abrahama i obe\u0107ao da \u0107e njegovo potomstvo blagosloviti sve narode na zemlji. Izgledalo je kao da se Bog jo\u0161 uvijek dr\u017ei svog prethodno izra\u017eenog nauma, i sada ga je htio ispuniti. <b>[A78]<\/b> Vrijeme je jurilo: obe\u0107ana zemlja Kanaan jo\u0161 uvijek nije bila u njegovu posjedu; jo\u0161 uvijek nisu imali potomstva, i Abraham i Sara su starili. Abraham je razmi\u0161ljao da mora pomo\u0107i Bogu ispuniti njegovo obe\u0107anje; pa se tako rodio I\u0161mael. Ali njegova pomo\u0107 nije bila potrebna, jer se u pravo vrijeme rodio Izak, dijete nade i obe\u0107anja. Tada se \u010dinilo da je do\u0161ao obe\u0107ani vladar i blagosiljatelj naroda. Ipak se to nije desilo: godine su pro\u0161le, Bo\u017eje obe\u0107anje naizgled kao da je propalo; jer Izak je umro i njegov nasljednik Jakov tako\u0111er. Me\u0111utim vjerna nekolicina i dalje se \u010dvrsto dr\u017eala obe\u0107anja i bili su podr\u017eani od Boga; \u201ejer je savez kojeg je sklopio s Abrahamom\u201c bio potvr\u0111en \u201ezakletvom Izaku\u201c i \u201epostavio Jakovu kao zakon i za vje\u010dni savez Izraelu\u201c (1.Ljet.16:16,17)<\/p>\n<p style=\"text-align: justify;\">Kada su u vrijeme Jakovljeve smrti njegovi potomci prvi put bili nazvani DVANAEST PLEMENA IZRAELA i prepoznati od Boga kao \u201eizabrani narod\u201c (1.Moj.49:28; 5.Moj.26:5) o\u010dekivanje da \u0107e taj narod kao cijelina, kao obe\u0107ano potomstvo Abrahamovo, posjedovati Kanaan, te vladati svijetom i blagosloviti ga, kao da je bilo na pragu realizacije; jer na koncu pod naklono\u0161\u0107u Egipta postali su mo\u0107an narod. Ali nada je bila gotovo upropa\u0161tena, a obe\u0107anje gotovo zaboravljeno kada su ih Egip\u0107ani nakon \u0161to su zadobili kontrolu nad njima u\u010dinili svojim robovima za dugo razdoblje.<\/p>\n<p style=\"text-align: justify;\">Uistinu Bo\u017eja obe\u0107anja kao da su bila obavijena velom tajne i izgledalo je da je veoma te\u0161ko na\u0107i njegove puteve. Me\u0111utim u pravo vrijeme do\u0161ao je Mojsije, veliki osloboditelj, \u010dijom rukom ih je Bog izveo iz ropstva, \u010dine\u0107i velika \u010duda u njihovu korist. Taj veliki osloboditelj umro je neposredno pred ulazak u Kanaan; me\u0111utim kao Bo\u017eji glasnogovornik on je objavio: \u201eProroka iz tvoje sredine, izme\u0111u bra\u0107e tvoje, kao \u0161to sam ja, podignut \u0107e ti Gospodin, Bog tvoj\u201c (5.Moj.18:15; Djela 3:22) To je dalo daljnji uvid u Bo\u017eji plan, pokazuju\u0107i ne samo da \u0107e njihov narod kao grupa na neki na\u010din biti povezan sa budu\u0107im djelom <b>[A79]<\/b> vladanja i blagoslivljanja nego da \u0107e izme\u0111u njih biti izabran jedan koji \u0107e voditi k pobjedi i ispunjenju obe\u0107anja. Tada je Jo\u0161ua, \u010dije ime zna\u010di izbavitelj ili spasitelj, postao njihovim vo\u0111om, i pod njim su dobili velike pobjede, i na koncu u\u0161li u zemlju obe\u0107anu u savezu. Zacijelo je tada izgledalo da je do\u0161ao pravi vo\u0111a, i da \u0107e obe\u0107anje tada imati svoje potpuno ispunjenje.<\/p>\n<p style=\"text-align: justify;\">Me\u0111utim Jo\u0161ua je umro a oni kao narod nisu napravili neki zna\u010dajan napredak sve dok im David i Salamun nisu bili dati kao kraljevi. Tada su dosegnuli vrhunac svoje slave; i uskoro umjesto da su gledali ispunjenje obe\u0107anja, bili su li\u0161eni svoje mo\u0107i i bili podvrgnuti drugim narodima. Neki su se me\u0111utim i dalje \u010dvrsto dr\u017eali obe\u0107anja i gledali na velikog Osloboditelja kojega su Mojsije, Jo\u0161ua, David i Salamun bili predslike.<\/p>\n<p style=\"text-align: justify;\">Otprilike u vrijeme kada je Isus bio ro\u0111en, svi su ljudi bili u i\u0161\u010dekivanju Mesije, dolaze\u0107eg kralja Izraela a kroz Izrael i cijelog svijeta. Ali Izraelska nada slave i \u010dasti njihovog dolaze\u0107eg kralja, nadahnuta predslikama i proro\u010danstvima o njegovoj veli\u010dini i mo\u0107i, navela ih je da previde drugi set predslika i proro\u010danstava, koji su ukazivali na njegovu patnju i smrt, kao otkupnine za gre\u0161nike, a \u0161to je bilo potrebno prije nego \u0161to blagoslovi mogu do\u0107. To je bilo predo\u010deno sa Pashom prije nego su bili izbavljeni iz Egipta, u \u017ertvovanju \u017eivotinja prilikom davanja zakona saveza (Hebr.9:11-20; 10:8-18), i \u017ertvama koje je sve\u0107enstvo prinosilo svake godine na dan Pomirenja. Previdjeli su i iskaz proroka koji su \u201esvjedo\u010dili o patnjama koje su o\u010dekivale Krista i o svemu slavnom \u0161to dolazi poslije njih.\u201c (1.Pet.1:11) Stoga kada je Isus do\u0161ao kao \u017ertva, nisu ga prepoznali, nisu prepoznali vrijeme svog poho\u0111enja. (Lk.19:44) \u010cak su i njegovi bliski sljedbenici bili zbunjeni kada je On umro; <b>[A80]<\/b> i \u017ealosno su rekli: \u201eA mi smo se nadali da je on onaj koji \u0107e izbaviti Izraela.\u201c (Lk.24:21) O\u010digledno su izgubili svoje pouzdanje u njega. Propustili su vidjeti da je smrt njihovog vo\u0111e bila jamstvo za Novi Savez pod kojim \u0107e do\u0107i mnogi blagoslovi i djelomi\u010dnog ispunjenja saveza obe\u0107anja. Me\u0111utim kada su utvrdili da je uskrsnuo iz groba njihova izblijedjela nada po\u010dela je ponovno o\u017eivljavati (1.Pet.1:3) i kada ih je trebao napustiti pitali su ga glede njihove dugo pri\u017eeljkivane i dugo odga\u0111ane nade rekav\u0161i: \u201eGospodine, ho\u0107e\u0161 li u ovo vrijeme Izraelu obnoviti Kraljevstvo?\u201c Da su njihove nade u biti bile ispravne iako nisu znali vrijeme kada \u0107e se one ispuniti vidljivo je iz Gospodinovog odgovora: \u201eNije va\u0161e znati vremena ili razdoblja koja Otac ima u svojoj vlasti.\u201c (Djela 1:6,7)<\/p>\n<p style=\"text-align: justify;\">Kada je Isus uza\u0161ao, njegovi u\u010denici mora da su se pitali u kom pravcu sada ide Bo\u017eji plan? ; jer sjetimo se da su u\u010denja na\u0161eg Gospodina uglavnom bila u usporedbama i tajnovitim izjavama. On im je rekao: \u201eJo\u0161 vam imam mnogo toga re\u0107i, ali sada ne mo\u017eete nositi. No kada do\u0111e on, duh istine, uputit \u0107e vas u svu istinu .\u201c \u201eOn \u0107e vas pou\u010diti o svemu i podsjetiti vas na sve \u0161to sam vam ja rekao.\u201c (Ivan 16:12,13; 14:26) Stoga oni nisu mogli puno toga razumijeti prije dolaska Pentekostalnog blagoslova.<\/p>\n<p style=\"text-align: justify;\">\u010cak i tada trebalo je pro\u0107i dosta vremena prije nego su dobili \u010disto, potpuno razumijevanje djela koje je izvr\u0161eno i njegove povezanosti sa Izvornim savezom. (Djela 11:9; Gal.2:2,12,14) Me\u0111utim \u010dini se da iako oni nisu u potpunosti i jasno razumjeli neke stvari, da su slu\u017eili kao Bo\u017eji glasnogovornici i njihove nadahnute rije\u010di su bile jasniji i dublji izrazi istine od onog \u0161to su oni u potpunosti razumijeli. <b>[A81]<\/b> Naprimjer pro\u010ditaj Jakovljev govor u kojem ka\u017ee:\u201c \u0160imun je potanko iznio kako je Bog prvi put pogledao na neznabo\u0161ce da iz njih uzme narod za svoje ime (nevjestu). S tim su u skladu rije\u010di proroka kao \u0161to je napisano: Nakon toga (nakon \u0161to se uzme taj narod iz neznabo\u017eaca) vratit \u0107u se i opet izgraditi palu sjenicu Davidovu (zemaljsku vlast) Ru\u0161evine \u0107u njezine opet izgraditi i opet \u0107u je podignuti.\u201c(Djela 15:14-16)<\/p>\n<p style=\"text-align: justify;\">Jakov je kroz slanje Evan\u0111elja preko Petra prvom neznabo\u017ea\u010dkom obra\u0107eniku i kroz Pavla neznabo\u0161cima op\u0107enito is\u010ditao Bo\u017eju provednost koja je jasno pokazala da \u0107e tijekom ovog doba vjerni \u017didovi i neznabo\u0161ci biti jednako u milosti. Tada je pogledao u proro\u010danstva i na\u0161ao da je tako bilo zapisano; i da \u0107e nakon \u0161to se djelo Evan\u0111eoskog doba zavr\u0161i biti ispunjena obe\u0107anja za tjelesni Izrael. Postupno se veliku tajnu,toliko dugo sakrivenu po\u010delo razumijevati od strane nekolicine svetaca, posebnih Bo\u017ejih \u201eprijatelja\u201c.<\/p>\n<p style=\"text-align: justify;\">Pavao izjavljuje (Kol.1:27) da je ta tajna sakrivena od mnogih vjekova i od mnogih nara\u0161taja a sada objavljena njegovim svetima<\/p>\n<p style=\"text-align: center;\">\u201eKrist u vama, nada u slavu\u201c<\/p>\n<p style=\"text-align: justify;\">To je velika Bo\u017eja tajna koja je bila skrivena od svih prija\u0161njih vjekova i jo\u0161 uvijek je skrivena od svih osim jedne posebne klase \u2013svetaca, posve\u0107enih vjernika. Ali \u0161to se podrazumijeva pod \u201eKrist u vama\u201c ? Nau\u010dili smo da je Isus bio pomazan sa svetim Duhom (Djela 10:38), i tako smo ga prepoznali kao Krista- pomazanika- jer rije\u010d Krist zna\u010di pomazanik. I apostol Ivan ka\u017ee da pomazanje koje smo mi (posve\u0107eni vjernici) primili ostaje u nama. (1.Ivan 2:27) Tako su svetci ovog Evan\u0111eoskog doba pomazana grupa- pomazani da budu Bo\u017eji kraljevi i sve\u0107enici (2.Kor.1:21; 1.Pet.2:9); i zajedno sa svojim <b>[A82]<\/b> poglavarem i Gospodinom oni sa\u010dinjavaju Jehovinog pomazanika \u2013Krista.<\/p>\n<p style=\"text-align: justify;\">U skladu s tim Ivanovim u\u010denjem , da smo mi tako\u0111er pomazani, Pavao nas uvjerava da ta tajna, dobro \u010duvana u pro\u0161lim vjekovima a sada obznanjena njegovim svetima, je ustvari u tome da Krist (Pomazanik) \u201enije jedan ud nego mnogi\u201c, kao \u0161to je ljudsko tijelo jedno ali ima mnoge udove, i kao \u0161to mnogi udovi sa\u010dinjavaju jedno tijelo , tako je isto i s Pomazanikom-Kristom. (1.Kor.12:12-28) Isus je pomazan da bude Glavom ili Gospodarem Crkve, koja je njegovo tijelo (ili njegova zaru\u010dnica kako je druga\u010dije izre\u010deno u Efe\u017e.5:25-30), i oni zajedno sa\u010dinjavaju obe\u0107ano \u201epotomstvo\u201c- obe\u0107anog Osloboditelja. \u201eA ako ste Kristovi , onda ste potomstvo Abrahamovo, nasljednici po obe\u0107anju.\u201c (Gal.3:29)<\/p>\n<p style=\"text-align: justify;\">Apostol pa\u017eljivo \u010duva Crkvu od bilo kakvih oholih tvrdnji govore\u0107i za Isusa da mu je Bog \u201esve podlo\u017eio pod noge i u\u010dinio ga glavom nad svime za dobro skup\u0161tine koja je njegovo tijelo\u201c, \u201eda u svemu bude prvi\u201c (Efe\u017e.1:22; Kol.1:18). Ipak kroz figuru ljudskog tijela on lijepo i sna\u017eno prikazuje na\u0161 prisni odnos. Isus je nau\u010davao ovo isto jedinstvo rekav\u0161i : \u201eJa sam trs, vi ste mladice.\u201c(Ivan 15:5)<\/p>\n<p style=\"text-align: justify;\">Na\u0161e jedinstvo s Gospodinom Isusom, kao \u010dlanova Krista, pomazane grupe, dobro je ilustrirano primjerom piramide.<\/p>\n<p><img loading=\"lazy\" decoding=\"async\" class=\"aligncenter size-full wp-image-624\" src=\"https:\/\/istrazivacibiblijeuhrvatskoj.com\/blog\/wp-content\/uploads\/2013\/11\/PyramidS1.jpg\" alt=\"PyramidS\" width=\"295\" height=\"228\" \/><\/p>\n<p style=\"text-align: justify;\">Pokrovni kamen je sam po sebi savr\u0161ena piramida, drugo kamenje mora biti ugra\u0111eno ispod njega i ako je u skladu sa svim karakteristi\u010dnim crtama pokrovnog kamena cijela gra\u0111evina bit \u0107e savr\u0161ena piramida . Kako prekrasno ovo ilustrira na\u0161 polo\u017eaj kao \u010dlanova \u201epotomstva\u201c- \u201eKrista\u201c- Udru\u017eeni i u savr\u0161enom skladu s na\u0161om glavom mi kao \u017eivo kamenje smo savr\u0161eni, dok odvojeni od njega mi smo ni\u0161ta.<\/p>\n<p><b>A83<\/b><\/p>\n<p style=\"text-align: justify;\">Isus, savr\u0161eni, bio je visoko uzvi\u0161en i sada mu se mi predstavljamo kako bi smo bili formirani i oblikovani prema njegovom primjeru i da bi smo bili izgra\u0161eni kao Bo\u017eja gra\u0111evina. U uobi\u010dajenoj gra\u0111evini nema glavnog ugaonog kamena, ali u na\u0161oj gra\u0111evini postoji glavni ugaoni kamen, pokrovni kamen, kao \u0161to je napisano: \u201eEvo stavljam na Sionu ugaoni, izabrani i dragocjeni kamen\u201c; \u201ePristupite k njemu , \u017eivome kamenu &#8230;i sami se kao \u017eivo kamenje ugra\u0111ujete u duhovni hram za sveto sve\u0107enstvo, da prinosite duhovne\u02d9* \u017ertve koje su ugodne Bogu po Isusu Kristu\u201c (1.Pet.2:4-6) Mi vjerujemo da \u0107e vrlo brzo jedinstvo izme\u0111u Isusa, \u201eGlave\u201c, i \u201eCrkve koja je njegovo tijelo\u201c biti potpuno.<\/p>\n<hr \/>\n<p style=\"text-align: justify;\">* Sinajski manuskript izostavlja rije\u010d duhovne ispred rije\u010di \u017ertve.<\/p>\n<hr \/>\n<p style=\"text-align: justify;\">I dragi ljubljeni moramo izdr\u017eati mnoge udarce i poliranje \u2013 moramo pro\u0107i kroz mnogo transformacije i mnogo uskla\u0111ivanja s njegovim primjerom, pod vodstvom velikog Majstora-Graditelja, kako bi vje\u0161tina i idealnost graditelja bile prikazane na nama; mi moramo stoga paziti da nemamo neravnih godova na\u0161e volje koji se suprotstavljaju ili osuje\u0107uju ostvarenje njegove volje u nama; moramo biti poput djece i ponizni \u2013 \u201eobu\u010deni u poniznost; jer Bog se suprotstavlja oholima a milost ukazuje poniznima\u201c <b>[A84]<\/b> Ponizimo se stoga pod mo\u0107nu ruku Bo\u017eju da bi nas uzvisio u pravo vrijeme (1.Pet.5:5,6), kao \u0161to je uzvisio na\u0161eg Poglavara i prete\u010du. (Filip.2:8,9)<\/p>\n<p style=\"text-align: justify;\">Ovo je zaista prekrasna poruka, i dok istra\u017eujemo po Bibliji u svezi na\u0161eg veli\u010danstvenog nebeskog poziva nalazimo kako su svi proroci izra\u017eajni u objavljivanju milosti (naklonost ili blagoslov) koju smo dobili (1.Pet.1:10); dok predslike i usporedbe, i do ovog \u010dasa tajne izjave, sada postaju osvjetljene, bacaju\u0107i svoje svijetlo na \u201euski put\u201ckojim je pomazana (Krist) grupa pozvana tr\u010dati za nagradom koja je sada razotkrivena pogledu. To je zaista bila tajna o kojoj nitko prije nije mogao ni slutiti \u2013 da Bog namjerava podignuti ne samo Izbavitelja, nego izbavitelja koji se sastoji od vi\u0161e \u010dlanova. To je nebeski poziv, kojega posve\u0107eni vjernici Evan\u0111eoskog doba imaju prednost posti\u0107i. Isus im to nije poku\u0161avao razotkriti kao tjelesnim ljudima sve do Pedesetnice, kada su bili pomazani- nanovo za\u010deti za novu prirodu. Iz Pavlovog obja\u0161njenja sazanjemo da nitko osim \u201enovog stvorenja\u201c ne mo\u017ee sada cijeniti a niti razumjeti taj nebeski poziv. On ka\u017ee: \u201egovorimo o bo\u017ejoj mudrosti izra\u017eenoj u svetoj tajni o sakrivenoj mudrosti (plan). Bog je prije vjekova unaprijed odredio taj svoj naum za na\u0161u slavu. Tu mudrost nije upoznao nijedan od vladara &#8230;nego kao \u0161to je napisano: \u0160to oko nije vidjelo i uho nije \u010dulo i \u0161to u srce \u010dovje\u010dje nije do\u0161lo, to je Bog pripremio onima koji ga ljube. A nama je to Bog otkrio svojim duhom.\u201c (1.Kor.2:6-14)<\/p>\n<p style=\"text-align: justify;\">U svojoj poslanici Gala\u0107anima, Pavao razotkriva cijelu tajnu, i pokazuje kako \u0107e se ispuniti Abrahamski savez. On pokazuje da se Zakon dat Izraelu ne sukobljava sa prvobitnim savezom (Gal.3:15-18) i da je Krist potomstvo Abrahamovo koje \u0107e blagosloviti sve narode na zemlji. (redak 16) Dalje, nastavljaju\u0107i s idejom na koju je upravo aludirao <b>[A85]<\/b> da Krist uklju\u010duje sve pomazane Duhom, on ka\u017ee: \u201eJer svi vi koji ste se krstili da budete u zajedni\u0161tvu s Kristom, Kristom ste se zaodjenuli,&#8230;A ako ste Kristovi, onda ste potomstvo Abrahamovo, nasljednici po obe\u0107anju. \u201e(Gal.3:27,29) Nastavljaju\u0107i u istom pravcu on pokazuje (Gal.4) da je Abraham bio predslika Jehove, Sara predslika saveza obe\u0107anja, i Izak predslika Krista (tijelo i glava); i tada dodaje: \u201eA mi smo, bra\u0107o, djeca obe\u0107anja , kao \u0161to je bio Izak.\u201c (28 redak) Tako je Bo\u017eji plan bio skriven u predslikama sve dok se u Evan\u0111eoskom dobu nije po\u010deo razvijati Krist.<\/p>\n<p style=\"text-align: justify;\">Postojala je potreba da ta tajna ostane skrivenom, ina\u010de to ne bi bio slu\u010daj. Bilo je neophodno zbog toga \u0161to bi otkriti cjelokupni plan, za \u010dovje\u010danstvo bilo frustriraju\u0107e. Da su je ljudi znali ne bi razapeli Gospodina slave niti Crkvu koja je njegovo tijelo. (1.Kor.2:8) Ne samo da bi se sprije\u010dila Kristova smrt, kao cijene za Adamovo otkupljenje da se plan nije \u010duvao skrivenim ve\u0107 bi se sprije\u010dilo i ispite za Crkvu koja je sudionik Kristovih patnji jer: \u201eZato svijet ne pozna nas(kao sunasljednike) jer nije upoznao njega (iz istog razloga)\u201c (1.Ivan.3:1)<\/p>\n<p style=\"text-align: justify;\">Nije samo Bo\u017eji plan ,a niti Krist kao njegovo utjelovljenje, velika tajna za svijet, nego je i poseban pravac kojim je pozvano i\u0107i malo stado ono \u0161to ih \u010dini \u201enaro\u010ditim narodom\u201c. Za svijet je bila tajna to \u0161to je Isus koji je mogao toliko toga posti\u0107i u politici, zakonu, trgovini, popularnoj religiji i postati velik i po\u0161tovan umjesto da svoje talente i sposobnosti i vrijeme koristi na na\u010din kako je on to u\u010dinio. Prema ljudskom gledi\u0161tu on <b>[A86]<\/b> je protratio svoj \u017eivot, i rekli su : \u201eOn ima demona i lud je.\u201c Njegov \u017eivot i u\u010denja za njih su bili misterij. Nisu ga mogli razumijeti.<\/p>\n<p style=\"text-align: justify;\">Apostoli i njihovi pratioci tako\u0111er su bili tajnom za svijet jer su ostavili svoje poslovne izglede itd. da propovjedaju opro\u0161tenje grijeha kroz smrt prezrenog i raspetog Isusa. Pavao je ostavio svoj visoki polo\u017eaj i dru\u0161tveni utjecaj kako bi zara\u0111ivao za \u017eivot svojim rukama i propovjedao Krista, i nevidljivu krunu za sve vjernike koji \u0107e biti njegovi sljedbenici. To je bilo toliko \u010dudno da su mu neki rekli: \u201eLuduje\u0161 Pavle,! Velika u\u010denost tjera te u ludilo!\u201c I sve one koji su poput Pavla slijedili U\u010diteljeve stope smatralo se ludima zbog Krista.<\/p>\n<p style=\"text-align: justify;\">Me\u0111utim Bo\u017eji plan nije trebao zauvijek ostati obavijen velom tajne, svanu\u0107e Milenijskog dana donosi punije svjetlo od Boga ljudima i \u201eznanje o Gospodinu ispunit \u0107e svu zemlju.\u201c Sunce pravednosti koje \u0107e iza\u0107i s ozdravljenjem na svojim zracima, rastjeruju\u0107i tamu neznanja, je Krist u Milenijskoj slavi- ne samo Glava, nego i udovi njegovog tijela, kao \u0161to je napisano: Ako trpimo zajedno s njim da bi smo zajedno s njim bili i proslavljeni. \u201eKada se poka\u017ee Krist, na\u0161 \u017eivot, tada \u0107ete se i vi s njim pokazati u slavi.\u201c i \u201eTada \u0107e pravednici poput sunca sjati u kraljevstvu Oca svojega\u201c. Rim.8:17; 2.Tim.2:11,12; Kol.3:4; Mat.13:43<\/p>\n<p style=\"text-align: justify;\">Sada svima osim onih koji su nanovo za\u010deti s novim umom, usvajaju\u0107i \u201eKristov um\u201c, obe\u0107anja kojima mi vjerujemo, i nade koje njegujemo, izgledaju vizionarskima, i prelijepima da bi bila istinita. U dobu koje dolazi kada \u0107e Bog \u201eizliti svoj duh na svako tijelo\u201c kao \u0161to ga sada u ovom dobu izlijeva \u201ena svoje sluge i slu\u0161kinje\u201c \u0107e svi razumjeti i cijeniti obe\u0107anja koja sada shva\u0107a \u201emalo stado\u201c <b>[A87]<\/b> i radovat \u0107e se poslu\u0161nosti i uzvi\u0161enju Crkve, govore\u0107i: \u201eRadujmo se i veselimo i slavu mu dajmo, jer je do\u0161la svadba Janjetova i spremna je \u017eena njegova.\u201c (Otkr.19:7) Oni \u0107e se radovati Crkvinom proslavljenju, kroz koju \u0107e im tada pritjecati blagoslovi; i dok budu shva\u0107ali da \u201edragocjena i najveli\u010danstvenija obe\u0107anja\u201c koja je Pomazanik (Glava i tijelo) naslijedio nisu za njih, nego su ispunjena na nama bit \u0107e blagoslovljeni poukama koje \u0107e izvla\u010diti iz primjera Crkve; i dok budu tr\u010dali za blagoslovima koji \u0107e im tada stajati u izgledu koristit \u0107e im primjer Crkve, i slavit \u0107e Boga zbog nje. Ali ta spoznaja ne\u0107e donijeti pohlepu; jer u novom poretku njihov poziv da postignu ljudsko savr\u0161enstvo u potpunosti \u0107e ih zadovoljiti, i \u010dinit \u0107e im se mnogo po\u017eeljnijim od promjene prirode.<\/p>\n<p style=\"text-align: justify;\">Tada \u0107e \u201etajna\u201c biti zavr\u0161ena; jer tada \u0107e svijet shvatiti da je u Kristu bio Bo\u017eji duh, a u nama Kristov duh- Bog se o\u010ditovao u tijelu- \u0161to su oni do tada krivo razumjeli. Tada \u0107e shvatiti da mi nismo bili ludi niti budale; nego da smo izabrali bolji dio kada smo tr\u010dali za bogatstvom, \u010da\u0161\u0107u i krunom njima nevidljivom ali vje\u010dnom.<\/p>\n<p style=\"text-align: justify;\">U jednom trenutku vremena Bo\u017eja tajna bit \u0107e svr\u0161ena tijekom razdoblja ogla\u0161avanja sedme (simboli\u010dne trube). (Otkr.10:7) To se odnosi na oba smisla u svezi te tajne: tajna ili skrivene zna\u010dajke Bo\u017ejeg plana tada \u0107e biti obznanjena i bit \u0107e jasno vidljiva; i tako\u0111er \u201etajna Bo\u017eja\u201c, Crkva, utjelovljenje tog plana. Obje zna\u010dajke tada \u0107e biti svr\u0161ene. Tajna, skriveni plan koja je tra\u017eila puni, potpuni broj udova Kristova tijela, biti \u0107e zavr\u0161ena. Plan \u0107e prestati <b>[A88]<\/b> biti tajnom, zato \u0161to tada ne\u0107e biti daljnjeg razloga za time. Veli\u010dina toliko dugo \u010duvane tajne, i skrivene u obe\u0107anjima, predslikama i simbolima, i nevjerojatna milost ukazana onima koji su bili pozvani da budu sudionici te tajne, (Efe\u017e.3:9) sugerira nam da djelo koje slijedi nakon njenog zavr\u0161etka, zbog kojeg je Jehova 6000 godina dr\u017eao \u010dovje\u010danstvo u i\u0161\u010dekivanju i nadi mora biti neobi\u010dno veliko djelo, veli\u010danstveno, dostojno tako velikih priprema. Nevjerojatno je \u0161to sve mo\u017eemo o\u010dekivati od blagoslova koji \u0107e tada pritjecati svijetu, kada \u0107e biti uklonjen veo tajne i kada \u0107e silaziti obilni pljuskovi blagoslova! Za time je cjelokupno stvorenje u boli uzdisalo sve do sada, o\u010dekuju\u0107i dovr\u0161etak ovog misterija- objavljivanje Sinova Bo\u017ejih, obe\u0107anog \u201ePotomstva\u201c u kojem \u0107e svi biti blagoslovljeni. Rim.8:19,21,22<\/p>\n<p style=\"text-align: center;\">Prinos u Gospodnji dan<\/p>\n<p style=\"text-align: center;\">\u201ePrinosim ti<br \/>\nsvaki otkucaj srca jer je Tvoj,<br \/>\nsvaku ljudsku vezu<br \/>\nsvaku radost i svaku bol<br \/>\nsvaki \u010din uma ili mozga<br \/>\nMoj blagoslovljeni Bo\u017ee!<br \/>\nSvaku nadu i svaki strah<br \/>\nSvaki osmjeh i svaku suzu<br \/>\nsvaku pjesmu i himnu<br \/>\n\u201eLaudamus te\u201c<br \/>\n\u201eUzmi ih sve moj blagoslovljeni Gospode<br \/>\nve\u017ei ih sa svojim tajnim u\u017eetom,<br \/>\nProslavi sebe u meni<br \/>\nPo\u010da\u0161\u0107eni!<br \/>\nUmno\u017ei ih svojom rije\u010dju<br \/>\nOja\u010daj, blagoslovi, uve\u0107aj, moj Gospodine,<br \/>\nsavr\u0161enom ljubavlju<br \/>\nTi prvi i posljednji!\u201c<\/p>\n","protected":false},"excerpt":{"rendered":"<p>A77 STUDIJA 5 \u201eSVETA TAJNA KOJA JE BILA SAKRIVENA TIJEKOM PROTEKLIH VJEKOVA I NARA\u0160TAJA, A SADA JE OBJAVLJENA NJEGOVIM SVETIMA\u201c Kol.1:26 Tra\u010dak svjetlosti prvog obe\u0107anja- Obe\u0107anje Abrahamu- Nada odgo\u0111ena- Tajna se po\u010dinje razotkrivati na Pedesetnicu- \u0160to Tajna u stvari jeste- &hellip; <a href=\"https:\/\/istrazivacibiblijeuhrvatskoj.com\/blog\/knige\/bozanski-plan-o-vjekovima\/studija-5\/\">Continue reading <span class=\"meta-nav\">&rarr;<\/span><\/a><\/p>\n","protected":false},"author":1,"featured_media":0,"parent":315,"menu_order":50,"comment_status":"open","ping_status":"closed","template":"","meta":{"footnotes":""},"class_list":["post-603","page","type-page","status-publish","hentry"],"_links":{"self":[{"href":"https:\/\/istrazivacibiblijeuhrvatskoj.com\/blog\/wp-json\/wp\/v2\/pages\/603","targetHints":{"allow":["GET"]}}],"collection":[{"href":"https:\/\/istrazivacibiblijeuhrvatskoj.com\/blog\/wp-json\/wp\/v2\/pages"}],"about":[{"href":"https:\/\/istrazivacibiblijeuhrvatskoj.com\/blog\/wp-json\/wp\/v2\/types\/page"}],"author":[{"embeddable":true,"href":"https:\/\/istrazivacibiblijeuhrvatskoj.com\/blog\/wp-json\/wp\/v2\/users\/1"}],"replies":[{"embeddable":true,"href":"https:\/\/istrazivacibiblijeuhrvatskoj.com\/blog\/wp-json\/wp\/v2\/comments?post=603"}],"version-history":[{"count":6,"href":"https:\/\/istrazivacibiblijeuhrvatskoj.com\/blog\/wp-json\/wp\/v2\/pages\/603\/revisions"}],"predecessor-version":[{"id":15441,"href":"https:\/\/istrazivacibiblijeuhrvatskoj.com\/blog\/wp-json\/wp\/v2\/pages\/603\/revisions\/15441"}],"up":[{"embeddable":true,"href":"https:\/\/istrazivacibiblijeuhrvatskoj.com\/blog\/wp-json\/wp\/v2\/pages\/315"}],"wp:attachment":[{"href":"https:\/\/istrazivacibiblijeuhrvatskoj.com\/blog\/wp-json\/wp\/v2\/media?parent=603"}],"curies":[{"name":"wp","href":"https:\/\/api.w.org\/{rel}","templated":true}]}}