{"id":6769,"date":"2015-11-05T10:31:32","date_gmt":"2015-11-05T08:31:32","guid":{"rendered":"http:\/\/istrazivacibiblijeuhrvatskoj.com\/blog\/?page_id=6769"},"modified":"2017-08-05T08:32:44","modified_gmt":"2017-08-05T06:32:44","slug":"uvodna-rijec-autora","status":"publish","type":"page","link":"https:\/\/istrazivacibiblijeuhrvatskoj.com\/blog\/knige\/neka-dode-kraljevstvo-tvoje\/uvodna-rijec-autora\/","title":{"rendered":"UVODNA RIJE\u010c AUTORA"},"content":{"rendered":"<p><a href=\"https:\/\/istrazivacibiblijeuhrvatskoj.com\/blog\/wp-content\/uploads\/2015\/11\/PyramidCrossSection.jpg\"><img loading=\"lazy\" decoding=\"async\" class=\"alignleft  wp-image-6765\" src=\"https:\/\/istrazivacibiblijeuhrvatskoj.com\/blog\/wp-content\/uploads\/2015\/11\/PyramidCrossSection-1024x646.jpg\" alt=\"PyramidCrossSection\" width=\"566\" height=\"357\" srcset=\"https:\/\/istrazivacibiblijeuhrvatskoj.com\/blog\/wp-content\/uploads\/2015\/11\/PyramidCrossSection-1024x646.jpg 1024w, https:\/\/istrazivacibiblijeuhrvatskoj.com\/blog\/wp-content\/uploads\/2015\/11\/PyramidCrossSection-300x189.jpg 300w\" sizes=\"auto, (max-width: 566px) 100vw, 566px\" \/><\/a><\/p>\n<p>&nbsp;<\/p>\n<p>&nbsp;<\/p>\n<p>&nbsp;<\/p>\n<p>&nbsp;<\/p>\n<p>&nbsp;<\/p>\n<p>&nbsp;<\/p>\n<p>&nbsp;<\/p>\n<p>&nbsp;<\/p>\n<p><strong>STUDIJE SVETOG PISMA<\/strong><\/p>\n<p style=\"text-align: justify;\">\u201eA pravedni\u010dka je staza kao sjajna svjetlost koja sve ja\u010de svjetli, dok ne bude potpuni dan.\u201c<\/p>\n<p style=\"text-align: justify;\"><strong>SVEZAK TRI<\/strong><\/p>\n<p style=\"text-align: justify;\"><span style=\"color: #000000;\"><b>Neka Do\u0111e Kraljevstvo Tvoje<\/b><\/span><\/p>\n<p style=\"text-align: justify;\">\u201eA kraljevstvo, vlast i veli\u010danstvo kraljevstava pod svim nebom dani su narodu koji \u010dine sveti sluge Najvi\u0161ega. Kraljevstvo je njihovo kraljevstvo vje\u010dno, i sve \u0107e im vlasti slu\u017eiti i biti im poslu\u0161ne.\u201c <strong><em>(Dan. 7:27; Otkr. 5:10)<\/em><\/strong><\/p>\n<p style=\"text-align: justify;\"><strong>OVO DJELO POSVE\u0106ENO JE<\/strong><\/p>\n<p style=\"text-align: justify;\"><strong>Kralju nad kraljevima i Gospodaru nad gospodarima<\/strong><\/p>\n<p style=\"text-align: justify;\">NAPISANO U KORIST<\/p>\n<p style=\"text-align: justify;\">NJEGOVIH POSVE\u0106ENIH SVETACA.<\/p>\n<p style=\"text-align: justify;\">KOJI \u010cEKAJU NA USVOJENJE,<\/p>\n<ul style=\"text-align: justify;\">\n<li>I ZA ONE \u2013<\/li>\n<\/ul>\n<p style=\"text-align: justify;\">\u201eKOJI NA SVAKOM MJESTU PRIZIVAJU GOSPODINA,\u201c<\/p>\n<p style=\"text-align: justify;\">\u201eKU\u0106ANSTVO VJERE,\u201c<\/p>\n<ul style=\"text-align: justify;\">\n<li>I ZA \u2013<\/li>\n<\/ul>\n<p style=\"text-align: justify;\">UZDI\u0160U\u0106E STVORENJE KOJE JE U BOLI SVE DO SADA I \u010cEKA OBJAVLJIVANJE SINOVA BO\u017dJIH,<\/p>\n<p style=\"text-align: justify;\">\u201ePo \u010demu, \u010ditaju\u0107i, mo\u017eete shvatiti moje razumijevanje Kristove tajne koja u drugim nara\u0161tajima nije bila obznanjena ljudskim sinovima. U kojoj je obilovao prema\u00a0 nama u svoj mudrosti i razumijevanju, obznaniv\u0161i nam tajnu svoje volje po svojoj dobrohotnosti \u0161to je ve\u0107 prije u sebi naumio: da u provedbi punine vremena objedini u Kristu sve, i ono \u0161to je na nebesima i ono \u0161to je na zemlji; u njemu.\u201c Efe\u017eanima 3:4,5,9; 1:8-10<\/p>\n<p style=\"text-align: justify;\">Napisao 1890 Pastor Russell<\/p>\n<p style=\"text-align: justify;\"><strong>\u201eNEKA DO\u0110E KRALJEVSTVO TVOJE\u201c<\/strong><\/p>\n<p style=\"text-align: justify;\"><strong>PREDGOVOR AUTORA<\/strong><\/p>\n<p style=\"text-align: justify;\">OVAJ\u00a0 je svezak bio napisan 1890 i od tada je pro\u0161ao kroz mnoga izdanja na mnogim jezicima, i jo\u0161 vi\u0161e je izdanja u izgledu. Imamo svjedo\u010danstva od tisu\u0107a od Gospodinovog posve\u0107enog naroda o tome da su, kroz ovaj Svezak, pili duboko iz Izvora \u017divih Voda\u2014Rije\u010di Bo\u017eje. Mi vjerujemo da \u0107e blagoslov nastaviti te\u0107i, sve dok kona\u010dno kroz Kraljevstvo, spoznaja o Bo\u017ejoj slavi ne ispuni cijelu zemlju kao \u0161to se vodom pune dubine morske.<\/p>\n<p style=\"text-align: justify;\">Premda se mi odri\u010demo bilo \u010dega \u0161to bi bilo blisko nadahnu\u0107u u povezanosti s ovim STUDIJAMA SVETOG PISMA, ipak smo radosni da\u00a0 zbog toga \u0161to \u017eivimo u svitanju Nove Vremenske Razdiobe, svjetlo Istine svijetli tako jasno i Bo\u017eanski je Plan toliko o\u010dit da se jedva i rije\u010d u SVESKU treba promjeniti kada bi bio bio napisan danas \u2013 26 godina kasnije.<\/p>\n<p style=\"text-align: justify;\">Kako su godine pro\u0161le vrijeme kraja to je naglasilo sve vi\u0161e i vi\u0161e, posebno od kad smo kronolo\u0161ki u\u0161li u veliki Sedmi Dan. Djelo \u017detve je napredovalo i jo\u0161 uvijek je u toku\u2014iako smo u jednom trenutku pretpostavljali da djelo \u017detve treba biti u potpunosti ostvareno s krajem Vremena Neznabo\u017eaca. To je bila samo pretpostavka, koja se pokazala neopravdanom, jer je uzimanje srpa Istine i sakupljanje zrelog \u017eita bilo u tijeku od Listopada, 1914, kao nikada prije. Zaista, veliki je Svjetski Rat probudio \u010dovje\u010danstvo u zna\u010dajnoj mjeri, i sve je vi\u0161e neovisnog razmi\u0161ljanja. Sve to doprinosi razbijanju okova neznanja, praznovjerja, i predrasude, i osloba\u0111anju onih koji \u017eele upoznati i vr\u0161iti Gospodinovu volju i hodati Isusovim stopama.<\/p>\n<p style=\"text-align: justify;\">Radosni smo zbog daljnjih prilika slu\u017ebe na\u0161em velikom Kralju u sakupljanju Izabranih k Sebi, k Istini. Radosni \u0161to vidimo kako drugi dolaze u Istinu i pripremaju se za \u201eVjen\u010danje.\u201c \u201eVrata\u201c o\u010digledno jo\u0161 nisu zatvorena, premda smo mi o\u010dekivali da \u0107e i to prije mnogo vremena \u2013mo\u017eda godinu ili dvije\u00a0ili tri\u2014puni broj Izabranih biti sakupljen, i svi \u0107e oti\u0107i s onu stranu Zavjese a vrata \u0107e biti zatvorena.<\/p>\n<p style=\"text-align: justify;\">Slobodni smo re\u0107i da se obnova Izraela nije ostvarila brzinom koju smo o\u010dekivali. Ipak, \u010dini se da su \u017didovi u Palestini do sada bili veli\u010danstveno zaklonjeni; i nesumnjivo bi mnogi od njihovih suvjernika u ratnim oblastima, posebno u Poljskoj, bili radosni da su oti\u0161li u Palestinu kad su imali priliku. Te\u0161ko je re\u0107i kako zaklju\u010dak rata\u00a0 mo\u017ee utjecati na interese Izraela. Mi bi trebali biti u stavu \u010dekanja, o\u010dekivanja. Izgleda kao da \u0107e isku\u0161avaju\u0107a iskustva \u017didova podi\u0107i zna\u010dajan broj njih da na kraju odu u svoju domovinu. Me\u0111utim, mi nikada nismo o\u010dekivali da se svi \u017didovi budu vratili uop\u0107e, nego umjesto toga reprezentativna grupa njih, kao i u slu\u010daju povratka iz Babilonskog zarobljeni\u0161tva\u2014samo ih se oko 52000 vratilo, unato\u010d velike vojske koja je oti\u0161la u Babilon u ropstvo.<\/p>\n<p style=\"text-align: justify;\">Povratnici predstavljaju one s najvi\u0161e vjere u Gospodina i Njegova obe\u0107anja, i nema sumnje da \u0107e se s njima ophoditi kao s predstavnicima cjeline. Mi podsje\u0107amo na\u0161e \u010ditatelje da kada je ovaj Svezak bio napisan, sami \u017didovi su jako malo razmi\u0161ljali o povratku u Palestinu. Sada je Sionizam iznikao, i \u010dvrsto se uhvatio za srca Izraelaca. Premda je Sionizam isprva bio svjetovan, postepeno se okrenuo u vjerski osje\u0107aj i nadu.<\/p>\n<p style=\"text-align: justify;\">Autor nije izgubio nimalo zanimanja za Veliku Piramidu u Egiptu o kojoj se govori u ovom Svesku. Njen Silazni Prolaz jo\u0161 uvijek predstavlja simboli\u010dno silazni pravac \u010dovje\u010danstva pod vladavinom grijeha i smrti. Prvi Uzlazni Prolaz jo\u0161 uvijek predstavlja Period Zakona\u2014Bo\u017eji Savez sklopljen sa Izraelom kod Sinaja i pravac tog naroda pod vla\u0161\u0107u tog Zakona. Velika Galerija jo\u0161 uvijek predstavlja uzvi\u0161ene visine u\u010denja Krista i Njegovih sljedbenika tijekom ovog Evan\u0111eoskog Doba. Korak na gornjem kraju Velike Galerije jo\u0161 uvijek predstavlja zna\u010dajnu promjenu u svjetskim zbivanjima, podi\u017eu\u0107i \u010dovjeka na uzvi\u0161eniji nivo. Veza izme\u0111u vrha Velike Galerije i prostora iznad Kraljeve Komore jo\u0161 uvijek predstavlja\u00a0duhovnu prisutnost na\u0161eg Gospodina u \u017detvi ovog Doba, po\u010dev sa 1874.<\/p>\n<p style=\"text-align: justify;\">Mi nikada nismo poku\u0161ali staviti Veliku Piramidu, ponekada nazvanu Biblija u Kamenu, da je paralelna ili jednaka Rije\u010di Bo\u017ejoj predstavljenoj u Svetom Pismu Starog i Novog Zavjeta\u2014ovo potonje uvijek je stajalo istaknuto kao autoritet. Mi, me\u0111utim, jo\u0161 uvijek vjerujemo da je struktura ove Piramide, toliko druga\u010dija od one svih drugih piramida, bila osmi\u0161ljena od Gospodina u namjeri da bude Piramida i svjedo\u010danstvo u sred i na granici zemlje Egipatske. (Iza. 19:19) Ona zasigurno govori veoma druga\u010diju pri\u010du od bilo koje druge umjetnosti\u00a0 ili relikta koji je do\u0161ao do nas iz dalekih vremena.<\/p>\n<p style=\"text-align: justify;\">Njena predivna potvrda Bo\u017eanskog Plana Vjekova je zapanjuju\u0107a svakome tko ga uistinu shva\u0107a. Trebalo bi ga se \u010ditati s jednako svje\u017eim zanimanjem kao i njegovo prvo izdanje, zato jer se njegove pouke nisu preina\u010dile ili promjenile. Vjerujemo da \u0107e novi \u010ditatelji dobiti iste bogate blagoslove iz ovog Sveska koje su stari \u010ditatelji primili, i da tako mo\u017eemo zajedno slaviti Boga i radovati se u Njegovoj pripremi svjetla i ujehe na putu prema potpunom uvo\u0111enju slavnog Kraljevstva Bo\u017ejeg dragog Sina.<\/p>\n<p style=\"text-align: justify;\">Mesijansko je Kraljevstvo ponekada nazvano Kraljevstvom Bo\u017ejim, zato \u0161to su,\u00a0 premda je ono strogo pod Mesijinim upravljanjem, svi njegovi zakoni, propisi, sudske uredbe, itd., u strogom skladu sa Bo\u017eanskim ure\u0111enjem, koje je nepromjenjivo. Stoga kada se molimo, \u201eNeka do\u0111e kraljevstvo tvoje. Neka bude volja tvoja, kako na nebu tako i na zemlji,\u201c na\u0161a bi misao uvijek trebala biti da je velika savr\u0161enost Vlade i Vladavine Nebeskog Oca na\u0161a \u017eelja i da se mi nadamo i da \u010dekamo tisu\u0107ugodi\u0161nju Kristovu vladavinu da pobjedi pobunu na zemlji i da vrati \u010dovje\u010danstvo natrag u puni sklad s Bogom kao \u0161to je onaj u kojem su Nebeski an\u0111eli u svojoj savr\u0161enosti.<\/p>\n<p style=\"text-align: justify;\">Mesijansko Kraljevstvo ima razli\u010dite faze inauguracije. Prvo, tijekom Svoje Parousie proslavljeni Isus o\u017eivljava, ili uskrsava, spavaju\u0107e \u010dlanove Tijela Kristovog. Ovo je prvi izvr\u0161ni \u010din Velikoga kojega je Bog tako visoko uzvisio\u2014Nasljednika velikog Abrahamskog obe\u0107anja. Njegovi \u010dlanovi moraju biti popunjeni prije nego \u0161to \u0107e On slu\u017ebeno preuzeti Svoj polo\u017eaj Kralja svijeta. Jamstvo te \u010dinjenice dano je kroz nadahnutu Rije\u010d: \u201eKada se pojavi Krist, \u017eivot na\u0161, tada \u0107ete se i vi pojaviti s njim u slavi.\u201c (Kol. 3:4) Kao sljede\u0107e po redu U\u010ditelj\u00a0se bavi sa \u017eivim \u010dlanovima Svog Tijela, Crkve. Kako je pokazano u usporedbama o minama i talentima, Gospodarev sud \u0161to se ti\u010de dostojnosti ili nedostojnosti u Kraljevstvu mora pro\u0107i na svim Njegovim posve\u0107enima i puni broj Izabranih mora biti prona\u0111en i proslavljen kroz \u201epromjenu\u201c uskrsnu\u0107a\u2014zato \u0161to \u201etijelo i krv ne mogu ba\u0161tiniti kraljevstvo Bo\u017eje.\u201c (1.Kor. 15:50) Tada \u0107e biti preuzeta vlast nad svijetom. Tada \u0107e Proslavljeni zatra\u017eiti od Oca, i On \u0107e Mu dati pogane za Njegovu ba\u0161tinu i najudaljenije krajeve zemlje za Njegov posjed. \u201eI past \u0107e ih \u017eeljeznom palicom, kao posu\u0111e glineno bit \u0107e razbijani u krhotine.\u201c (Ps. 2; Otkr. 2:27)<\/p>\n<p style=\"text-align: justify;\">Ovo otkrivenje Sina \u010covje\u010djega svijetu Njegovim preuzimanjem mo\u0107i i Njegovim dopu\u0161tanjem da svijet pro\u0111e kroz veliku muku anarhije se o\u010dito pribli\u017eava. Za vrlo kratkim biti \u0107e velika pobjeda Crkvenja\u0161tva, nakon rata. I Protestanti i Katolici \u0107e imati udjela u toj pobjedi i financijski i politi\u010dki kne\u017eevi \u0107e ju ohrabrivati, nadaju\u0107i se produljenju svoje vlastite mo\u0107i. U to vrijeme mo\u017eemo o\u010dekivati sna\u017eno protivljenje od strane Crkvenja\u0161tva prema pravim, vjernim Isusovim sljedbenicima, rezultiraju\u0107i sa \u017eestokim progonstvima\u2014vjerovatno i smrti. Me\u0111utim pobjeda Babilona bit \u0107e kratkog vijeka. Uskoro \u0107e presuda koja je ve\u0107 done\u0161ena biti izvr\u0161ena i ona \u0107e pasti poput velikog mlinskog kamena u more\u2014u anarhiju\u2014u uni\u0161tenje, da vi\u0161e nikada ne ustane.<\/p>\n<p style=\"text-align: justify;\">Nedugo nakon toga, u skladu s Biblijskom slikom, mi mo\u017eemo o\u010dekivati totalni slom na\u0161e sada\u0161nje civilizacije. Me\u0111utim najmra\u010dniji trenutak \u010dovjekove krajnosti biti \u0107e Bo\u017eja prilika. Mesija, Bo\u017eji Izabranik, preuzet \u0107e vlast i zapovjediti mir neobuzdanim narodima i dovesti red iz kaosa, radost iz suza, hvalu iz o\u010daja. Tako \u0107e Mesijansko Kraljevstvo biti ro\u0111eno u stra\u0161nim poro\u0111ajnim mukama; me\u0111utim slavni \u0107e rezultati vi\u0161e nego nadoknaditi \u201edoba tjeskobe, kakva ne bija\u0161e otkako je naroda .\u201c Tako nam je re\u010deno, \u201ei do\u0107i \u0107e \u017eudnja svih naroda.\u201c (Hag. 2:7)<\/p>\n<p style=\"text-align: justify;\">Molitva je autora da ove stranice nastave biti blagoslov Gospodinovom narodu i na \u010dast Njegovom imenu,<\/p>\n<p style=\"text-align: justify;\">Charles T. Russell<\/p>\n<p style=\"text-align: justify;\">Brooklyn, N.Y.,<\/p>\n<p style=\"text-align: justify;\">1 Listopad, 1916<\/p>\n","protected":false},"excerpt":{"rendered":"<p>&nbsp; &nbsp; &nbsp; &nbsp; &nbsp; &nbsp; &nbsp; &nbsp; STUDIJE SVETOG PISMA \u201eA pravedni\u010dka je staza kao sjajna svjetlost koja sve ja\u010de svjetli, dok ne bude potpuni dan.\u201c SVEZAK TRI Neka Do\u0111e Kraljevstvo Tvoje \u201eA kraljevstvo, vlast i veli\u010danstvo kraljevstava pod &hellip; <a href=\"https:\/\/istrazivacibiblijeuhrvatskoj.com\/blog\/knige\/neka-dode-kraljevstvo-tvoje\/uvodna-rijec-autora\/\">Continue reading <span class=\"meta-nav\">&rarr;<\/span><\/a><\/p>\n","protected":false},"author":1,"featured_media":0,"parent":6764,"menu_order":5,"comment_status":"closed","ping_status":"closed","template":"","meta":{"footnotes":""},"class_list":["post-6769","page","type-page","status-publish","hentry"],"_links":{"self":[{"href":"https:\/\/istrazivacibiblijeuhrvatskoj.com\/blog\/wp-json\/wp\/v2\/pages\/6769","targetHints":{"allow":["GET"]}}],"collection":[{"href":"https:\/\/istrazivacibiblijeuhrvatskoj.com\/blog\/wp-json\/wp\/v2\/pages"}],"about":[{"href":"https:\/\/istrazivacibiblijeuhrvatskoj.com\/blog\/wp-json\/wp\/v2\/types\/page"}],"author":[{"embeddable":true,"href":"https:\/\/istrazivacibiblijeuhrvatskoj.com\/blog\/wp-json\/wp\/v2\/users\/1"}],"replies":[{"embeddable":true,"href":"https:\/\/istrazivacibiblijeuhrvatskoj.com\/blog\/wp-json\/wp\/v2\/comments?post=6769"}],"version-history":[{"count":4,"href":"https:\/\/istrazivacibiblijeuhrvatskoj.com\/blog\/wp-json\/wp\/v2\/pages\/6769\/revisions"}],"predecessor-version":[{"id":6774,"href":"https:\/\/istrazivacibiblijeuhrvatskoj.com\/blog\/wp-json\/wp\/v2\/pages\/6769\/revisions\/6774"}],"up":[{"embeddable":true,"href":"https:\/\/istrazivacibiblijeuhrvatskoj.com\/blog\/wp-json\/wp\/v2\/pages\/6764"}],"wp:attachment":[{"href":"https:\/\/istrazivacibiblijeuhrvatskoj.com\/blog\/wp-json\/wp\/v2\/media?parent=6769"}],"curies":[{"name":"wp","href":"https:\/\/api.w.org\/{rel}","templated":true}]}}