{"id":6775,"date":"2015-11-05T11:18:38","date_gmt":"2015-11-05T09:18:38","guid":{"rendered":"http:\/\/istrazivacibiblijeuhrvatskoj.com\/blog\/?page_id=6775"},"modified":"2017-08-05T08:32:37","modified_gmt":"2017-08-05T06:32:37","slug":"studija-1","status":"publish","type":"page","link":"https:\/\/istrazivacibiblijeuhrvatskoj.com\/blog\/knige\/neka-dode-kraljevstvo-tvoje\/studija-1\/","title":{"rendered":"STUDIJA 1"},"content":{"rendered":"<p style=\"text-align: justify;\"><strong>STUDIJE SVETOG PISMA<\/strong><\/p>\n<p style=\"text-align: justify;\"><strong>STUDIJA 1<\/strong><\/p>\n<p style=\"text-align: justify;\"><strong>\u201eNEKA DO\u0110E KRALJEVSTVO TVOJE\u201c<\/strong><\/p>\n<p style=\"text-align: justify;\">Va\u017enost Kraljevstva\u2014Klase ljudi koje se Zanimaju za Njega\u2014Klase koje Mu se Suprotstavljaju i Za\u0161to\u2014Blizina Kraljevstva\u2014Njegova Nebeska Slava\u2014Njegova Sada\u0161nja Uspostava<\/p>\n<p style=\"text-align: justify;\">\n<p style=\"text-align: justify;\">NAJZNA\u010cAJNIJI doga\u0111aj u zemaljskoj povijesti je uspostava Bo\u017ejeg Kraljevstva me\u0111u ljudima, u rukama na\u0161eg Gospodina Isusa i njegovih izabranih sunasljednika, pobjednika Evan\u0111eoske Crkve. Taj veliki doga\u0111aj, prema kojem, kao \u0161to je pokazano u prethodnim svescima STUDIJA SVETOG PISMA, ukazuju sva Bo\u017eja obe\u0107anja i predslike, mi sada vidimo ne samo da je blizu, ve\u0107 je tu. Nitko od onih koji su budni na te \u010dinjenice, i koji ih ispravno i \u010dak djelomi\u010dno shva\u0107aju, i \u010dija su srca u potpunom skladu sa Bo\u017ejim velikim planom vjekova, i koji vide da\u00a0 Bo\u017eji lijek za grijeh i bijedu i umiranje uzdi\u0161u\u0107eg stvorenja treba biti primjenjen po tom Kraljevstvu, ne mogu osjetiti drugo nego privla\u010dan interes za \u010dinjenicu, vrijeme i na\u010din njegove uspostave.<\/p>\n<p style=\"text-align: justify;\">Svi koji se bezuvjetno pouzdaju u ispunjenje molitve kojoj nas je nau\u010dio na\u0161 Gospodin da molimo\u2014\u201eNeka do\u0111e kraljevstvo tvoje. Neka bude volja tvoja, kako na nebu tako i na zemlji\u201c\u2014moraju osje\u0107ati naj\u017eivlji interes u ispunjenje svoje molbe, ako su se molili od srca\u2014u duhu i u istini.<\/p>\n<p style=\"text-align: justify;\">Mi mo\u017eemo vidjeti da bi i svijet, ako bi mogao shvatiti pravi karakter tog Kraljevstva, hvalio od jednom to kraljevstvo, \u0161to \u0107e na koncu i biti, kao dugo tra\u017eeni blagoslov, donose\u0107i sa sobom dragocjene milosti zlatnog Milenijskog doba, tako dugo \u017eeljenog.<\/p>\n<p style=\"text-align: justify;\">Me\u0111utim jedna op\u0107a klasa bi se mogu\u0107e mogla suprotstaviti toj vladavini pravednosti. Ova klasa prihva\u0107a sve one koji ne vole zlatno pravilo ljubavi, i koji, umjesto da ljube druge kao sebe, su \u017eeljni vidjeti druge slomljene, potla\u010dene i uskra\u0107ena im njihova prava i razumne nagrade i udobnosti od truda da bi oni mogli ekstravagntno bujati, \u201erazvratno\u201c (Jak. 5:1-9), vi\u0161e nego \u0161to bi srce moglo po\u017eeljeti i razum tra\u017eiti. Ovi se dr\u017ee sada\u0161njeg ure\u0111enja dru\u0161tva sa smrtnim stiskom, i izgleda da se instiktivno boje obe\u0107anog Mesijanskog kraljevstva. I njima je \u017eelja vi\u0161e od misli, da ono nikada ne\u0107e do\u0107i. Kao \u0161to je David rekao, \u201eU sebi oni misle da \u0107e domovi [obitelji] njihovi trajati zauvijek i prebivali\u0161ta njihova za sve nara\u0161taje; svoje [razli\u010dite] zemlje nazivaju oni svojim imenima&#8230;Taj njihov put uistinu je glupost; no njihovo potomstvo svejedno odobrava rije\u010di njihove.\u201c (Ps. 49:11,13)<\/p>\n<p style=\"text-align: justify;\">Nevjerovanjem ili ignoriranjem vi\u0161estrukog svjedo\u010danstva proroka u odnosu na to Kraljevstvo\u2014jer je ono uvijek bilo tema svih njih: \u201e\u0161to je od postanka svijeta govorio Bog na usta svih svojih svetih proroka\u201c (Djela 3:21)\u2014mnoge je izgleda strah Kraljevstva, i instiktivno osje\u0107aju istinu, da ako Bog uspostavi svoje Kraljevstvo ono treba vladati u pravdi; i da ako pravda bude bila utvr\u0111ena, mnogi zemaljski vladari bi promjenili mjesta sa svojim podanicima, ili, bi mo\u017eda bili stavljeni u zatvor; i mnogi bi od velikih i gospodskih i na nov\u010danik ponosnih i polaskanih bili li\u0161eni slave i \u010dasti i nepo\u0161teno ste\u010denog bogatstva, i bili vi\u0111eni u njihovom pravom svjetlu, kao neplemeniti. Ti se boje, premda ne vjeruju svjedo\u010danstvu, da \u201eni\u0161ta nije skriveno \u0161to se ne\u0107e razotkriti ni tajno \u0161to se ne\u0107e doznati.\u201c (Mat. 10:26) I sa tim neplemenitima\u2014nepravednim upraviteljima bogatstva i mo\u0107i, u kona\u010dnom kori\u0161tenju kojega nisu \u201emudri\u201c kao onaj pohvaljen za razboritost u usporedbi (Luka 16:1-9)\u00a0&#8212; stoji jo\u0161 ve\u0107a klasa, bez koje bi oni pali. Ta ve\u0107a klasa, koja sada nema vi\u0161e od razumnog udjela u \u010dasti, slu\u017ebi, bogatstvu i udobnosti, ima nadu, koliko god slaba\u0161nu, da \u0107e se jednog dana biti u stanju valjati u slavi, zavidjeli za\u0161titnici \u201ezajedni\u010dkog stada.\u201c Ti neplemeniti: robovi sebi\u010dne ta\u0161tine i igra\u010dke promjenjive sre\u0107e. I od tih\u2014ajme! to je istina\u2014su neki koji nose Kristovo ime, prijatelji siromaha, i koji sa svojim usnama tra\u017ee kruh svoj svagda\u0161nji, i mole se sa sve\u010danim ruganjem, \u201eNeka do\u0111e kraljevstvo tvoje,\u201c dok u svakom njihovom pogledu i postupku i opho\u0111enju sa svojim bli\u017enjim\u00a0 oni pokazuju koliko vole sada\u0161nju nepravednu vladavinu, i kako, raduju\u0107i se u nepravednosti, oni ne bi rado da do\u0111e Kristovo Kraljevstvo.<\/p>\n<p style=\"text-align: justify;\">Neobi\u010dno da\u2014u izrazitoj suprotnosti stavu mnogih koji se smatraju Bo\u017ejom djecom\u2014ne nerijetko nalazimo da neki \u201eSocijalisti\u201c i drugi\u2014koji odbacuju \u201eCrkvenja\u0161tvo,\u201c i s njim pre\u010desto i Bibliju, i svu vjeru u otkrivenu religiju, ali koji ipak shva\u0107aju neka od temeljnih na\u010dela pravednosti\u2014prepoznaju \u010dovjekovo zajedni\u010dko bratstvo, itd., kako neki od njihovih zapisa prekrasno pokazuju. Oni \u010dini se o\u010dekuju i te\u017ee k socijalnoj jednakosti i op\u0107enito povoljnim uvjetima opetovano obe\u0107anima u Svetom Pismu kao rezultat uspostave Kristovog Kraljevstva me\u0111u ljudima, kada \u0107e se Bo\u017eja volja vr\u0161iti na zemlji. No ipak, jadni Socijalisti, \u010dini se da je \u010desto njihovo zagovoranje liberalnog poslovanja i jednakosti uglavnom plod njihovog siroma\u0161tva i znatnog nedostatka prosje\u010dnih udobnosti i prednosti, umjesto izdanak na\u010dela; jer neka jedan od njih naslijedi ili stekne veliko bogatstvo, gotovo je sigurno da \u0107e napustiti svoje socijalisti\u010dke teorije.<\/p>\n<p style=\"text-align: justify;\">Vrlo pa\u017eljivo trebaju hoditi oni sveci koji mole,\u00a0\u201eNeka do\u0111e kraljevstvo tvoje. Neka bude volja tvoja, kako na nebu tako i na zemlji,\u201c da njihove molitve ne bi bile puka ismijavanja slu\u017ebe usana, s kojima se ne sla\u017eu njihova srca i \u017eivoti. \u201eIz tvojih te usta sudim,\u201c predstavlja jednu od opomena koja najvi\u0161e slu\u017ei samoispitivanju i koja je najozbiljnija koju je Sudac objavio protiv nekih koji su tvrdili da su bili njegovi sluge i da \u010deznu za njegovim Kraljevstvom ljubavi i pravde. Neka svi koji se tako mole i vjeruju u dolaze\u0107u vladavinu pravednosti \u010dak sada urede svoje postupke i rije\u010di sa njenim pravim propisima, onoliko koliko do njih stoji.<\/p>\n<p style=\"text-align: justify;\">Oni koji su uhvatili snagu pouka prethodnih svezaka \u0107e shvatiti da Bo\u017eje Kraljevstvo ne\u0107e biti ono izvanjsko, vidljivo, u zemaljskom sjaju, nego u mo\u0107i i bo\u017eanskoj slavi. Ovo je Kraljevstvo ve\u0107 do\u0161lo sa izvr\u0161nom vla\u0161\u0107u, premda jo\u0161 nije osvojilo i uklonilo kraljevstva ovog svijeta, \u010diji rok vlasti jo\u0161 nije istekao. Prema tome jo\u0161 nije do\u0161lo do pune kontrole zemaljske vlasti. Me\u0111utim,nNjegova je uspostava u tijeku, na \u0161to ukazuju znakovi vremena, isto tako kao i proro\u010danstva razmatrana u prethodnom svesku i druga razmotrena u ovom svesku.<\/p>\n<p style=\"text-align: justify;\">Naredna \u0107e poglavlja predstaviti proro\u010danstva koja ozna\u010davaju razli\u010dite faze pripreme nominalne crkve i svijeta za Kraljevstvo, i skrenuti pa\u017enju na neke od tih zna\u010dajnih promjena prore\u010denih da se trebaju desiti tijekom vremena njegove uspostave\u2014od \u010dega ni\u0161ta ne bi moglo biti mnogo va\u017enije i od dubljeg zanimanja za one \u017eive svece koji \u010deznu za obe\u0107anim sunasljedstvom u tom Kraljevstvu, i koji tra\u017ee biti uklju\u010deni u suradnju sa U\u010diteljem, Glavnim \u017deteocem i Kraljem, u djelo za koje je sada vrijeme i koje je u tijeku.<\/p>\n","protected":false},"excerpt":{"rendered":"<p>STUDIJE SVETOG PISMA STUDIJA 1 \u201eNEKA DO\u0110E KRALJEVSTVO TVOJE\u201c Va\u017enost Kraljevstva\u2014Klase ljudi koje se Zanimaju za Njega\u2014Klase koje Mu se Suprotstavljaju i Za\u0161to\u2014Blizina Kraljevstva\u2014Njegova Nebeska Slava\u2014Njegova Sada\u0161nja Uspostava NAJZNA\u010cAJNIJI doga\u0111aj u zemaljskoj povijesti je uspostava Bo\u017ejeg Kraljevstva me\u0111u ljudima, u &hellip; <a href=\"https:\/\/istrazivacibiblijeuhrvatskoj.com\/blog\/knige\/neka-dode-kraljevstvo-tvoje\/studija-1\/\">Continue reading <span class=\"meta-nav\">&rarr;<\/span><\/a><\/p>\n","protected":false},"author":1,"featured_media":0,"parent":6764,"menu_order":10,"comment_status":"closed","ping_status":"closed","template":"","meta":{"footnotes":""},"class_list":["post-6775","page","type-page","status-publish","hentry"],"_links":{"self":[{"href":"https:\/\/istrazivacibiblijeuhrvatskoj.com\/blog\/wp-json\/wp\/v2\/pages\/6775","targetHints":{"allow":["GET"]}}],"collection":[{"href":"https:\/\/istrazivacibiblijeuhrvatskoj.com\/blog\/wp-json\/wp\/v2\/pages"}],"about":[{"href":"https:\/\/istrazivacibiblijeuhrvatskoj.com\/blog\/wp-json\/wp\/v2\/types\/page"}],"author":[{"embeddable":true,"href":"https:\/\/istrazivacibiblijeuhrvatskoj.com\/blog\/wp-json\/wp\/v2\/users\/1"}],"replies":[{"embeddable":true,"href":"https:\/\/istrazivacibiblijeuhrvatskoj.com\/blog\/wp-json\/wp\/v2\/comments?post=6775"}],"version-history":[{"count":1,"href":"https:\/\/istrazivacibiblijeuhrvatskoj.com\/blog\/wp-json\/wp\/v2\/pages\/6775\/revisions"}],"predecessor-version":[{"id":6776,"href":"https:\/\/istrazivacibiblijeuhrvatskoj.com\/blog\/wp-json\/wp\/v2\/pages\/6775\/revisions\/6776"}],"up":[{"embeddable":true,"href":"https:\/\/istrazivacibiblijeuhrvatskoj.com\/blog\/wp-json\/wp\/v2\/pages\/6764"}],"wp:attachment":[{"href":"https:\/\/istrazivacibiblijeuhrvatskoj.com\/blog\/wp-json\/wp\/v2\/media?parent=6775"}],"curies":[{"name":"wp","href":"https:\/\/api.w.org\/{rel}","templated":true}]}}