{"id":7559,"date":"2016-01-20T11:07:59","date_gmt":"2016-01-20T09:07:59","guid":{"rendered":"http:\/\/istrazivacibiblijeuhrvatskoj.com\/blog\/?page_id=7559"},"modified":"2017-08-05T08:31:10","modified_gmt":"2017-08-05T06:31:10","slug":"studija-10","status":"publish","type":"page","link":"https:\/\/istrazivacibiblijeuhrvatskoj.com\/blog\/knige\/neka-dode-kraljevstvo-tvoje\/studija-10\/","title":{"rendered":"STUDIJA 9"},"content":{"rendered":"<p style=\"text-align: justify;\"><strong>BOG TVOJ VLADA<\/strong><\/p>\n<p style=\"text-align: justify;\">Rezime Proro\u010danskih Dokaza Koji Pokazuju Prisutnost Emanuela i da je Njegovo Kraljevstvo u Procesu Uspostave<\/p>\n<p style=\"text-align: justify;\"><em>\u201eKako su krasne na gorama noge onoga koji donosi dobre vijesti, koji objavljuje mir; koji donosi dobre vijesti o dobru, koji objavljuje spasenje; koji Sionu govori: Bog tvoj vlada!\u201c (Iza. 52:7)<\/em><\/p>\n<p style=\"text-align: justify;\">S obzirom na sve dokaze predstavljene u ovom i u prethodnim svescima ovog djela, mi nemamo nikakvo oklijevanje u objavljivanju Gospodinovom lojalnom i vjernom narodu, njegovom ljubljenom Sionu, ovo slavno obavje\u0161tenje: \u201eBog tvoj vlada!\u201c \u010cesto ponavljana molitva Crkve bila je usli\u0161ena: Kraljevstvo Bo\u017eje zaista je do\u0161lo. U danima sada\u0161njih kraljeva zemlje, prije nego njihov rok vlasti istekne, ono je bilo podignuto. Mrtvi u Kristu ve\u0107 su bili podignuti i uzvi\u0161eni s na\u0161im Gospodinom i Glavom. I \u010dlanovi klase \u201enogu\u201c tijela Kristovog, koji su jo\u0161 u tijelu, hvataju\u0107i inspiraciju proslavljenog mno\u0161tva koje je ve\u0107 uza\u0161lo na goru (kraljevstvo) Bo\u017eju, odra\u017eavaju u nekoj mjeri tu transcedentnu slavu, kao Mojsije kad je si\u0161ao sa Gore Sinaj. Lica tih glasnika sjaje s tom nebeskom rado\u0161\u0107u koja ispunjava njihova srca i prelijeva se preko njihovih usana dok se sastaju zajedno i s Gospodinom, i idu objavljuju\u0107i svakoj naciji (gori) dobre vijesti da je Emanuelova vladavina zapo\u010dela. Kako su prekrasne na gorama noge onih (noge\u00a0Krista) koji donose dobre vijesti Milenijske radosti i mira, jam\u010de\u0107i Sionu da je vladavina na\u0161eg Gospodina ve\u0107 zapo\u010dela!<\/p>\n<p style=\"text-align: justify;\">To su predivne istine! Kraljevstvo Bo\u017eje u procesu uspostavljanja; Gospodin Isus i uskrsli sveci koji su ve\u0107 ovdje i uklju\u010deni u veliko djelo \u017eetve, s kojim je nama tako\u0111er, kao \u010dlanovima tog po\u010da\u0161\u0107enog tijela, kao \u201enogama njega,\u201c premda jo\u0161 uvijek u tijelu, dopu\u0161teno biti suradnicima, da objavimo dobre vijesti me\u0111u ljudima i da im saop\u0107imo zna\u010daj predivnih i uznemiruju\u0107ih doga\u0111aja koji moraju pripremiti put za i uvesti slavnu vladavinu pravednosti.<\/p>\n<p style=\"text-align: justify;\">To su oni o kojima je prorok prorekao, govore\u0107i, \u201eDolazi Gospodin s desecima tisu\u0107a svojih svetaca\u201c; \u201eDo\u0107i \u0107e GOSPODIN Bog moj, i svi sveti s tobom\u201c; \u201eKada Sin \u010dovje\u010dji do\u0111e u svojoj slavi, i svi sveti an\u0111eli [sveti, njegovi sveti glasnici] s njime\u201c; \u201eOgnjena rijeka [simbol stra\u0161nih sudova\u2014vrijeme nevolje] izbijala je pred njim i tekla od njega: tisu\u0107u tisu\u0107a mu je slu\u017eilo [ne samo njegovi sveci, nego brojni drugi zastupnici i zastupstva], i deset tisu\u0107a puta deset tisu\u0107a [cijelo \u010dovje\u010danstvo] stajalo je pred njim: sud sjede i knjige se otvori\u0161e.\u201c (Juda 14; Zah. 14:5; Mat. 25:31; Dan. 7:10)<\/p>\n<p style=\"text-align: justify;\">Takva je sada\u0161nja situacija: veliki Sudac je do\u0161ao\u2014ne kao kod prvog dolaska, u tijelu poni\u017eenja, za \u017ertvu, nego u obilju svoje mo\u0107i kao duhovno bi\u0107e, zaodjenut sa slavom i bo\u017eanskim autoritetom, kao Jehovin predstavnik, kako bi potpuno i zauvijek oborio zlo i svu nepravednost, i kako bi svima od otkupljene rase koji \u0107e \u017eeljeti vratio sklad s Bogom, savr\u0161enstvo bi\u0107a i beskrajni \u017eivot. Bo\u017eji plan je sada o\u010ditovan: mi ga sada razumijemo kao nikada prije. Otvaranje knjiga bo\u017eanskog otkrivenja\u00a0 uskoro \u0107e biti dovr\u0161eno. Sud svijetu ve\u0107 po\u010dinje\u00a0na institucijama nominalnog Kr\u0161\u0107anstva, i veliko djelo tako zapo\u010deto na na\u010din neslu\u0107en od svijeta \u0107e se nastaviti do veli\u010danstvenog vrhunca kojeg su prorekli Gospodin i apostoli i proroci, sve dok cijeli svijet ne\u0107e biti vo\u0111en da pogleda na Probodenoga\u00a0 kao Otkupitelja i Izbavitelja poslanog od Boga, ba\u0161 kao \u0161to su sveci odavna\u00a0 bili \u201euprli pogled na Isusa\u201c kao na za\u010detnika i dovr\u0161itelja njihove vjere.* Razra\u010dunavanje ili sud koji po\u010dinje sa Ckrvom brzo \u0107e se pro\u0161iriti na sve i uklju\u010divati \u0107e sve \u017eivu\u0107e nacije; i u svoje vrijeme i redu sve \u0107e mo\u0107ne vojske mrtvih biti dovedene na scenu.<\/p>\n<p style=\"text-align: justify;\">Dok proslavljeni pripadnici Kraljevstva s one strane zavjese vr\u0161e rad u oblikovanju teku\u0107ih svjetskih doga\u0111aja i pripremaju\u0107i za slavnu vladavinu, oni s ove strane zavjese tako\u0111er imaju va\u017ean posao. Njihov je zadatak da sakupe izabrane i i da ih ope\u010date na njihovim \u010delima (umno) sa spoznajom istine (Otkr. 7:3); da odvoje p\u0161enicu od kukolja sa srpom sada\u0161nje istine; i da objave Sionu ovu va\u017enu poruku\u2014\u201eBog tvoj vlada!\u201c Ovo djelo tako\u0111er, brzo napreduje, i svi vjerni, zape\u010da\u0107eni su pak zaokupljeni sa pe\u010da\u0107enjem drugih; i uskoro \u0107e djelo biti ostvareno\u2014izabrani svi sakupljeni i proslavljeni.<\/p>\n<p style=\"text-align: justify;\">Blagoslovljeno je bilo obe\u0107anje ranim \u010dlanovima Crkve, da onaj kojeg su vidjeli kako odlazi zaista treba ponovno do\u0107i; i blagoslovljena je bila nada njegovog pojavljivanja tokom cijelog doba ku\u0161anima i progonjenima, vjernima, koji su nestrpljivo o\u010dekivali njegov dolazak sve dok nisu zaspali s izgledom bu\u0111enja u njegovom obli\u010dju; ali jo\u0161 su vi\u0161e blagoslovljene va\u0161e o\u010di, O vi sveci dana\u0161njice; jer va\u0161e o\u010di vide i va\u0161e u\u0161i \u010duju znakove prisutnosti dugo o\u010dekivane Nade Izraelove.<\/p>\n<p style=\"text-align: justify;\">___________________________________________________________<\/p>\n<p style=\"text-align: justify;\">*Vidi Svezak Dva, Poglavlje 5<\/p>\n<p style=\"text-align: justify;\">Dok se u nominalnom Sionu, kao \u0161to je prorok Izaija predskazao, gre\u0161nici koji su zaboravili ili nisu uspjeli odr\u017eati njihov savez sa Gospodinom boje mra\u010dnih oblaka koji su zatamnili svjetlost njegova lica i strepnja je iznenadila licemjere, pravi Sion sa o\u010dima vjere vidi Kralja u njegovoj ljepoti, i gleda na zemlju koja je jo\u0161 uvijek daleko\u2014zemlju \u017eita i vina, slavno nasljedstvo u koje je taj mo\u0107ni Kralj i veliki Izbavitelj do\u0161ao odvesti palu rasu\u2014zemlju u kojoj stanovnici ne\u0107e re\u0107i, Ja sam bolestan; jer narodu koji \u0107e tamo \u017eivjeti grijesi \u0107e biti opro\u0161teni. (Iza. 33:14,17,24)<\/p>\n<p style=\"text-align: justify;\">Tu slavnu zemlju, obnovljeni Raj, mi sada jasno razabiremo preko vidika od tisu\u0107u godina; i sa rado\u0161\u0107u i pjevanjem, pod vodstvom tog Proroka ve\u0107eg od Mojsija, koji je \u010dak sada me\u0111u nama, pobjedni\u010dke \u0107e vojske otkupljenih biti vo\u0111ene po veli\u010danstvenoj uzvi\u0161enoj cesti svetosti prema toj svjetloj zemlji po\u010dinka od grijeha i smrti i svake zle stvari.<\/p>\n<p style=\"text-align: justify;\">\u201ePjevajte GOSPODINU, sveti njegovi, i hvalu dajte na spomen njegove svetosti. Jer samo na tren traje srd\u017eba njegova [koja se nu\u017eno mora o\u010ditovati u velikoj nevolji koja \u0107e uskoro preplaviti svijet]; u njegovoj naklonosti je \u017eivot: plakanje mo\u017ee trajati svu no\u0107, ali jutrom radost dolazi.\u201c I uskoro \u0107e odgojeni i obra\u0107eni svijet uhvatiti crtu hvale i pjevanja,<\/p>\n<p style=\"text-align: justify;\">\u201eTi si moje \u017ealovanje u ples okrenuo; skinuo si s mene kostrijet i rado\u0161\u0107u me opasao. Stoga \u0107e ti pjevati slava moja i ne\u0107e \u0161utjeti. GOSPODINE, Bo\u017ee moj, dovijeka \u0107u ti hvale prinositi.\u201c (Ps. 30:4,5,11,12)<\/p>\n<p style=\"text-align: justify;\">Sada se prisjeti koraka , dobro utemeljenih u \u201esigurnoj proro\u010dkoj rije\u010di,\u201c s kojima smo do\u0161li do ove za srce radosne i du\u0161u poti\u010du\u0107e spoznaje. Iza nas su sve proro\u010danske zna\u010dajke koje ukazuju na ovo vrijeme kao na\u00a0najveli\u010danstvenije razdoblje u cijeloj povijesti svijeta. One su nam pokazale da od 1873 mi \u017eivimo u sedmom mileniju; da \u0107e rok Neznabo\u017ea\u010dke vlasti, \u201eVremena Neznabo\u017eaca,\u201c iste\u0107i godine 1914; i da je vrijeme za dolazak onog koji ima pravo da preuzme vlast bilo 1874. One su nam pokazale da \u0107e u danima tih Poganskih kraljeva, prije nego istekne njihov rok vlasti, Bog nebeski podi\u0107i Kraljevstvo, i da je podizanje tog Kraljevstva u stvarnosti bilo u tijeku od godine 1878; da je tada bilo vrijeme za uskrsnu\u0107e svih koji su mrtvi u Kristu; i da je stoga, od tog datuma, ne samo na\u0161 Gospodin i Glava nevidljivo prisutan u svijetu, nego da su tako\u0111er sa njim svi ti sveti glasnici. I zapazite, nadalje, da\u00a0 je taj datum uskrsnu\u0107a mrtvih u Kristu paralelan datumu uskrsnu\u0107a Glave tijela. Uskrsnu\u0107e na\u0161eg Gospodina dogodilo se tri i pol godine nakon njegovog dolaska kao Mesije, A.D. 29; i uskrsnu\u0107e njegovog tijela, Crkve, kao \u0161to smo vidjeli bilo je godine 1878, tri i pol godine nakon njegovog drugog dolaska, u Listopadu 1874.<\/p>\n<p style=\"text-align: justify;\">Proro\u010danstvo je tako\u0111er ukazalo na na\u010din povratka na\u0161eg Gospodina, tako da, premda je on sada prisutan, mi ne bismo trebali o\u010dekivati vidjeti njega ili uskrsle svece, koji su sada u njegovom obli\u010dju osim o\u010dima vjere\u2014vjere u \u201esigurnu proro\u010dku rije\u010d\u201c; iako smo nau\u010dili da \u0107e oni koji sada sa\u010dinjavaju \u201enoge Krista\u201c zakratko tako\u0111er biti promjenjeni u isto slavno obli\u010dje. Oni \u0107e tada biti duhovna bi\u0107a, poput njega, Krista, i poput uskrslih svetaca koji su sada s njim, i u svoje \u0107e vrijeme biti onakvima kakav je on. (1.Ivan. 3:2) Mi smo tako\u0111er shvatili da su dolazak prore\u010denog Ilije i predskazanog \u010covjeka Grijeha, koji imaju prethoditi njegovu dolasku, ostvarene \u010dinjenice.<\/p>\n<p style=\"text-align: justify;\">Mi smo tako\u0111er ozna\u010dili odre\u0111ene datume na koje Prorok Danijel skre\u0107e pa\u017enju. Vrijeme od 2300 dana ukazuje na 1846 kao na godinu kada Bo\u017eje sveti\u0161te bude bilo o\u010di\u0161\u0107eno\u00a0od one\u010di\u0161\u0107uju\u0107ih pogre\u0161aka i na\u010dela Papinstva; i mi smo zapazili da je \u010di\u0161\u0107enje tada bilo ostvareno. Mi smo tako\u0111er zapazili ispunjenje 1260 dana, ili vremena, dva vremena, i pola vremena, Papinske mo\u0107i da progoni, i po\u010detak tamo, 1799, Vremena Svr\u0161etka. Mi smo shvatili kako je 1290 dana ozna\u010dilo po\u010detak razumijevanja tajni proro\u010danstava godine 1829, vrhunac \u010dega je bio u velikom pokretu 1844 poznatom kao pokret Drugih Adventista, kada su, u skladu s Gospodinovim predskazanjem, mudre djevice izi\u0161le u susret Mlado\u017eenji, trideset godina prije njegovog stvarnog dolaska. Mi smo vidjeli ispunjenje prore\u010denog oklijevanja; i na petnaest godina je iza\u0161ao pono\u0107ni povik, \u201eEvo \u017denika!\u201c Mi smo s posebnim u\u017eitkom ozna\u010dili 1335 dana, koji ukazuju na 1874 kao na to\u010dan datum povratka na\u0161eg Gospodina; i mi smo od tog vremena do\u017eivjeli samo to obe\u0107ano bla\u017eenstvo\u2014kroz jasnija razotkrivanja predivnih tajni bo\u017eanskog plana.<\/p>\n<p style=\"text-align: justify;\">Tada smo vidjeli veliko djelo \u017eetve, u njegovo odre\u0111eno vrijeme i red, po\u010dev u jesen godine 1874, postepeno i tiho, ali brzo, napreduju\u0107i. Mi smo ozna\u010dili vezivanje u snopove kukolja, i sakupljanje p\u0161enice. I koji su nam blagoslov i radost do\u0161li kroz jamstvo da od kad je u ljeto 1878, Kralj uzeo u ruke svoju veliku mo\u0107 i po\u010deo svoju vladavinu uskrsavanjem onih koji su spavali u Isusu, vi\u0161e nije potrebno da njegovi \u010dlanovi trebaju \u201espavati\u201c i \u010dekati na slavu, nego da je za svakog trenutak zavr\u0161avanja zemaljskog puta u smrti trenutak radosne \u201epromjene\u201c u punu savr\u0161enost bo\u017eanske prirode i obli\u010dja. Zaista, \u201eblagoslovljeni su mrtvi koji od sada umiru u Gospodinu\u201c zauvijek. Oni otpo\u010dinu od svog truda, ali njihova se djela nastavljaju; jer djelo s druge strane zavjese je isto djelo u kojemu su svi pobjednici uklju\u010deni s ove strane zavjese; izuzev da za one\u00a0koji su u\u0161li u slavu bo\u017eanske prirode, rad vi\u0161e nije umaraju\u0107, i vi\u0161e ne ko\u0161ta iscrpljuju\u0107e \u017ertve.<\/p>\n<p style=\"text-align: justify;\">Uza sve to, mi vidimo po\u010detke povratka bo\u017eanske naklonosti tjelesnom Izraelu \u0161to se ve\u0107 o\u010ditovalo u po\u010detku odvra\u0107anja njihove sljepo\u0107e i predrasuda protiv Krista Isusa, u otvaranju zemlje obe\u0107anja i njihovom izgonu iz drugih zemalja, i tako\u0111er u vra\u0107anju plodnosti same Palestine. Sami ovi izvanjski znaci, pored svih proro\u010danskih datuma i vremena, bi bili sna\u017eni dokazi da mi \u017eivimo na zavr\u0161etku doba odre\u0111enog za odabir Crkve ili klase Kraljevstva, zbog izravnog jamstva Svetog Pisma da\u00a0 \u0107e se njihova sljepo\u0107a i odba\u010denost nastaviti sve dok pripadnici Kristovog tijela ne budu bili izabrani.<\/p>\n<p style=\"text-align: justify;\">Nalaze\u0107i se tako, poput nas, u ovaj kasni datum u Vremenu Svr\u0161etka, i usred same \u017eetve doba, i i\u0161\u010dekuju\u0107i razrije\u0161enje svih slo\u017eenih pitanja ovih grozni\u010davih vremena unutar kratkog prostora idu\u0107ih dvadeset i tri godine, kako su sve\u010dani\u00a0 i sna\u017eni osje\u0107aji onih koji imaju vjeru u sigurnu proro\u010dku rije\u010d. Zna\u010dajna i zbunjuju\u0107a pitanja \u010diji \u0107e vrhunac biti u velikoj nevolji, na koju nas je Danijel upozorio, uzbu\u0111uju javno mnijenje, i brzo se pribli\u017eavaju stra\u0161noj krizi. Me\u0111utim tu veliku krizu \u201edana odmazde\u201c i \u201esrd\u017ebe\u201c na nacijama moram ostaviti za razmatranje u idu\u0107em svesku, budu\u0107i je tema jako velika i previ\u0161e va\u017ena za na\u0161 sada\u0161nji prostor. Ali radujmo se u \u010dinjenici da s one strane nevolje, i \u010dak s onu stranu korisne stege Kristove vladavine, mi vidimo slavnu zemlju po\u010dinka, blagoslovljeno i vje\u010dno nasljedstvo otkupljene i obnovljene rase.<\/p>\n<p style=\"text-align: justify;\">To su zaista predivna vremena, ipak samo nekolicina slu\u0161a sigurnu proro\u010dku rije\u010d; i time ve\u0107ina ljudi na budu\u0107nost gleda jedino sa stanovi\u0161ta sada\u0161njih pokazatelja. Ljudi vide kako se brzo nakupljaju oblaci, ali nemogu znati ni\u0161ta da \u0107e iz toga proizi\u0107i dobro osim kroz Rije\u010d Bo\u017eju.<\/p>\n<p style=\"text-align: justify;\">Da, dragi Otkupitelju i Gospodine, mi smo prepoznali tvoju ljubljenu prisutnost, i radujemo se u dokazima uspostave tvog milostivog Kraljevstva u ovo na\u0161e vrijeme. Na\u0161a se srca prelijevaju sa zahvalno\u0161\u0107u kad vidimo kako se zrake bo\u017eanskog svjedo\u010danstva sve usmjeruju prema istom cilju\u2014iz zakona, proroka, apostola i tvojih do sad tamnih izreka, i \u010dak iz davno skrivenih tajni Egipatskog predivnog \u201eSvjedoka\u201c\u2014sada pribli\u017eenih u slavni fokus pokazuju\u0107i tvojim vjeruju\u0107im sljedbenicima\u00a0 da \u0107e uskoro osvanuti slavni dan, iako oblaci i gusta tama jo\u0161 uvijek sakrivaju tvoju slavu od svih o\u010diju izuzev o\u010diju vjere tvoje zaru\u010dene. U tom blistavom \u017eari\u0161nom svjetlu, dragulj za draguljem tvoje dragocjene istine sada sjaji sjajem dosad nepoznatim, i oni svi odra\u017eavaju tvoju veli\u010danstvenu prisutnost.<\/p>\n<p style=\"text-align: justify;\">\u201eRadujte se u GOSPODINU, pravednici, i hvale dajte na spomen svetosti njegove.\u201c \u201ePlje\u0161\u0107ite rukama, svi narodi; kli\u010dite Bogu glasom pobjede. Jer stra\u0161an je GOSPODIN Svevi\u0161nji; veliki Kralj je on nad zemljom svom.\u201c<\/p>\n<p style=\"text-align: justify;\"><strong>\u00a0<\/strong><\/p>\n<p>&nbsp;<\/p>\n","protected":false},"excerpt":{"rendered":"<p>BOG TVOJ VLADA Rezime Proro\u010danskih Dokaza Koji Pokazuju Prisutnost Emanuela i da je Njegovo Kraljevstvo u Procesu Uspostave \u201eKako su krasne na gorama noge onoga koji donosi dobre vijesti, koji objavljuje mir; koji donosi dobre vijesti o dobru, koji objavljuje &hellip; <a href=\"https:\/\/istrazivacibiblijeuhrvatskoj.com\/blog\/knige\/neka-dode-kraljevstvo-tvoje\/studija-10\/\">Continue reading <span class=\"meta-nav\">&rarr;<\/span><\/a><\/p>\n","protected":false},"author":1,"featured_media":0,"parent":6764,"menu_order":90,"comment_status":"closed","ping_status":"closed","template":"","meta":{"footnotes":""},"class_list":["post-7559","page","type-page","status-publish","hentry"],"_links":{"self":[{"href":"https:\/\/istrazivacibiblijeuhrvatskoj.com\/blog\/wp-json\/wp\/v2\/pages\/7559","targetHints":{"allow":["GET"]}}],"collection":[{"href":"https:\/\/istrazivacibiblijeuhrvatskoj.com\/blog\/wp-json\/wp\/v2\/pages"}],"about":[{"href":"https:\/\/istrazivacibiblijeuhrvatskoj.com\/blog\/wp-json\/wp\/v2\/types\/page"}],"author":[{"embeddable":true,"href":"https:\/\/istrazivacibiblijeuhrvatskoj.com\/blog\/wp-json\/wp\/v2\/users\/1"}],"replies":[{"embeddable":true,"href":"https:\/\/istrazivacibiblijeuhrvatskoj.com\/blog\/wp-json\/wp\/v2\/comments?post=7559"}],"version-history":[{"count":2,"href":"https:\/\/istrazivacibiblijeuhrvatskoj.com\/blog\/wp-json\/wp\/v2\/pages\/7559\/revisions"}],"predecessor-version":[{"id":7561,"href":"https:\/\/istrazivacibiblijeuhrvatskoj.com\/blog\/wp-json\/wp\/v2\/pages\/7559\/revisions\/7561"}],"up":[{"embeddable":true,"href":"https:\/\/istrazivacibiblijeuhrvatskoj.com\/blog\/wp-json\/wp\/v2\/pages\/6764"}],"wp:attachment":[{"href":"https:\/\/istrazivacibiblijeuhrvatskoj.com\/blog\/wp-json\/wp\/v2\/media?parent=7559"}],"curies":[{"name":"wp","href":"https:\/\/api.w.org\/{rel}","templated":true}]}}